{"id":62734,"date":"2025-01-14T14:23:01","date_gmt":"2025-01-14T12:23:01","guid":{"rendered":"https:\/\/laine.sivustamo.dev\/nuestros-servicios\/"},"modified":"2025-03-20T15:05:52","modified_gmt":"2025-03-20T13:05:52","slug":"nuestros-servicios","status":"publish","type":"page","link":"https:\/\/lainehomes.es\/es\/sobre-nosotros\/nuestros-servicios\/","title":{"rendered":"Nuestros servicios"},"content":{"rendered":"\t\t<div data-elementor-type=\"wp-page\" data-elementor-id=\"62734\" class=\"elementor elementor-62734 elementor-41920\" data-elementor-post-type=\"page\">\n\t\t\t\t<div class=\"elementor-element elementor-element-8993455 e-con-full e-flex e-con e-parent\" data-id=\"8993455\" data-element_type=\"container\" data-e-type=\"container\" data-settings=\"{&quot;jet_parallax_layout_list&quot;:[]}\">\n\t\t\t\t<div class=\"elementor-element elementor-element-cb9319a elementor-widget elementor-widget-heading\" data-id=\"cb9319a\" data-element_type=\"widget\" data-e-type=\"widget\" data-widget_type=\"heading.default\">\n\t\t\t\t<div class=\"elementor-widget-container\">\n\t\t\t\t\t<h3 class=\"elementor-heading-title elementor-size-default\">Nuestro servicio cubre toda la adquisici\u00f3n de una vivienda en Espa\u00f1a de principio a fin, de manera confiable y experta.\n\n<\/h3>\t\t\t\t<\/div>\n\t\t\t\t<\/div>\n\t\t\t\t<div class=\"elementor-element elementor-element-2b04a4a elementor-widget elementor-widget-text-editor\" data-id=\"2b04a4a\" data-element_type=\"widget\" data-e-type=\"widget\" data-widget_type=\"text-editor.default\">\n\t\t\t\t<div class=\"elementor-widget-container\">\n\t\t\t\t\t\t\t\t\t<p style=\"font-weight: 400;\">Ya sea que su sue\u00f1o sea una casa de vacacional, un hogar permanente o una propiedad de inversi\u00f3n, \u00a1garantizamos transacciones inmobiliarias exitosas con nosotros! Nuestro personal profesional le atender\u00e1 en la Costa del Sol, Costa Blanca en Espa\u00f1a, y en Helsinki (Finlandia) con cita previa. <\/p>\n<p style=\"font-weight: 400;\">Comprar una propiedad en el extranjero es una decisi\u00f3n grande e importante, y por eso queremos asegurarnos de que reciba un servicio confiable y de alta calidad:<\/p>\n<ul style=\"font-weight: 400;\">\n<li>Le ayudamos a encontrar la casa de sus sue\u00f1os de nuestra amplia selecci\u00f3n y compartimos nuestra visi\u00f3n experta sobre las diferencias entre las \u00e1reas y los niveles de precios.<\/li>\n<li>Organizamos visitas a las propiedades que le interesan, tambi\u00e9n de forma remota si fuese necesario.<\/li>\n<li>Le asistimos en todos los asuntos relacionados con la transacci\u00f3n inmobiliaria, como asuntos de compra, legales y fiscales, utilizando nuestra extensa red de socios.<\/li>\n<li>Tambi\u00e9n le brindamos apoyo despu\u00e9s de la transacci\u00f3n: ofrecemos servicios integrales de mantenimiento, conservaci\u00f3n y alquiler.<\/li>\n<li>Para proyectos de renovaci\u00f3n y rehabilitaci\u00f3n de viviendas, ofrecemos consultor\u00eda y gesti\u00f3n de proyectos, basados en la experiencia de cientos de proyectos de clientes.<\/li>\n<\/ul>\n\t\t\t\t\t\t\t\t<\/div>\n\t\t\t\t<\/div>\n\t\t\t\t<div class=\"elementor-element elementor-element-bd3df7f elementor-widget elementor-widget-text-editor\" data-id=\"bd3df7f\" data-element_type=\"widget\" data-e-type=\"widget\" data-widget_type=\"text-editor.default\">\n\t\t\t\t<div class=\"elementor-widget-container\">\n\t\t\t\t\t\t\t\t\t<p style=\"font-weight: 400;\"><strong>\u00a1Con nosotros, la adquisici\u00f3n de una vivienda es f\u00e1cil, segura y fluida!<\/strong><\/p>\n\t\t\t\t\t\t\t\t<\/div>\n\t\t\t\t<\/div>\n\t\t\t\t<\/div>\n\t\t\t\t<\/div>\n\t\t","protected":false},"excerpt":{"rendered":"<p>Nuestro servicio cubre toda la adquisici\u00f3n de una vivienda en Espa\u00f1a de principio a fin, de manera confiable y experta. Ya sea que su sue\u00f1o sea una casa de vacacional, un hogar permanente o una propiedad de inversi\u00f3n, \u00a1garantizamos transacciones inmobiliarias exitosas con nosotros! Nuestro personal profesional le atender\u00e1 en la Costa del Sol, Costa [&hellip;]<\/p>\n","protected":false},"author":1,"featured_media":118216,"parent":120207,"menu_order":135,"comment_status":"closed","ping_status":"closed","template":"elementor_theme","meta":{"footnotes":""},"class_list":["post-62734","page","type-page","status-publish","has-post-thumbnail","hentry"],"yoast_head":"<!-- This site is optimized with the Yoast SEO plugin v27.3 - https:\/\/yoast.com\/product\/yoast-seo-wordpress\/ -->\n<title>Nuestros servicios | Laine Homes<\/title>\n<meta name=\"robots\" content=\"index, follow, max-snippet:-1, max-image-preview:large, max-video-preview:-1\" \/>\n<link rel=\"canonical\" href=\"https:\/\/lainehomes.es\/es\/sobre-nosotros\/nuestros-servicios\/\" \/>\n<meta property=\"og:locale\" content=\"es_ES\" \/>\n<meta property=\"og:type\" content=\"article\" \/>\n<meta property=\"og:title\" content=\"Nuestros servicios | Laine Homes\" \/>\n<meta property=\"og:description\" content=\"Nuestro servicio cubre toda la adquisici\u00f3n de una vivienda en Espa\u00f1a de principio a fin, de manera confiable y experta. Ya sea que su sue\u00f1o sea una casa de vacacional, un hogar permanente o una propiedad de inversi\u00f3n, \u00a1garantizamos transacciones inmobiliarias exitosas con nosotros! Nuestro personal profesional le atender\u00e1 en la Costa del Sol, Costa [&hellip;]\" \/>\n<meta property=\"og:url\" content=\"https:\/\/lainehomes.es\/es\/sobre-nosotros\/nuestros-servicios\/\" \/>\n<meta property=\"og:site_name\" content=\"Laine Homes\" \/>\n<meta property=\"article:modified_time\" content=\"2025-03-20T13:05:52+00:00\" \/>\n<meta property=\"og:image\" content=\"https:\/\/lainehomes.es\/wp-content\/uploads\/2025\/03\/iStock-1214840377-1024x683.jpg\" \/>\n\t<meta property=\"og:image:width\" content=\"1024\" \/>\n\t<meta property=\"og:image:height\" content=\"683\" \/>\n\t<meta property=\"og:image:type\" content=\"image\/jpeg\" \/>\n<meta name=\"twitter:card\" content=\"summary_large_image\" \/>\n<meta name=\"twitter:label1\" content=\"Tiempo de lectura\" \/>\n\t<meta name=\"twitter:data1\" content=\"1 minuto\" \/>\n<script type=\"application\/ld+json\" class=\"yoast-schema-graph\">{\"@context\":\"https:\\\/\\\/schema.org\",\"@graph\":[{\"@type\":\"WebPage\",\"@id\":\"https:\\\/\\\/lainehomes.es\\\/es\\\/sobre-nosotros\\\/nuestros-servicios\\\/\",\"url\":\"https:\\\/\\\/lainehomes.es\\\/es\\\/sobre-nosotros\\\/nuestros-servicios\\\/\",\"name\":\"Nuestros servicios | Laine Homes\",\"isPartOf\":{\"@id\":\"https:\\\/\\\/lainehomes.es\\\/es\\\/#website\"},\"primaryImageOfPage\":{\"@id\":\"https:\\\/\\\/lainehomes.es\\\/es\\\/sobre-nosotros\\\/nuestros-servicios\\\/#primaryimage\"},\"image\":{\"@id\":\"https:\\\/\\\/lainehomes.es\\\/es\\\/sobre-nosotros\\\/nuestros-servicios\\\/#primaryimage\"},\"thumbnailUrl\":\"https:\\\/\\\/lainehomes.es\\\/wp-content\\\/uploads\\\/2025\\\/03\\\/iStock-1214840377.jpg\",\"datePublished\":\"2025-01-14T12:23:01+00:00\",\"dateModified\":\"2025-03-20T13:05:52+00:00\",\"breadcrumb\":{\"@id\":\"https:\\\/\\\/lainehomes.es\\\/es\\\/sobre-nosotros\\\/nuestros-servicios\\\/#breadcrumb\"},\"inLanguage\":\"es\",\"potentialAction\":[{\"@type\":\"ReadAction\",\"target\":[\"https:\\\/\\\/lainehomes.es\\\/es\\\/sobre-nosotros\\\/nuestros-servicios\\\/\"]}]},{\"@type\":\"ImageObject\",\"inLanguage\":\"es\",\"@id\":\"https:\\\/\\\/lainehomes.es\\\/es\\\/sobre-nosotros\\\/nuestros-servicios\\\/#primaryimage\",\"url\":\"https:\\\/\\\/lainehomes.es\\\/wp-content\\\/uploads\\\/2025\\\/03\\\/iStock-1214840377.jpg\",\"contentUrl\":\"https:\\\/\\\/lainehomes.es\\\/wp-content\\\/uploads\\\/2025\\\/03\\\/iStock-1214840377.jpg\",\"width\":8256,\"height\":5504,\"caption\":\"Wedding reception table decoration outdoor with table setup\"},{\"@type\":\"BreadcrumbList\",\"@id\":\"https:\\\/\\\/lainehomes.es\\\/es\\\/sobre-nosotros\\\/nuestros-servicios\\\/#breadcrumb\",\"itemListElement\":[{\"@type\":\"ListItem\",\"position\":1,\"name\":\"Etusivu\",\"item\":\"https:\\\/\\\/lainehomes.es\\\/es\\\/\"},{\"@type\":\"ListItem\",\"position\":2,\"name\":\"Sobre nosotros\",\"item\":\"https:\\\/\\\/lainehomes.es\\\/es\\\/sobre-nosotros\\\/\"},{\"@type\":\"ListItem\",\"position\":3,\"name\":\"Nuestros servicios\"}]},{\"@type\":\"WebSite\",\"@id\":\"https:\\\/\\\/lainehomes.es\\\/es\\\/#website\",\"url\":\"https:\\\/\\\/lainehomes.es\\\/es\\\/\",\"name\":\"Laine Homes\",\"description\":\"Homes and Villas Spain\",\"publisher\":{\"@id\":\"https:\\\/\\\/lainehomes.es\\\/es\\\/#organization\"},\"potentialAction\":[{\"@type\":\"SearchAction\",\"target\":{\"@type\":\"EntryPoint\",\"urlTemplate\":\"https:\\\/\\\/lainehomes.es\\\/es\\\/?s={search_term_string}\"},\"query-input\":{\"@type\":\"PropertyValueSpecification\",\"valueRequired\":true,\"valueName\":\"search_term_string\"}}],\"inLanguage\":\"es\"},{\"@type\":\"Organization\",\"@id\":\"https:\\\/\\\/lainehomes.es\\\/es\\\/#organization\",\"name\":\"Laine Homes\",\"url\":\"https:\\\/\\\/lainehomes.es\\\/es\\\/\",\"logo\":{\"@type\":\"ImageObject\",\"inLanguage\":\"es\",\"@id\":\"https:\\\/\\\/lainehomes.es\\\/es\\\/#\\\/schema\\\/logo\\\/image\\\/\",\"url\":\"https:\\\/\\\/lainehomes.es\\\/wp-content\\\/uploads\\\/2022\\\/02\\\/LAINETOIMIALA-WHITE.svg\",\"contentUrl\":\"https:\\\/\\\/lainehomes.es\\\/wp-content\\\/uploads\\\/2022\\\/02\\\/LAINETOIMIALA-WHITE.svg\",\"width\":372.96,\"height\":80.53,\"caption\":\"Laine Homes\"},\"image\":{\"@id\":\"https:\\\/\\\/lainehomes.es\\\/es\\\/#\\\/schema\\\/logo\\\/image\\\/\"}}]}<\/script>\n<!-- \/ Yoast SEO plugin. -->","yoast_head_json":{"title":"Nuestros servicios | Laine Homes","robots":{"index":"index","follow":"follow","max-snippet":"max-snippet:-1","max-image-preview":"max-image-preview:large","max-video-preview":"max-video-preview:-1"},"canonical":"https:\/\/lainehomes.es\/es\/sobre-nosotros\/nuestros-servicios\/","og_locale":"es_ES","og_type":"article","og_title":"Nuestros servicios | Laine Homes","og_description":"Nuestro servicio cubre toda la adquisici\u00f3n de una vivienda en Espa\u00f1a de principio a fin, de manera confiable y experta. Ya sea que su sue\u00f1o sea una casa de vacacional, un hogar permanente o una propiedad de inversi\u00f3n, \u00a1garantizamos transacciones inmobiliarias exitosas con nosotros! Nuestro personal profesional le atender\u00e1 en la Costa del Sol, Costa [&hellip;]","og_url":"https:\/\/lainehomes.es\/es\/sobre-nosotros\/nuestros-servicios\/","og_site_name":"Laine Homes","article_modified_time":"2025-03-20T13:05:52+00:00","og_image":[{"width":1024,"height":683,"url":"https:\/\/lainehomes.es\/wp-content\/uploads\/2025\/03\/iStock-1214840377-1024x683.jpg","type":"image\/jpeg"}],"twitter_card":"summary_large_image","twitter_misc":{"Tiempo de lectura":"1 minuto"},"schema":{"@context":"https:\/\/schema.org","@graph":[{"@type":"WebPage","@id":"https:\/\/lainehomes.es\/es\/sobre-nosotros\/nuestros-servicios\/","url":"https:\/\/lainehomes.es\/es\/sobre-nosotros\/nuestros-servicios\/","name":"Nuestros servicios | Laine Homes","isPartOf":{"@id":"https:\/\/lainehomes.es\/es\/#website"},"primaryImageOfPage":{"@id":"https:\/\/lainehomes.es\/es\/sobre-nosotros\/nuestros-servicios\/#primaryimage"},"image":{"@id":"https:\/\/lainehomes.es\/es\/sobre-nosotros\/nuestros-servicios\/#primaryimage"},"thumbnailUrl":"https:\/\/lainehomes.es\/wp-content\/uploads\/2025\/03\/iStock-1214840377.jpg","datePublished":"2025-01-14T12:23:01+00:00","dateModified":"2025-03-20T13:05:52+00:00","breadcrumb":{"@id":"https:\/\/lainehomes.es\/es\/sobre-nosotros\/nuestros-servicios\/#breadcrumb"},"inLanguage":"es","potentialAction":[{"@type":"ReadAction","target":["https:\/\/lainehomes.es\/es\/sobre-nosotros\/nuestros-servicios\/"]}]},{"@type":"ImageObject","inLanguage":"es","@id":"https:\/\/lainehomes.es\/es\/sobre-nosotros\/nuestros-servicios\/#primaryimage","url":"https:\/\/lainehomes.es\/wp-content\/uploads\/2025\/03\/iStock-1214840377.jpg","contentUrl":"https:\/\/lainehomes.es\/wp-content\/uploads\/2025\/03\/iStock-1214840377.jpg","width":8256,"height":5504,"caption":"Wedding reception table decoration outdoor with table setup"},{"@type":"BreadcrumbList","@id":"https:\/\/lainehomes.es\/es\/sobre-nosotros\/nuestros-servicios\/#breadcrumb","itemListElement":[{"@type":"ListItem","position":1,"name":"Etusivu","item":"https:\/\/lainehomes.es\/es\/"},{"@type":"ListItem","position":2,"name":"Sobre nosotros","item":"https:\/\/lainehomes.es\/es\/sobre-nosotros\/"},{"@type":"ListItem","position":3,"name":"Nuestros servicios"}]},{"@type":"WebSite","@id":"https:\/\/lainehomes.es\/es\/#website","url":"https:\/\/lainehomes.es\/es\/","name":"Laine Homes","description":"Homes and Villas Spain","publisher":{"@id":"https:\/\/lainehomes.es\/es\/#organization"},"potentialAction":[{"@type":"SearchAction","target":{"@type":"EntryPoint","urlTemplate":"https:\/\/lainehomes.es\/es\/?s={search_term_string}"},"query-input":{"@type":"PropertyValueSpecification","valueRequired":true,"valueName":"search_term_string"}}],"inLanguage":"es"},{"@type":"Organization","@id":"https:\/\/lainehomes.es\/es\/#organization","name":"Laine Homes","url":"https:\/\/lainehomes.es\/es\/","logo":{"@type":"ImageObject","inLanguage":"es","@id":"https:\/\/lainehomes.es\/es\/#\/schema\/logo\/image\/","url":"https:\/\/lainehomes.es\/wp-content\/uploads\/2022\/02\/LAINETOIMIALA-WHITE.svg","contentUrl":"https:\/\/lainehomes.es\/wp-content\/uploads\/2022\/02\/LAINETOIMIALA-WHITE.svg","width":372.96,"height":80.53,"caption":"Laine Homes"},"image":{"@id":"https:\/\/lainehomes.es\/es\/#\/schema\/logo\/image\/"}}]}},"_links":{"self":[{"href":"https:\/\/lainehomes.es\/es\/wp-json\/wp\/v2\/pages\/62734","targetHints":{"allow":["GET"]}}],"collection":[{"href":"https:\/\/lainehomes.es\/es\/wp-json\/wp\/v2\/pages"}],"about":[{"href":"https:\/\/lainehomes.es\/es\/wp-json\/wp\/v2\/types\/page"}],"author":[{"embeddable":true,"href":"https:\/\/lainehomes.es\/es\/wp-json\/wp\/v2\/users\/1"}],"replies":[{"embeddable":true,"href":"https:\/\/lainehomes.es\/es\/wp-json\/wp\/v2\/comments?post=62734"}],"version-history":[{"count":4,"href":"https:\/\/lainehomes.es\/es\/wp-json\/wp\/v2\/pages\/62734\/revisions"}],"predecessor-version":[{"id":120315,"href":"https:\/\/lainehomes.es\/es\/wp-json\/wp\/v2\/pages\/62734\/revisions\/120315"}],"up":[{"embeddable":true,"href":"https:\/\/lainehomes.es\/es\/wp-json\/wp\/v2\/pages\/120207"}],"wp:featuredmedia":[{"embeddable":true,"href":"https:\/\/lainehomes.es\/es\/wp-json\/wp\/v2\/media\/118216"}],"wp:attachment":[{"href":"https:\/\/lainehomes.es\/es\/wp-json\/wp\/v2\/media?parent=62734"}],"curies":[{"name":"wp","href":"https:\/\/api.w.org\/{rel}","templated":true}]}}