{"id":148583,"date":"2025-06-16T11:54:25","date_gmt":"2025-06-16T08:54:25","guid":{"rendered":"https:\/\/lainehomes.es\/?page_id=148583"},"modified":"2025-07-04T15:28:11","modified_gmt":"2025-07-04T12:28:11","slug":"servicios-para-el-propietario-de-vivienda","status":"publish","type":"page","link":"https:\/\/lainehomes.es\/es\/cuidado-de-la-propiedad\/servicios-para-el-propietario-de-vivienda\/","title":{"rendered":"Servicios para el propietario de vivienda"},"content":{"rendered":"\t\t<div data-elementor-type=\"wp-page\" data-elementor-id=\"148583\" class=\"elementor elementor-148583 elementor-148581\" data-elementor-post-type=\"page\">\n\t\t\t\t<div class=\"elementor-element elementor-element-7527903 e-con-full e-flex e-con e-parent\" data-id=\"7527903\" data-element_type=\"container\" data-e-type=\"container\" data-settings=\"{&quot;jet_parallax_layout_list&quot;:[]}\">\n\t\t\t\t<div class=\"elementor-element elementor-element-53746cf elementor-widget elementor-widget-text-editor\" data-id=\"53746cf\" data-element_type=\"widget\" data-e-type=\"widget\" data-widget_type=\"text-editor.default\">\n\t\t\t\t<div class=\"elementor-widget-container\">\n\t\t\t\t\t\t\t\t\t<h2><span data-olk-copy-source=\"MessageBody\">Servicios Laine Concierge<\/span><\/h2><div><div> <\/div><\/div>\t\t\t\t\t\t\t\t<\/div>\n\t\t\t\t<\/div>\n\t\t\t\t<\/div>\n\t\t<div class=\"elementor-element elementor-element-434a42c e-grid e-con-boxed e-con e-parent\" data-id=\"434a42c\" data-element_type=\"container\" data-e-type=\"container\" data-settings=\"{&quot;jet_parallax_layout_list&quot;:[]}\">\n\t\t\t\t\t<div class=\"e-con-inner\">\n\t\t\t\t<div class=\"elementor-element elementor-element-5e18903 elementor-widget-laptop__width-initial elementor-widget elementor-widget-image\" data-id=\"5e18903\" data-element_type=\"widget\" data-e-type=\"widget\" data-widget_type=\"image.default\">\n\t\t\t\t<div class=\"elementor-widget-container\">\n\t\t\t\t\t\t\t\t\t\t\t\t\t\t\t<img fetchpriority=\"high\" decoding=\"async\" width=\"800\" height=\"445\" src=\"https:\/\/lainehomes.es\/wp-content\/uploads\/2025\/01\/LAINE-CONSIERGE-PLATINUM-CARD-FIN-1024x569.png\" class=\"attachment-large size-large wp-image-127510\" alt=\"\" srcset=\"https:\/\/lainehomes.es\/wp-content\/uploads\/2025\/01\/LAINE-CONSIERGE-PLATINUM-CARD-FIN-1024x569.png 1024w, https:\/\/lainehomes.es\/wp-content\/uploads\/2025\/01\/LAINE-CONSIERGE-PLATINUM-CARD-FIN-300x167.png 300w, https:\/\/lainehomes.es\/wp-content\/uploads\/2025\/01\/LAINE-CONSIERGE-PLATINUM-CARD-FIN-768x427.png 768w, https:\/\/lainehomes.es\/wp-content\/uploads\/2025\/01\/LAINE-CONSIERGE-PLATINUM-CARD-FIN.png 1063w\" sizes=\"(max-width: 800px) 100vw, 800px\" \/>\t\t\t\t\t\t\t\t\t\t\t\t\t\t\t<\/div>\n\t\t\t\t<\/div>\n\t\t\t\t<div class=\"elementor-element elementor-element-1abb94e elementor-widget-laptop__width-initial elementor-widget elementor-widget-image\" data-id=\"1abb94e\" data-element_type=\"widget\" data-e-type=\"widget\" data-widget_type=\"image.default\">\n\t\t\t\t<div class=\"elementor-widget-container\">\n\t\t\t\t\t\t\t\t\t\t\t\t\t\t\t<img decoding=\"async\" width=\"800\" height=\"444\" src=\"https:\/\/lainehomes.es\/wp-content\/uploads\/2025\/01\/LAINE-TCS-CARD-FIN-1024x568.png\" class=\"attachment-large size-large wp-image-127513\" alt=\"\" srcset=\"https:\/\/lainehomes.es\/wp-content\/uploads\/2025\/01\/LAINE-TCS-CARD-FIN-1024x568.png 1024w, https:\/\/lainehomes.es\/wp-content\/uploads\/2025\/01\/LAINE-TCS-CARD-FIN-300x167.png 300w, https:\/\/lainehomes.es\/wp-content\/uploads\/2025\/01\/LAINE-TCS-CARD-FIN-768x426.png 768w, https:\/\/lainehomes.es\/wp-content\/uploads\/2025\/01\/LAINE-TCS-CARD-FIN.png 1063w\" sizes=\"(max-width: 800px) 100vw, 800px\" \/>\t\t\t\t\t\t\t\t\t\t\t\t\t\t\t<\/div>\n\t\t\t\t<\/div>\n\t\t\t\t\t<\/div>\n\t\t\t\t<\/div>\n\t\t<div class=\"elementor-element elementor-element-46a558d e-flex e-con-boxed e-con e-parent\" data-id=\"46a558d\" data-element_type=\"container\" data-e-type=\"container\" data-settings=\"{&quot;jet_parallax_layout_list&quot;:[]}\">\n\t\t\t\t\t<div class=\"e-con-inner\">\n\t\t<div class=\"elementor-element elementor-element-8776a93 e-con-full e-flex e-con e-child\" data-id=\"8776a93\" data-element_type=\"container\" data-e-type=\"container\" data-settings=\"{&quot;jet_parallax_layout_list&quot;:[]}\">\n\t\t<div class=\"elementor-element elementor-element-6c6ce40 e-con-full e-flex e-con e-child\" data-id=\"6c6ce40\" data-element_type=\"container\" data-e-type=\"container\" data-settings=\"{&quot;jet_parallax_layout_list&quot;:[]}\">\n\t\t\t\t<div class=\"elementor-element elementor-element-d42a6a7 elementor-widget elementor-widget-text-editor\" data-id=\"d42a6a7\" data-element_type=\"widget\" data-e-type=\"widget\" data-widget_type=\"text-editor.default\">\n\t\t\t\t<div class=\"elementor-widget-container\">\n\t\t\t\t\t\t\t\t\t<p style=\"font-weight: 400;\">Laine Concierge Service se encarga de todos los asuntos relacionados con la propiedad de su vivienda, adapt\u00e1ndose a sus deseos. Ya se trate de asuntos oficiales, cuidado y supervisi\u00f3n de la propiedad, seguros, limpieza o mantenimiento durante su ausencia, nosotros nos encargamos de todo. Si es necesario, tambi\u00e9n le ayudamos a maximizar los ingresos por alquiler y en la comercializaci\u00f3n de la propiedad. Le facilitamos la vida para que pueda centrarse en disfrutarla al m\u00e1ximo.   <\/p><p style=\"font-weight: 400;\">Puede elegir entre el servicio Consierge Platinum o Consierge Gold.<\/p>\t\t\t\t\t\t\t\t<\/div>\n\t\t\t\t<\/div>\n\t\t\t\t<\/div>\n\t\t\t\t<div class=\"elementor-element elementor-element-8a79b26 elementor-widget elementor-widget-n-accordion\" data-id=\"8a79b26\" data-element_type=\"widget\" data-e-type=\"widget\" data-settings=\"{&quot;default_state&quot;:&quot;all_collapsed&quot;,&quot;max_items_expended&quot;:&quot;one&quot;,&quot;n_accordion_animation_duration&quot;:{&quot;unit&quot;:&quot;ms&quot;,&quot;size&quot;:400,&quot;sizes&quot;:[]}}\" data-widget_type=\"nested-accordion.default\">\n\t\t\t\t<div class=\"elementor-widget-container\">\n\t\t\t\t\t\t\t<div class=\"e-n-accordion\" aria-label=\"Accordion. Open links with Enter or Space, close with Escape, and navigate with Arrow Keys\">\n\t\t\t\t\t\t<details id=\"e-n-accordion-item-1450\" class=\"e-n-accordion-item\" >\n\t\t\t\t<summary class=\"e-n-accordion-item-title\" data-accordion-index=\"1\" tabindex=\"0\" aria-expanded=\"false\" aria-controls=\"e-n-accordion-item-1450\" >\n\t\t\t\t\t<span class='e-n-accordion-item-title-header'><div class=\"e-n-accordion-item-title-text\"> Servicios Laine Concierge Platinum 99 \u20ac\/mes + IVA vigente <\/div><\/span>\n\t\t\t\t\t\t\t<span class='e-n-accordion-item-title-icon'>\n\t\t\t<span class='e-opened' ><i aria-hidden=\"true\" class=\"fas fa-minus\"><\/i><\/span>\n\t\t\t<span class='e-closed'><i aria-hidden=\"true\" class=\"fas fa-plus\"><\/i><\/span>\n\t\t<\/span>\n\n\t\t\t\t\t\t<\/summary>\n\t\t\t\t<div role=\"region\" aria-labelledby=\"e-n-accordion-item-1450\" class=\"elementor-element elementor-element-b7ce77d e-flex e-con-boxed e-con e-child\" data-id=\"b7ce77d\" data-element_type=\"container\" data-e-type=\"container\" data-settings=\"{&quot;jet_parallax_layout_list&quot;:[]}\">\n\t\t\t\t\t<div class=\"e-con-inner\">\n\t\t<div role=\"region\" aria-labelledby=\"e-n-accordion-item-1450\" class=\"elementor-element elementor-element-a9dca52 e-con-full e-flex e-con e-child\" data-id=\"a9dca52\" data-element_type=\"container\" data-e-type=\"container\" data-settings=\"{&quot;jet_parallax_layout_list&quot;:[]}\">\n\t\t\t\t<div class=\"elementor-element elementor-element-eb8441e elementor-widget elementor-widget-text-editor\" data-id=\"eb8441e\" data-element_type=\"widget\" data-e-type=\"widget\" data-widget_type=\"text-editor.default\">\n\t\t\t\t<div class=\"elementor-widget-container\">\n\t\t\t\t\t\t\t\t\t<ul dir=\"auto\" type=\"disc\"><li>Servicio de custodia de llaves<u><\/u><u><\/u><\/li><li>Servicios de cerrajer\u00eda (asistimos en la organizaci\u00f3n del servicio de cerrajer\u00eda, posible cambio o reemplazo de cerradura con costo adicional)<u><\/u><u><\/u><\/li><li>Vaciado del buz\u00f3n y reenv\u00edo del correo (recogida en la oficina)<\/li><li>Revisi\u00f3n de aparatos de aire acondicinado , electrodom\u00e9sticos, equipos el\u00e9ctricos y de refrigeraci\u00f3n<\/li><\/ul><ul type=\"disc\"><li>Prueba y revisi\u00f3n de alarmas y dispositivos contra incendios<u><\/u><u><\/u><\/li><li>Ventilaci\u00f3n del apartamento<u><\/u><u><\/u><\/li><li>Revisi\u00f3n de cerraduras de puertas y ventanas<u><\/u><u><\/u><\/li><li>Apertura de grifos en ba\u00f1os y aseos<u><\/u><u><\/u><\/li><li>Revisi\u00f3n de desag\u00fces y limpieza si es necesario<u><\/u><u><\/u><\/li><li>Revisi\u00f3n de balcones\/terrazas<u><\/u><u><\/u><\/li><li>Organizaci\u00f3n de la limpieza (limpieza con costo adicional)<u><\/u><u><\/u><\/li><li>Organizaci\u00f3n de la limpieza de ventanas (limpieza con costo adicional)<u><\/u><u><\/u><\/li><li>Revisi\u00f3n de insectos<u><\/u><u><\/u><\/li><li>Revisi\u00f3n de garaje y trastero<u><\/u><u><\/u><\/li><li>Asistencia personal; ayuda con la interpretaci\u00f3n en situaciones problem\u00e1ticas y de comunicaci\u00f3n<u><\/u><u><\/u><\/li><li>Asistencia en asuntos de seguros (notificaciones de siniestros, comunicaci\u00f3n)<u><\/u><u><\/u><\/li><li>Organizaci\u00f3n de asuntos de alarmas y vigilancia (comunicaci\u00f3n con la empresa de seguridad)<u><\/u><u><\/u><\/li><li>Organizaci\u00f3n de conexiones de telecomunicaciones<u><\/u><u><\/u><\/li><li>Visitas al apartamento una vez al mes (incluido en el precio del paquete) e informe al propietario y posibles propuestas de actuaci\u00f3n<u><\/u><u><\/u><\/li><li>Para clientes de nivel Platinum, gesti\u00f3n de otros asuntos que requieran intervenci\u00f3n acciones de servicio a un precio preferencial de 35 \u20ac\/ +IVA por hora<u><\/u><u><\/u><br><ul type=\"circle\"><li><wbr><\/wbr>D\u00edas laborables 35\u20ac\/h \/ Noches a partir de las 18:00 y fines de semana 44\u20ac\/h \/ (facturaci\u00f3n m\u00ednima 2h, <wbr><\/wbr>en las que incluimos los desplazamientos).<\/li><\/ul><\/li><\/ul>\t\t\t\t\t\t\t\t<\/div>\n\t\t\t\t<\/div>\n\t\t\t\t<\/div>\n\t\t\t\t\t<\/div>\n\t\t\t\t<\/div>\n\t\t\t\t\t<\/details>\n\t\t\t\t\t\t<details id=\"e-n-accordion-item-1451\" class=\"e-n-accordion-item\" >\n\t\t\t\t<summary class=\"e-n-accordion-item-title\" data-accordion-index=\"2\" tabindex=\"-1\" aria-expanded=\"false\" aria-controls=\"e-n-accordion-item-1451\" >\n\t\t\t\t\t<span class='e-n-accordion-item-title-header'><div class=\"e-n-accordion-item-title-text\"> Servicios Laine Concierge Gold 79 \u20ac\/mes + IVA vigente <\/div><\/span>\n\t\t\t\t\t\t\t<span class='e-n-accordion-item-title-icon'>\n\t\t\t<span class='e-opened' ><i aria-hidden=\"true\" class=\"fas fa-minus\"><\/i><\/span>\n\t\t\t<span class='e-closed'><i aria-hidden=\"true\" class=\"fas fa-plus\"><\/i><\/span>\n\t\t<\/span>\n\n\t\t\t\t\t\t<\/summary>\n\t\t\t\t<div role=\"region\" aria-labelledby=\"e-n-accordion-item-1451\" class=\"elementor-element elementor-element-347bdae e-con-full e-flex e-con e-child\" data-id=\"347bdae\" data-element_type=\"container\" data-e-type=\"container\" data-settings=\"{&quot;jet_parallax_layout_list&quot;:[]}\">\n\t\t<div role=\"region\" aria-labelledby=\"e-n-accordion-item-1451\" class=\"elementor-element elementor-element-3f7eb1c e-flex e-con-boxed e-con e-child\" data-id=\"3f7eb1c\" data-element_type=\"container\" data-e-type=\"container\" data-settings=\"{&quot;jet_parallax_layout_list&quot;:[]}\">\n\t\t\t\t\t<div class=\"e-con-inner\">\n\t\t\t\t<div class=\"elementor-element elementor-element-4453ca9 elementor-widget elementor-widget-text-editor\" data-id=\"4453ca9\" data-element_type=\"widget\" data-e-type=\"widget\" data-widget_type=\"text-editor.default\">\n\t\t\t\t<div class=\"elementor-widget-container\">\n\t\t\t\t\t\t\t\t\t<ul type=\"disc\"><li>Servicio de custodia de llaves<u><\/u><u><\/u><\/li><li>Servicios de cerrajer\u00eda (asistimos en la organizaci\u00f3n del servicio de cerrajer\u00eda, posible cambio o reemplazo de cerradura con costo adicional)<u><\/u><u><\/u><\/li><li>Vaciado del buz\u00f3n y reenv\u00edo del correo (recogida en la oficina)<u><\/u><u><\/u><\/li><li>Revisi\u00f3n de bombas de calor, electrodom\u00e9sticos y equipos el\u00e9ctricos y de refrigeraci\u00f3n<u><\/u><u><\/u><\/li><li>Prueba y revisi\u00f3n de alarmas y dispositivos contra incendios<u><\/u><u><\/u><\/li><li>Ventilaci\u00f3n del apartamento<u><\/u><u><\/u><\/li><li>Revisi\u00f3n de cerraduras de puertas y ventanas<u><\/u><u><\/u><\/li><li>Apertura de grifos en ba\u00f1os y aseos<u><\/u><u><\/u><\/li><li>Revisi\u00f3n de desag\u00fces y limpieza si es necesario<u><\/u><u><\/u><\/li><li>Revisi\u00f3n de balcones\/terrazas<u><\/u><u><\/u><\/li><li>Organizaci\u00f3n de la limpieza (limpieza con costo adicional)<u><\/u><u><\/u><\/li><li>Organizaci\u00f3n de la limpieza de ventanas (limpieza con costo adicional)<u><\/u><u><\/u><\/li><li>Revisi\u00f3n de insectos<u><\/u><u><\/u><\/li><li>Revisi\u00f3n de garaje y trastero<u><\/u><u><\/u><\/li><li>Asistencia en asuntos de seguros (notificaciones de siniestros, comunicaci\u00f3n)<u><\/u><u><\/u><\/li><li>Organizaci\u00f3n de asuntos de alarmas y vigilancia (comunicaci\u00f3n con la empresa de seguridad)<u><\/u><u><\/u><\/li><li>Organizaci\u00f3n de conexiones de telecomunicaciones<u><\/u><u><\/u><\/li><li>Visitas al apartamento una vez al mes (incluido en el precio del paquete) e informe al propietario y posibles propuestas de actuaci\u00f3n<u><\/u><u><\/u><\/li><li>Para clientes de nivel Gold, la gesti\u00f3n de otros asuntos que requieran intervenci\u00f3n acciones de servicio es de 38 \u20ac\/ +IVA pr hora<u><\/u><u><\/u><br><ul type=\"circle\"><li>D\u00edas laborables 38 \u20ac\/h \/ Noches a partir de las 18:00 y<wbr><\/wbr> fines de semana 44 \u20ac\/h \/ (facturaci\u00f3n m\u00ednima 2h, <wbr><\/wbr>en las que incluimos los desplazamientos).<\/li><\/ul><\/li><\/ul>\t\t\t\t\t\t\t\t<\/div>\n\t\t\t\t<\/div>\n\t\t\t\t\t<\/div>\n\t\t\t\t<\/div>\n\t\t\t\t<\/div>\n\t\t\t\t\t<\/details>\n\t\t\t\t\t<\/div>\n\t\t\t\t\t\t<\/div>\n\t\t\t\t<\/div>\n\t\t\t\t<\/div>\n\t\t\t\t\t<\/div>\n\t\t\t\t<\/div>\n\t\t\t\t<\/div>\n\t\t","protected":false},"excerpt":{"rendered":"<p>Servicios Laine Concierge Laine Concierge Service se encarga de todos los asuntos relacionados con la propiedad de su vivienda, adapt\u00e1ndose a sus deseos. Ya se trate de asuntos oficiales, cuidado y supervisi\u00f3n de la propiedad, seguros, limpieza o mantenimiento durante su ausencia, nosotros nos encargamos de todo. Si es necesario, tambi\u00e9n le ayudamos a maximizar [&hellip;]<\/p>\n","protected":false},"author":11,"featured_media":118222,"parent":190122,"menu_order":10,"comment_status":"closed","ping_status":"closed","template":"elementor_theme","meta":{"footnotes":""},"class_list":["post-148583","page","type-page","status-publish","has-post-thumbnail","hentry"],"yoast_head":"<!-- This site is optimized with the Yoast SEO plugin v27.4 - https:\/\/yoast.com\/product\/yoast-seo-wordpress\/ -->\n<title>Servicios para el propietario de vivienda | Laine Homes<\/title>\n<meta name=\"robots\" content=\"index, follow, max-snippet:-1, max-image-preview:large, max-video-preview:-1\" \/>\n<link rel=\"canonical\" href=\"https:\/\/lainehomes.es\/es\/cuidado-de-la-propiedad\/servicios-para-el-propietario-de-vivienda\/\" \/>\n<meta property=\"og:locale\" content=\"es_ES\" \/>\n<meta property=\"og:type\" content=\"article\" \/>\n<meta property=\"og:title\" content=\"Servicios para el propietario de vivienda | Laine Homes\" \/>\n<meta property=\"og:description\" content=\"Servicios Laine Concierge Laine Concierge Service se encarga de todos los asuntos relacionados con la propiedad de su vivienda, adapt\u00e1ndose a sus deseos. Ya se trate de asuntos oficiales, cuidado y supervisi\u00f3n de la propiedad, seguros, limpieza o mantenimiento durante su ausencia, nosotros nos encargamos de todo. Si es necesario, tambi\u00e9n le ayudamos a maximizar [&hellip;]\" \/>\n<meta property=\"og:url\" content=\"https:\/\/lainehomes.es\/es\/cuidado-de-la-propiedad\/servicios-para-el-propietario-de-vivienda\/\" \/>\n<meta property=\"og:site_name\" content=\"Laine Homes\" \/>\n<meta property=\"article:modified_time\" content=\"2025-07-04T12:28:11+00:00\" \/>\n<meta property=\"og:image\" content=\"https:\/\/lainehomes.es\/wp-content\/uploads\/2025\/03\/iStock-1345446106-scaled.jpg\" \/>\n\t<meta property=\"og:image:width\" content=\"2560\" \/>\n\t<meta property=\"og:image:height\" content=\"1707\" \/>\n\t<meta property=\"og:image:type\" content=\"image\/jpeg\" \/>\n<meta name=\"twitter:card\" content=\"summary_large_image\" \/>\n<meta name=\"twitter:label1\" content=\"Tiempo de lectura\" \/>\n\t<meta name=\"twitter:data1\" content=\"5 minutos\" \/>\n<script type=\"application\/ld+json\" class=\"yoast-schema-graph\">{\"@context\":\"https:\\\/\\\/schema.org\",\"@graph\":[{\"@type\":\"WebPage\",\"@id\":\"https:\\\/\\\/lainehomes.es\\\/es\\\/cuidado-de-la-propiedad\\\/servicios-para-el-propietario-de-vivienda\\\/\",\"url\":\"https:\\\/\\\/lainehomes.es\\\/es\\\/cuidado-de-la-propiedad\\\/servicios-para-el-propietario-de-vivienda\\\/\",\"name\":\"Servicios para el propietario de vivienda | Laine Homes\",\"isPartOf\":{\"@id\":\"https:\\\/\\\/lainehomes.es\\\/es\\\/#website\"},\"primaryImageOfPage\":{\"@id\":\"https:\\\/\\\/lainehomes.es\\\/es\\\/cuidado-de-la-propiedad\\\/servicios-para-el-propietario-de-vivienda\\\/#primaryimage\"},\"image\":{\"@id\":\"https:\\\/\\\/lainehomes.es\\\/es\\\/cuidado-de-la-propiedad\\\/servicios-para-el-propietario-de-vivienda\\\/#primaryimage\"},\"thumbnailUrl\":\"https:\\\/\\\/lainehomes.es\\\/wp-content\\\/uploads\\\/2025\\\/03\\\/iStock-1345446106-scaled.jpg\",\"datePublished\":\"2025-06-16T08:54:25+00:00\",\"dateModified\":\"2025-07-04T12:28:11+00:00\",\"breadcrumb\":{\"@id\":\"https:\\\/\\\/lainehomes.es\\\/es\\\/cuidado-de-la-propiedad\\\/servicios-para-el-propietario-de-vivienda\\\/#breadcrumb\"},\"inLanguage\":\"es\",\"potentialAction\":[{\"@type\":\"ReadAction\",\"target\":[\"https:\\\/\\\/lainehomes.es\\\/es\\\/cuidado-de-la-propiedad\\\/servicios-para-el-propietario-de-vivienda\\\/\"]}]},{\"@type\":\"ImageObject\",\"inLanguage\":\"es\",\"@id\":\"https:\\\/\\\/lainehomes.es\\\/es\\\/cuidado-de-la-propiedad\\\/servicios-para-el-propietario-de-vivienda\\\/#primaryimage\",\"url\":\"https:\\\/\\\/lainehomes.es\\\/wp-content\\\/uploads\\\/2025\\\/03\\\/iStock-1345446106-scaled.jpg\",\"contentUrl\":\"https:\\\/\\\/lainehomes.es\\\/wp-content\\\/uploads\\\/2025\\\/03\\\/iStock-1345446106-scaled.jpg\",\"width\":2560,\"height\":1707,\"caption\":\"A Couple lying on a bed in a wellness hotel. They are enjoying their free time.\"},{\"@type\":\"BreadcrumbList\",\"@id\":\"https:\\\/\\\/lainehomes.es\\\/es\\\/cuidado-de-la-propiedad\\\/servicios-para-el-propietario-de-vivienda\\\/#breadcrumb\",\"itemListElement\":[{\"@type\":\"ListItem\",\"position\":1,\"name\":\"Etusivu\",\"item\":\"https:\\\/\\\/lainehomes.es\\\/es\\\/\"},{\"@type\":\"ListItem\",\"position\":2,\"name\":\"Alquiler\",\"item\":\"https:\\\/\\\/lainehomes.es\\\/es\\\/alquileres\\\/\"},{\"@type\":\"ListItem\",\"position\":3,\"name\":\"Servicios para el propietario de vivienda\"}]},{\"@type\":\"WebSite\",\"@id\":\"https:\\\/\\\/lainehomes.es\\\/es\\\/#website\",\"url\":\"https:\\\/\\\/lainehomes.es\\\/es\\\/\",\"name\":\"Laine Homes\",\"description\":\"Homes and Villas Spain\",\"publisher\":{\"@id\":\"https:\\\/\\\/lainehomes.es\\\/es\\\/#organization\"},\"potentialAction\":[{\"@type\":\"SearchAction\",\"target\":{\"@type\":\"EntryPoint\",\"urlTemplate\":\"https:\\\/\\\/lainehomes.es\\\/es\\\/?s={search_term_string}\"},\"query-input\":{\"@type\":\"PropertyValueSpecification\",\"valueRequired\":true,\"valueName\":\"search_term_string\"}}],\"inLanguage\":\"es\"},{\"@type\":\"Organization\",\"@id\":\"https:\\\/\\\/lainehomes.es\\\/es\\\/#organization\",\"name\":\"Laine Homes\",\"url\":\"https:\\\/\\\/lainehomes.es\\\/es\\\/\",\"logo\":{\"@type\":\"ImageObject\",\"inLanguage\":\"es\",\"@id\":\"https:\\\/\\\/lainehomes.es\\\/es\\\/#\\\/schema\\\/logo\\\/image\\\/\",\"url\":\"https:\\\/\\\/lainehomes.es\\\/wp-content\\\/uploads\\\/2022\\\/02\\\/LAINETOIMIALA-WHITE.svg\",\"contentUrl\":\"https:\\\/\\\/lainehomes.es\\\/wp-content\\\/uploads\\\/2022\\\/02\\\/LAINETOIMIALA-WHITE.svg\",\"width\":372.96,\"height\":80.53,\"caption\":\"Laine Homes\"},\"image\":{\"@id\":\"https:\\\/\\\/lainehomes.es\\\/es\\\/#\\\/schema\\\/logo\\\/image\\\/\"}}]}<\/script>\n<!-- \/ Yoast SEO plugin. -->","yoast_head_json":{"title":"Servicios para el propietario de vivienda | Laine Homes","robots":{"index":"index","follow":"follow","max-snippet":"max-snippet:-1","max-image-preview":"max-image-preview:large","max-video-preview":"max-video-preview:-1"},"canonical":"https:\/\/lainehomes.es\/es\/cuidado-de-la-propiedad\/servicios-para-el-propietario-de-vivienda\/","og_locale":"es_ES","og_type":"article","og_title":"Servicios para el propietario de vivienda | Laine Homes","og_description":"Servicios Laine Concierge Laine Concierge Service se encarga de todos los asuntos relacionados con la propiedad de su vivienda, adapt\u00e1ndose a sus deseos. Ya se trate de asuntos oficiales, cuidado y supervisi\u00f3n de la propiedad, seguros, limpieza o mantenimiento durante su ausencia, nosotros nos encargamos de todo. Si es necesario, tambi\u00e9n le ayudamos a maximizar [&hellip;]","og_url":"https:\/\/lainehomes.es\/es\/cuidado-de-la-propiedad\/servicios-para-el-propietario-de-vivienda\/","og_site_name":"Laine Homes","article_modified_time":"2025-07-04T12:28:11+00:00","og_image":[{"width":2560,"height":1707,"url":"https:\/\/lainehomes.es\/wp-content\/uploads\/2025\/03\/iStock-1345446106-scaled.jpg","type":"image\/jpeg"}],"twitter_card":"summary_large_image","twitter_misc":{"Tiempo de lectura":"5 minutos"},"schema":{"@context":"https:\/\/schema.org","@graph":[{"@type":"WebPage","@id":"https:\/\/lainehomes.es\/es\/cuidado-de-la-propiedad\/servicios-para-el-propietario-de-vivienda\/","url":"https:\/\/lainehomes.es\/es\/cuidado-de-la-propiedad\/servicios-para-el-propietario-de-vivienda\/","name":"Servicios para el propietario de vivienda | Laine Homes","isPartOf":{"@id":"https:\/\/lainehomes.es\/es\/#website"},"primaryImageOfPage":{"@id":"https:\/\/lainehomes.es\/es\/cuidado-de-la-propiedad\/servicios-para-el-propietario-de-vivienda\/#primaryimage"},"image":{"@id":"https:\/\/lainehomes.es\/es\/cuidado-de-la-propiedad\/servicios-para-el-propietario-de-vivienda\/#primaryimage"},"thumbnailUrl":"https:\/\/lainehomes.es\/wp-content\/uploads\/2025\/03\/iStock-1345446106-scaled.jpg","datePublished":"2025-06-16T08:54:25+00:00","dateModified":"2025-07-04T12:28:11+00:00","breadcrumb":{"@id":"https:\/\/lainehomes.es\/es\/cuidado-de-la-propiedad\/servicios-para-el-propietario-de-vivienda\/#breadcrumb"},"inLanguage":"es","potentialAction":[{"@type":"ReadAction","target":["https:\/\/lainehomes.es\/es\/cuidado-de-la-propiedad\/servicios-para-el-propietario-de-vivienda\/"]}]},{"@type":"ImageObject","inLanguage":"es","@id":"https:\/\/lainehomes.es\/es\/cuidado-de-la-propiedad\/servicios-para-el-propietario-de-vivienda\/#primaryimage","url":"https:\/\/lainehomes.es\/wp-content\/uploads\/2025\/03\/iStock-1345446106-scaled.jpg","contentUrl":"https:\/\/lainehomes.es\/wp-content\/uploads\/2025\/03\/iStock-1345446106-scaled.jpg","width":2560,"height":1707,"caption":"A Couple lying on a bed in a wellness hotel. They are enjoying their free time."},{"@type":"BreadcrumbList","@id":"https:\/\/lainehomes.es\/es\/cuidado-de-la-propiedad\/servicios-para-el-propietario-de-vivienda\/#breadcrumb","itemListElement":[{"@type":"ListItem","position":1,"name":"Etusivu","item":"https:\/\/lainehomes.es\/es\/"},{"@type":"ListItem","position":2,"name":"Alquiler","item":"https:\/\/lainehomes.es\/es\/alquileres\/"},{"@type":"ListItem","position":3,"name":"Servicios para el propietario de vivienda"}]},{"@type":"WebSite","@id":"https:\/\/lainehomes.es\/es\/#website","url":"https:\/\/lainehomes.es\/es\/","name":"Laine Homes","description":"Homes and Villas Spain","publisher":{"@id":"https:\/\/lainehomes.es\/es\/#organization"},"potentialAction":[{"@type":"SearchAction","target":{"@type":"EntryPoint","urlTemplate":"https:\/\/lainehomes.es\/es\/?s={search_term_string}"},"query-input":{"@type":"PropertyValueSpecification","valueRequired":true,"valueName":"search_term_string"}}],"inLanguage":"es"},{"@type":"Organization","@id":"https:\/\/lainehomes.es\/es\/#organization","name":"Laine Homes","url":"https:\/\/lainehomes.es\/es\/","logo":{"@type":"ImageObject","inLanguage":"es","@id":"https:\/\/lainehomes.es\/es\/#\/schema\/logo\/image\/","url":"https:\/\/lainehomes.es\/wp-content\/uploads\/2022\/02\/LAINETOIMIALA-WHITE.svg","contentUrl":"https:\/\/lainehomes.es\/wp-content\/uploads\/2022\/02\/LAINETOIMIALA-WHITE.svg","width":372.96,"height":80.53,"caption":"Laine Homes"},"image":{"@id":"https:\/\/lainehomes.es\/es\/#\/schema\/logo\/image\/"}}]}},"_links":{"self":[{"href":"https:\/\/lainehomes.es\/es\/wp-json\/wp\/v2\/pages\/148583","targetHints":{"allow":["GET"]}}],"collection":[{"href":"https:\/\/lainehomes.es\/es\/wp-json\/wp\/v2\/pages"}],"about":[{"href":"https:\/\/lainehomes.es\/es\/wp-json\/wp\/v2\/types\/page"}],"author":[{"embeddable":true,"href":"https:\/\/lainehomes.es\/es\/wp-json\/wp\/v2\/users\/11"}],"replies":[{"embeddable":true,"href":"https:\/\/lainehomes.es\/es\/wp-json\/wp\/v2\/comments?post=148583"}],"version-history":[{"count":9,"href":"https:\/\/lainehomes.es\/es\/wp-json\/wp\/v2\/pages\/148583\/revisions"}],"predecessor-version":[{"id":151337,"href":"https:\/\/lainehomes.es\/es\/wp-json\/wp\/v2\/pages\/148583\/revisions\/151337"}],"up":[{"embeddable":true,"href":"https:\/\/lainehomes.es\/es\/wp-json\/wp\/v2\/pages\/190122"}],"wp:featuredmedia":[{"embeddable":true,"href":"https:\/\/lainehomes.es\/es\/wp-json\/wp\/v2\/media\/118222"}],"wp:attachment":[{"href":"https:\/\/lainehomes.es\/es\/wp-json\/wp\/v2\/media?parent=148583"}],"curies":[{"name":"wp","href":"https:\/\/api.w.org\/{rel}","templated":true}]}}