{"id":120564,"date":"2025-01-24T10:34:28","date_gmt":"2025-01-24T08:34:28","guid":{"rendered":"https:\/\/laine.sivustamo.dev\/informacion\/presentaciones-de-la-zona\/costa-blanca\/"},"modified":"2025-03-21T19:31:14","modified_gmt":"2025-03-21T17:31:14","slug":"costa-blanca","status":"publish","type":"page","link":"https:\/\/lainehomes.es\/es\/informacion\/presentaciones-de-la-zona\/costa-blanca\/","title":{"rendered":"Costa Blanca"},"content":{"rendered":"\t\t<div data-elementor-type=\"wp-page\" data-elementor-id=\"120564\" class=\"elementor elementor-120564 elementor-94028\" data-elementor-post-type=\"page\">\n\t\t\t\t<div class=\"elementor-element elementor-element-3051e59 e-con-full e-flex e-con e-parent\" data-id=\"3051e59\" data-element_type=\"container\" data-e-type=\"container\" data-settings=\"{&quot;jet_parallax_layout_list&quot;:[]}\">\n\t\t\t\t<div class=\"elementor-element elementor-element-8ef1637 elementor-widget elementor-widget-heading\" data-id=\"8ef1637\" data-element_type=\"widget\" data-e-type=\"widget\" data-widget_type=\"heading.default\">\n\t\t\t\t<div class=\"elementor-widget-container\">\n\t\t\t\t\t<h2 class=\"elementor-heading-title elementor-size-default\">Costa Blanca \u2013 La Costa Blanca de Espa\u00f1a llena de sol y vida<\/h2>\t\t\t\t<\/div>\n\t\t\t\t<\/div>\n\t\t\t\t<div class=\"elementor-element elementor-element-62243d0 elementor-widget elementor-widget-text-editor\" data-id=\"62243d0\" data-element_type=\"widget\" data-e-type=\"widget\" data-widget_type=\"text-editor.default\">\n\t\t\t\t<div class=\"elementor-widget-container\">\n\t\t\t\t\t\t\t\t\t<p><span style=\"font-weight: 400;\">La Costa Blanca, o<\/span><b> \u00abCosta Blanca\u00bb,<\/b><span style=\"font-weight: 400;\"> es una de las regiones m\u00e1s populares de Espa\u00f1a tanto para<\/span> <b>vacaciones, residencia permanente como para inversi\u00f3n inmobiliaria<\/b><span style=\"font-weight: 400;\">. Se encuentra  <\/span><b>en la costa este de Espa\u00f1a, en la Comunidad Valenciana<\/b><span style=\"font-weight: 400;\">, y se extiende<\/span><b> desde Denia en el norte hasta Torrevieja en el sur<\/b><span style=\"font-weight: 400;\">. La regi\u00f3n es conocida  <\/span><b>por su clima mediterr\u00e1neo templado, sus hermosas playas y sus diversas zonas residenciales,<\/b><span style=\"font-weight: 400;\"> donde hay algo para todos los gustos.<\/span><\/p>\n<p><span style=\"font-weight: 400;\">La Costa Blanca ofrece <\/span><b>m\u00e1s de 320 d\u00edas de sol al a\u00f1o<\/b><span style=\"font-weight: 400;\">, y su clima es uno de<\/span><b> los mejores de Europa:<\/b> <span style=\"font-weight: 400;\">agradablemente c\u00e1lido en verano y suave en invierno, lo que la convierte en un lugar ideal para vivir todo el a\u00f1o.<\/span><\/p>\n\t\t\t\t\t\t\t\t<\/div>\n\t\t\t\t<\/div>\n\t\t<div class=\"elementor-element elementor-element-683fe80 e-con-full e-flex e-con e-child\" data-id=\"683fe80\" data-element_type=\"container\" data-e-type=\"container\" data-settings=\"{&quot;jet_parallax_layout_list&quot;:[]}\">\n\t\t<div class=\"elementor-element elementor-element-5b76875 e-con-full e-flex e-con e-child\" data-id=\"5b76875\" data-element_type=\"container\" data-e-type=\"container\" data-settings=\"{&quot;jet_parallax_layout_list&quot;:[]}\">\n\t\t\t\t<div class=\"elementor-element elementor-element-4cfe3d4 elementor-widget elementor-widget-heading\" data-id=\"4cfe3d4\" data-element_type=\"widget\" data-e-type=\"widget\" data-widget_type=\"heading.default\">\n\t\t\t\t<div class=\"elementor-widget-container\">\n\t\t\t\t\t<h3 class=\"elementor-heading-title elementor-size-default\">\u00bfPor qu\u00e9 elegir Costa Blanca?\n<\/h3>\t\t\t\t<\/div>\n\t\t\t\t<\/div>\n\t\t\t\t<div class=\"elementor-element elementor-element-41ab172 elementor-widget elementor-widget-text-editor\" data-id=\"41ab172\" data-element_type=\"widget\" data-e-type=\"widget\" data-widget_type=\"text-editor.default\">\n\t\t\t\t<div class=\"elementor-widget-container\">\n\t\t\t\t\t\t\t\t\t<ul>\n<li style=\"font-weight: 400;\" aria-level=\"1\"><b>Diversas zonas residenciales:<\/b><span style=\"font-weight: 400;\"> Costa Blanca tiene <\/span><b>bulliciosos centros tur\u00edsticos, tranquilos pueblos Espa\u00f1oles, ciudades modernas y zonas residenciales cercanas a la naturaleza<\/b><span style=\"font-weight: 400;\">, lo que la convierte en una regi\u00f3n perfecta para todos los estilos de vida.<\/span><\/li>\n<li style=\"font-weight: 400;\" aria-level=\"1\"><b>Magn\u00edficas playas y ambiente mediterr\u00e1neo:<\/b><span style=\"font-weight: 400;\"> La regi\u00f3n tiene<\/span><b> largas playas de arena, calas escondidas y aguas cristalinas, <\/b><span style=\"font-weight: 400;\">que ofrecen un excelente escenario para la relajaci\u00f3n y las actividades acu\u00e1ticas.<\/span><\/li>\n<li style=\"font-weight: 400;\" aria-level=\"1\"><b>Precios de las propiedades m\u00e1s asequibles que en la Costa del Sol<\/b><span style=\"font-weight: 400;\">: Aunque Costa Blanca es muy popular, los precios de las propiedades en muchas \u00e1reas siguen siendo<\/span><b> m\u00e1s razonables en comparaci\u00f3n con Marbella y otras ciudades de la Costa del Sol<\/b><span style=\"font-weight: 400;\">, lo que la convierte en un destino de inversi\u00f3n atractivo.<\/span><\/li>\n<li style=\"font-weight: 400;\" aria-level=\"1\"><b>Excelentes conexiones de transporte<\/b><span style=\"font-weight: 400;\">: La regi\u00f3n tiene<\/span><b> dos aeropuertos internacionales, los aeropuertos de Alicante y Murcia<\/b><span style=\"font-weight: 400;\">, con vuelos directos a varias partes de Europa. Adem\u00e1s  <\/span><b>, una red de carreteras y conexiones ferroviarias bien<\/b><span style=\"font-weight: 400;\"> desarrollada facilitan el desplazamiento.<\/span><\/li>\n<li style=\"font-weight: 400;\" aria-level=\"1\"><b>Amplia gama de servicios<\/b><span style=\"font-weight: 400;\">: La Costa Blanca tiene<\/span><b> escuelas internacionales, atenci\u00f3n m\u00e9dica de calidad, centros comerciales, campos de golf y restaurantes,<\/b><span style=\"font-weight: 400;\"> lo que la convierte en un lugar atractivo tanto para familias como para jubilados.<\/span><\/li>\n<li style=\"font-weight: 400;\" aria-level=\"1\"><b>Ambiente internacional: <\/b><span>La regi\u00f3n tiene muchos<\/span><b> residentes extranjeros, especialmente Brit\u00e1nicos, Escandinavos y Holandeses, <\/b><span>pero aquellos que aprecian un estilo de vida genuinamente Espa\u00f1ol tambi\u00e9n encontrar\u00e1n sus lugares favoritos aqu\u00ed.<\/span><\/li>\n<\/ul>\n\t\t\t\t\t\t\t\t<\/div>\n\t\t\t\t<\/div>\n\t\t\t\t<div class=\"elementor-element elementor-element-452822e elementor-widget elementor-widget-heading\" data-id=\"452822e\" data-element_type=\"widget\" data-e-type=\"widget\" data-widget_type=\"heading.default\">\n\t\t\t\t<div class=\"elementor-widget-container\">\n\t\t\t\t\t<h3 class=\"elementor-heading-title elementor-size-default\">Las diferentes zonas de Costa Blanca\n<\/h3>\t\t\t\t<\/div>\n\t\t\t\t<\/div>\n\t\t\t\t<div class=\"elementor-element elementor-element-89c38a6 elementor-widget elementor-widget-text-editor\" data-id=\"89c38a6\" data-element_type=\"widget\" data-e-type=\"widget\" data-widget_type=\"text-editor.default\">\n\t\t\t\t<div class=\"elementor-widget-container\">\n\t\t\t\t\t\t\t\t\t<p><span style=\"font-weight: 400;\">Costa Blanca se puede dividir<\/span><b> en dos \u00e1reas principales: Costa Blanca Norte y Costa Blanca Sur.<\/b><span style=\"font-weight: 400;\">. Nuestras propiedades en venta se encuentran principalmente en la parte sur. <\/span><\/p>\n<ul>\n<li><b>Costa Blanca Norte:<\/b><span style=\"font-weight: 400;\"> Conocida por<\/span><b> sus paisajes verdes, su naturaleza monta\u00f1osa y su ambiente ligeramente m\u00e1s exclusivo.<\/b><span style=\"font-weight: 400;\">Aqu\u00ed se encuentran ciudades populares como  <\/span><b>Denia, J\u00e1vea, Moraira, Altea y Benidorm<\/b><span style=\"font-weight: 400;\">.<\/span><\/li>\n<li><b>Costa Blanca Sur:<\/b><span style=\"font-weight: 400;\"> Aqu\u00ed el clima es<\/span><b> m\u00e1s seco y la costa m\u00e1s llana,<\/b><span style=\"font-weight: 400;\"> y la regi\u00f3n es conocida por<\/span><b> sus kil\u00f3metros de playas de arena y sus mercados inmobiliarios m\u00e1s asequibles. <\/b><span style=\"font-weight: 400;\">Los destinos conocidos incluyen  <\/span><b>Alicante, Torrevieja, Guardamar del Segura y Orihuela Costa<\/b><span style=\"font-weight: 400;\">.<\/span><\/li>\n<li style=\"list-style-type: none;\"> <\/li>\n<\/ul>\n\t\t\t\t\t\t\t\t<\/div>\n\t\t\t\t<\/div>\n\t\t\t\t<div class=\"elementor-element elementor-element-b6fb19d elementor-widget elementor-widget-heading\" data-id=\"b6fb19d\" data-element_type=\"widget\" data-e-type=\"widget\" data-widget_type=\"heading.default\">\n\t\t\t\t<div class=\"elementor-widget-container\">\n\t\t\t\t\t<h3 class=\"elementor-heading-title elementor-size-default\">\u00bfPara qui\u00e9n es adecuada Costa Blanca?\n<\/h3>\t\t\t\t<\/div>\n\t\t\t\t<\/div>\n\t\t\t\t<div class=\"elementor-element elementor-element-9108ec1 elementor-widget elementor-widget-text-editor\" data-id=\"9108ec1\" data-element_type=\"widget\" data-e-type=\"widget\" data-widget_type=\"text-editor.default\">\n\t\t\t\t<div class=\"elementor-widget-container\">\n\t\t\t\t\t\t\t\t\t<ul>\n<li><span style=\"font-weight: 400;\">Para aquellos que buscan un clima soleado y c\u00e1lido y templado durante todo el a\u00f1o.<\/span><\/li>\n<li><span style=\"font-weight: 400;\">Para los compradores de casas de vacacionales que desean buenos servicios y hermosas playas cerca.<\/span><\/li>\n<li><span style=\"font-weight: 400;\">Para los inversores que buscan un buen rendimiento del alquiler y una creciente demanda de compradores internacionales.<\/span><\/li>\n<li><span style=\"font-weight: 400;\">Para los jubilados que aprecian una calidad de vida tranquila y asequible.<\/span><\/li>\n<li><span style=\"font-weight: 400;\">Para los amantes de la naturaleza y el estilo de vida activo que disfrutan del golf, los deportes acu\u00e1ticos y el senderismo.<\/span><\/li>\n<\/ul>\n<p><b>\u00bfEst\u00e1 buscando una vivienda en Costa Blanca?<\/b>\u200e<b> <br \/><\/b><span style=\"font-weight: 400;\">Explore las<\/span><b> propiedades en venta en Costa Blanca en nuestro sitio web<\/b><span style=\"font-weight: 400;\"> o cont\u00e1ctenos y le ayudaremos a encontrar la casa perfecta en esta hermosa zona costera Mediterr\u00e1nea.<\/span><\/p>\n\t\t\t\t\t\t\t\t<\/div>\n\t\t\t\t<\/div>\n\t\t\t\t<\/div>\n\t\t<div class=\"elementor-element elementor-element-b86c86e e-con-full e-flex e-con e-child\" data-id=\"b86c86e\" data-element_type=\"container\" data-e-type=\"container\" data-settings=\"{&quot;jet_parallax_layout_list&quot;:[]}\">\n\t\t<div class=\"elementor-element elementor-element-1dabf3c e-con-full e-flex e-con e-child\" data-id=\"1dabf3c\" data-element_type=\"container\" data-e-type=\"container\" data-settings=\"{&quot;jet_parallax_layout_list&quot;:[]}\">\n\t\t\t\t<div class=\"elementor-element elementor-element-d07ea2e elementor-widget elementor-widget-image\" data-id=\"d07ea2e\" data-element_type=\"widget\" data-e-type=\"widget\" data-widget_type=\"image.default\">\n\t\t\t\t<div class=\"elementor-widget-container\">\n\t\t\t\t\t\t\t\t\t\t\t\t\t\t\t<img decoding=\"async\" src=\"https:\/\/lainehomes.es\/wp-content\/uploads\/elementor\/thumbs\/Costa-blanca-alueena-scaled-r2d39s8zcy2wclfq7ihija1mu562pqcumckd9mfc80.jpeg\" title=\"Aerial photography Penyal d&#8217;Ifac Natural Park. Calpe, Spain\" alt=\"Aerial photography Penyal d&#039;Ifac Natural Park, Calpe townscape turquoise bright Mediterranean Sea waters, residential buildings. Province of Alicante, Costa Blanca, Spain. Travel and landmark concept\" loading=\"lazy\" \/>\t\t\t\t\t\t\t\t\t\t\t\t\t\t\t<\/div>\n\t\t\t\t<\/div>\n\t\t\t\t<div class=\"elementor-element elementor-element-ab5cf48 elementor-widget elementor-widget-image\" data-id=\"ab5cf48\" data-element_type=\"widget\" data-e-type=\"widget\" data-widget_type=\"image.default\">\n\t\t\t\t<div class=\"elementor-widget-container\">\n\t\t\t\t\t\t\t\t\t\t\t\t\t\t\t<img decoding=\"async\" src=\"https:\/\/lainehomes.es\/wp-content\/uploads\/elementor\/thumbs\/Costa-blanca-scaled-r2d39ohmllxr25l6tgv09azsgloluxxx9tyfcikwww.jpeg\" title=\"495460 Spain. Valencia,  Peniscola. View of the sea from a heigh\" alt=\"Spain. Valencia,  Peniscola. View of the sea from a height of Pope Luna&#039;s Castle. The medieval castle of the Knights Templar on the beach. Beautiful view of the sea and the bay. Mediterranean Sea.\" loading=\"lazy\" \/>\t\t\t\t\t\t\t\t\t\t\t\t\t\t\t<\/div>\n\t\t\t\t<\/div>\n\t\t\t\t<\/div>\n\t\t<div class=\"elementor-element elementor-element-4d06c70 e-con-full e-flex e-con e-child\" data-id=\"4d06c70\" data-element_type=\"container\" data-e-type=\"container\" data-settings=\"{&quot;jet_parallax_layout_list&quot;:[]}\">\n\t\t\t\t<div class=\"elementor-element elementor-element-1566d71 elementor-widget elementor-widget-image\" data-id=\"1566d71\" data-element_type=\"widget\" data-e-type=\"widget\" data-widget_type=\"image.default\">\n\t\t\t\t<div class=\"elementor-widget-container\">\n\t\t\t\t\t\t\t\t\t\t\t\t\t\t\t<img decoding=\"async\" src=\"https:\/\/lainehomes.es\/wp-content\/uploads\/elementor\/thumbs\/costa-blanca-espanja-scaled-r2d39w0c4a81n1a9lk40t93h7onjkirryv6b6q9rj4.jpeg\" title=\"Moraira, Hafen, Costa Blanca\" alt=\"OLYMPUS DIGITAL CAMERA\" loading=\"lazy\" \/>\t\t\t\t\t\t\t\t\t\t\t\t\t\t\t<\/div>\n\t\t\t\t<\/div>\n\t\t\t\t<div class=\"elementor-element elementor-element-ca58fa5 elementor-widget elementor-widget-image\" data-id=\"ca58fa5\" data-element_type=\"widget\" data-e-type=\"widget\" data-widget_type=\"image.default\">\n\t\t\t\t<div class=\"elementor-widget-container\">\n\t\t\t\t\t\t\t\t\t\t\t\t\t\t\t<img fetchpriority=\"high\" decoding=\"async\" width=\"800\" height=\"519\" src=\"https:\/\/lainehomes.es\/wp-content\/uploads\/2025\/03\/Costa-blanca-golf-1024x664.jpeg\" class=\"attachment-large size-large wp-image-117431\" alt=\"\" srcset=\"https:\/\/lainehomes.es\/wp-content\/uploads\/2025\/03\/Costa-blanca-golf-1024x664.jpeg 1024w, https:\/\/lainehomes.es\/wp-content\/uploads\/2025\/03\/Costa-blanca-golf-300x195.jpeg 300w, https:\/\/lainehomes.es\/wp-content\/uploads\/2025\/03\/Costa-blanca-golf-768x498.jpeg 768w, https:\/\/lainehomes.es\/wp-content\/uploads\/2025\/03\/Costa-blanca-golf-1536x997.jpeg 1536w, https:\/\/lainehomes.es\/wp-content\/uploads\/2025\/03\/Costa-blanca-golf-2048x1329.jpeg 2048w\" sizes=\"(max-width: 800px) 100vw, 800px\" \/>\t\t\t\t\t\t\t\t\t\t\t\t\t\t\t<\/div>\n\t\t\t\t<\/div>\n\t\t\t\t<\/div>\n\t\t\t\t<\/div>\n\t\t\t\t<\/div>\n\t\t\t\t<\/div>\n\t\t\t\t<\/div>\n\t\t","protected":false},"excerpt":{"rendered":"<p>Costa Blanca \u2013 La Costa Blanca de Espa\u00f1a llena de sol y vida La Costa Blanca, o \u00abCosta Blanca\u00bb, es una de las regiones m\u00e1s populares de Espa\u00f1a tanto para vacaciones, residencia permanente como para inversi\u00f3n inmobiliaria. Se encuentra en la costa este de Espa\u00f1a, en la Comunidad Valenciana, y se extiende desde Denia en [&hellip;]<\/p>\n","protected":false},"author":1,"featured_media":0,"parent":120182,"menu_order":94,"comment_status":"closed","ping_status":"closed","template":"elementor_theme","meta":{"footnotes":""},"class_list":["post-120564","page","type-page","status-publish","hentry"],"yoast_head":"<!-- This site is optimized with the Yoast SEO plugin v27.3 - https:\/\/yoast.com\/product\/yoast-seo-wordpress\/ -->\n<title>Costa Blanca | Laine Homes<\/title>\n<meta name=\"robots\" content=\"index, follow, max-snippet:-1, max-image-preview:large, max-video-preview:-1\" \/>\n<link rel=\"canonical\" href=\"https:\/\/lainehomes.es\/es\/informacion\/presentaciones-de-la-zona\/costa-blanca\/\" \/>\n<meta property=\"og:locale\" content=\"es_ES\" \/>\n<meta property=\"og:type\" content=\"article\" \/>\n<meta property=\"og:title\" content=\"Costa Blanca | Laine Homes\" \/>\n<meta property=\"og:description\" content=\"Costa Blanca \u2013 La Costa Blanca de Espa\u00f1a llena de sol y vida La Costa Blanca, o \u00abCosta Blanca\u00bb, es una de las regiones m\u00e1s populares de Espa\u00f1a tanto para vacaciones, residencia permanente como para inversi\u00f3n inmobiliaria. Se encuentra en la costa este de Espa\u00f1a, en la Comunidad Valenciana, y se extiende desde Denia en [&hellip;]\" \/>\n<meta property=\"og:url\" content=\"https:\/\/lainehomes.es\/es\/informacion\/presentaciones-de-la-zona\/costa-blanca\/\" \/>\n<meta property=\"og:site_name\" content=\"Laine Homes\" \/>\n<meta property=\"article:modified_time\" content=\"2025-03-21T17:31:14+00:00\" \/>\n<meta property=\"og:image\" content=\"https:\/\/lainehomes.es\/wp-content\/uploads\/elementor\/thumbs\/Costa-blanca-alueena-scaled-r2d39s8zcy2wclfq7ihija1mu562pqcumckd9mfc80.jpeg\" \/>\n<meta name=\"twitter:card\" content=\"summary_large_image\" \/>\n<meta name=\"twitter:label1\" content=\"Tiempo de lectura\" \/>\n\t<meta name=\"twitter:data1\" content=\"5 minutos\" \/>\n<script type=\"application\/ld+json\" class=\"yoast-schema-graph\">{\"@context\":\"https:\\\/\\\/schema.org\",\"@graph\":[{\"@type\":\"WebPage\",\"@id\":\"https:\\\/\\\/lainehomes.es\\\/es\\\/informacion\\\/presentaciones-de-la-zona\\\/costa-blanca\\\/\",\"url\":\"https:\\\/\\\/lainehomes.es\\\/es\\\/informacion\\\/presentaciones-de-la-zona\\\/costa-blanca\\\/\",\"name\":\"Costa Blanca | Laine Homes\",\"isPartOf\":{\"@id\":\"https:\\\/\\\/lainehomes.es\\\/es\\\/#website\"},\"primaryImageOfPage\":{\"@id\":\"https:\\\/\\\/lainehomes.es\\\/es\\\/informacion\\\/presentaciones-de-la-zona\\\/costa-blanca\\\/#primaryimage\"},\"image\":{\"@id\":\"https:\\\/\\\/lainehomes.es\\\/es\\\/informacion\\\/presentaciones-de-la-zona\\\/costa-blanca\\\/#primaryimage\"},\"thumbnailUrl\":\"https:\\\/\\\/lainehomes.es\\\/wp-content\\\/uploads\\\/elementor\\\/thumbs\\\/Costa-blanca-alueena-scaled-r2d39s8zcy2wclfq7ihija1mu562pqcumckd9mfc80.jpeg\",\"datePublished\":\"2025-01-24T08:34:28+00:00\",\"dateModified\":\"2025-03-21T17:31:14+00:00\",\"breadcrumb\":{\"@id\":\"https:\\\/\\\/lainehomes.es\\\/es\\\/informacion\\\/presentaciones-de-la-zona\\\/costa-blanca\\\/#breadcrumb\"},\"inLanguage\":\"es\",\"potentialAction\":[{\"@type\":\"ReadAction\",\"target\":[\"https:\\\/\\\/lainehomes.es\\\/es\\\/informacion\\\/presentaciones-de-la-zona\\\/costa-blanca\\\/\"]}]},{\"@type\":\"ImageObject\",\"inLanguage\":\"es\",\"@id\":\"https:\\\/\\\/lainehomes.es\\\/es\\\/informacion\\\/presentaciones-de-la-zona\\\/costa-blanca\\\/#primaryimage\",\"url\":\"https:\\\/\\\/lainehomes.es\\\/wp-content\\\/uploads\\\/elementor\\\/thumbs\\\/Costa-blanca-alueena-scaled-r2d39s8zcy2wclfq7ihija1mu562pqcumckd9mfc80.jpeg\",\"contentUrl\":\"https:\\\/\\\/lainehomes.es\\\/wp-content\\\/uploads\\\/elementor\\\/thumbs\\\/Costa-blanca-alueena-scaled-r2d39s8zcy2wclfq7ihija1mu562pqcumckd9mfc80.jpeg\"},{\"@type\":\"BreadcrumbList\",\"@id\":\"https:\\\/\\\/lainehomes.es\\\/es\\\/informacion\\\/presentaciones-de-la-zona\\\/costa-blanca\\\/#breadcrumb\",\"itemListElement\":[{\"@type\":\"ListItem\",\"position\":1,\"name\":\"Etusivu\",\"item\":\"https:\\\/\\\/lainehomes.es\\\/es\\\/\"},{\"@type\":\"ListItem\",\"position\":2,\"name\":\"Informaci\u00f3n\",\"item\":\"https:\\\/\\\/lainehomes.es\\\/es\\\/informacion\\\/\"},{\"@type\":\"ListItem\",\"position\":3,\"name\":\"Presentaciones de la zona\",\"item\":\"https:\\\/\\\/lainehomes.es\\\/es\\\/informacion\\\/presentaciones-de-la-zona\\\/\"},{\"@type\":\"ListItem\",\"position\":4,\"name\":\"Costa Blanca\"}]},{\"@type\":\"WebSite\",\"@id\":\"https:\\\/\\\/lainehomes.es\\\/es\\\/#website\",\"url\":\"https:\\\/\\\/lainehomes.es\\\/es\\\/\",\"name\":\"Laine Homes\",\"description\":\"Homes and Villas Spain\",\"publisher\":{\"@id\":\"https:\\\/\\\/lainehomes.es\\\/es\\\/#organization\"},\"potentialAction\":[{\"@type\":\"SearchAction\",\"target\":{\"@type\":\"EntryPoint\",\"urlTemplate\":\"https:\\\/\\\/lainehomes.es\\\/es\\\/?s={search_term_string}\"},\"query-input\":{\"@type\":\"PropertyValueSpecification\",\"valueRequired\":true,\"valueName\":\"search_term_string\"}}],\"inLanguage\":\"es\"},{\"@type\":\"Organization\",\"@id\":\"https:\\\/\\\/lainehomes.es\\\/es\\\/#organization\",\"name\":\"Laine Homes\",\"url\":\"https:\\\/\\\/lainehomes.es\\\/es\\\/\",\"logo\":{\"@type\":\"ImageObject\",\"inLanguage\":\"es\",\"@id\":\"https:\\\/\\\/lainehomes.es\\\/es\\\/#\\\/schema\\\/logo\\\/image\\\/\",\"url\":\"https:\\\/\\\/lainehomes.es\\\/wp-content\\\/uploads\\\/2022\\\/02\\\/LAINETOIMIALA-WHITE.svg\",\"contentUrl\":\"https:\\\/\\\/lainehomes.es\\\/wp-content\\\/uploads\\\/2022\\\/02\\\/LAINETOIMIALA-WHITE.svg\",\"width\":372.96,\"height\":80.53,\"caption\":\"Laine Homes\"},\"image\":{\"@id\":\"https:\\\/\\\/lainehomes.es\\\/es\\\/#\\\/schema\\\/logo\\\/image\\\/\"}}]}<\/script>\n<!-- \/ Yoast SEO plugin. -->","yoast_head_json":{"title":"Costa Blanca | Laine Homes","robots":{"index":"index","follow":"follow","max-snippet":"max-snippet:-1","max-image-preview":"max-image-preview:large","max-video-preview":"max-video-preview:-1"},"canonical":"https:\/\/lainehomes.es\/es\/informacion\/presentaciones-de-la-zona\/costa-blanca\/","og_locale":"es_ES","og_type":"article","og_title":"Costa Blanca | Laine Homes","og_description":"Costa Blanca \u2013 La Costa Blanca de Espa\u00f1a llena de sol y vida La Costa Blanca, o \u00abCosta Blanca\u00bb, es una de las regiones m\u00e1s populares de Espa\u00f1a tanto para vacaciones, residencia permanente como para inversi\u00f3n inmobiliaria. Se encuentra en la costa este de Espa\u00f1a, en la Comunidad Valenciana, y se extiende desde Denia en [&hellip;]","og_url":"https:\/\/lainehomes.es\/es\/informacion\/presentaciones-de-la-zona\/costa-blanca\/","og_site_name":"Laine Homes","article_modified_time":"2025-03-21T17:31:14+00:00","og_image":[{"url":"https:\/\/lainehomes.es\/wp-content\/uploads\/elementor\/thumbs\/Costa-blanca-alueena-scaled-r2d39s8zcy2wclfq7ihija1mu562pqcumckd9mfc80.jpeg","type":"","width":"","height":""}],"twitter_card":"summary_large_image","twitter_misc":{"Tiempo de lectura":"5 minutos"},"schema":{"@context":"https:\/\/schema.org","@graph":[{"@type":"WebPage","@id":"https:\/\/lainehomes.es\/es\/informacion\/presentaciones-de-la-zona\/costa-blanca\/","url":"https:\/\/lainehomes.es\/es\/informacion\/presentaciones-de-la-zona\/costa-blanca\/","name":"Costa Blanca | Laine Homes","isPartOf":{"@id":"https:\/\/lainehomes.es\/es\/#website"},"primaryImageOfPage":{"@id":"https:\/\/lainehomes.es\/es\/informacion\/presentaciones-de-la-zona\/costa-blanca\/#primaryimage"},"image":{"@id":"https:\/\/lainehomes.es\/es\/informacion\/presentaciones-de-la-zona\/costa-blanca\/#primaryimage"},"thumbnailUrl":"https:\/\/lainehomes.es\/wp-content\/uploads\/elementor\/thumbs\/Costa-blanca-alueena-scaled-r2d39s8zcy2wclfq7ihija1mu562pqcumckd9mfc80.jpeg","datePublished":"2025-01-24T08:34:28+00:00","dateModified":"2025-03-21T17:31:14+00:00","breadcrumb":{"@id":"https:\/\/lainehomes.es\/es\/informacion\/presentaciones-de-la-zona\/costa-blanca\/#breadcrumb"},"inLanguage":"es","potentialAction":[{"@type":"ReadAction","target":["https:\/\/lainehomes.es\/es\/informacion\/presentaciones-de-la-zona\/costa-blanca\/"]}]},{"@type":"ImageObject","inLanguage":"es","@id":"https:\/\/lainehomes.es\/es\/informacion\/presentaciones-de-la-zona\/costa-blanca\/#primaryimage","url":"https:\/\/lainehomes.es\/wp-content\/uploads\/elementor\/thumbs\/Costa-blanca-alueena-scaled-r2d39s8zcy2wclfq7ihija1mu562pqcumckd9mfc80.jpeg","contentUrl":"https:\/\/lainehomes.es\/wp-content\/uploads\/elementor\/thumbs\/Costa-blanca-alueena-scaled-r2d39s8zcy2wclfq7ihija1mu562pqcumckd9mfc80.jpeg"},{"@type":"BreadcrumbList","@id":"https:\/\/lainehomes.es\/es\/informacion\/presentaciones-de-la-zona\/costa-blanca\/#breadcrumb","itemListElement":[{"@type":"ListItem","position":1,"name":"Etusivu","item":"https:\/\/lainehomes.es\/es\/"},{"@type":"ListItem","position":2,"name":"Informaci\u00f3n","item":"https:\/\/lainehomes.es\/es\/informacion\/"},{"@type":"ListItem","position":3,"name":"Presentaciones de la zona","item":"https:\/\/lainehomes.es\/es\/informacion\/presentaciones-de-la-zona\/"},{"@type":"ListItem","position":4,"name":"Costa Blanca"}]},{"@type":"WebSite","@id":"https:\/\/lainehomes.es\/es\/#website","url":"https:\/\/lainehomes.es\/es\/","name":"Laine Homes","description":"Homes and Villas Spain","publisher":{"@id":"https:\/\/lainehomes.es\/es\/#organization"},"potentialAction":[{"@type":"SearchAction","target":{"@type":"EntryPoint","urlTemplate":"https:\/\/lainehomes.es\/es\/?s={search_term_string}"},"query-input":{"@type":"PropertyValueSpecification","valueRequired":true,"valueName":"search_term_string"}}],"inLanguage":"es"},{"@type":"Organization","@id":"https:\/\/lainehomes.es\/es\/#organization","name":"Laine Homes","url":"https:\/\/lainehomes.es\/es\/","logo":{"@type":"ImageObject","inLanguage":"es","@id":"https:\/\/lainehomes.es\/es\/#\/schema\/logo\/image\/","url":"https:\/\/lainehomes.es\/wp-content\/uploads\/2022\/02\/LAINETOIMIALA-WHITE.svg","contentUrl":"https:\/\/lainehomes.es\/wp-content\/uploads\/2022\/02\/LAINETOIMIALA-WHITE.svg","width":372.96,"height":80.53,"caption":"Laine Homes"},"image":{"@id":"https:\/\/lainehomes.es\/es\/#\/schema\/logo\/image\/"}}]}},"_links":{"self":[{"href":"https:\/\/lainehomes.es\/es\/wp-json\/wp\/v2\/pages\/120564","targetHints":{"allow":["GET"]}}],"collection":[{"href":"https:\/\/lainehomes.es\/es\/wp-json\/wp\/v2\/pages"}],"about":[{"href":"https:\/\/lainehomes.es\/es\/wp-json\/wp\/v2\/types\/page"}],"author":[{"embeddable":true,"href":"https:\/\/lainehomes.es\/es\/wp-json\/wp\/v2\/users\/1"}],"replies":[{"embeddable":true,"href":"https:\/\/lainehomes.es\/es\/wp-json\/wp\/v2\/comments?post=120564"}],"version-history":[{"count":1,"href":"https:\/\/lainehomes.es\/es\/wp-json\/wp\/v2\/pages\/120564\/revisions"}],"predecessor-version":[{"id":120565,"href":"https:\/\/lainehomes.es\/es\/wp-json\/wp\/v2\/pages\/120564\/revisions\/120565"}],"up":[{"embeddable":true,"href":"https:\/\/lainehomes.es\/es\/wp-json\/wp\/v2\/pages\/120182"}],"wp:attachment":[{"href":"https:\/\/lainehomes.es\/es\/wp-json\/wp\/v2\/media?parent=120564"}],"curies":[{"name":"wp","href":"https:\/\/api.w.org\/{rel}","templated":true}]}}