{"id":120547,"date":"2025-02-21T09:03:41","date_gmt":"2025-02-21T07:03:41","guid":{"rendered":"https:\/\/laine.sivustamo.dev\/informacion\/presentaciones-de-la-zona\/costa-del-sol\/nueva-andalucia\/"},"modified":"2025-03-21T19:29:28","modified_gmt":"2025-03-21T17:29:28","slug":"nueva-andalucia","status":"publish","type":"page","link":"https:\/\/lainehomes.es\/es\/informacion\/presentaciones-de-la-zona\/costa-del-sol\/nueva-andalucia\/","title":{"rendered":"Nueva Andaluc\u00eda"},"content":{"rendered":"\t\t<div data-elementor-type=\"wp-page\" data-elementor-id=\"120547\" class=\"elementor elementor-120547 elementor-111031\" data-elementor-post-type=\"page\">\n\t\t\t\t<div class=\"elementor-element elementor-element-8ab0275 e-con-full e-flex e-con e-parent\" data-id=\"8ab0275\" data-element_type=\"container\" data-e-type=\"container\" data-settings=\"{&quot;jet_parallax_layout_list&quot;:[]}\">\n\t\t<div class=\"elementor-element elementor-element-86f758f e-con-full e-flex e-con e-child\" data-id=\"86f758f\" data-element_type=\"container\" data-e-type=\"container\" data-settings=\"{&quot;jet_parallax_layout_list&quot;:[]}\">\n\t\t<div class=\"elementor-element elementor-element-4b02a7b e-con-full e-flex e-con e-child\" data-id=\"4b02a7b\" data-element_type=\"container\" data-e-type=\"container\" data-settings=\"{&quot;jet_parallax_layout_list&quot;:[]}\">\n\t\t\t\t<div class=\"elementor-element elementor-element-23b0b1d elementor-widget elementor-widget-heading\" data-id=\"23b0b1d\" data-element_type=\"widget\" data-e-type=\"widget\" data-widget_type=\"heading.default\">\n\t\t\t\t<div class=\"elementor-widget-container\">\n\t\t\t\t\t<h2 class=\"elementor-heading-title elementor-size-default\">Nueva Andaluc\u00eda \u2013 Una prestigiosa y exclusiva zona residencial en Marbella\n<\/h2>\t\t\t\t<\/div>\n\t\t\t\t<\/div>\n\t\t\t\t<div class=\"elementor-element elementor-element-fba41f2 elementor-widget elementor-widget-text-editor\" data-id=\"fba41f2\" data-element_type=\"widget\" data-e-type=\"widget\" data-widget_type=\"text-editor.default\">\n\t\t\t\t<div class=\"elementor-widget-container\">\n\t\t\t\t\t\t\t\t\t<p><span style=\"font-weight: 400;\">Nueva Andaluc\u00eda es una<\/span><b> de las zonas residenciales m\u00e1s deseadas y prestigiosas de Marbella<\/b>,<span style=\"font-weight: 400;\"> ubicada justo<\/span><b> al norte de Puerto Ban\u00fas<\/b><span style=\"font-weight: 400;\">. La zona es conocida  <\/span><b>por sus lujosas villas, campos de golf de primera clase y servicios de primera calidad<\/b><span style=\"font-weight: 400;\">. Nueva Andaluc\u00eda ofrece un entorno de vida tranquilo y cerca de la naturaleza, pero al mismo  <\/span><b>tiempo a solo unos minutos del animado estilo de vida de Marbella y de las playas del Mediterr\u00e1neo<\/b><span style=\"font-weight: 400;\">.<\/span><\/p>\n\t\t\t\t\t\t\t\t<\/div>\n\t\t\t\t<\/div>\n\t\t\t\t<div class=\"elementor-element elementor-element-febbeb8 elementor-widget elementor-widget-heading\" data-id=\"febbeb8\" data-element_type=\"widget\" data-e-type=\"widget\" data-widget_type=\"heading.default\">\n\t\t\t\t<div class=\"elementor-widget-container\">\n\t\t\t\t\t<h3 class=\"elementor-heading-title elementor-size-default\">\u00bfPor qu\u00e9 elegir Nueva Andaluc\u00eda?\n<\/h3>\t\t\t\t<\/div>\n\t\t\t\t<\/div>\n\t\t\t\t<div class=\"elementor-element elementor-element-fc29556 elementor-widget elementor-widget-text-editor\" data-id=\"fc29556\" data-element_type=\"widget\" data-e-type=\"widget\" data-widget_type=\"text-editor.default\">\n\t\t\t\t<div class=\"elementor-widget-container\">\n\t\t\t\t\t\t\t\t\t<ul>\n<li style=\"font-weight: 400;\" aria-level=\"1\"><b>Zona residencial exclusiva<\/b><span style=\"font-weight: 400;\">: Nueva Andaluc\u00eda es conocida por<\/span><b> sus zonas residenciales seguras y de alto nivel,<\/b><span style=\"font-weight: 400;\"> con magn\u00edficas villas, apartamentos modernos y lujosas casas adosadas.<\/span><\/li>\n<li style=\"font-weight: 400;\" aria-level=\"1\"><b>Para\u00edso para los amantes del golf<\/b><span style=\"font-weight: 400;\">: La zona tambi\u00e9n se conoce como el<\/span><b> \u00abValle del Golf\u00bb<\/b><span style=\"font-weight: 400;\">, ya que alberga<\/span> <b>varios de los campos de golf m\u00e1s prestigiosos de Europa<\/b><span style=\"font-weight: 400;\">, como <\/span><b>Las Brisas, Los Naranjos y Aloha Golf<\/b><span style=\"font-weight: 400;\">.<\/span><\/li>\n<li style=\"font-weight: 400;\" aria-level=\"1\"><b>Cerca de Puerto Ban\u00fas:<\/b><span style=\"font-weight: 400;\"> Nueva Andaluc\u00eda est\u00e1<\/span><b> a solo unos minutos en coche del puerto de Puerto Ban\u00fas<\/b>, <span style=\"font-weight: 400;\">donde se puede disfrutar de tiendas de lujo, restaurantes de alta cocina y un ambiente internacional.<\/span><\/li>\n<li style=\"font-weight: 400;\" aria-level=\"1\"><b>Servicios de calidad y escuelas internacionales:<\/b><span style=\"font-weight: 400;\"> La zona cuenta<\/span><b> con buenos centros comerciales, restaurantes gourmet, cafeter\u00edas, gimnasios, centros de bienestar y escuelas internacionales<\/b><span style=\"font-weight: 400;\">, lo que la hace ideal para familias y para vivir a largo plazo.<\/span><\/li>\n<li style=\"font-weight: 400;\" aria-level=\"1\"><b>Entorno seguro y tranquilo<\/b><span style=\"font-weight: 400;\">: Nueva Andaluc\u00eda es principalmente<\/span><b> una zona residencial<\/b><span style=\"font-weight: 400;\"> con comunidades<\/span> <b>cerradas, villas privadas y \u00e1reas vigiladas<\/b><span style=\"font-weight: 400;\">, que ofrecen seguridad y privacidad a sus residentes.<\/span><\/li>\n<li style=\"font-weight: 400;\" aria-level=\"1\"><b>Excelente destino de inversi\u00f3n<\/b><span>: La demanda de propiedades en Nueva Andaluc\u00eda est\u00e1 en constante crecimiento y la zona ofrece<\/span><b> un buen potencial de apreciaci\u00f3n del valor, as\u00ed como un excelente rendimiento de alquileres<\/b><span>.<\/span><\/li>\n<\/ul>\n\t\t\t\t\t\t\t\t<\/div>\n\t\t\t\t<\/div>\n\t\t\t\t<div class=\"elementor-element elementor-element-2471cf5 elementor-widget elementor-widget-heading\" data-id=\"2471cf5\" data-element_type=\"widget\" data-e-type=\"widget\" data-widget_type=\"heading.default\">\n\t\t\t\t<div class=\"elementor-widget-container\">\n\t\t\t\t\t<h3 class=\"elementor-heading-title elementor-size-default\">Zonas residenciales m\u00e1s populares en Nueva Andaluc\u00eda<\/h3>\t\t\t\t<\/div>\n\t\t\t\t<\/div>\n\t\t\t\t<div class=\"elementor-element elementor-element-03a4958 elementor-widget elementor-widget-text-editor\" data-id=\"03a4958\" data-element_type=\"widget\" data-e-type=\"widget\" data-widget_type=\"text-editor.default\">\n\t\t\t\t<div class=\"elementor-widget-container\">\n\t\t\t\t\t\t\t\t\t<ul>\n<li><b>La Cerquilla: <\/b><span style=\"font-weight: 400;\">Una de las zonas residenciales m\u00e1s exclusivas de la zona, con <\/span><b>villas impresionantes y vistas a los campos de golf y al mar<\/b><span style=\"font-weight: 400;\">.<\/span><\/li>\n<li><b>Los Naranjos:<\/b><span style=\"font-weight: 400;\"> Conocida por<\/span><b> sus campos de golf y villas de lujo,<\/b><span style=\"font-weight: 400;\"> que ofrecen un entorno tranquilo y verde.<\/span><\/li>\n<li><b>Aloha:<\/b><span style=\"font-weight: 400;\"> Una zona residencial popular con <\/span><b>diversos servicios, restaurantes y escuelas, <\/b><span style=\"font-weight: 400;\">y campos de golf a la vuelta de la esquina.<\/span><\/li>\n<li><b>Las Brisas: <\/b>Una de las zonas residenciales<b> m\u00e1s ic\u00f3nicas y prestigiosas<\/b> de la zona, donde se encuentran algunas de las mejores villas de lujo de Marbella.<\/li>\n<\/ul>\n\t\t\t\t\t\t\t\t<\/div>\n\t\t\t\t<\/div>\n\t\t\t\t<div class=\"elementor-element elementor-element-a1e18ed elementor-widget elementor-widget-heading\" data-id=\"a1e18ed\" data-element_type=\"widget\" data-e-type=\"widget\" data-widget_type=\"heading.default\">\n\t\t\t\t<div class=\"elementor-widget-container\">\n\t\t\t\t\t<h3 class=\"elementor-heading-title elementor-size-default\">\u00bfPara qui\u00e9n es adecuada Nueva Andaluc\u00eda?<\/h3>\t\t\t\t<\/div>\n\t\t\t\t<\/div>\n\t\t\t\t<div class=\"elementor-element elementor-element-399653a elementor-widget elementor-widget-text-editor\" data-id=\"399653a\" data-element_type=\"widget\" data-e-type=\"widget\" data-widget_type=\"text-editor.default\">\n\t\t\t\t<div class=\"elementor-widget-container\">\n\t\t\t\t\t\t\t\t\t<ul>\n<li><span style=\"font-weight: 400;\">Para aquellos que buscan <\/span><b>un entorno de vida seguro y de alta calidad.<\/b><\/li>\n<li><span style=\"font-weight: 400;\">Para los entusiastas del golf que desean vivir <\/span><b>en la zona del Valle del Golf de Marbella.<\/b><\/li>\n<li><span style=\"font-weight: 400;\">Para familias que aprecian <\/span><b>las escuelas internacionales y los servicios de calidad.<\/b><\/li>\n<li><span style=\"font-weight: 400;\">Para los inversores que buscan <\/span><b>una zona residencial que conserve su valor y con una demanda creciente.<\/b><\/li>\n<li><span style=\"font-weight: 400;\">Para aquellos que desean <\/span><b>combinar una vida tranquila y la proximidad a Puerto Ban\u00fas.<\/b><\/li>\n<\/ul>\n<p><b>\u00bfEst\u00e1 buscando una vivienda en Nueva Andaluc\u00eda?<\/b>\u200e\u200e<b> <br \/><\/b><span style=\"font-weight: 400;\">Explore<\/span><b> las propiedades en venta en Nueva Andaluc\u00eda en nuestra p\u00e1gina web<\/b><span style=\"font-weight: 400;\"> o cont\u00e1ctenos y le ayudaremos a encontrar la casa perfecta en esta zona residencial de primera clase de Marbella.<\/span><\/p>\n<ul>\n<li style=\"list-style-type: none;\"> <\/li>\n<\/ul>\n\t\t\t\t\t\t\t\t<\/div>\n\t\t\t\t<\/div>\n\t\t\t\t<\/div>\n\t\t<div class=\"elementor-element elementor-element-3875e7c e-con-full e-flex e-con e-child\" data-id=\"3875e7c\" data-element_type=\"container\" data-e-type=\"container\" data-settings=\"{&quot;jet_parallax_layout_list&quot;:[]}\">\n\t\t<div class=\"elementor-element elementor-element-35297de e-con-full e-flex e-con e-child\" data-id=\"35297de\" data-element_type=\"container\" data-e-type=\"container\" data-settings=\"{&quot;jet_parallax_layout_list&quot;:[]}\">\n\t\t\t\t<div class=\"elementor-element elementor-element-a3fa115 elementor-widget elementor-widget-image\" data-id=\"a3fa115\" data-element_type=\"widget\" data-e-type=\"widget\" data-widget_type=\"image.default\">\n\t\t\t\t<div class=\"elementor-widget-container\">\n\t\t\t\t\t\t\t\t\t\t\t\t\t\t\t<img decoding=\"async\" src=\"https:\/\/lainehomes.es\/wp-content\/uploads\/elementor\/thumbs\/Nueva-andalucia-scaled-r2d3ausd55jnklvqyh57vibj6xw4hblufnb9xyu74w.jpeg\" title=\"Beautiful aerial Panoramic View of Marbella, Nueva Andalucia and Puerto Banus area. Beautiful colours at sunset. La Concha mountain in background.\" alt=\"Beautiful aerial Panoramic View of Marbella, Nueva Andalucia and Puerto Banus area. Beautiful colours at sunset. La Concha mountain in background.\" loading=\"lazy\" \/>\t\t\t\t\t\t\t\t\t\t\t\t\t\t\t<\/div>\n\t\t\t\t<\/div>\n\t\t\t\t<\/div>\n\t\t<div class=\"elementor-element elementor-element-de80b09 e-con-full e-flex e-con e-child\" data-id=\"de80b09\" data-element_type=\"container\" data-e-type=\"container\" data-settings=\"{&quot;jet_parallax_layout_list&quot;:[]}\">\n\t\t\t\t<div class=\"elementor-element elementor-element-6e43422 elementor-widget elementor-widget-image\" data-id=\"6e43422\" data-element_type=\"widget\" data-e-type=\"widget\" data-widget_type=\"image.default\">\n\t\t\t\t<div class=\"elementor-widget-container\">\n\t\t\t\t\t\t\t\t\t\t\t\t\t\t\t<img decoding=\"async\" src=\"https:\/\/lainehomes.es\/wp-content\/uploads\/elementor\/thumbs\/Nueva-andalucia-costa-del-sol-scaled-r2d38y65a8xq12nf35hgbhmvttabvf1fu7otwrnxr4.jpeg\" title=\"Monument to King Saint Ferdinand at New Square Plaza Nueva) in Seville, Spain.\" alt=\"Seville, Spain. Monument to King Saint Ferdinand at New Square Plaza Nueva) in Seville, Spain.\" loading=\"lazy\" \/>\t\t\t\t\t\t\t\t\t\t\t\t\t\t\t<\/div>\n\t\t\t\t<\/div>\n\t\t\t\t<\/div>\n\t\t\t\t<\/div>\n\t\t\t\t<\/div>\n\t\t\t\t<\/div>\n\t\t\t\t<\/div>\n\t\t","protected":false},"excerpt":{"rendered":"<p>Nueva Andaluc\u00eda \u2013 Una prestigiosa y exclusiva zona residencial en Marbella Nueva Andaluc\u00eda es una de las zonas residenciales m\u00e1s deseadas y prestigiosas de Marbella, ubicada justo al norte de Puerto Ban\u00fas. La zona es conocida por sus lujosas villas, campos de golf de primera clase y servicios de primera calidad. Nueva Andaluc\u00eda ofrece un [&hellip;]<\/p>\n","protected":false},"author":1,"featured_media":0,"parent":120344,"menu_order":84,"comment_status":"closed","ping_status":"closed","template":"elementor_theme","meta":{"footnotes":""},"class_list":["post-120547","page","type-page","status-publish","hentry"],"yoast_head":"<!-- This site is optimized with the Yoast SEO plugin v27.3 - https:\/\/yoast.com\/product\/yoast-seo-wordpress\/ -->\n<title>Nueva Andaluc\u00eda | Laine Homes<\/title>\n<meta name=\"robots\" content=\"index, follow, max-snippet:-1, max-image-preview:large, max-video-preview:-1\" \/>\n<link rel=\"canonical\" href=\"https:\/\/lainehomes.es\/es\/informacion\/presentaciones-de-la-zona\/costa-del-sol\/nueva-andalucia\/\" \/>\n<meta property=\"og:locale\" content=\"es_ES\" \/>\n<meta property=\"og:type\" content=\"article\" \/>\n<meta property=\"og:title\" content=\"Nueva Andaluc\u00eda | Laine Homes\" \/>\n<meta property=\"og:description\" content=\"Nueva Andaluc\u00eda \u2013 Una prestigiosa y exclusiva zona residencial en Marbella Nueva Andaluc\u00eda es una de las zonas residenciales m\u00e1s deseadas y prestigiosas de Marbella, ubicada justo al norte de Puerto Ban\u00fas. La zona es conocida por sus lujosas villas, campos de golf de primera clase y servicios de primera calidad. Nueva Andaluc\u00eda ofrece un [&hellip;]\" \/>\n<meta property=\"og:url\" content=\"https:\/\/lainehomes.es\/es\/informacion\/presentaciones-de-la-zona\/costa-del-sol\/nueva-andalucia\/\" \/>\n<meta property=\"og:site_name\" content=\"Laine Homes\" \/>\n<meta property=\"article:modified_time\" content=\"2025-03-21T17:29:28+00:00\" \/>\n<meta property=\"og:image\" content=\"https:\/\/lainehomes.es\/wp-content\/uploads\/elementor\/thumbs\/Nueva-andalucia-scaled-r2d3ausd55jnklvqyh57vibj6xw4hblufnb9xyu74w.jpeg\" \/>\n<meta name=\"twitter:card\" content=\"summary_large_image\" \/>\n<meta name=\"twitter:label1\" content=\"Tiempo de lectura\" \/>\n\t<meta name=\"twitter:data1\" content=\"4 minutos\" \/>\n<script type=\"application\/ld+json\" class=\"yoast-schema-graph\">{\"@context\":\"https:\\\/\\\/schema.org\",\"@graph\":[{\"@type\":\"WebPage\",\"@id\":\"https:\\\/\\\/lainehomes.es\\\/es\\\/informacion\\\/presentaciones-de-la-zona\\\/costa-del-sol\\\/nueva-andalucia\\\/\",\"url\":\"https:\\\/\\\/lainehomes.es\\\/es\\\/informacion\\\/presentaciones-de-la-zona\\\/costa-del-sol\\\/nueva-andalucia\\\/\",\"name\":\"Nueva Andaluc\u00eda | Laine Homes\",\"isPartOf\":{\"@id\":\"https:\\\/\\\/lainehomes.es\\\/es\\\/#website\"},\"primaryImageOfPage\":{\"@id\":\"https:\\\/\\\/lainehomes.es\\\/es\\\/informacion\\\/presentaciones-de-la-zona\\\/costa-del-sol\\\/nueva-andalucia\\\/#primaryimage\"},\"image\":{\"@id\":\"https:\\\/\\\/lainehomes.es\\\/es\\\/informacion\\\/presentaciones-de-la-zona\\\/costa-del-sol\\\/nueva-andalucia\\\/#primaryimage\"},\"thumbnailUrl\":\"https:\\\/\\\/lainehomes.es\\\/wp-content\\\/uploads\\\/elementor\\\/thumbs\\\/Nueva-andalucia-scaled-r2d3ausd55jnklvqyh57vibj6xw4hblufnb9xyu74w.jpeg\",\"datePublished\":\"2025-02-21T07:03:41+00:00\",\"dateModified\":\"2025-03-21T17:29:28+00:00\",\"breadcrumb\":{\"@id\":\"https:\\\/\\\/lainehomes.es\\\/es\\\/informacion\\\/presentaciones-de-la-zona\\\/costa-del-sol\\\/nueva-andalucia\\\/#breadcrumb\"},\"inLanguage\":\"es\",\"potentialAction\":[{\"@type\":\"ReadAction\",\"target\":[\"https:\\\/\\\/lainehomes.es\\\/es\\\/informacion\\\/presentaciones-de-la-zona\\\/costa-del-sol\\\/nueva-andalucia\\\/\"]}]},{\"@type\":\"ImageObject\",\"inLanguage\":\"es\",\"@id\":\"https:\\\/\\\/lainehomes.es\\\/es\\\/informacion\\\/presentaciones-de-la-zona\\\/costa-del-sol\\\/nueva-andalucia\\\/#primaryimage\",\"url\":\"https:\\\/\\\/lainehomes.es\\\/wp-content\\\/uploads\\\/elementor\\\/thumbs\\\/Nueva-andalucia-scaled-r2d3ausd55jnklvqyh57vibj6xw4hblufnb9xyu74w.jpeg\",\"contentUrl\":\"https:\\\/\\\/lainehomes.es\\\/wp-content\\\/uploads\\\/elementor\\\/thumbs\\\/Nueva-andalucia-scaled-r2d3ausd55jnklvqyh57vibj6xw4hblufnb9xyu74w.jpeg\"},{\"@type\":\"BreadcrumbList\",\"@id\":\"https:\\\/\\\/lainehomes.es\\\/es\\\/informacion\\\/presentaciones-de-la-zona\\\/costa-del-sol\\\/nueva-andalucia\\\/#breadcrumb\",\"itemListElement\":[{\"@type\":\"ListItem\",\"position\":1,\"name\":\"Etusivu\",\"item\":\"https:\\\/\\\/lainehomes.es\\\/es\\\/\"},{\"@type\":\"ListItem\",\"position\":2,\"name\":\"Informaci\u00f3n\",\"item\":\"https:\\\/\\\/lainehomes.es\\\/es\\\/informacion\\\/\"},{\"@type\":\"ListItem\",\"position\":3,\"name\":\"Presentaciones de la zona\",\"item\":\"https:\\\/\\\/lainehomes.es\\\/es\\\/informacion\\\/presentaciones-de-la-zona\\\/\"},{\"@type\":\"ListItem\",\"position\":4,\"name\":\"Costa del Sol\",\"item\":\"https:\\\/\\\/lainehomes.es\\\/es\\\/informacion\\\/presentaciones-de-la-zona\\\/costa-del-sol\\\/\"},{\"@type\":\"ListItem\",\"position\":5,\"name\":\"Nueva Andaluc\u00eda\"}]},{\"@type\":\"WebSite\",\"@id\":\"https:\\\/\\\/lainehomes.es\\\/es\\\/#website\",\"url\":\"https:\\\/\\\/lainehomes.es\\\/es\\\/\",\"name\":\"Laine Homes\",\"description\":\"Homes and Villas Spain\",\"publisher\":{\"@id\":\"https:\\\/\\\/lainehomes.es\\\/es\\\/#organization\"},\"potentialAction\":[{\"@type\":\"SearchAction\",\"target\":{\"@type\":\"EntryPoint\",\"urlTemplate\":\"https:\\\/\\\/lainehomes.es\\\/es\\\/?s={search_term_string}\"},\"query-input\":{\"@type\":\"PropertyValueSpecification\",\"valueRequired\":true,\"valueName\":\"search_term_string\"}}],\"inLanguage\":\"es\"},{\"@type\":\"Organization\",\"@id\":\"https:\\\/\\\/lainehomes.es\\\/es\\\/#organization\",\"name\":\"Laine Homes\",\"url\":\"https:\\\/\\\/lainehomes.es\\\/es\\\/\",\"logo\":{\"@type\":\"ImageObject\",\"inLanguage\":\"es\",\"@id\":\"https:\\\/\\\/lainehomes.es\\\/es\\\/#\\\/schema\\\/logo\\\/image\\\/\",\"url\":\"https:\\\/\\\/lainehomes.es\\\/wp-content\\\/uploads\\\/2022\\\/02\\\/LAINETOIMIALA-WHITE.svg\",\"contentUrl\":\"https:\\\/\\\/lainehomes.es\\\/wp-content\\\/uploads\\\/2022\\\/02\\\/LAINETOIMIALA-WHITE.svg\",\"width\":372.96,\"height\":80.53,\"caption\":\"Laine Homes\"},\"image\":{\"@id\":\"https:\\\/\\\/lainehomes.es\\\/es\\\/#\\\/schema\\\/logo\\\/image\\\/\"}}]}<\/script>\n<!-- \/ Yoast SEO plugin. -->","yoast_head_json":{"title":"Nueva Andaluc\u00eda | Laine Homes","robots":{"index":"index","follow":"follow","max-snippet":"max-snippet:-1","max-image-preview":"max-image-preview:large","max-video-preview":"max-video-preview:-1"},"canonical":"https:\/\/lainehomes.es\/es\/informacion\/presentaciones-de-la-zona\/costa-del-sol\/nueva-andalucia\/","og_locale":"es_ES","og_type":"article","og_title":"Nueva Andaluc\u00eda | Laine Homes","og_description":"Nueva Andaluc\u00eda \u2013 Una prestigiosa y exclusiva zona residencial en Marbella Nueva Andaluc\u00eda es una de las zonas residenciales m\u00e1s deseadas y prestigiosas de Marbella, ubicada justo al norte de Puerto Ban\u00fas. La zona es conocida por sus lujosas villas, campos de golf de primera clase y servicios de primera calidad. Nueva Andaluc\u00eda ofrece un [&hellip;]","og_url":"https:\/\/lainehomes.es\/es\/informacion\/presentaciones-de-la-zona\/costa-del-sol\/nueva-andalucia\/","og_site_name":"Laine Homes","article_modified_time":"2025-03-21T17:29:28+00:00","og_image":[{"url":"https:\/\/lainehomes.es\/wp-content\/uploads\/elementor\/thumbs\/Nueva-andalucia-scaled-r2d3ausd55jnklvqyh57vibj6xw4hblufnb9xyu74w.jpeg","type":"","width":"","height":""}],"twitter_card":"summary_large_image","twitter_misc":{"Tiempo de lectura":"4 minutos"},"schema":{"@context":"https:\/\/schema.org","@graph":[{"@type":"WebPage","@id":"https:\/\/lainehomes.es\/es\/informacion\/presentaciones-de-la-zona\/costa-del-sol\/nueva-andalucia\/","url":"https:\/\/lainehomes.es\/es\/informacion\/presentaciones-de-la-zona\/costa-del-sol\/nueva-andalucia\/","name":"Nueva Andaluc\u00eda | Laine Homes","isPartOf":{"@id":"https:\/\/lainehomes.es\/es\/#website"},"primaryImageOfPage":{"@id":"https:\/\/lainehomes.es\/es\/informacion\/presentaciones-de-la-zona\/costa-del-sol\/nueva-andalucia\/#primaryimage"},"image":{"@id":"https:\/\/lainehomes.es\/es\/informacion\/presentaciones-de-la-zona\/costa-del-sol\/nueva-andalucia\/#primaryimage"},"thumbnailUrl":"https:\/\/lainehomes.es\/wp-content\/uploads\/elementor\/thumbs\/Nueva-andalucia-scaled-r2d3ausd55jnklvqyh57vibj6xw4hblufnb9xyu74w.jpeg","datePublished":"2025-02-21T07:03:41+00:00","dateModified":"2025-03-21T17:29:28+00:00","breadcrumb":{"@id":"https:\/\/lainehomes.es\/es\/informacion\/presentaciones-de-la-zona\/costa-del-sol\/nueva-andalucia\/#breadcrumb"},"inLanguage":"es","potentialAction":[{"@type":"ReadAction","target":["https:\/\/lainehomes.es\/es\/informacion\/presentaciones-de-la-zona\/costa-del-sol\/nueva-andalucia\/"]}]},{"@type":"ImageObject","inLanguage":"es","@id":"https:\/\/lainehomes.es\/es\/informacion\/presentaciones-de-la-zona\/costa-del-sol\/nueva-andalucia\/#primaryimage","url":"https:\/\/lainehomes.es\/wp-content\/uploads\/elementor\/thumbs\/Nueva-andalucia-scaled-r2d3ausd55jnklvqyh57vibj6xw4hblufnb9xyu74w.jpeg","contentUrl":"https:\/\/lainehomes.es\/wp-content\/uploads\/elementor\/thumbs\/Nueva-andalucia-scaled-r2d3ausd55jnklvqyh57vibj6xw4hblufnb9xyu74w.jpeg"},{"@type":"BreadcrumbList","@id":"https:\/\/lainehomes.es\/es\/informacion\/presentaciones-de-la-zona\/costa-del-sol\/nueva-andalucia\/#breadcrumb","itemListElement":[{"@type":"ListItem","position":1,"name":"Etusivu","item":"https:\/\/lainehomes.es\/es\/"},{"@type":"ListItem","position":2,"name":"Informaci\u00f3n","item":"https:\/\/lainehomes.es\/es\/informacion\/"},{"@type":"ListItem","position":3,"name":"Presentaciones de la zona","item":"https:\/\/lainehomes.es\/es\/informacion\/presentaciones-de-la-zona\/"},{"@type":"ListItem","position":4,"name":"Costa del Sol","item":"https:\/\/lainehomes.es\/es\/informacion\/presentaciones-de-la-zona\/costa-del-sol\/"},{"@type":"ListItem","position":5,"name":"Nueva Andaluc\u00eda"}]},{"@type":"WebSite","@id":"https:\/\/lainehomes.es\/es\/#website","url":"https:\/\/lainehomes.es\/es\/","name":"Laine Homes","description":"Homes and Villas Spain","publisher":{"@id":"https:\/\/lainehomes.es\/es\/#organization"},"potentialAction":[{"@type":"SearchAction","target":{"@type":"EntryPoint","urlTemplate":"https:\/\/lainehomes.es\/es\/?s={search_term_string}"},"query-input":{"@type":"PropertyValueSpecification","valueRequired":true,"valueName":"search_term_string"}}],"inLanguage":"es"},{"@type":"Organization","@id":"https:\/\/lainehomes.es\/es\/#organization","name":"Laine Homes","url":"https:\/\/lainehomes.es\/es\/","logo":{"@type":"ImageObject","inLanguage":"es","@id":"https:\/\/lainehomes.es\/es\/#\/schema\/logo\/image\/","url":"https:\/\/lainehomes.es\/wp-content\/uploads\/2022\/02\/LAINETOIMIALA-WHITE.svg","contentUrl":"https:\/\/lainehomes.es\/wp-content\/uploads\/2022\/02\/LAINETOIMIALA-WHITE.svg","width":372.96,"height":80.53,"caption":"Laine Homes"},"image":{"@id":"https:\/\/lainehomes.es\/es\/#\/schema\/logo\/image\/"}}]}},"_links":{"self":[{"href":"https:\/\/lainehomes.es\/es\/wp-json\/wp\/v2\/pages\/120547","targetHints":{"allow":["GET"]}}],"collection":[{"href":"https:\/\/lainehomes.es\/es\/wp-json\/wp\/v2\/pages"}],"about":[{"href":"https:\/\/lainehomes.es\/es\/wp-json\/wp\/v2\/types\/page"}],"author":[{"embeddable":true,"href":"https:\/\/lainehomes.es\/es\/wp-json\/wp\/v2\/users\/1"}],"replies":[{"embeddable":true,"href":"https:\/\/lainehomes.es\/es\/wp-json\/wp\/v2\/comments?post=120547"}],"version-history":[{"count":1,"href":"https:\/\/lainehomes.es\/es\/wp-json\/wp\/v2\/pages\/120547\/revisions"}],"predecessor-version":[{"id":120548,"href":"https:\/\/lainehomes.es\/es\/wp-json\/wp\/v2\/pages\/120547\/revisions\/120548"}],"up":[{"embeddable":true,"href":"https:\/\/lainehomes.es\/es\/wp-json\/wp\/v2\/pages\/120344"}],"wp:attachment":[{"href":"https:\/\/lainehomes.es\/es\/wp-json\/wp\/v2\/media?parent=120547"}],"curies":[{"name":"wp","href":"https:\/\/api.w.org\/{rel}","templated":true}]}}