{"id":120486,"date":"2025-01-24T11:58:18","date_gmt":"2025-01-24T09:58:18","guid":{"rendered":"https:\/\/laine.sivustamo.dev\/informacion\/presentaciones-de-la-zona\/costa-del-sol\/torremolinos\/"},"modified":"2025-03-21T19:29:52","modified_gmt":"2025-03-21T17:29:52","slug":"torremolinos","status":"publish","type":"page","link":"https:\/\/lainehomes.es\/es\/informacion\/presentaciones-de-la-zona\/costa-del-sol\/torremolinos\/","title":{"rendered":"Torremolinos"},"content":{"rendered":"\t\t<div data-elementor-type=\"wp-page\" data-elementor-id=\"120486\" class=\"elementor elementor-120486 elementor-94119\" data-elementor-post-type=\"page\">\n\t\t\t\t<div class=\"elementor-element elementor-element-ad023c1 e-con-full e-flex e-con e-parent\" data-id=\"ad023c1\" data-element_type=\"container\" data-e-type=\"container\" data-settings=\"{&quot;jet_parallax_layout_list&quot;:[]}\">\n\t\t\t\t<div class=\"elementor-element elementor-element-aff0921 elementor-widget elementor-widget-heading\" data-id=\"aff0921\" data-element_type=\"widget\" data-e-type=\"widget\" data-widget_type=\"heading.default\">\n\t\t\t\t<div class=\"elementor-widget-container\">\n\t\t\t\t\t<h2 class=\"elementor-heading-title elementor-size-default\">Torremolinos \u2013 Una ciudad costera que combina la Espa\u00f1a tradicional y un moderno ambiente vacacional\n<\/h2>\t\t\t\t<\/div>\n\t\t\t\t<\/div>\n\t\t\t\t<div class=\"elementor-element elementor-element-fc63772 elementor-widget elementor-widget-text-editor\" data-id=\"fc63772\" data-element_type=\"widget\" data-e-type=\"widget\" data-widget_type=\"text-editor.default\">\n\t\t\t\t<div class=\"elementor-widget-container\">\n\t\t\t\t\t\t\t\t\t<p><span style=\"font-weight: 400;\">Torremolinos es una <\/span><b>de las ciudades costeras m\u00e1s populares de la Costa del Sol<\/b><span style=\"font-weight: 400;\">, ubicada a<\/span><b> solo 10 minutos en coche del aeropuerto de M\u00e1laga<\/b><span style=\"font-weight: 400;\">. Esta ciudad vibrante y diversa ofrece  <\/span><b>sol, hermosas playas de arena, servicios variados y una animada vida urbana, pero<\/b><span style=\"font-weight: 400;\"> tambi\u00e9n zonas residenciales m\u00e1s tranquilas, adecuadas para la residencia permanente<\/span><\/p>\n<p><span style=\"font-weight: 400;\">Torremolinos ha sido uno de<\/span><b> los destinos vacacionales m\u00e1s populares de Espa\u00f1a durante d\u00e9cadas,<\/b> <span style=\"font-weight: 400;\">pero<\/span> <b>en los \u00faltimos a\u00f1os tambi\u00e9n se ha convertido en un excelente lugar para vivir para aquellos que aprecian las buenas conexiones de transporte, el ambiente internacional y la proximidad a los servicios costeros<\/b><span style=\"font-weight: 400;\">.<\/span><\/p>\n\t\t\t\t\t\t\t\t<\/div>\n\t\t\t\t<\/div>\n\t\t\t\t<div class=\"elementor-element elementor-element-5177078 elementor-widget elementor-widget-heading\" data-id=\"5177078\" data-element_type=\"widget\" data-e-type=\"widget\" data-widget_type=\"heading.default\">\n\t\t\t\t<div class=\"elementor-widget-container\">\n\t\t\t\t\t<h3 class=\"elementor-heading-title elementor-size-default\">\u00bfPor qu\u00e9 elegir Torremolinos?\n<\/h3>\t\t\t\t<\/div>\n\t\t\t\t<\/div>\n\t\t\t\t<div class=\"elementor-element elementor-element-4af602c elementor-widget elementor-widget-text-editor\" data-id=\"4af602c\" data-element_type=\"widget\" data-e-type=\"widget\" data-widget_type=\"text-editor.default\">\n\t\t\t\t<div class=\"elementor-widget-container\">\n\t\t\t\t\t\t\t\t\t<ul>\n<li style=\"font-weight: 400;\" aria-level=\"1\"><b>Larga playa de arena y hermoso paseo mar\u00edtimo<\/b><b>: La playa de arena de 7 kil\u00f3metros de largo de<\/b> <span style=\"font-weight: 400;\">Torremolinos<\/span><span style=\"font-weight: 400;\"> y el paseo mar\u00edtimo que la acompa\u00f1a ofrecen el escenario perfecto para actividades al aire libre, ejercicio y relajaci\u00f3n. Las playas populares incluyen  <\/span><b>Playa del Bajondillo, La Carihuela y Los \u00c1lamos<\/b><span style=\"font-weight: 400;\">.<\/span><\/li>\n<li style=\"font-weight: 400;\" aria-level=\"1\"><b>Ciudad vibrante con servicios durante todo el a\u00f1o<\/b><span style=\"font-weight: 400;\">: A diferencia de muchos destinos tur\u00edsticos, Torremolinos<\/span><b> vive y se desarrolla durante todo el a\u00f1o<\/b><span style=\"font-weight: 400;\">, y la ciudad tiene diversos servicios, como centros comerciales, supermercados, restaurantes y escuelas.<\/span><\/li>\n<li style=\"font-weight: 400;\" aria-level=\"1\"><b>Excelentes conexiones de transporte<\/b><span style=\"font-weight: 400;\">: Desde Torremolinos se puede llegar<\/span><b> en tren directamente al aeropuerto de M\u00e1laga y al centro de la ciudad<\/b><span style=\"font-weight: 400;\"> en solo 10-15 minutos. La ciudad tambi\u00e9n est\u00e1 ubicada junto a la autopista A-7, lo que permite un acceso r\u00e1pido al resto de la Costa del Sol. <\/span><\/li>\n<li style=\"font-weight: 400;\" aria-level=\"1\"><b>Zonas residenciales diversas:<\/b><span style=\"font-weight: 400;\"> Torremolinos ofrece<\/span><b> vida urbana, apartamentos de playa y tranquilas zonas de casas unifamiliares<\/b><span style=\"font-weight: 400;\">. Las zonas populares incluyen: <\/span>\n<ul>\n<li style=\"font-weight: 400;\" aria-level=\"2\"><b>La Carihuela<\/b><span style=\"font-weight: 400;\"> \u2013 Un pueblo pesquero acogedor y tradicional con excelentes restaurantes de playa y ambiente espa\u00f1ol.<\/span><\/li>\n<li style=\"font-weight: 400;\" aria-level=\"2\"><b>Los \u00c1lamos<\/b><span style=\"font-weight: 400;\"> \u2013 Una zona moderna con<\/span><b> clubes de playa de moda, restaurantes y hermosas playas<\/b><span style=\"font-weight: 400;\">.<\/span><\/li>\n<li style=\"font-weight: 400;\" aria-level=\"2\"><b>Montemar<\/b><span style=\"font-weight: 400;\"> \u2013 Una zona residencial tranquila y prestigiosa con<\/span><b> apartamentos y casas unifamiliares cerca de la playa<\/b><span style=\"font-weight: 400;\">.<\/span><\/li>\n<li style=\"font-weight: 400;\" aria-level=\"2\"><b>El Pinillo<\/b><span style=\"font-weight: 400;\"> \u2013 Una popular zona familiar con<\/span><b> escuelas, servicios y buenas conexiones de transporte<\/b><span style=\"font-weight: 400;\">.<\/span><\/li>\n<\/ul>\n<\/li>\n<li style=\"font-weight: 400;\" aria-level=\"1\"><b>Cultura y vida nocturna animadas:<\/b><span style=\"font-weight: 400;\"> La ciudad alberga<\/span><b> festivales, eventos y conciertos durante todo el a\u00f1o,<\/b> <span style=\"font-weight: 400;\">y Torremolinos tambi\u00e9n es conocida por su amplia oferta de restaurantes y su animada vida nocturna.<\/span><\/li>\n<li style=\"font-weight: 400;\" aria-level=\"1\"><b>Nivel de precios m\u00e1s asequible que Marbella y Fuengirola:<\/b> Torremolinos sigue <b>siendo asequible en comparaci\u00f3n con muchos otros destinos populares de la Costa del Sol<\/b>, lo que lo convierte en un destino atractivo para compradores de viviendas e inversores.<\/li>\n<\/ul>\n\t\t\t\t\t\t\t\t<\/div>\n\t\t\t\t<\/div>\n\t\t<div class=\"elementor-element elementor-element-6166582 e-con-full e-flex e-con e-child\" data-id=\"6166582\" data-element_type=\"container\" data-e-type=\"container\" data-settings=\"{&quot;jet_parallax_layout_list&quot;:[]}\">\n\t\t<div class=\"elementor-element elementor-element-6f5d23f e-con-full e-flex e-con e-child\" data-id=\"6f5d23f\" data-element_type=\"container\" data-e-type=\"container\" data-settings=\"{&quot;jet_parallax_layout_list&quot;:[]}\">\n\t\t\t\t<div class=\"elementor-element elementor-element-7f62cae elementor-widget elementor-widget-heading\" data-id=\"7f62cae\" data-element_type=\"widget\" data-e-type=\"widget\" data-widget_type=\"heading.default\">\n\t\t\t\t<div class=\"elementor-widget-container\">\n\t\t\t\t\t<h3 class=\"elementor-heading-title elementor-size-default\">\u00bfPara qui\u00e9n es adecuada Torremolinos?\n<\/h3>\t\t\t\t<\/div>\n\t\t\t\t<\/div>\n\t\t\t\t<div class=\"elementor-element elementor-element-2790c46 elementor-widget elementor-widget-text-editor\" data-id=\"2790c46\" data-element_type=\"widget\" data-e-type=\"widget\" data-widget_type=\"text-editor.default\">\n\t\t\t\t<div class=\"elementor-widget-container\">\n\t\t\t\t\t\t\t\t\t<ul>\n<li style=\"font-weight: 400;\" aria-level=\"1\"><span style=\"font-weight: 400;\">Para aquellos que quieren una ciudad animada,<\/span><b> pero tambi\u00e9n la proximidad a la playa.<\/b><\/li>\n<li style=\"font-weight: 400;\" aria-level=\"1\"><span style=\"font-weight: 400;\">Para familias con ni\u00f1os, ya que la ciudad tiene<\/span><b> buenas escuelas, servicios y un entorno seguro.<\/b><\/li>\n<li style=\"font-weight: 400;\" aria-level=\"1\"><span style=\"font-weight: 400;\">Para aquellos que aprecian<\/span><b> las conexiones de transporte f\u00e1ciles sin necesidad de un coche.<\/b><\/li>\n<li style=\"font-weight: 400;\" aria-level=\"1\"><span style=\"font-weight: 400;\">Para los inversores que buscan <\/span><b>un buen rendimiento de arrendamientos e inquilinos internacionales.<\/b><\/li>\n<li style=\"font-weight: 400;\" aria-level=\"1\"><span style=\"font-weight: 400;\">Para los compradores de casas de vacacionales que desean<\/span><b> un lugar de residencia vers\u00e1til y soleado.<\/b><\/li>\n<\/ul>\n<p><b>\u00bfEst\u00e1 buscando un apartamento en Torremolinos?<\/b>\u200e<b> <br \/><\/b><span style=\"font-weight: 400;\">Explore<\/span><b> los apartamentos en venta en Torremolinos en nuestro sitio web<\/b><span style=\"font-weight: 400;\"> o cont\u00e1ctenos y le ayudaremos a encontrar la casa perfecta en esta popular ciudad costera.<\/span><\/p>\n\t\t\t\t\t\t\t\t<\/div>\n\t\t\t\t<\/div>\n\t\t\t\t<\/div>\n\t\t<div class=\"elementor-element elementor-element-64f6d67 e-con-full e-flex e-con e-child\" data-id=\"64f6d67\" data-element_type=\"container\" data-e-type=\"container\" data-settings=\"{&quot;jet_parallax_layout_list&quot;:[]}\">\n\t\t<div class=\"elementor-element elementor-element-ad6317d e-con-full e-flex e-con e-child\" data-id=\"ad6317d\" data-element_type=\"container\" data-e-type=\"container\" data-settings=\"{&quot;jet_parallax_layout_list&quot;:[]}\">\n\t\t\t\t<div class=\"elementor-element elementor-element-d59d063 elementor-widget elementor-widget-image\" data-id=\"d59d063\" data-element_type=\"widget\" data-e-type=\"widget\" data-widget_type=\"image.default\">\n\t\t\t\t<div class=\"elementor-widget-container\">\n\t\t\t\t\t\t\t\t\t\t\t\t\t\t\t<img decoding=\"async\" src=\"https:\/\/lainehomes.es\/wp-content\/uploads\/elementor\/thumbs\/Torremolinos-scaled-r2d37kcp811ixqns61y85c7gce3vjgjnzd43h3psww.jpeg\" title=\"Torremolinos al amanecer\" alt=\"Torremolinos al amanecer\" loading=\"lazy\" \/>\t\t\t\t\t\t\t\t\t\t\t\t\t\t\t<\/div>\n\t\t\t\t<\/div>\n\t\t\t\t<\/div>\n\t\t<div class=\"elementor-element elementor-element-8f69e1e e-con-full e-flex e-con e-child\" data-id=\"8f69e1e\" data-element_type=\"container\" data-e-type=\"container\" data-settings=\"{&quot;jet_parallax_layout_list&quot;:[]}\">\n\t\t\t\t<div class=\"elementor-element elementor-element-4d143a2 elementor-widget elementor-widget-image\" data-id=\"4d143a2\" data-element_type=\"widget\" data-e-type=\"widget\" data-widget_type=\"image.default\">\n\t\t\t\t<div class=\"elementor-widget-container\">\n\t\t\t\t\t\t\t\t\t\t\t\t\t\t\t<img decoding=\"async\" src=\"https:\/\/lainehomes.es\/wp-content\/uploads\/elementor\/thumbs\/Torremolinos-costa-del-sol-scaled-r2d392vc8f45n4glbpil5yg6sqn5xwk3iuy9b5gyw0.jpeg\" title=\"Vibrant street scene in central Torremolinos town, Andalusia, Spain, Torremolinos, town, Andalusia, Spain, vibrant\" alt=\"Vibrant street scene in central Torremolinos town, Andalusia, Spain, Torremolinos, town, Andalusia, Spain, vibrant\" loading=\"lazy\" \/>\t\t\t\t\t\t\t\t\t\t\t\t\t\t\t<\/div>\n\t\t\t\t<\/div>\n\t\t\t\t<\/div>\n\t\t\t\t<\/div>\n\t\t\t\t<\/div>\n\t\t\t\t<\/div>\n\t\t\t\t<\/div>\n\t\t","protected":false},"excerpt":{"rendered":"<p>Torremolinos \u2013 Una ciudad costera que combina la Espa\u00f1a tradicional y un moderno ambiente vacacional Torremolinos es una de las ciudades costeras m\u00e1s populares de la Costa del Sol, ubicada a solo 10 minutos en coche del aeropuerto de M\u00e1laga. Esta ciudad vibrante y diversa ofrece sol, hermosas playas de arena, servicios variados y una [&hellip;]<\/p>\n","protected":false},"author":1,"featured_media":0,"parent":120344,"menu_order":87,"comment_status":"closed","ping_status":"closed","template":"elementor_theme","meta":{"footnotes":""},"class_list":["post-120486","page","type-page","status-publish","hentry"],"yoast_head":"<!-- This site is optimized with the Yoast SEO plugin v27.3 - https:\/\/yoast.com\/product\/yoast-seo-wordpress\/ -->\n<title>Torremolinos | Laine Homes<\/title>\n<meta name=\"robots\" content=\"index, follow, max-snippet:-1, max-image-preview:large, max-video-preview:-1\" \/>\n<link rel=\"canonical\" href=\"https:\/\/lainehomes.es\/es\/informacion\/presentaciones-de-la-zona\/costa-del-sol\/torremolinos\/\" \/>\n<meta property=\"og:locale\" content=\"es_ES\" \/>\n<meta property=\"og:type\" content=\"article\" \/>\n<meta property=\"og:title\" content=\"Torremolinos | Laine Homes\" \/>\n<meta property=\"og:description\" content=\"Torremolinos \u2013 Una ciudad costera que combina la Espa\u00f1a tradicional y un moderno ambiente vacacional Torremolinos es una de las ciudades costeras m\u00e1s populares de la Costa del Sol, ubicada a solo 10 minutos en coche del aeropuerto de M\u00e1laga. Esta ciudad vibrante y diversa ofrece sol, hermosas playas de arena, servicios variados y una [&hellip;]\" \/>\n<meta property=\"og:url\" content=\"https:\/\/lainehomes.es\/es\/informacion\/presentaciones-de-la-zona\/costa-del-sol\/torremolinos\/\" \/>\n<meta property=\"og:site_name\" content=\"Laine Homes\" \/>\n<meta property=\"article:modified_time\" content=\"2025-03-21T17:29:52+00:00\" \/>\n<meta property=\"og:image\" content=\"https:\/\/lainehomes.es\/wp-content\/uploads\/elementor\/thumbs\/Torremolinos-scaled-r2d37kcp811ixqns61y85c7gce3vjgjnzd43h3psww.jpeg\" \/>\n<meta name=\"twitter:card\" content=\"summary_large_image\" \/>\n<meta name=\"twitter:label1\" content=\"Tiempo de lectura\" \/>\n\t<meta name=\"twitter:data1\" content=\"4 minutos\" \/>\n<script type=\"application\/ld+json\" class=\"yoast-schema-graph\">{\"@context\":\"https:\\\/\\\/schema.org\",\"@graph\":[{\"@type\":\"WebPage\",\"@id\":\"https:\\\/\\\/lainehomes.es\\\/es\\\/informacion\\\/presentaciones-de-la-zona\\\/costa-del-sol\\\/torremolinos\\\/\",\"url\":\"https:\\\/\\\/lainehomes.es\\\/es\\\/informacion\\\/presentaciones-de-la-zona\\\/costa-del-sol\\\/torremolinos\\\/\",\"name\":\"Torremolinos | Laine Homes\",\"isPartOf\":{\"@id\":\"https:\\\/\\\/lainehomes.es\\\/es\\\/#website\"},\"primaryImageOfPage\":{\"@id\":\"https:\\\/\\\/lainehomes.es\\\/es\\\/informacion\\\/presentaciones-de-la-zona\\\/costa-del-sol\\\/torremolinos\\\/#primaryimage\"},\"image\":{\"@id\":\"https:\\\/\\\/lainehomes.es\\\/es\\\/informacion\\\/presentaciones-de-la-zona\\\/costa-del-sol\\\/torremolinos\\\/#primaryimage\"},\"thumbnailUrl\":\"https:\\\/\\\/lainehomes.es\\\/wp-content\\\/uploads\\\/elementor\\\/thumbs\\\/Torremolinos-scaled-r2d37kcp811ixqns61y85c7gce3vjgjnzd43h3psww.jpeg\",\"datePublished\":\"2025-01-24T09:58:18+00:00\",\"dateModified\":\"2025-03-21T17:29:52+00:00\",\"breadcrumb\":{\"@id\":\"https:\\\/\\\/lainehomes.es\\\/es\\\/informacion\\\/presentaciones-de-la-zona\\\/costa-del-sol\\\/torremolinos\\\/#breadcrumb\"},\"inLanguage\":\"es\",\"potentialAction\":[{\"@type\":\"ReadAction\",\"target\":[\"https:\\\/\\\/lainehomes.es\\\/es\\\/informacion\\\/presentaciones-de-la-zona\\\/costa-del-sol\\\/torremolinos\\\/\"]}]},{\"@type\":\"ImageObject\",\"inLanguage\":\"es\",\"@id\":\"https:\\\/\\\/lainehomes.es\\\/es\\\/informacion\\\/presentaciones-de-la-zona\\\/costa-del-sol\\\/torremolinos\\\/#primaryimage\",\"url\":\"https:\\\/\\\/lainehomes.es\\\/wp-content\\\/uploads\\\/elementor\\\/thumbs\\\/Torremolinos-scaled-r2d37kcp811ixqns61y85c7gce3vjgjnzd43h3psww.jpeg\",\"contentUrl\":\"https:\\\/\\\/lainehomes.es\\\/wp-content\\\/uploads\\\/elementor\\\/thumbs\\\/Torremolinos-scaled-r2d37kcp811ixqns61y85c7gce3vjgjnzd43h3psww.jpeg\"},{\"@type\":\"BreadcrumbList\",\"@id\":\"https:\\\/\\\/lainehomes.es\\\/es\\\/informacion\\\/presentaciones-de-la-zona\\\/costa-del-sol\\\/torremolinos\\\/#breadcrumb\",\"itemListElement\":[{\"@type\":\"ListItem\",\"position\":1,\"name\":\"Etusivu\",\"item\":\"https:\\\/\\\/lainehomes.es\\\/es\\\/\"},{\"@type\":\"ListItem\",\"position\":2,\"name\":\"Informaci\u00f3n\",\"item\":\"https:\\\/\\\/lainehomes.es\\\/es\\\/informacion\\\/\"},{\"@type\":\"ListItem\",\"position\":3,\"name\":\"Presentaciones de la zona\",\"item\":\"https:\\\/\\\/lainehomes.es\\\/es\\\/informacion\\\/presentaciones-de-la-zona\\\/\"},{\"@type\":\"ListItem\",\"position\":4,\"name\":\"Costa del Sol\",\"item\":\"https:\\\/\\\/lainehomes.es\\\/es\\\/informacion\\\/presentaciones-de-la-zona\\\/costa-del-sol\\\/\"},{\"@type\":\"ListItem\",\"position\":5,\"name\":\"Torremolinos\"}]},{\"@type\":\"WebSite\",\"@id\":\"https:\\\/\\\/lainehomes.es\\\/es\\\/#website\",\"url\":\"https:\\\/\\\/lainehomes.es\\\/es\\\/\",\"name\":\"Laine Homes\",\"description\":\"Homes and Villas Spain\",\"publisher\":{\"@id\":\"https:\\\/\\\/lainehomes.es\\\/es\\\/#organization\"},\"potentialAction\":[{\"@type\":\"SearchAction\",\"target\":{\"@type\":\"EntryPoint\",\"urlTemplate\":\"https:\\\/\\\/lainehomes.es\\\/es\\\/?s={search_term_string}\"},\"query-input\":{\"@type\":\"PropertyValueSpecification\",\"valueRequired\":true,\"valueName\":\"search_term_string\"}}],\"inLanguage\":\"es\"},{\"@type\":\"Organization\",\"@id\":\"https:\\\/\\\/lainehomes.es\\\/es\\\/#organization\",\"name\":\"Laine Homes\",\"url\":\"https:\\\/\\\/lainehomes.es\\\/es\\\/\",\"logo\":{\"@type\":\"ImageObject\",\"inLanguage\":\"es\",\"@id\":\"https:\\\/\\\/lainehomes.es\\\/es\\\/#\\\/schema\\\/logo\\\/image\\\/\",\"url\":\"https:\\\/\\\/lainehomes.es\\\/wp-content\\\/uploads\\\/2022\\\/02\\\/LAINETOIMIALA-WHITE.svg\",\"contentUrl\":\"https:\\\/\\\/lainehomes.es\\\/wp-content\\\/uploads\\\/2022\\\/02\\\/LAINETOIMIALA-WHITE.svg\",\"width\":372.96,\"height\":80.53,\"caption\":\"Laine Homes\"},\"image\":{\"@id\":\"https:\\\/\\\/lainehomes.es\\\/es\\\/#\\\/schema\\\/logo\\\/image\\\/\"}}]}<\/script>\n<!-- \/ Yoast SEO plugin. -->","yoast_head_json":{"title":"Torremolinos | Laine Homes","robots":{"index":"index","follow":"follow","max-snippet":"max-snippet:-1","max-image-preview":"max-image-preview:large","max-video-preview":"max-video-preview:-1"},"canonical":"https:\/\/lainehomes.es\/es\/informacion\/presentaciones-de-la-zona\/costa-del-sol\/torremolinos\/","og_locale":"es_ES","og_type":"article","og_title":"Torremolinos | Laine Homes","og_description":"Torremolinos \u2013 Una ciudad costera que combina la Espa\u00f1a tradicional y un moderno ambiente vacacional Torremolinos es una de las ciudades costeras m\u00e1s populares de la Costa del Sol, ubicada a solo 10 minutos en coche del aeropuerto de M\u00e1laga. Esta ciudad vibrante y diversa ofrece sol, hermosas playas de arena, servicios variados y una [&hellip;]","og_url":"https:\/\/lainehomes.es\/es\/informacion\/presentaciones-de-la-zona\/costa-del-sol\/torremolinos\/","og_site_name":"Laine Homes","article_modified_time":"2025-03-21T17:29:52+00:00","og_image":[{"url":"https:\/\/lainehomes.es\/wp-content\/uploads\/elementor\/thumbs\/Torremolinos-scaled-r2d37kcp811ixqns61y85c7gce3vjgjnzd43h3psww.jpeg","type":"","width":"","height":""}],"twitter_card":"summary_large_image","twitter_misc":{"Tiempo de lectura":"4 minutos"},"schema":{"@context":"https:\/\/schema.org","@graph":[{"@type":"WebPage","@id":"https:\/\/lainehomes.es\/es\/informacion\/presentaciones-de-la-zona\/costa-del-sol\/torremolinos\/","url":"https:\/\/lainehomes.es\/es\/informacion\/presentaciones-de-la-zona\/costa-del-sol\/torremolinos\/","name":"Torremolinos | Laine Homes","isPartOf":{"@id":"https:\/\/lainehomes.es\/es\/#website"},"primaryImageOfPage":{"@id":"https:\/\/lainehomes.es\/es\/informacion\/presentaciones-de-la-zona\/costa-del-sol\/torremolinos\/#primaryimage"},"image":{"@id":"https:\/\/lainehomes.es\/es\/informacion\/presentaciones-de-la-zona\/costa-del-sol\/torremolinos\/#primaryimage"},"thumbnailUrl":"https:\/\/lainehomes.es\/wp-content\/uploads\/elementor\/thumbs\/Torremolinos-scaled-r2d37kcp811ixqns61y85c7gce3vjgjnzd43h3psww.jpeg","datePublished":"2025-01-24T09:58:18+00:00","dateModified":"2025-03-21T17:29:52+00:00","breadcrumb":{"@id":"https:\/\/lainehomes.es\/es\/informacion\/presentaciones-de-la-zona\/costa-del-sol\/torremolinos\/#breadcrumb"},"inLanguage":"es","potentialAction":[{"@type":"ReadAction","target":["https:\/\/lainehomes.es\/es\/informacion\/presentaciones-de-la-zona\/costa-del-sol\/torremolinos\/"]}]},{"@type":"ImageObject","inLanguage":"es","@id":"https:\/\/lainehomes.es\/es\/informacion\/presentaciones-de-la-zona\/costa-del-sol\/torremolinos\/#primaryimage","url":"https:\/\/lainehomes.es\/wp-content\/uploads\/elementor\/thumbs\/Torremolinos-scaled-r2d37kcp811ixqns61y85c7gce3vjgjnzd43h3psww.jpeg","contentUrl":"https:\/\/lainehomes.es\/wp-content\/uploads\/elementor\/thumbs\/Torremolinos-scaled-r2d37kcp811ixqns61y85c7gce3vjgjnzd43h3psww.jpeg"},{"@type":"BreadcrumbList","@id":"https:\/\/lainehomes.es\/es\/informacion\/presentaciones-de-la-zona\/costa-del-sol\/torremolinos\/#breadcrumb","itemListElement":[{"@type":"ListItem","position":1,"name":"Etusivu","item":"https:\/\/lainehomes.es\/es\/"},{"@type":"ListItem","position":2,"name":"Informaci\u00f3n","item":"https:\/\/lainehomes.es\/es\/informacion\/"},{"@type":"ListItem","position":3,"name":"Presentaciones de la zona","item":"https:\/\/lainehomes.es\/es\/informacion\/presentaciones-de-la-zona\/"},{"@type":"ListItem","position":4,"name":"Costa del Sol","item":"https:\/\/lainehomes.es\/es\/informacion\/presentaciones-de-la-zona\/costa-del-sol\/"},{"@type":"ListItem","position":5,"name":"Torremolinos"}]},{"@type":"WebSite","@id":"https:\/\/lainehomes.es\/es\/#website","url":"https:\/\/lainehomes.es\/es\/","name":"Laine Homes","description":"Homes and Villas Spain","publisher":{"@id":"https:\/\/lainehomes.es\/es\/#organization"},"potentialAction":[{"@type":"SearchAction","target":{"@type":"EntryPoint","urlTemplate":"https:\/\/lainehomes.es\/es\/?s={search_term_string}"},"query-input":{"@type":"PropertyValueSpecification","valueRequired":true,"valueName":"search_term_string"}}],"inLanguage":"es"},{"@type":"Organization","@id":"https:\/\/lainehomes.es\/es\/#organization","name":"Laine Homes","url":"https:\/\/lainehomes.es\/es\/","logo":{"@type":"ImageObject","inLanguage":"es","@id":"https:\/\/lainehomes.es\/es\/#\/schema\/logo\/image\/","url":"https:\/\/lainehomes.es\/wp-content\/uploads\/2022\/02\/LAINETOIMIALA-WHITE.svg","contentUrl":"https:\/\/lainehomes.es\/wp-content\/uploads\/2022\/02\/LAINETOIMIALA-WHITE.svg","width":372.96,"height":80.53,"caption":"Laine Homes"},"image":{"@id":"https:\/\/lainehomes.es\/es\/#\/schema\/logo\/image\/"}}]}},"_links":{"self":[{"href":"https:\/\/lainehomes.es\/es\/wp-json\/wp\/v2\/pages\/120486","targetHints":{"allow":["GET"]}}],"collection":[{"href":"https:\/\/lainehomes.es\/es\/wp-json\/wp\/v2\/pages"}],"about":[{"href":"https:\/\/lainehomes.es\/es\/wp-json\/wp\/v2\/types\/page"}],"author":[{"embeddable":true,"href":"https:\/\/lainehomes.es\/es\/wp-json\/wp\/v2\/users\/1"}],"replies":[{"embeddable":true,"href":"https:\/\/lainehomes.es\/es\/wp-json\/wp\/v2\/comments?post=120486"}],"version-history":[{"count":1,"href":"https:\/\/lainehomes.es\/es\/wp-json\/wp\/v2\/pages\/120486\/revisions"}],"predecessor-version":[{"id":120487,"href":"https:\/\/lainehomes.es\/es\/wp-json\/wp\/v2\/pages\/120486\/revisions\/120487"}],"up":[{"embeddable":true,"href":"https:\/\/lainehomes.es\/es\/wp-json\/wp\/v2\/pages\/120344"}],"wp:attachment":[{"href":"https:\/\/lainehomes.es\/es\/wp-json\/wp\/v2\/media?parent=120486"}],"curies":[{"name":"wp","href":"https:\/\/api.w.org\/{rel}","templated":true}]}}