{"id":120471,"date":"2025-01-24T12:11:38","date_gmt":"2025-01-24T10:11:38","guid":{"rendered":"https:\/\/laine.sivustamo.dev\/informacion\/presentaciones-de-la-zona\/costa-del-sol\/mijas\/"},"modified":"2025-03-21T19:27:18","modified_gmt":"2025-03-21T17:27:18","slug":"mijas","status":"publish","type":"page","link":"https:\/\/lainehomes.es\/es\/informacion\/presentaciones-de-la-zona\/costa-del-sol\/mijas\/","title":{"rendered":"Mijas"},"content":{"rendered":"\t\t<div data-elementor-type=\"wp-page\" data-elementor-id=\"120471\" class=\"elementor elementor-120471 elementor-94125\" data-elementor-post-type=\"page\">\n\t\t\t\t<div class=\"elementor-element elementor-element-2c5e076 e-con-full e-flex e-con e-parent\" data-id=\"2c5e076\" data-element_type=\"container\" data-e-type=\"container\" data-settings=\"{&quot;jet_parallax_layout_list&quot;:[]}\">\n\t\t<div class=\"elementor-element elementor-element-fcf4dd5 e-con-full e-flex e-con e-child\" data-id=\"fcf4dd5\" data-element_type=\"container\" data-e-type=\"container\" data-settings=\"{&quot;jet_parallax_layout_list&quot;:[]}\">\n\t\t<div class=\"elementor-element elementor-element-db1d94a e-con-full e-flex e-con e-child\" data-id=\"db1d94a\" data-element_type=\"container\" data-e-type=\"container\" data-settings=\"{&quot;jet_parallax_layout_list&quot;:[]}\">\n\t\t\t\t<div class=\"elementor-element elementor-element-6337c08 elementor-widget elementor-widget-heading\" data-id=\"6337c08\" data-element_type=\"widget\" data-e-type=\"widget\" data-widget_type=\"heading.default\">\n\t\t\t\t<div class=\"elementor-widget-container\">\n\t\t\t\t\t<h2 class=\"elementor-heading-title elementor-size-default\">Mijas \u2013 Encanto andaluz y vida diversa<\/h2>\t\t\t\t<\/div>\n\t\t\t\t<\/div>\n\t\t\t\t<div class=\"elementor-element elementor-element-6cdf9da elementor-widget elementor-widget-text-editor\" data-id=\"6cdf9da\" data-element_type=\"widget\" data-e-type=\"widget\" data-widget_type=\"text-editor.default\">\n\t\t\t\t<div class=\"elementor-widget-container\">\n\t\t\t\t\t\t\t\t\t<p><span style=\"font-weight: 400;\">Mijas es una <\/span><b>de las zonas residenciales m\u00e1s populares y hermosas de la Costa del Sol<\/b>,<span style=\"font-weight: 400;\"> que combina<\/span> <b>un ambiente tradicional andaluz, impresionantes vistas al mar y una variedad de opciones de vida.<\/b><span style=\"font-weight: 400;\">Tiene una ubicaci\u00f3n ideal, a solo  <\/span><b> 20 minutos en coche del aeropuerto de M\u00e1laga y a 10 minutos de Fuengirola<\/b>,<span style=\"font-weight: 400;\"> lo que lo convierte en una opci\u00f3n atractiva tanto para la residencia permanente como para la compra de una casa de vacacional.<\/span><\/p>\n<p><span style=\"font-weight: 400;\">Mijas se divide<\/span><b> en tres zonas principales,<\/b><span style=\"font-weight: 400;\"> cada una de las cuales ofrece un entorno y un estilo de vida \u00fanicos:<\/span><\/p>\n\t\t\t\t\t\t\t\t<\/div>\n\t\t\t\t<\/div>\n\t\t\t\t<div class=\"elementor-element elementor-element-fdb397c elementor-widget elementor-widget-heading\" data-id=\"fdb397c\" data-element_type=\"widget\" data-e-type=\"widget\" data-widget_type=\"heading.default\">\n\t\t\t\t<div class=\"elementor-widget-container\">\n\t\t\t\t\t<h3 class=\"elementor-heading-title elementor-size-default\">Diferentes \u00e1reas de Mijas\n<\/h3>\t\t\t\t<\/div>\n\t\t\t\t<\/div>\n\t\t\t\t<div class=\"elementor-element elementor-element-0d305ed elementor-widget elementor-widget-text-editor\" data-id=\"0d305ed\" data-element_type=\"widget\" data-e-type=\"widget\" data-widget_type=\"text-editor.default\">\n\t\t\t\t<div class=\"elementor-widget-container\">\n\t\t\t\t\t\t\t\t\t<ul>\n<li style=\"font-weight: 400;\" aria-level=\"1\"><b>Mijas Pueblo<\/b><span style=\"font-weight: 400;\"> \u2013 Un pueblo blanco tradicional en las monta\u00f1as, que es una de las atracciones m\u00e1s bellas y populares de Andaluc\u00eda. Desde aqu\u00ed  <\/span><b> se abren vistas impresionantes al Mediterr\u00e1neo,<\/b><span style=\"font-weight: 400;\"> y las pintorescas calles del pueblo, los restaurantes de tapas en las plazas y las boutiques de artesan\u00eda crean un aut\u00e9ntico ambiente espa\u00f1ol.<\/span><\/li>\n<li style=\"font-weight: 400;\" aria-level=\"1\"><b>Mijas Costa <\/b><span style=\"font-weight: 400;\">\u2013 La zona costera, que comprende varias zonas residenciales populares, como<\/span><b> La Cala de Mijas, Riviera del Sol y Calahonda<\/b><span style=\"font-weight: 400;\">. Esta parte de Mijas ofrece  <\/span><b>hermosas playas, paseos mar\u00edtimos, restaurantes y campos de golf<\/b><span style=\"font-weight: 400;\">, pero tambi\u00e9n un entorno de vida tranquilo y servicios modernos.<\/span><\/li>\n<li><b>La Cala de Mijas<\/b><span style=\"font-weight: 400;\"> \u2013 Un encantador pueblo costero conocido por sus <\/span><b>hermosas playas de arena, sus diversos servicios y su ambiente internacional<\/b><span style=\"font-weight: 400;\">. Este es uno de los lugares m\u00e1s deseados de la zona tanto para compradores de viviendas como para inversores. <\/span><\/li>\n<\/ul>\n\t\t\t\t\t\t\t\t<\/div>\n\t\t\t\t<\/div>\n\t\t\t\t<div class=\"elementor-element elementor-element-b33a9c1 elementor-widget elementor-widget-heading\" data-id=\"b33a9c1\" data-element_type=\"widget\" data-e-type=\"widget\" data-widget_type=\"heading.default\">\n\t\t\t\t<div class=\"elementor-widget-container\">\n\t\t\t\t\t<h3 class=\"elementor-heading-title elementor-size-default\">\u00bfPor qu\u00e9 elegir Mijas?\n<\/h3>\t\t\t\t<\/div>\n\t\t\t\t<\/div>\n\t\t\t\t<div class=\"elementor-element elementor-element-4a58ed3 elementor-widget elementor-widget-text-editor\" data-id=\"4a58ed3\" data-element_type=\"widget\" data-e-type=\"widget\" data-widget_type=\"text-editor.default\">\n\t\t\t\t<div class=\"elementor-widget-container\">\n\t\t\t\t\t\t\t\t\t<ul>\n<li style=\"font-weight: 400;\" aria-level=\"1\"><b>Impresionantes paisajes y cercan\u00eda a la naturaleza<\/b><span style=\"font-weight: 400;\">: Mijas ofrece paisajes<\/span><b> monta\u00f1osos y hermosas playas,<\/b><span style=\"font-weight: 400;\"> lo que lo convierte en un lugar \u00fanico para vivir.<\/span><\/li>\n<li style=\"font-weight: 400;\" aria-level=\"1\"><b>Buena ubicaci\u00f3n y conexiones de transporte:<\/b> <span style=\"font-weight: 400;\">F\u00e1cil acceso a<\/span><b> Fuengirola, Marbella y el aeropuerto de M\u00e1laga, <\/b><span style=\"font-weight: 400;\">lo que hace que la zona sea ideal tanto para una casa de vacacional como para una residencia permanente.<\/span><\/li>\n<li style=\"font-weight: 400;\" aria-level=\"1\"><b>Diversas opciones de vivienda<\/b><span style=\"font-weight: 400;\">: Puede elegir<\/span><b> una casa tradicional espa\u00f1ola en Mijas Pueblo, un apartamento moderno en Mijas Costa o una villa de lujo en La Cala<\/b><span style=\"font-weight: 400;\">.<\/span><\/li>\n<li style=\"font-weight: 400;\" aria-level=\"1\"><b>Comunidad y servicios internacionales<\/b><span style=\"font-weight: 400;\">: Muchas personas extranjeras viven en la zona de Mijas y<\/span><b> hay escuelas internacionales, servicios de salud y restaurantes,<\/b><span style=\"font-weight: 400;\"> lo que lo convierte en un destino popular para muchas nacionalidades.<\/span><\/li>\n<li style=\"font-weight: 400;\" aria-level=\"1\"><b>Para\u00edso para los amantes del golf:<\/b><span style=\"font-weight: 400;\"> La zona cuenta con varios campos de golf de primer nivel, como<\/span><b> La Cala Golf Resort, Miraflores Golf y Santana Golf, <\/b><span style=\"font-weight: 400;\">que atraen a jugadores durante todo el a\u00f1o.<\/span><\/li>\n<li><b>Potencial de apreciaci\u00f3n del valor y buena inversi\u00f3n:<\/b><span style=\"font-weight: 400;\"> El mercado inmobiliario de Mijas es estable y la zona ofrece <\/span><b>un buen rendimiento de alquiler y oportunidades de apreciaci\u00f3n del valor,<\/b><span style=\"font-weight: 400;\"> especialmente en las zonas costeras.<\/span><\/li>\n<\/ul>\n\t\t\t\t\t\t\t\t<\/div>\n\t\t\t\t<\/div>\n\t\t\t\t<div class=\"elementor-element elementor-element-6e52bca elementor-widget elementor-widget-heading\" data-id=\"6e52bca\" data-element_type=\"widget\" data-e-type=\"widget\" data-widget_type=\"heading.default\">\n\t\t\t\t<div class=\"elementor-widget-container\">\n\t\t\t\t\t<h3 class=\"elementor-heading-title elementor-size-default\">\u00bfPara qui\u00e9n es adecuada Mijas?\n<\/h3>\t\t\t\t<\/div>\n\t\t\t\t<\/div>\n\t\t\t\t<div class=\"elementor-element elementor-element-ef52e7e elementor-widget elementor-widget-text-editor\" data-id=\"ef52e7e\" data-element_type=\"widget\" data-e-type=\"widget\" data-widget_type=\"text-editor.default\">\n\t\t\t\t<div class=\"elementor-widget-container\">\n\t\t\t\t\t\t\t\t\t<ul>\n<li style=\"font-weight: 400;\" aria-level=\"1\"><span style=\"font-weight: 400;\">Para aquellos<\/span><b> que quieren vivir en un pueblo tradicional andaluz o en una tranquila zona de playa.<\/b><\/li>\n<li style=\"font-weight: 400;\" aria-level=\"1\"><span style=\"font-weight: 400;\">Para los amantes de la naturaleza y los paisajes que aprecian<\/span><b> la combinaci\u00f3n del mar y las monta\u00f1as.<\/b><\/li>\n<li style=\"font-weight: 400;\" aria-level=\"1\"><span style=\"font-weight: 400;\">Para los inversores que buscan<\/span> <b>un buen rendimiento de alquiler y potencial de apreciaci\u00f3n del valor.<\/b><\/li>\n<li style=\"font-weight: 400;\" aria-level=\"1\"><span style=\"font-weight: 400;\">Para los entusiastas del golf, ya que la zona tiene<\/span><b> muchos campos de golf de primer nivel.<\/b><\/li>\n<li><span style=\"font-weight: 400;\">Para familias con ni\u00f1os y jubilados que aprecian<\/span><b> un entorno seguro y cercano a los servicios.<\/b><\/li>\n<\/ul>\n<p><b>\u00bfEst\u00e1 buscando una vivienda en Mijas?<\/b>\u200e<b> <br \/><\/b><span style=\"font-weight: 400;\">\u00a1Explore<\/span> <b>las propiedades en venta en Mijas en nuestra p\u00e1gina web<\/b><span style=\"font-weight: 400;\"> o cont\u00e1ctenos y le ayudaremos a encontrar la casa perfecta en esta zona residencial vers\u00e1til y hermosa!<\/span><\/p>\n\t\t\t\t\t\t\t\t<\/div>\n\t\t\t\t<\/div>\n\t\t\t\t<\/div>\n\t\t<div class=\"elementor-element elementor-element-c695959 e-con-full e-flex e-con e-child\" data-id=\"c695959\" data-element_type=\"container\" data-e-type=\"container\" data-settings=\"{&quot;jet_parallax_layout_list&quot;:[]}\">\n\t\t<div class=\"elementor-element elementor-element-fb54bea e-con-full e-flex e-con e-child\" data-id=\"fb54bea\" data-element_type=\"container\" data-e-type=\"container\" data-settings=\"{&quot;jet_parallax_layout_list&quot;:[]}\">\n\t\t\t\t<div class=\"elementor-element elementor-element-999ef54 elementor-widget elementor-widget-image\" data-id=\"999ef54\" data-element_type=\"widget\" data-e-type=\"widget\" data-widget_type=\"image.default\">\n\t\t\t\t<div class=\"elementor-widget-container\">\n\t\t\t\t\t\t\t\t\t\t\t\t\t\t\t<img decoding=\"async\" src=\"https:\/\/lainehomes.es\/wp-content\/uploads\/elementor\/thumbs\/Mijas-1-scaled-r2egfg08b2m0jgwnmyijd7m4ukqnf8s89cop0oj7og.jpeg\" title=\"Mijas in Province of Malaga, Andalusia, Spain.\" alt=\"Mijas in Province of Malaga, Andalusia, Spain.\" loading=\"lazy\" \/>\t\t\t\t\t\t\t\t\t\t\t\t\t\t\t<\/div>\n\t\t\t\t<\/div>\n\t\t\t\t<\/div>\n\t\t<div class=\"elementor-element elementor-element-cc706d5 e-con-full e-flex e-con e-child\" data-id=\"cc706d5\" data-element_type=\"container\" data-e-type=\"container\" data-settings=\"{&quot;jet_parallax_layout_list&quot;:[]}\">\n\t\t\t\t<div class=\"elementor-element elementor-element-70685c4 elementor-widget elementor-widget-image\" data-id=\"70685c4\" data-element_type=\"widget\" data-e-type=\"widget\" data-widget_type=\"image.default\">\n\t\t\t\t<div class=\"elementor-widget-container\">\n\t\t\t\t\t\t\t\t\t\t\t\t\t\t\t<img fetchpriority=\"high\" decoding=\"async\" width=\"800\" height=\"534\" src=\"https:\/\/lainehomes.es\/wp-content\/uploads\/2025\/03\/Mijas-costa-del-sol-1024x683.jpeg\" class=\"attachment-large size-large wp-image-117509\" alt=\"\" srcset=\"https:\/\/lainehomes.es\/wp-content\/uploads\/2025\/03\/Mijas-costa-del-sol-1024x683.jpeg 1024w, https:\/\/lainehomes.es\/wp-content\/uploads\/2025\/03\/Mijas-costa-del-sol-300x200.jpeg 300w, https:\/\/lainehomes.es\/wp-content\/uploads\/2025\/03\/Mijas-costa-del-sol-768x512.jpeg 768w, https:\/\/lainehomes.es\/wp-content\/uploads\/2025\/03\/Mijas-costa-del-sol-1536x1024.jpeg 1536w, https:\/\/lainehomes.es\/wp-content\/uploads\/2025\/03\/Mijas-costa-del-sol-2048x1365.jpeg 2048w\" sizes=\"(max-width: 800px) 100vw, 800px\" \/>\t\t\t\t\t\t\t\t\t\t\t\t\t\t\t<\/div>\n\t\t\t\t<\/div>\n\t\t\t\t<\/div>\n\t\t\t\t<\/div>\n\t\t\t\t<\/div>\n\t\t\t\t<\/div>\n\t\t\t\t<\/div>\n\t\t","protected":false},"excerpt":{"rendered":"<p>Mijas \u2013 Encanto andaluz y vida diversa Mijas es una de las zonas residenciales m\u00e1s populares y hermosas de la Costa del Sol, que combina un ambiente tradicional andaluz, impresionantes vistas al mar y una variedad de opciones de vida.Tiene una ubicaci\u00f3n ideal, a solo 20 minutos en coche del aeropuerto de M\u00e1laga y a [&hellip;]<\/p>\n","protected":false},"author":1,"featured_media":0,"parent":120344,"menu_order":80,"comment_status":"closed","ping_status":"closed","template":"elementor_theme","meta":{"footnotes":""},"class_list":["post-120471","page","type-page","status-publish","hentry"],"yoast_head":"<!-- This site is optimized with the Yoast SEO plugin v27.3 - https:\/\/yoast.com\/product\/yoast-seo-wordpress\/ -->\n<title>Mijas | Laine Homes<\/title>\n<meta name=\"robots\" content=\"index, follow, max-snippet:-1, max-image-preview:large, max-video-preview:-1\" \/>\n<link rel=\"canonical\" href=\"https:\/\/lainehomes.es\/es\/informacion\/presentaciones-de-la-zona\/costa-del-sol\/mijas\/\" \/>\n<meta property=\"og:locale\" content=\"es_ES\" \/>\n<meta property=\"og:type\" content=\"article\" \/>\n<meta property=\"og:title\" content=\"Mijas | Laine Homes\" \/>\n<meta property=\"og:description\" content=\"Mijas \u2013 Encanto andaluz y vida diversa Mijas es una de las zonas residenciales m\u00e1s populares y hermosas de la Costa del Sol, que combina un ambiente tradicional andaluz, impresionantes vistas al mar y una variedad de opciones de vida.Tiene una ubicaci\u00f3n ideal, a solo 20 minutos en coche del aeropuerto de M\u00e1laga y a [&hellip;]\" \/>\n<meta property=\"og:url\" content=\"https:\/\/lainehomes.es\/es\/informacion\/presentaciones-de-la-zona\/costa-del-sol\/mijas\/\" \/>\n<meta property=\"og:site_name\" content=\"Laine Homes\" \/>\n<meta property=\"article:modified_time\" content=\"2025-03-21T17:27:18+00:00\" \/>\n<meta property=\"og:image\" content=\"https:\/\/lainehomes.es\/wp-content\/uploads\/elementor\/thumbs\/Mijas-1-scaled-r2egfg08b2m0jgwnmyijd7m4ukqnf8s89cop0oj7og.jpeg\" \/>\n<meta name=\"twitter:card\" content=\"summary_large_image\" \/>\n<meta name=\"twitter:label1\" content=\"Tiempo de lectura\" \/>\n\t<meta name=\"twitter:data1\" content=\"4 minutos\" \/>\n<script type=\"application\/ld+json\" class=\"yoast-schema-graph\">{\"@context\":\"https:\\\/\\\/schema.org\",\"@graph\":[{\"@type\":\"WebPage\",\"@id\":\"https:\\\/\\\/lainehomes.es\\\/es\\\/informacion\\\/presentaciones-de-la-zona\\\/costa-del-sol\\\/mijas\\\/\",\"url\":\"https:\\\/\\\/lainehomes.es\\\/es\\\/informacion\\\/presentaciones-de-la-zona\\\/costa-del-sol\\\/mijas\\\/\",\"name\":\"Mijas | Laine Homes\",\"isPartOf\":{\"@id\":\"https:\\\/\\\/lainehomes.es\\\/es\\\/#website\"},\"primaryImageOfPage\":{\"@id\":\"https:\\\/\\\/lainehomes.es\\\/es\\\/informacion\\\/presentaciones-de-la-zona\\\/costa-del-sol\\\/mijas\\\/#primaryimage\"},\"image\":{\"@id\":\"https:\\\/\\\/lainehomes.es\\\/es\\\/informacion\\\/presentaciones-de-la-zona\\\/costa-del-sol\\\/mijas\\\/#primaryimage\"},\"thumbnailUrl\":\"https:\\\/\\\/lainehomes.es\\\/wp-content\\\/uploads\\\/elementor\\\/thumbs\\\/Mijas-1-scaled-r2egfg08b2m0jgwnmyijd7m4ukqnf8s89cop0oj7og.jpeg\",\"datePublished\":\"2025-01-24T10:11:38+00:00\",\"dateModified\":\"2025-03-21T17:27:18+00:00\",\"breadcrumb\":{\"@id\":\"https:\\\/\\\/lainehomes.es\\\/es\\\/informacion\\\/presentaciones-de-la-zona\\\/costa-del-sol\\\/mijas\\\/#breadcrumb\"},\"inLanguage\":\"es\",\"potentialAction\":[{\"@type\":\"ReadAction\",\"target\":[\"https:\\\/\\\/lainehomes.es\\\/es\\\/informacion\\\/presentaciones-de-la-zona\\\/costa-del-sol\\\/mijas\\\/\"]}]},{\"@type\":\"ImageObject\",\"inLanguage\":\"es\",\"@id\":\"https:\\\/\\\/lainehomes.es\\\/es\\\/informacion\\\/presentaciones-de-la-zona\\\/costa-del-sol\\\/mijas\\\/#primaryimage\",\"url\":\"https:\\\/\\\/lainehomes.es\\\/wp-content\\\/uploads\\\/elementor\\\/thumbs\\\/Mijas-1-scaled-r2egfg08b2m0jgwnmyijd7m4ukqnf8s89cop0oj7og.jpeg\",\"contentUrl\":\"https:\\\/\\\/lainehomes.es\\\/wp-content\\\/uploads\\\/elementor\\\/thumbs\\\/Mijas-1-scaled-r2egfg08b2m0jgwnmyijd7m4ukqnf8s89cop0oj7og.jpeg\"},{\"@type\":\"BreadcrumbList\",\"@id\":\"https:\\\/\\\/lainehomes.es\\\/es\\\/informacion\\\/presentaciones-de-la-zona\\\/costa-del-sol\\\/mijas\\\/#breadcrumb\",\"itemListElement\":[{\"@type\":\"ListItem\",\"position\":1,\"name\":\"Etusivu\",\"item\":\"https:\\\/\\\/lainehomes.es\\\/es\\\/\"},{\"@type\":\"ListItem\",\"position\":2,\"name\":\"Informaci\u00f3n\",\"item\":\"https:\\\/\\\/lainehomes.es\\\/es\\\/informacion\\\/\"},{\"@type\":\"ListItem\",\"position\":3,\"name\":\"Presentaciones de la zona\",\"item\":\"https:\\\/\\\/lainehomes.es\\\/es\\\/informacion\\\/presentaciones-de-la-zona\\\/\"},{\"@type\":\"ListItem\",\"position\":4,\"name\":\"Costa del Sol\",\"item\":\"https:\\\/\\\/lainehomes.es\\\/es\\\/informacion\\\/presentaciones-de-la-zona\\\/costa-del-sol\\\/\"},{\"@type\":\"ListItem\",\"position\":5,\"name\":\"Mijas\"}]},{\"@type\":\"WebSite\",\"@id\":\"https:\\\/\\\/lainehomes.es\\\/es\\\/#website\",\"url\":\"https:\\\/\\\/lainehomes.es\\\/es\\\/\",\"name\":\"Laine Homes\",\"description\":\"Homes and Villas Spain\",\"publisher\":{\"@id\":\"https:\\\/\\\/lainehomes.es\\\/es\\\/#organization\"},\"potentialAction\":[{\"@type\":\"SearchAction\",\"target\":{\"@type\":\"EntryPoint\",\"urlTemplate\":\"https:\\\/\\\/lainehomes.es\\\/es\\\/?s={search_term_string}\"},\"query-input\":{\"@type\":\"PropertyValueSpecification\",\"valueRequired\":true,\"valueName\":\"search_term_string\"}}],\"inLanguage\":\"es\"},{\"@type\":\"Organization\",\"@id\":\"https:\\\/\\\/lainehomes.es\\\/es\\\/#organization\",\"name\":\"Laine Homes\",\"url\":\"https:\\\/\\\/lainehomes.es\\\/es\\\/\",\"logo\":{\"@type\":\"ImageObject\",\"inLanguage\":\"es\",\"@id\":\"https:\\\/\\\/lainehomes.es\\\/es\\\/#\\\/schema\\\/logo\\\/image\\\/\",\"url\":\"https:\\\/\\\/lainehomes.es\\\/wp-content\\\/uploads\\\/2022\\\/02\\\/LAINETOIMIALA-WHITE.svg\",\"contentUrl\":\"https:\\\/\\\/lainehomes.es\\\/wp-content\\\/uploads\\\/2022\\\/02\\\/LAINETOIMIALA-WHITE.svg\",\"width\":372.96,\"height\":80.53,\"caption\":\"Laine Homes\"},\"image\":{\"@id\":\"https:\\\/\\\/lainehomes.es\\\/es\\\/#\\\/schema\\\/logo\\\/image\\\/\"}}]}<\/script>\n<!-- \/ Yoast SEO plugin. -->","yoast_head_json":{"title":"Mijas | Laine Homes","robots":{"index":"index","follow":"follow","max-snippet":"max-snippet:-1","max-image-preview":"max-image-preview:large","max-video-preview":"max-video-preview:-1"},"canonical":"https:\/\/lainehomes.es\/es\/informacion\/presentaciones-de-la-zona\/costa-del-sol\/mijas\/","og_locale":"es_ES","og_type":"article","og_title":"Mijas | Laine Homes","og_description":"Mijas \u2013 Encanto andaluz y vida diversa Mijas es una de las zonas residenciales m\u00e1s populares y hermosas de la Costa del Sol, que combina un ambiente tradicional andaluz, impresionantes vistas al mar y una variedad de opciones de vida.Tiene una ubicaci\u00f3n ideal, a solo 20 minutos en coche del aeropuerto de M\u00e1laga y a [&hellip;]","og_url":"https:\/\/lainehomes.es\/es\/informacion\/presentaciones-de-la-zona\/costa-del-sol\/mijas\/","og_site_name":"Laine Homes","article_modified_time":"2025-03-21T17:27:18+00:00","og_image":[{"url":"https:\/\/lainehomes.es\/wp-content\/uploads\/elementor\/thumbs\/Mijas-1-scaled-r2egfg08b2m0jgwnmyijd7m4ukqnf8s89cop0oj7og.jpeg","type":"","width":"","height":""}],"twitter_card":"summary_large_image","twitter_misc":{"Tiempo de lectura":"4 minutos"},"schema":{"@context":"https:\/\/schema.org","@graph":[{"@type":"WebPage","@id":"https:\/\/lainehomes.es\/es\/informacion\/presentaciones-de-la-zona\/costa-del-sol\/mijas\/","url":"https:\/\/lainehomes.es\/es\/informacion\/presentaciones-de-la-zona\/costa-del-sol\/mijas\/","name":"Mijas | Laine Homes","isPartOf":{"@id":"https:\/\/lainehomes.es\/es\/#website"},"primaryImageOfPage":{"@id":"https:\/\/lainehomes.es\/es\/informacion\/presentaciones-de-la-zona\/costa-del-sol\/mijas\/#primaryimage"},"image":{"@id":"https:\/\/lainehomes.es\/es\/informacion\/presentaciones-de-la-zona\/costa-del-sol\/mijas\/#primaryimage"},"thumbnailUrl":"https:\/\/lainehomes.es\/wp-content\/uploads\/elementor\/thumbs\/Mijas-1-scaled-r2egfg08b2m0jgwnmyijd7m4ukqnf8s89cop0oj7og.jpeg","datePublished":"2025-01-24T10:11:38+00:00","dateModified":"2025-03-21T17:27:18+00:00","breadcrumb":{"@id":"https:\/\/lainehomes.es\/es\/informacion\/presentaciones-de-la-zona\/costa-del-sol\/mijas\/#breadcrumb"},"inLanguage":"es","potentialAction":[{"@type":"ReadAction","target":["https:\/\/lainehomes.es\/es\/informacion\/presentaciones-de-la-zona\/costa-del-sol\/mijas\/"]}]},{"@type":"ImageObject","inLanguage":"es","@id":"https:\/\/lainehomes.es\/es\/informacion\/presentaciones-de-la-zona\/costa-del-sol\/mijas\/#primaryimage","url":"https:\/\/lainehomes.es\/wp-content\/uploads\/elementor\/thumbs\/Mijas-1-scaled-r2egfg08b2m0jgwnmyijd7m4ukqnf8s89cop0oj7og.jpeg","contentUrl":"https:\/\/lainehomes.es\/wp-content\/uploads\/elementor\/thumbs\/Mijas-1-scaled-r2egfg08b2m0jgwnmyijd7m4ukqnf8s89cop0oj7og.jpeg"},{"@type":"BreadcrumbList","@id":"https:\/\/lainehomes.es\/es\/informacion\/presentaciones-de-la-zona\/costa-del-sol\/mijas\/#breadcrumb","itemListElement":[{"@type":"ListItem","position":1,"name":"Etusivu","item":"https:\/\/lainehomes.es\/es\/"},{"@type":"ListItem","position":2,"name":"Informaci\u00f3n","item":"https:\/\/lainehomes.es\/es\/informacion\/"},{"@type":"ListItem","position":3,"name":"Presentaciones de la zona","item":"https:\/\/lainehomes.es\/es\/informacion\/presentaciones-de-la-zona\/"},{"@type":"ListItem","position":4,"name":"Costa del Sol","item":"https:\/\/lainehomes.es\/es\/informacion\/presentaciones-de-la-zona\/costa-del-sol\/"},{"@type":"ListItem","position":5,"name":"Mijas"}]},{"@type":"WebSite","@id":"https:\/\/lainehomes.es\/es\/#website","url":"https:\/\/lainehomes.es\/es\/","name":"Laine Homes","description":"Homes and Villas Spain","publisher":{"@id":"https:\/\/lainehomes.es\/es\/#organization"},"potentialAction":[{"@type":"SearchAction","target":{"@type":"EntryPoint","urlTemplate":"https:\/\/lainehomes.es\/es\/?s={search_term_string}"},"query-input":{"@type":"PropertyValueSpecification","valueRequired":true,"valueName":"search_term_string"}}],"inLanguage":"es"},{"@type":"Organization","@id":"https:\/\/lainehomes.es\/es\/#organization","name":"Laine Homes","url":"https:\/\/lainehomes.es\/es\/","logo":{"@type":"ImageObject","inLanguage":"es","@id":"https:\/\/lainehomes.es\/es\/#\/schema\/logo\/image\/","url":"https:\/\/lainehomes.es\/wp-content\/uploads\/2022\/02\/LAINETOIMIALA-WHITE.svg","contentUrl":"https:\/\/lainehomes.es\/wp-content\/uploads\/2022\/02\/LAINETOIMIALA-WHITE.svg","width":372.96,"height":80.53,"caption":"Laine Homes"},"image":{"@id":"https:\/\/lainehomes.es\/es\/#\/schema\/logo\/image\/"}}]}},"_links":{"self":[{"href":"https:\/\/lainehomes.es\/es\/wp-json\/wp\/v2\/pages\/120471","targetHints":{"allow":["GET"]}}],"collection":[{"href":"https:\/\/lainehomes.es\/es\/wp-json\/wp\/v2\/pages"}],"about":[{"href":"https:\/\/lainehomes.es\/es\/wp-json\/wp\/v2\/types\/page"}],"author":[{"embeddable":true,"href":"https:\/\/lainehomes.es\/es\/wp-json\/wp\/v2\/users\/1"}],"replies":[{"embeddable":true,"href":"https:\/\/lainehomes.es\/es\/wp-json\/wp\/v2\/comments?post=120471"}],"version-history":[{"count":1,"href":"https:\/\/lainehomes.es\/es\/wp-json\/wp\/v2\/pages\/120471\/revisions"}],"predecessor-version":[{"id":120472,"href":"https:\/\/lainehomes.es\/es\/wp-json\/wp\/v2\/pages\/120471\/revisions\/120472"}],"up":[{"embeddable":true,"href":"https:\/\/lainehomes.es\/es\/wp-json\/wp\/v2\/pages\/120344"}],"wp:attachment":[{"href":"https:\/\/lainehomes.es\/es\/wp-json\/wp\/v2\/media?parent=120471"}],"curies":[{"name":"wp","href":"https:\/\/api.w.org\/{rel}","templated":true}]}}