{"id":120467,"date":"2025-01-24T11:56:09","date_gmt":"2025-01-24T09:56:09","guid":{"rendered":"https:\/\/laine.sivustamo.dev\/informacion\/presentaciones-de-la-zona\/costa-del-sol\/marbella\/"},"modified":"2025-03-21T19:25:12","modified_gmt":"2025-03-21T17:25:12","slug":"marbella","status":"publish","type":"page","link":"https:\/\/lainehomes.es\/es\/informacion\/presentaciones-de-la-zona\/costa-del-sol\/marbella\/","title":{"rendered":"Marbella"},"content":{"rendered":"\t\t<div data-elementor-type=\"wp-page\" data-elementor-id=\"120467\" class=\"elementor elementor-120467 elementor-94114\" data-elementor-post-type=\"page\">\n\t\t\t\t<div class=\"elementor-element elementor-element-bef75f4 e-con-full e-flex e-con e-parent\" data-id=\"bef75f4\" data-element_type=\"container\" data-e-type=\"container\" data-settings=\"{&quot;jet_parallax_layout_list&quot;:[]}\">\n\t\t\t\t<div class=\"elementor-element elementor-element-89d0e6c elementor-widget elementor-widget-heading\" data-id=\"89d0e6c\" data-element_type=\"widget\" data-e-type=\"widget\" data-widget_type=\"heading.default\">\n\t\t\t\t<div class=\"elementor-widget-container\">\n\t\t\t\t\t<h2 class=\"elementor-heading-title elementor-size-default\">Marbella \u2013 Lujo, estilo de vida e idilio Mediterr\u00e1neo\n<\/h2>\t\t\t\t<\/div>\n\t\t\t\t<\/div>\n\t\t\t\t<div class=\"elementor-element elementor-element-5b0c40c elementor-widget elementor-widget-text-editor\" data-id=\"5b0c40c\" data-element_type=\"widget\" data-e-type=\"widget\" data-widget_type=\"text-editor.default\">\n\t\t\t\t<div class=\"elementor-widget-container\">\n\t\t\t\t\t\t\t\t\t<p><span style=\"font-weight: 400;\">Marbella es<\/span><b> la ciudad m\u00e1s conocida y prestigiosa de la Costa del Sol<\/b><span style=\"font-weight: 400;\">, donde se combinan el lujo, la naturaleza impresionante y el estilo de vida relajado del Mediterr\u00e1neo. Este destino ic\u00f3nico ha atra\u00eddo durante  <\/span><b>mucho tiempo a compradores de viviendas internacionales<\/b><span style=\"font-weight: 400;\">, inversores y figuras p\u00fablicas que aprecian la vivienda de alto nivel, los campos de golf y los servicios exclusivos de la zona.<\/span><\/p>\n<p><span style=\"font-weight: 400;\">Gracias a su ubicaci\u00f3n, Marbella ofrece<\/span><b> impresionantes vistas al mar, m\u00e1s de 320 d\u00edas de sol al a\u00f1o y un animado ambiente internacional<\/b><span style=\"font-weight: 400;\">. Es una excelente opci\u00f3n tanto para una casa de vacaciones, una propiedad de inversi\u00f3n o un lugar de residencia permanente. <\/span><\/p>\n\t\t\t\t\t\t\t\t<\/div>\n\t\t\t\t<\/div>\n\t\t<div class=\"elementor-element elementor-element-ece4056 e-con-full e-flex e-con e-child\" data-id=\"ece4056\" data-element_type=\"container\" data-e-type=\"container\" data-settings=\"{&quot;jet_parallax_layout_list&quot;:[]}\">\n\t\t<div class=\"elementor-element elementor-element-0005cfc e-con-full e-flex e-con e-child\" data-id=\"0005cfc\" data-element_type=\"container\" data-e-type=\"container\" data-settings=\"{&quot;jet_parallax_layout_list&quot;:[]}\">\n\t\t\t\t<div class=\"elementor-element elementor-element-5e651d6 elementor-widget elementor-widget-heading\" data-id=\"5e651d6\" data-element_type=\"widget\" data-e-type=\"widget\" data-widget_type=\"heading.default\">\n\t\t\t\t<div class=\"elementor-widget-container\">\n\t\t\t\t\t<h3 class=\"elementor-heading-title elementor-size-default\">\u00bfPor qu\u00e9 elegir Marbella?\n<\/h3>\t\t\t\t<\/div>\n\t\t\t\t<\/div>\n\t\t\t\t<div class=\"elementor-element elementor-element-c9687b2 elementor-widget elementor-widget-text-editor\" data-id=\"c9687b2\" data-element_type=\"widget\" data-e-type=\"widget\" data-widget_type=\"text-editor.default\">\n\t\t\t\t<div class=\"elementor-widget-container\">\n\t\t\t\t\t\t\t\t\t<ul>\n<li style=\"font-weight: 400;\" aria-level=\"1\"><b>Estilo de vida exclusivo y propiedades de lujo<\/b><span style=\"font-weight: 400;\">: Marbella es conocida por sus<\/span> <b>villas de lujo y zonas residenciales de primera clase,<\/b> <span style=\"font-weight: 400;\">como Sierra Blanca, Nueva Andaluc\u00eda y La Zagaleta, que ofrecen propiedades y servicios de alta calidad.<\/span><\/li>\n<li style=\"font-weight: 400;\" aria-level=\"1\"><b>Puerto Ban\u00fas: puerto deportivo y zona comercial de clase mundial:<\/b> <span style=\"font-weight: 400;\">Uno de los puertos deportivos m\u00e1s famosos de Europa, lleno de boutiques de marcas de lujo, restaurantes de alta cocina y una animada vida nocturna.<\/span><\/li>\n<li style=\"font-weight: 400;\" aria-level=\"1\"><b>Centro de campos de golf:<\/b><span style=\"font-weight: 400;\"> Marbella y sus alrededores son el sue\u00f1o de un golfista, con algunos de los campos<\/span> <b>de golf m\u00e1s prestigiosos de Europa, <\/b><span style=\"font-weight: 400;\">como Las Brisas, Los Naranjos y Aloha Golf.<\/span><\/li>\n<li style=\"font-weight: 400;\" aria-level=\"1\"><b>Magn\u00edficas playas y clubes de playa<\/b><span style=\"font-weight: 400;\">: Marbella ofrece una amplia selecci\u00f3n<\/span> <b>de playas de arena y clubes de playa exclusivos,<\/b> <span style=\"font-weight: 400;\">como Nikki Beach y Ocean Club, donde podr\u00e1 relajarse y disfrutar del ambiente Mediterr\u00e1neo.<\/span><\/li>\n<li style=\"font-weight: 400;\" aria-level=\"1\"><b>Excelentes servicios y ambiente internacional:<\/b> <span style=\"font-weight: 400;\">La ciudad cuenta<\/span> <b>con restaurantes de primera clase, escuelas privadas, hoteles de lujo y servicios de salud<\/b><span style=\"font-weight: 400;\">, lo que la convierte en un destino atractivo tambi\u00e9n para familias y aquellos que consideran una residencia a largo plazo.<\/span><\/li>\n<li style=\"font-weight: 400;\" aria-level=\"1\"><b>Buenas conexiones de transporte<\/b>: El aeropuerto internacional de M\u00e1laga <b>est\u00e1 a solo 40 minutos en coche<\/b> y la ciudad tiene buenas conexiones con el resto de la Costa del Sol y Andaluc\u00eda.<\/li>\n<\/ul>\n\t\t\t\t\t\t\t\t<\/div>\n\t\t\t\t<\/div>\n\t\t\t\t<div class=\"elementor-element elementor-element-140f23b elementor-widget elementor-widget-heading\" data-id=\"140f23b\" data-element_type=\"widget\" data-e-type=\"widget\" data-widget_type=\"heading.default\">\n\t\t\t\t<div class=\"elementor-widget-container\">\n\t\t\t\t\t<h3 class=\"elementor-heading-title elementor-size-default\">Las zonas residenciales m\u00e1s populares de Marbella\n<\/h3>\t\t\t\t<\/div>\n\t\t\t\t<\/div>\n\t\t\t\t<div class=\"elementor-element elementor-element-90b573e elementor-widget elementor-widget-text-editor\" data-id=\"90b573e\" data-element_type=\"widget\" data-e-type=\"widget\" data-widget_type=\"text-editor.default\">\n\t\t\t\t<div class=\"elementor-widget-container\">\n\t\t\t\t\t\t\t\t\t<ul>\n<li><b>Milla de Oro<\/b>: <span style=\"font-weight: 400;\">La zona m\u00e1s prestigiosa de Marbella, que conecta el centro de la ciudad con Puerto Ban\u00fas y ofrece apartamentos de lujo en primera l\u00ednea de playa.<\/span><\/li>\n<li><b>Nueva Andaluc\u00eda:<\/b> <span style=\"font-weight: 400;\">Conocida como el \u00abValle del Golf\u00bb, que combina una vida tranquila y la proximidad a los servicios.<\/span><\/li>\n<li><b>Sierra Blanca y La Zagaleta: <\/b><span style=\"font-weight: 400;\">Zonas residenciales de lujo cerradas con privacidad y villas de alta gama con vistas impresionantes.<\/span><\/li>\n<li><b>San Pedro de Alc\u00e1ntara<\/b>:<span style=\"font-weight: 400;\"> Una ciudad espa\u00f1ola m\u00e1s tradicional que ofrece viviendas de calidad y buenos servicios para familias.<\/span><\/li>\n<li><b>Elviria y Cabopino:<\/b> <span style=\"font-weight: 400;\">Zonas relajadas y cercanas a la naturaleza, ideales para aquellos que desean combinar la proximidad al mar y un estilo de vida tranquilo.<\/span><\/li>\n<\/ul>\n\t\t\t\t\t\t\t\t<\/div>\n\t\t\t\t<\/div>\n\t\t\t\t<div class=\"elementor-element elementor-element-731923c elementor-widget elementor-widget-heading\" data-id=\"731923c\" data-element_type=\"widget\" data-e-type=\"widget\" data-widget_type=\"heading.default\">\n\t\t\t\t<div class=\"elementor-widget-container\">\n\t\t\t\t\t<h3 class=\"elementor-heading-title elementor-size-default\">\u00bfPara qui\u00e9n es adecuado Marbella?\n<\/h3>\t\t\t\t<\/div>\n\t\t\t\t<\/div>\n\t\t\t\t<div class=\"elementor-element elementor-element-7533943 elementor-widget elementor-widget-text-editor\" data-id=\"7533943\" data-element_type=\"widget\" data-e-type=\"widget\" data-widget_type=\"text-editor.default\">\n\t\t\t\t<div class=\"elementor-widget-container\">\n\t\t\t\t\t\t\t\t\t<ul>\n<li style=\"font-weight: 400;\" aria-level=\"1\"><span style=\"font-weight: 400;\">Para aquellos <\/span><b>que buscan viviendas de lujo y un estilo de vida de calidad.<\/b><\/li>\n<li style=\"font-weight: 400;\" aria-level=\"1\"><span style=\"font-weight: 400;\">Para los amantes del golf y el mar que quieren vivir en un<\/span> <b>entorno activo.<\/b><\/li>\n<li style=\"font-weight: 400;\" aria-level=\"1\"><span style=\"font-weight: 400;\">Para los inversores que desean adquirir<\/span> <b>una propiedad de alto rendimiento que conserve su valor.<\/b><\/li>\n<li style=\"font-weight: 400;\" aria-level=\"1\"><span style=\"font-weight: 400;\">Para familias con ni\u00f1os que aprecian<\/span> <b>las escuelas internacionales y un entorno de vida seguro.<\/b><\/li>\n<li style=\"font-weight: 400;\" aria-level=\"1\"><span style=\"font-weight: 400;\">Para aquellos que quieren disfrutar <\/span><b>del clima Mediterr\u00e1neo y la proximidad a los servicios durante todo el a\u00f1o.<\/b><\/li>\n<\/ul>\n<p><b>\u00bfEst\u00e1 buscando una propiedad en Marbella?<\/b>\u200e<b> <br \/><\/b><span style=\"font-weight: 400;\">\u00a1Explore las propiedades<\/span> <b>en venta en Marbella<\/b> <span style=\"font-weight: 400;\">en nuestro sitio web o cont\u00e1ctenos y le ayudaremos a encontrar la casa perfecta en esta ciudad costera \u00fanica!<\/span><\/p>\n\t\t\t\t\t\t\t\t<\/div>\n\t\t\t\t<\/div>\n\t\t\t\t<\/div>\n\t\t<div class=\"elementor-element elementor-element-ae3b7a7 e-con-full e-flex e-con e-child\" data-id=\"ae3b7a7\" data-element_type=\"container\" data-e-type=\"container\" data-settings=\"{&quot;jet_parallax_layout_list&quot;:[]}\">\n\t\t<div class=\"elementor-element elementor-element-f6673b2 e-con-full e-flex e-con e-child\" data-id=\"f6673b2\" data-element_type=\"container\" data-e-type=\"container\" data-settings=\"{&quot;jet_parallax_layout_list&quot;:[]}\">\n\t\t\t\t<div class=\"elementor-element elementor-element-060844b elementor-widget elementor-widget-image\" data-id=\"060844b\" data-element_type=\"widget\" data-e-type=\"widget\" data-widget_type=\"image.default\">\n\t\t\t\t<div class=\"elementor-widget-container\">\n\t\t\t\t\t\t\t\t\t\t\t\t\t\t\t<img decoding=\"async\" src=\"https:\/\/lainehomes.es\/wp-content\/uploads\/elementor\/thumbs\/Marbella-scaled-r2d389qcck09n7mx1ux5inswdsmsbacf2uq7fko68w.jpeg\" title=\"Puerto Banus marina with luxury yachts, Marbella, Spain\" alt=\"Aerial top view of luxury yachts in Puerto Banus marina, Marbella, Spain. High quality photo\" loading=\"lazy\" \/>\t\t\t\t\t\t\t\t\t\t\t\t\t\t\t<\/div>\n\t\t\t\t<\/div>\n\t\t\t\t<\/div>\n\t\t<div class=\"elementor-element elementor-element-7675050 e-con-full e-flex e-con e-child\" data-id=\"7675050\" data-element_type=\"container\" data-e-type=\"container\" data-settings=\"{&quot;jet_parallax_layout_list&quot;:[]}\">\n\t\t\t\t<div class=\"elementor-element elementor-element-3320168 elementor-widget elementor-widget-image\" data-id=\"3320168\" data-element_type=\"widget\" data-e-type=\"widget\" data-widget_type=\"image.default\">\n\t\t\t\t<div class=\"elementor-widget-container\">\n\t\t\t\t\t\t\t\t\t\t\t\t\t\t\t<img decoding=\"async\" src=\"https:\/\/lainehomes.es\/wp-content\/uploads\/elementor\/thumbs\/Marbella-costa-del-sol-scaled-r2d3aldz8t6sci9ehd2y6kox936gcckj2csf5784v4.jpeg\" title=\"Golf course in Marbella, Andalusia, Spain\" alt=\"Golf course in Marbella, Andalusia, Spain\" loading=\"lazy\" \/>\t\t\t\t\t\t\t\t\t\t\t\t\t\t\t<\/div>\n\t\t\t\t<\/div>\n\t\t\t\t<\/div>\n\t\t\t\t<\/div>\n\t\t\t\t<\/div>\n\t\t\t\t<\/div>\n\t\t\t\t<\/div>\n\t\t","protected":false},"excerpt":{"rendered":"<p>Marbella \u2013 Lujo, estilo de vida e idilio Mediterr\u00e1neo Marbella es la ciudad m\u00e1s conocida y prestigiosa de la Costa del Sol, donde se combinan el lujo, la naturaleza impresionante y el estilo de vida relajado del Mediterr\u00e1neo. Este destino ic\u00f3nico ha atra\u00eddo durante mucho tiempo a compradores de viviendas internacionales, inversores y figuras p\u00fablicas [&hellip;]<\/p>\n","protected":false},"author":1,"featured_media":0,"parent":120344,"menu_order":75,"comment_status":"closed","ping_status":"closed","template":"elementor_theme","meta":{"footnotes":""},"class_list":["post-120467","page","type-page","status-publish","hentry"],"yoast_head":"<!-- This site is optimized with the Yoast SEO plugin v27.3 - https:\/\/yoast.com\/product\/yoast-seo-wordpress\/ -->\n<title>Marbella | Laine Homes<\/title>\n<meta name=\"robots\" content=\"index, follow, max-snippet:-1, max-image-preview:large, max-video-preview:-1\" \/>\n<link rel=\"canonical\" href=\"https:\/\/lainehomes.es\/es\/informacion\/presentaciones-de-la-zona\/costa-del-sol\/marbella\/\" \/>\n<meta property=\"og:locale\" content=\"es_ES\" \/>\n<meta property=\"og:type\" content=\"article\" \/>\n<meta property=\"og:title\" content=\"Marbella | Laine Homes\" \/>\n<meta property=\"og:description\" content=\"Marbella \u2013 Lujo, estilo de vida e idilio Mediterr\u00e1neo Marbella es la ciudad m\u00e1s conocida y prestigiosa de la Costa del Sol, donde se combinan el lujo, la naturaleza impresionante y el estilo de vida relajado del Mediterr\u00e1neo. Este destino ic\u00f3nico ha atra\u00eddo durante mucho tiempo a compradores de viviendas internacionales, inversores y figuras p\u00fablicas [&hellip;]\" \/>\n<meta property=\"og:url\" content=\"https:\/\/lainehomes.es\/es\/informacion\/presentaciones-de-la-zona\/costa-del-sol\/marbella\/\" \/>\n<meta property=\"og:site_name\" content=\"Laine Homes\" \/>\n<meta property=\"article:modified_time\" content=\"2025-03-21T17:25:12+00:00\" \/>\n<meta property=\"og:image\" content=\"https:\/\/lainehomes.es\/wp-content\/uploads\/elementor\/thumbs\/Marbella-scaled-r2d389qcck09n7mx1ux5inswdsmsbacf2uq7fko68w.jpeg\" \/>\n<meta name=\"twitter:card\" content=\"summary_large_image\" \/>\n<meta name=\"twitter:label1\" content=\"Tiempo de lectura\" \/>\n\t<meta name=\"twitter:data1\" content=\"4 minutos\" \/>\n<script type=\"application\/ld+json\" class=\"yoast-schema-graph\">{\"@context\":\"https:\\\/\\\/schema.org\",\"@graph\":[{\"@type\":\"WebPage\",\"@id\":\"https:\\\/\\\/lainehomes.es\\\/es\\\/informacion\\\/presentaciones-de-la-zona\\\/costa-del-sol\\\/marbella\\\/\",\"url\":\"https:\\\/\\\/lainehomes.es\\\/es\\\/informacion\\\/presentaciones-de-la-zona\\\/costa-del-sol\\\/marbella\\\/\",\"name\":\"Marbella | Laine Homes\",\"isPartOf\":{\"@id\":\"https:\\\/\\\/lainehomes.es\\\/es\\\/#website\"},\"primaryImageOfPage\":{\"@id\":\"https:\\\/\\\/lainehomes.es\\\/es\\\/informacion\\\/presentaciones-de-la-zona\\\/costa-del-sol\\\/marbella\\\/#primaryimage\"},\"image\":{\"@id\":\"https:\\\/\\\/lainehomes.es\\\/es\\\/informacion\\\/presentaciones-de-la-zona\\\/costa-del-sol\\\/marbella\\\/#primaryimage\"},\"thumbnailUrl\":\"https:\\\/\\\/lainehomes.es\\\/wp-content\\\/uploads\\\/elementor\\\/thumbs\\\/Marbella-scaled-r2d389qcck09n7mx1ux5inswdsmsbacf2uq7fko68w.jpeg\",\"datePublished\":\"2025-01-24T09:56:09+00:00\",\"dateModified\":\"2025-03-21T17:25:12+00:00\",\"breadcrumb\":{\"@id\":\"https:\\\/\\\/lainehomes.es\\\/es\\\/informacion\\\/presentaciones-de-la-zona\\\/costa-del-sol\\\/marbella\\\/#breadcrumb\"},\"inLanguage\":\"es\",\"potentialAction\":[{\"@type\":\"ReadAction\",\"target\":[\"https:\\\/\\\/lainehomes.es\\\/es\\\/informacion\\\/presentaciones-de-la-zona\\\/costa-del-sol\\\/marbella\\\/\"]}]},{\"@type\":\"ImageObject\",\"inLanguage\":\"es\",\"@id\":\"https:\\\/\\\/lainehomes.es\\\/es\\\/informacion\\\/presentaciones-de-la-zona\\\/costa-del-sol\\\/marbella\\\/#primaryimage\",\"url\":\"https:\\\/\\\/lainehomes.es\\\/wp-content\\\/uploads\\\/elementor\\\/thumbs\\\/Marbella-scaled-r2d389qcck09n7mx1ux5inswdsmsbacf2uq7fko68w.jpeg\",\"contentUrl\":\"https:\\\/\\\/lainehomes.es\\\/wp-content\\\/uploads\\\/elementor\\\/thumbs\\\/Marbella-scaled-r2d389qcck09n7mx1ux5inswdsmsbacf2uq7fko68w.jpeg\"},{\"@type\":\"BreadcrumbList\",\"@id\":\"https:\\\/\\\/lainehomes.es\\\/es\\\/informacion\\\/presentaciones-de-la-zona\\\/costa-del-sol\\\/marbella\\\/#breadcrumb\",\"itemListElement\":[{\"@type\":\"ListItem\",\"position\":1,\"name\":\"Etusivu\",\"item\":\"https:\\\/\\\/lainehomes.es\\\/es\\\/\"},{\"@type\":\"ListItem\",\"position\":2,\"name\":\"Informaci\u00f3n\",\"item\":\"https:\\\/\\\/lainehomes.es\\\/es\\\/informacion\\\/\"},{\"@type\":\"ListItem\",\"position\":3,\"name\":\"Presentaciones de la zona\",\"item\":\"https:\\\/\\\/lainehomes.es\\\/es\\\/informacion\\\/presentaciones-de-la-zona\\\/\"},{\"@type\":\"ListItem\",\"position\":4,\"name\":\"Costa del Sol\",\"item\":\"https:\\\/\\\/lainehomes.es\\\/es\\\/informacion\\\/presentaciones-de-la-zona\\\/costa-del-sol\\\/\"},{\"@type\":\"ListItem\",\"position\":5,\"name\":\"Marbella\"}]},{\"@type\":\"WebSite\",\"@id\":\"https:\\\/\\\/lainehomes.es\\\/es\\\/#website\",\"url\":\"https:\\\/\\\/lainehomes.es\\\/es\\\/\",\"name\":\"Laine Homes\",\"description\":\"Homes and Villas Spain\",\"publisher\":{\"@id\":\"https:\\\/\\\/lainehomes.es\\\/es\\\/#organization\"},\"potentialAction\":[{\"@type\":\"SearchAction\",\"target\":{\"@type\":\"EntryPoint\",\"urlTemplate\":\"https:\\\/\\\/lainehomes.es\\\/es\\\/?s={search_term_string}\"},\"query-input\":{\"@type\":\"PropertyValueSpecification\",\"valueRequired\":true,\"valueName\":\"search_term_string\"}}],\"inLanguage\":\"es\"},{\"@type\":\"Organization\",\"@id\":\"https:\\\/\\\/lainehomes.es\\\/es\\\/#organization\",\"name\":\"Laine Homes\",\"url\":\"https:\\\/\\\/lainehomes.es\\\/es\\\/\",\"logo\":{\"@type\":\"ImageObject\",\"inLanguage\":\"es\",\"@id\":\"https:\\\/\\\/lainehomes.es\\\/es\\\/#\\\/schema\\\/logo\\\/image\\\/\",\"url\":\"https:\\\/\\\/lainehomes.es\\\/wp-content\\\/uploads\\\/2022\\\/02\\\/LAINETOIMIALA-WHITE.svg\",\"contentUrl\":\"https:\\\/\\\/lainehomes.es\\\/wp-content\\\/uploads\\\/2022\\\/02\\\/LAINETOIMIALA-WHITE.svg\",\"width\":372.96,\"height\":80.53,\"caption\":\"Laine Homes\"},\"image\":{\"@id\":\"https:\\\/\\\/lainehomes.es\\\/es\\\/#\\\/schema\\\/logo\\\/image\\\/\"}}]}<\/script>\n<!-- \/ Yoast SEO plugin. -->","yoast_head_json":{"title":"Marbella | Laine Homes","robots":{"index":"index","follow":"follow","max-snippet":"max-snippet:-1","max-image-preview":"max-image-preview:large","max-video-preview":"max-video-preview:-1"},"canonical":"https:\/\/lainehomes.es\/es\/informacion\/presentaciones-de-la-zona\/costa-del-sol\/marbella\/","og_locale":"es_ES","og_type":"article","og_title":"Marbella | Laine Homes","og_description":"Marbella \u2013 Lujo, estilo de vida e idilio Mediterr\u00e1neo Marbella es la ciudad m\u00e1s conocida y prestigiosa de la Costa del Sol, donde se combinan el lujo, la naturaleza impresionante y el estilo de vida relajado del Mediterr\u00e1neo. Este destino ic\u00f3nico ha atra\u00eddo durante mucho tiempo a compradores de viviendas internacionales, inversores y figuras p\u00fablicas [&hellip;]","og_url":"https:\/\/lainehomes.es\/es\/informacion\/presentaciones-de-la-zona\/costa-del-sol\/marbella\/","og_site_name":"Laine Homes","article_modified_time":"2025-03-21T17:25:12+00:00","og_image":[{"url":"https:\/\/lainehomes.es\/wp-content\/uploads\/elementor\/thumbs\/Marbella-scaled-r2d389qcck09n7mx1ux5inswdsmsbacf2uq7fko68w.jpeg","type":"","width":"","height":""}],"twitter_card":"summary_large_image","twitter_misc":{"Tiempo de lectura":"4 minutos"},"schema":{"@context":"https:\/\/schema.org","@graph":[{"@type":"WebPage","@id":"https:\/\/lainehomes.es\/es\/informacion\/presentaciones-de-la-zona\/costa-del-sol\/marbella\/","url":"https:\/\/lainehomes.es\/es\/informacion\/presentaciones-de-la-zona\/costa-del-sol\/marbella\/","name":"Marbella | Laine Homes","isPartOf":{"@id":"https:\/\/lainehomes.es\/es\/#website"},"primaryImageOfPage":{"@id":"https:\/\/lainehomes.es\/es\/informacion\/presentaciones-de-la-zona\/costa-del-sol\/marbella\/#primaryimage"},"image":{"@id":"https:\/\/lainehomes.es\/es\/informacion\/presentaciones-de-la-zona\/costa-del-sol\/marbella\/#primaryimage"},"thumbnailUrl":"https:\/\/lainehomes.es\/wp-content\/uploads\/elementor\/thumbs\/Marbella-scaled-r2d389qcck09n7mx1ux5inswdsmsbacf2uq7fko68w.jpeg","datePublished":"2025-01-24T09:56:09+00:00","dateModified":"2025-03-21T17:25:12+00:00","breadcrumb":{"@id":"https:\/\/lainehomes.es\/es\/informacion\/presentaciones-de-la-zona\/costa-del-sol\/marbella\/#breadcrumb"},"inLanguage":"es","potentialAction":[{"@type":"ReadAction","target":["https:\/\/lainehomes.es\/es\/informacion\/presentaciones-de-la-zona\/costa-del-sol\/marbella\/"]}]},{"@type":"ImageObject","inLanguage":"es","@id":"https:\/\/lainehomes.es\/es\/informacion\/presentaciones-de-la-zona\/costa-del-sol\/marbella\/#primaryimage","url":"https:\/\/lainehomes.es\/wp-content\/uploads\/elementor\/thumbs\/Marbella-scaled-r2d389qcck09n7mx1ux5inswdsmsbacf2uq7fko68w.jpeg","contentUrl":"https:\/\/lainehomes.es\/wp-content\/uploads\/elementor\/thumbs\/Marbella-scaled-r2d389qcck09n7mx1ux5inswdsmsbacf2uq7fko68w.jpeg"},{"@type":"BreadcrumbList","@id":"https:\/\/lainehomes.es\/es\/informacion\/presentaciones-de-la-zona\/costa-del-sol\/marbella\/#breadcrumb","itemListElement":[{"@type":"ListItem","position":1,"name":"Etusivu","item":"https:\/\/lainehomes.es\/es\/"},{"@type":"ListItem","position":2,"name":"Informaci\u00f3n","item":"https:\/\/lainehomes.es\/es\/informacion\/"},{"@type":"ListItem","position":3,"name":"Presentaciones de la zona","item":"https:\/\/lainehomes.es\/es\/informacion\/presentaciones-de-la-zona\/"},{"@type":"ListItem","position":4,"name":"Costa del Sol","item":"https:\/\/lainehomes.es\/es\/informacion\/presentaciones-de-la-zona\/costa-del-sol\/"},{"@type":"ListItem","position":5,"name":"Marbella"}]},{"@type":"WebSite","@id":"https:\/\/lainehomes.es\/es\/#website","url":"https:\/\/lainehomes.es\/es\/","name":"Laine Homes","description":"Homes and Villas Spain","publisher":{"@id":"https:\/\/lainehomes.es\/es\/#organization"},"potentialAction":[{"@type":"SearchAction","target":{"@type":"EntryPoint","urlTemplate":"https:\/\/lainehomes.es\/es\/?s={search_term_string}"},"query-input":{"@type":"PropertyValueSpecification","valueRequired":true,"valueName":"search_term_string"}}],"inLanguage":"es"},{"@type":"Organization","@id":"https:\/\/lainehomes.es\/es\/#organization","name":"Laine Homes","url":"https:\/\/lainehomes.es\/es\/","logo":{"@type":"ImageObject","inLanguage":"es","@id":"https:\/\/lainehomes.es\/es\/#\/schema\/logo\/image\/","url":"https:\/\/lainehomes.es\/wp-content\/uploads\/2022\/02\/LAINETOIMIALA-WHITE.svg","contentUrl":"https:\/\/lainehomes.es\/wp-content\/uploads\/2022\/02\/LAINETOIMIALA-WHITE.svg","width":372.96,"height":80.53,"caption":"Laine Homes"},"image":{"@id":"https:\/\/lainehomes.es\/es\/#\/schema\/logo\/image\/"}}]}},"_links":{"self":[{"href":"https:\/\/lainehomes.es\/es\/wp-json\/wp\/v2\/pages\/120467","targetHints":{"allow":["GET"]}}],"collection":[{"href":"https:\/\/lainehomes.es\/es\/wp-json\/wp\/v2\/pages"}],"about":[{"href":"https:\/\/lainehomes.es\/es\/wp-json\/wp\/v2\/types\/page"}],"author":[{"embeddable":true,"href":"https:\/\/lainehomes.es\/es\/wp-json\/wp\/v2\/users\/1"}],"replies":[{"embeddable":true,"href":"https:\/\/lainehomes.es\/es\/wp-json\/wp\/v2\/comments?post=120467"}],"version-history":[{"count":1,"href":"https:\/\/lainehomes.es\/es\/wp-json\/wp\/v2\/pages\/120467\/revisions"}],"predecessor-version":[{"id":120468,"href":"https:\/\/lainehomes.es\/es\/wp-json\/wp\/v2\/pages\/120467\/revisions\/120468"}],"up":[{"embeddable":true,"href":"https:\/\/lainehomes.es\/es\/wp-json\/wp\/v2\/pages\/120344"}],"wp:attachment":[{"href":"https:\/\/lainehomes.es\/es\/wp-json\/wp\/v2\/media?parent=120467"}],"curies":[{"name":"wp","href":"https:\/\/api.w.org\/{rel}","templated":true}]}}