{"id":120463,"date":"2025-01-24T10:56:42","date_gmt":"2025-01-24T08:56:42","guid":{"rendered":"https:\/\/laine.sivustamo.dev\/informacion\/presentaciones-de-la-zona\/costa-del-sol\/malaga\/"},"modified":"2025-03-21T19:23:31","modified_gmt":"2025-03-21T17:23:31","slug":"malaga","status":"publish","type":"page","link":"https:\/\/lainehomes.es\/es\/informacion\/presentaciones-de-la-zona\/costa-del-sol\/malaga\/","title":{"rendered":"M\u00e1laga"},"content":{"rendered":"\t\t<div data-elementor-type=\"wp-page\" data-elementor-id=\"120463\" class=\"elementor elementor-120463 elementor-94073\" data-elementor-post-type=\"page\">\n\t\t\t\t<div class=\"elementor-element elementor-element-d823174 e-con-full e-flex e-con e-parent\" data-id=\"d823174\" data-element_type=\"container\" data-e-type=\"container\" data-settings=\"{&quot;jet_parallax_layout_list&quot;:[]}\">\n\t\t\t\t<div class=\"elementor-element elementor-element-2978a0b elementor-widget elementor-widget-heading\" data-id=\"2978a0b\" data-element_type=\"widget\" data-e-type=\"widget\" data-widget_type=\"heading.default\">\n\t\t\t\t<div class=\"elementor-widget-container\">\n\t\t\t\t\t<h2 class=\"elementor-heading-title elementor-size-default\">M\u00e1laga \u2013 Ciudad de Andaluc\u00eda llena de historia, cultura y vida moderna<\/h2>\t\t\t\t<\/div>\n\t\t\t\t<\/div>\n\t\t\t\t<div class=\"elementor-element elementor-element-cff9fdf elementor-widget elementor-widget-text-editor\" data-id=\"cff9fdf\" data-element_type=\"widget\" data-e-type=\"widget\" data-widget_type=\"text-editor.default\">\n\t\t\t\t<div class=\"elementor-widget-container\">\n\t\t\t\t\t\t\t\t\t<p><span style=\"font-weight: 400;\">M\u00e1laga es<\/span> <b>el coraz\u00f3n de la Costa del Sol<\/b><span style=\"font-weight: 400;\">, donde se combinan la cultura tradicional Andaluza, los servicios modernos y la animada vida urbana. Esta  <\/span><b>sexta ciudad m\u00e1s grande de Espa\u00f1a<\/b><span style=\"font-weight: 400;\"> es conocida por sus magn\u00edficas playas, su gastronom\u00eda, su arte y sus lugares de inter\u00e9s hist\u00f3rico. M\u00e1laga ofrece excelentes oportunidades tanto para la vida urbana como para la cercan\u00eda a la costa, lo que la convierte en un destino atractivo tanto para quienes buscan un hogar permanente como para los inversores. <\/span><\/p>\n\t\t\t\t\t\t\t\t<\/div>\n\t\t\t\t<\/div>\n\t\t<div class=\"elementor-element elementor-element-cb9c7b8 e-con-full e-flex e-con e-child\" data-id=\"cb9c7b8\" data-element_type=\"container\" data-e-type=\"container\" data-settings=\"{&quot;jet_parallax_layout_list&quot;:[]}\">\n\t\t<div class=\"elementor-element elementor-element-b8c3d8e e-con-full e-flex e-con e-child\" data-id=\"b8c3d8e\" data-element_type=\"container\" data-e-type=\"container\" data-settings=\"{&quot;jet_parallax_layout_list&quot;:[]}\">\n\t\t\t\t<div class=\"elementor-element elementor-element-97939c3 elementor-widget elementor-widget-heading\" data-id=\"97939c3\" data-element_type=\"widget\" data-e-type=\"widget\" data-widget_type=\"heading.default\">\n\t\t\t\t<div class=\"elementor-widget-container\">\n\t\t\t\t\t<h3 class=\"elementor-heading-title elementor-size-default\">\u00bfPor qu\u00e9 elegir M\u00e1laga?\n<\/h3>\t\t\t\t<\/div>\n\t\t\t\t<\/div>\n\t\t\t\t<div class=\"elementor-element elementor-element-0ca0233 elementor-widget elementor-widget-text-editor\" data-id=\"0ca0233\" data-element_type=\"widget\" data-e-type=\"widget\" data-widget_type=\"text-editor.default\">\n\t\t\t\t<div class=\"elementor-widget-container\">\n\t\t\t\t\t\t\t\t\t<ul>\n<li style=\"font-weight: 400;\" aria-level=\"1\"><b>Fuerte ciudad cultural y art\u00edstica<\/b>: <span style=\"font-weight: 400;\">M\u00e1laga es la<\/span> <b>ciudad natal de Picasso<\/b> <span style=\"font-weight: 400;\">y ofrece m\u00e1s de 30 museos, <\/span><b>como el Museo Picasso, el Museo Carmen Thyssen y el Centre Pompidou M\u00e1laga<\/b><span style=\"font-weight: 400;\">.<\/span><\/li>\n<li style=\"font-weight: 400;\" aria-level=\"1\"><b>Arquitectura hist\u00f3rica y moderna<\/b>: <span style=\"font-weight: 400;\">En el centro de la ciudad se pueden admirar<\/span> <b>lugares de inter\u00e9s hist\u00f3rico como el Teatro Romano, la Alcazaba y el Castillo de Gibralfaro<\/b><span style=\"font-weight: 400;\">, pero tambi\u00e9n modernos centros comerciales y el paseo mar\u00edtimo.<\/span><\/li>\n<li style=\"font-weight: 400;\" aria-level=\"1\"><b>Larga playa de arena y zona portuaria<\/b><span style=\"font-weight: 400;\">: <\/span><b>Las zonas de playa de M\u00e1laga<\/b><span style=\"font-weight: 400;\">, como La Malagueta y Pedregalejo, ofrecen un marco excelente para tomar el sol y realizar actividades mar\u00edtimas. La zona portuaria  <\/span><b>Muelle Uno<\/b> <span style=\"font-weight: 400;\">est\u00e1 llena de restaurantes de moda y oportunidades para ir de compras y, con la renovaci\u00f3n del puerto, ya compite con el puerto de Puerto Ban\u00fas y los magn\u00edficos yates de recreo ya han descubierto los servicios del puerto.<\/span><\/li>\n<li style=\"font-weight: 400;\" aria-level=\"1\"><b>Excelente gastronom\u00eda:<\/b> <span style=\"font-weight: 400;\">M\u00e1laga est\u00e1 llena de bares<\/span> <b>de tapas tradicionales, restaurantes Michelin y chiringuitos de playa especializados en marisco<\/b>, <span style=\"font-weight: 400;\">donde se pueden degustar las mejores delicias de la cocina Espa\u00f1ola.<\/span><\/li>\n<li style=\"font-weight: 400;\" aria-level=\"1\"><b>Excelentes conexiones de transporte<\/b>: <b>El Aeropuerto Internacional<\/b> <span style=\"font-weight: 400;\">de M\u00e1laga<\/span> <span style=\"font-weight: 400;\">es uno de los m\u00e1s concurridos de Espa\u00f1a y la ciudad tiene buenas conexiones de tren con el resto de Espa\u00f1a, as\u00ed como una conexi\u00f3n de trenes desde el centro al aeropuerto.<\/span><\/li>\n<li style=\"font-weight: 400;\" aria-level=\"1\"><b>Zonas residenciales diversas<\/b>:<span style=\"font-weight: 400;\"> M\u00e1laga ofrece una amplia gama de zonas residenciales:<\/span>\n<ul>\n<li style=\"font-weight: 400;\" aria-level=\"2\"><b>Centro Hist\u00f3rico:<\/b><span style=\"font-weight: 400;\"> el coraz\u00f3n de la ciudad, donde se encuentran edificios hist\u00f3ricos y la vida urbana moderna.<\/span><\/li>\n<li style=\"font-weight: 400;\" aria-level=\"2\"><b>Soho M\u00e1laga<\/b>:<span style=\"font-weight: 400;\"> una zona de moda conocida por su arte callejero y su ambiente bohemio.<\/span><\/li>\n<li style=\"font-weight: 400;\" aria-level=\"2\"><b>El Limonar y Pedregalejo<\/b>:<span style=\"font-weight: 400;\"> zonas residenciales tranquilas y prestigiosas cerca del mar.<\/span><\/li>\n<li style=\"font-weight: 400;\" aria-level=\"2\"><b>Teatinos:<\/b> una zona moderna y amigable para los estudiantes, que tambi\u00e9n es adecuada como propiedad de inversi\u00f3n.<\/li>\n<\/ul>\n<\/li>\n<\/ul>\n\t\t\t\t\t\t\t\t<\/div>\n\t\t\t\t<\/div>\n\t\t\t\t<div class=\"elementor-element elementor-element-c156e65 elementor-widget elementor-widget-heading\" data-id=\"c156e65\" data-element_type=\"widget\" data-e-type=\"widget\" data-widget_type=\"heading.default\">\n\t\t\t\t<div class=\"elementor-widget-container\">\n\t\t\t\t\t<h3 class=\"elementor-heading-title elementor-size-default\">\u00bfPara qui\u00e9n es adecuada M\u00e1laga?\n<\/h3>\t\t\t\t<\/div>\n\t\t\t\t<\/div>\n\t\t\t\t<div class=\"elementor-element elementor-element-f08e456 elementor-widget elementor-widget-text-editor\" data-id=\"f08e456\" data-element_type=\"widget\" data-e-type=\"widget\" data-widget_type=\"text-editor.default\">\n\t\t\t\t<div class=\"elementor-widget-container\">\n\t\t\t\t\t\t\t\t\t<ul>\n<li><span style=\"font-weight: 400;\">Para aquellos que aprecian la vida urbana, la cultura y la historia.<\/span><\/li>\n<li><span style=\"font-weight: 400;\">Para los inversores que buscan una zona en crecimiento y desarrollo con un buen rendimiento de alquiler.<\/span><\/li>\n<li><span style=\"font-weight: 400;\">Para aquellos interesados en un estilo de vida mar\u00edtimo que desean disfrutar de las playas y la zona portuaria.<\/span><\/li>\n<li><span style=\"font-weight: 400;\">Para los teletrabajadores y emprendedores que aprecian las buenas conexiones de transporte y el ambiente internacional.<\/span><\/li>\n<li><span style=\"font-weight: 400;\">Para aquellos que desean las comodidades de una gran ciudad Espa\u00f1ola, pero sin el ajetreo de Madrid o Barcelona.<\/span><\/li>\n<\/ul>\n<p><b>\u00bfEst\u00e1 buscando un apartamento en M\u00e1laga?<\/b>\u200e<b> <br \/><\/b><span style=\"font-weight: 400;\">\u00a1Explore<\/span> <b>los apartamentos en venta en M\u00e1laga en nuestro sitio web<\/b> <span style=\"font-weight: 400;\">o cont\u00e1ctenos y le ayudaremos a encontrar la casa perfecta en esta magn\u00edfica ciudad!<\/span><\/p>\n\t\t\t\t\t\t\t\t<\/div>\n\t\t\t\t<\/div>\n\t\t\t\t<\/div>\n\t\t<div class=\"elementor-element elementor-element-77f564a e-con-full e-flex e-con e-child\" data-id=\"77f564a\" data-element_type=\"container\" data-e-type=\"container\" data-settings=\"{&quot;jet_parallax_layout_list&quot;:[]}\">\n\t\t<div class=\"elementor-element elementor-element-3b3f7a8 e-con-full e-flex e-con e-child\" data-id=\"3b3f7a8\" data-element_type=\"container\" data-e-type=\"container\" data-settings=\"{&quot;jet_parallax_layout_list&quot;:[]}\">\n\t\t\t\t<div class=\"elementor-element elementor-element-9eb671a elementor-widget elementor-widget-image\" data-id=\"9eb671a\" data-element_type=\"widget\" data-e-type=\"widget\" data-widget_type=\"image.default\">\n\t\t\t\t<div class=\"elementor-widget-container\">\n\t\t\t\t\t\t\t\t\t\t\t\t\t\t\t<img decoding=\"async\" src=\"https:\/\/lainehomes.es\/wp-content\/uploads\/elementor\/thumbs\/Malaga-city-scaled-r2d3843b7jsjpjv3yshe3p84thel13q122tajwwja8.jpeg\" title=\"A Day in Malaga\" alt=\"A Day in Malaga\" loading=\"lazy\" \/>\t\t\t\t\t\t\t\t\t\t\t\t\t\t\t<\/div>\n\t\t\t\t<\/div>\n\t\t\t\t<\/div>\n\t\t<div class=\"elementor-element elementor-element-18c32f7 e-con-full e-flex e-con e-child\" data-id=\"18c32f7\" data-element_type=\"container\" data-e-type=\"container\" data-settings=\"{&quot;jet_parallax_layout_list&quot;:[]}\">\n\t\t\t\t<div class=\"elementor-element elementor-element-71f33fe elementor-widget elementor-widget-image\" data-id=\"71f33fe\" data-element_type=\"widget\" data-e-type=\"widget\" data-widget_type=\"image.default\">\n\t\t\t\t<div class=\"elementor-widget-container\">\n\t\t\t\t\t\t\t\t\t\t\t\t\t\t\t<img decoding=\"async\" src=\"https:\/\/lainehomes.es\/wp-content\/uploads\/elementor\/thumbs\/Malaga-costa-del-sol-scaled-r2d3aikgob2xdodhxtv2h3ejgxkcp99c1ytypdcbds.jpeg\" title=\"Square Plaza Ramales of Madrid in the downtown of the city with tourists and people.  Madrid-capital of Spain and one of the most beautiful cities in the world.\" alt=\"Madrid, Spain - June 05, 2017 : Square Plaza Ramales of Madrid in the downtown of the city with tourists and people.  Madrid-capital of Spain and one of the most beautiful cities in the world.\" loading=\"lazy\" \/>\t\t\t\t\t\t\t\t\t\t\t\t\t\t\t<\/div>\n\t\t\t\t<\/div>\n\t\t\t\t<\/div>\n\t\t\t\t<\/div>\n\t\t\t\t<\/div>\n\t\t\t\t<\/div>\n\t\t\t\t<\/div>\n\t\t","protected":false},"excerpt":{"rendered":"<p>M\u00e1laga \u2013 Ciudad de Andaluc\u00eda llena de historia, cultura y vida moderna M\u00e1laga es el coraz\u00f3n de la Costa del Sol, donde se combinan la cultura tradicional Andaluza, los servicios modernos y la animada vida urbana. Esta sexta ciudad m\u00e1s grande de Espa\u00f1a es conocida por sus magn\u00edficas playas, su gastronom\u00eda, su arte y sus [&hellip;]<\/p>\n","protected":false},"author":1,"featured_media":0,"parent":120344,"menu_order":73,"comment_status":"closed","ping_status":"closed","template":"elementor_theme","meta":{"footnotes":""},"class_list":["post-120463","page","type-page","status-publish","hentry"],"yoast_head":"<!-- This site is optimized with the Yoast SEO plugin v27.3 - https:\/\/yoast.com\/product\/yoast-seo-wordpress\/ -->\n<title>M\u00e1laga | Laine Homes<\/title>\n<meta name=\"robots\" content=\"index, follow, max-snippet:-1, max-image-preview:large, max-video-preview:-1\" \/>\n<link rel=\"canonical\" href=\"https:\/\/lainehomes.es\/es\/informacion\/presentaciones-de-la-zona\/costa-del-sol\/malaga\/\" \/>\n<meta property=\"og:locale\" content=\"es_ES\" \/>\n<meta property=\"og:type\" content=\"article\" \/>\n<meta property=\"og:title\" content=\"M\u00e1laga | Laine Homes\" \/>\n<meta property=\"og:description\" content=\"M\u00e1laga \u2013 Ciudad de Andaluc\u00eda llena de historia, cultura y vida moderna M\u00e1laga es el coraz\u00f3n de la Costa del Sol, donde se combinan la cultura tradicional Andaluza, los servicios modernos y la animada vida urbana. Esta sexta ciudad m\u00e1s grande de Espa\u00f1a es conocida por sus magn\u00edficas playas, su gastronom\u00eda, su arte y sus [&hellip;]\" \/>\n<meta property=\"og:url\" content=\"https:\/\/lainehomes.es\/es\/informacion\/presentaciones-de-la-zona\/costa-del-sol\/malaga\/\" \/>\n<meta property=\"og:site_name\" content=\"Laine Homes\" \/>\n<meta property=\"article:modified_time\" content=\"2025-03-21T17:23:31+00:00\" \/>\n<meta property=\"og:image\" content=\"https:\/\/lainehomes.es\/wp-content\/uploads\/elementor\/thumbs\/Malaga-city-scaled-r2d3843b7jsjpjv3yshe3p84thel13q122tajwwja8.jpeg\" \/>\n<meta name=\"twitter:card\" content=\"summary_large_image\" \/>\n<meta name=\"twitter:label1\" content=\"Tiempo de lectura\" \/>\n\t<meta name=\"twitter:data1\" content=\"4 minutos\" \/>\n<script type=\"application\/ld+json\" class=\"yoast-schema-graph\">{\"@context\":\"https:\\\/\\\/schema.org\",\"@graph\":[{\"@type\":\"WebPage\",\"@id\":\"https:\\\/\\\/lainehomes.es\\\/es\\\/informacion\\\/presentaciones-de-la-zona\\\/costa-del-sol\\\/malaga\\\/\",\"url\":\"https:\\\/\\\/lainehomes.es\\\/es\\\/informacion\\\/presentaciones-de-la-zona\\\/costa-del-sol\\\/malaga\\\/\",\"name\":\"M\u00e1laga | Laine Homes\",\"isPartOf\":{\"@id\":\"https:\\\/\\\/lainehomes.es\\\/es\\\/#website\"},\"primaryImageOfPage\":{\"@id\":\"https:\\\/\\\/lainehomes.es\\\/es\\\/informacion\\\/presentaciones-de-la-zona\\\/costa-del-sol\\\/malaga\\\/#primaryimage\"},\"image\":{\"@id\":\"https:\\\/\\\/lainehomes.es\\\/es\\\/informacion\\\/presentaciones-de-la-zona\\\/costa-del-sol\\\/malaga\\\/#primaryimage\"},\"thumbnailUrl\":\"https:\\\/\\\/lainehomes.es\\\/wp-content\\\/uploads\\\/elementor\\\/thumbs\\\/Malaga-city-scaled-r2d3843b7jsjpjv3yshe3p84thel13q122tajwwja8.jpeg\",\"datePublished\":\"2025-01-24T08:56:42+00:00\",\"dateModified\":\"2025-03-21T17:23:31+00:00\",\"breadcrumb\":{\"@id\":\"https:\\\/\\\/lainehomes.es\\\/es\\\/informacion\\\/presentaciones-de-la-zona\\\/costa-del-sol\\\/malaga\\\/#breadcrumb\"},\"inLanguage\":\"es\",\"potentialAction\":[{\"@type\":\"ReadAction\",\"target\":[\"https:\\\/\\\/lainehomes.es\\\/es\\\/informacion\\\/presentaciones-de-la-zona\\\/costa-del-sol\\\/malaga\\\/\"]}]},{\"@type\":\"ImageObject\",\"inLanguage\":\"es\",\"@id\":\"https:\\\/\\\/lainehomes.es\\\/es\\\/informacion\\\/presentaciones-de-la-zona\\\/costa-del-sol\\\/malaga\\\/#primaryimage\",\"url\":\"https:\\\/\\\/lainehomes.es\\\/wp-content\\\/uploads\\\/elementor\\\/thumbs\\\/Malaga-city-scaled-r2d3843b7jsjpjv3yshe3p84thel13q122tajwwja8.jpeg\",\"contentUrl\":\"https:\\\/\\\/lainehomes.es\\\/wp-content\\\/uploads\\\/elementor\\\/thumbs\\\/Malaga-city-scaled-r2d3843b7jsjpjv3yshe3p84thel13q122tajwwja8.jpeg\"},{\"@type\":\"BreadcrumbList\",\"@id\":\"https:\\\/\\\/lainehomes.es\\\/es\\\/informacion\\\/presentaciones-de-la-zona\\\/costa-del-sol\\\/malaga\\\/#breadcrumb\",\"itemListElement\":[{\"@type\":\"ListItem\",\"position\":1,\"name\":\"Etusivu\",\"item\":\"https:\\\/\\\/lainehomes.es\\\/es\\\/\"},{\"@type\":\"ListItem\",\"position\":2,\"name\":\"Informaci\u00f3n\",\"item\":\"https:\\\/\\\/lainehomes.es\\\/es\\\/informacion\\\/\"},{\"@type\":\"ListItem\",\"position\":3,\"name\":\"Presentaciones de la zona\",\"item\":\"https:\\\/\\\/lainehomes.es\\\/es\\\/informacion\\\/presentaciones-de-la-zona\\\/\"},{\"@type\":\"ListItem\",\"position\":4,\"name\":\"Costa del Sol\",\"item\":\"https:\\\/\\\/lainehomes.es\\\/es\\\/informacion\\\/presentaciones-de-la-zona\\\/costa-del-sol\\\/\"},{\"@type\":\"ListItem\",\"position\":5,\"name\":\"M\u00e1laga\"}]},{\"@type\":\"WebSite\",\"@id\":\"https:\\\/\\\/lainehomes.es\\\/es\\\/#website\",\"url\":\"https:\\\/\\\/lainehomes.es\\\/es\\\/\",\"name\":\"Laine Homes\",\"description\":\"Homes and Villas Spain\",\"publisher\":{\"@id\":\"https:\\\/\\\/lainehomes.es\\\/es\\\/#organization\"},\"potentialAction\":[{\"@type\":\"SearchAction\",\"target\":{\"@type\":\"EntryPoint\",\"urlTemplate\":\"https:\\\/\\\/lainehomes.es\\\/es\\\/?s={search_term_string}\"},\"query-input\":{\"@type\":\"PropertyValueSpecification\",\"valueRequired\":true,\"valueName\":\"search_term_string\"}}],\"inLanguage\":\"es\"},{\"@type\":\"Organization\",\"@id\":\"https:\\\/\\\/lainehomes.es\\\/es\\\/#organization\",\"name\":\"Laine Homes\",\"url\":\"https:\\\/\\\/lainehomes.es\\\/es\\\/\",\"logo\":{\"@type\":\"ImageObject\",\"inLanguage\":\"es\",\"@id\":\"https:\\\/\\\/lainehomes.es\\\/es\\\/#\\\/schema\\\/logo\\\/image\\\/\",\"url\":\"https:\\\/\\\/lainehomes.es\\\/wp-content\\\/uploads\\\/2022\\\/02\\\/LAINETOIMIALA-WHITE.svg\",\"contentUrl\":\"https:\\\/\\\/lainehomes.es\\\/wp-content\\\/uploads\\\/2022\\\/02\\\/LAINETOIMIALA-WHITE.svg\",\"width\":372.96,\"height\":80.53,\"caption\":\"Laine Homes\"},\"image\":{\"@id\":\"https:\\\/\\\/lainehomes.es\\\/es\\\/#\\\/schema\\\/logo\\\/image\\\/\"}}]}<\/script>\n<!-- \/ Yoast SEO plugin. -->","yoast_head_json":{"title":"M\u00e1laga | Laine Homes","robots":{"index":"index","follow":"follow","max-snippet":"max-snippet:-1","max-image-preview":"max-image-preview:large","max-video-preview":"max-video-preview:-1"},"canonical":"https:\/\/lainehomes.es\/es\/informacion\/presentaciones-de-la-zona\/costa-del-sol\/malaga\/","og_locale":"es_ES","og_type":"article","og_title":"M\u00e1laga | Laine Homes","og_description":"M\u00e1laga \u2013 Ciudad de Andaluc\u00eda llena de historia, cultura y vida moderna M\u00e1laga es el coraz\u00f3n de la Costa del Sol, donde se combinan la cultura tradicional Andaluza, los servicios modernos y la animada vida urbana. Esta sexta ciudad m\u00e1s grande de Espa\u00f1a es conocida por sus magn\u00edficas playas, su gastronom\u00eda, su arte y sus [&hellip;]","og_url":"https:\/\/lainehomes.es\/es\/informacion\/presentaciones-de-la-zona\/costa-del-sol\/malaga\/","og_site_name":"Laine Homes","article_modified_time":"2025-03-21T17:23:31+00:00","og_image":[{"url":"https:\/\/lainehomes.es\/wp-content\/uploads\/elementor\/thumbs\/Malaga-city-scaled-r2d3843b7jsjpjv3yshe3p84thel13q122tajwwja8.jpeg","type":"","width":"","height":""}],"twitter_card":"summary_large_image","twitter_misc":{"Tiempo de lectura":"4 minutos"},"schema":{"@context":"https:\/\/schema.org","@graph":[{"@type":"WebPage","@id":"https:\/\/lainehomes.es\/es\/informacion\/presentaciones-de-la-zona\/costa-del-sol\/malaga\/","url":"https:\/\/lainehomes.es\/es\/informacion\/presentaciones-de-la-zona\/costa-del-sol\/malaga\/","name":"M\u00e1laga | Laine Homes","isPartOf":{"@id":"https:\/\/lainehomes.es\/es\/#website"},"primaryImageOfPage":{"@id":"https:\/\/lainehomes.es\/es\/informacion\/presentaciones-de-la-zona\/costa-del-sol\/malaga\/#primaryimage"},"image":{"@id":"https:\/\/lainehomes.es\/es\/informacion\/presentaciones-de-la-zona\/costa-del-sol\/malaga\/#primaryimage"},"thumbnailUrl":"https:\/\/lainehomes.es\/wp-content\/uploads\/elementor\/thumbs\/Malaga-city-scaled-r2d3843b7jsjpjv3yshe3p84thel13q122tajwwja8.jpeg","datePublished":"2025-01-24T08:56:42+00:00","dateModified":"2025-03-21T17:23:31+00:00","breadcrumb":{"@id":"https:\/\/lainehomes.es\/es\/informacion\/presentaciones-de-la-zona\/costa-del-sol\/malaga\/#breadcrumb"},"inLanguage":"es","potentialAction":[{"@type":"ReadAction","target":["https:\/\/lainehomes.es\/es\/informacion\/presentaciones-de-la-zona\/costa-del-sol\/malaga\/"]}]},{"@type":"ImageObject","inLanguage":"es","@id":"https:\/\/lainehomes.es\/es\/informacion\/presentaciones-de-la-zona\/costa-del-sol\/malaga\/#primaryimage","url":"https:\/\/lainehomes.es\/wp-content\/uploads\/elementor\/thumbs\/Malaga-city-scaled-r2d3843b7jsjpjv3yshe3p84thel13q122tajwwja8.jpeg","contentUrl":"https:\/\/lainehomes.es\/wp-content\/uploads\/elementor\/thumbs\/Malaga-city-scaled-r2d3843b7jsjpjv3yshe3p84thel13q122tajwwja8.jpeg"},{"@type":"BreadcrumbList","@id":"https:\/\/lainehomes.es\/es\/informacion\/presentaciones-de-la-zona\/costa-del-sol\/malaga\/#breadcrumb","itemListElement":[{"@type":"ListItem","position":1,"name":"Etusivu","item":"https:\/\/lainehomes.es\/es\/"},{"@type":"ListItem","position":2,"name":"Informaci\u00f3n","item":"https:\/\/lainehomes.es\/es\/informacion\/"},{"@type":"ListItem","position":3,"name":"Presentaciones de la zona","item":"https:\/\/lainehomes.es\/es\/informacion\/presentaciones-de-la-zona\/"},{"@type":"ListItem","position":4,"name":"Costa del Sol","item":"https:\/\/lainehomes.es\/es\/informacion\/presentaciones-de-la-zona\/costa-del-sol\/"},{"@type":"ListItem","position":5,"name":"M\u00e1laga"}]},{"@type":"WebSite","@id":"https:\/\/lainehomes.es\/es\/#website","url":"https:\/\/lainehomes.es\/es\/","name":"Laine Homes","description":"Homes and Villas Spain","publisher":{"@id":"https:\/\/lainehomes.es\/es\/#organization"},"potentialAction":[{"@type":"SearchAction","target":{"@type":"EntryPoint","urlTemplate":"https:\/\/lainehomes.es\/es\/?s={search_term_string}"},"query-input":{"@type":"PropertyValueSpecification","valueRequired":true,"valueName":"search_term_string"}}],"inLanguage":"es"},{"@type":"Organization","@id":"https:\/\/lainehomes.es\/es\/#organization","name":"Laine Homes","url":"https:\/\/lainehomes.es\/es\/","logo":{"@type":"ImageObject","inLanguage":"es","@id":"https:\/\/lainehomes.es\/es\/#\/schema\/logo\/image\/","url":"https:\/\/lainehomes.es\/wp-content\/uploads\/2022\/02\/LAINETOIMIALA-WHITE.svg","contentUrl":"https:\/\/lainehomes.es\/wp-content\/uploads\/2022\/02\/LAINETOIMIALA-WHITE.svg","width":372.96,"height":80.53,"caption":"Laine Homes"},"image":{"@id":"https:\/\/lainehomes.es\/es\/#\/schema\/logo\/image\/"}}]}},"_links":{"self":[{"href":"https:\/\/lainehomes.es\/es\/wp-json\/wp\/v2\/pages\/120463","targetHints":{"allow":["GET"]}}],"collection":[{"href":"https:\/\/lainehomes.es\/es\/wp-json\/wp\/v2\/pages"}],"about":[{"href":"https:\/\/lainehomes.es\/es\/wp-json\/wp\/v2\/types\/page"}],"author":[{"embeddable":true,"href":"https:\/\/lainehomes.es\/es\/wp-json\/wp\/v2\/users\/1"}],"replies":[{"embeddable":true,"href":"https:\/\/lainehomes.es\/es\/wp-json\/wp\/v2\/comments?post=120463"}],"version-history":[{"count":1,"href":"https:\/\/lainehomes.es\/es\/wp-json\/wp\/v2\/pages\/120463\/revisions"}],"predecessor-version":[{"id":120464,"href":"https:\/\/lainehomes.es\/es\/wp-json\/wp\/v2\/pages\/120463\/revisions\/120464"}],"up":[{"embeddable":true,"href":"https:\/\/lainehomes.es\/es\/wp-json\/wp\/v2\/pages\/120344"}],"wp:attachment":[{"href":"https:\/\/lainehomes.es\/es\/wp-json\/wp\/v2\/media?parent=120463"}],"curies":[{"name":"wp","href":"https:\/\/api.w.org\/{rel}","templated":true}]}}