{"id":120459,"date":"2025-01-24T10:43:57","date_gmt":"2025-01-24T08:43:57","guid":{"rendered":"https:\/\/laine.sivustamo.dev\/informacion\/presentaciones-de-la-zona\/costa-del-sol\/fuengirola\/"},"modified":"2025-03-21T19:23:00","modified_gmt":"2025-03-21T17:23:00","slug":"fuengirola","status":"publish","type":"page","link":"https:\/\/lainehomes.es\/es\/informacion\/presentaciones-de-la-zona\/costa-del-sol\/fuengirola\/","title":{"rendered":"Fuengirola"},"content":{"rendered":"\t\t<div data-elementor-type=\"wp-page\" data-elementor-id=\"120459\" class=\"elementor elementor-120459 elementor-94053\" data-elementor-post-type=\"page\">\n\t\t\t\t<div class=\"elementor-element elementor-element-92f8a3f e-con-full e-flex e-con e-parent\" data-id=\"92f8a3f\" data-element_type=\"container\" data-e-type=\"container\" data-settings=\"{&quot;jet_parallax_layout_list&quot;:[]}\">\n\t\t\t\t<div class=\"elementor-element elementor-element-37e4323 elementor-widget elementor-widget-heading\" data-id=\"37e4323\" data-element_type=\"widget\" data-e-type=\"widget\" data-widget_type=\"heading.default\">\n\t\t\t\t<div class=\"elementor-widget-container\">\n\t\t\t\t\t<h2 class=\"elementor-heading-title elementor-size-default\">Fuengirola \u2013 La ciudad m\u00e1s popular de la Costa del Sol para los finlandeses<\/h2>\t\t\t\t<\/div>\n\t\t\t\t<\/div>\n\t\t\t\t<div class=\"elementor-element elementor-element-3897c09 elementor-widget elementor-widget-text-editor\" data-id=\"3897c09\" data-element_type=\"widget\" data-e-type=\"widget\" data-widget_type=\"text-editor.default\">\n\t\t\t\t<div class=\"elementor-widget-container\">\n\t\t\t\t\t\t\t\t\t<p><span style=\"font-weight: 400;\">Fuengirola es una<\/span> <b>de las ciudades m\u00e1s conocidas y populares de la Costa del Sol<\/b><span style=\"font-weight: 400;\">, especialmente entre los Finlandeses. Ofrece excelentes servicios, un clima maravilloso y un entorno de vida agradable, adecuado tanto para quienes buscan una casa vacacional, como para un hogar permanente o una propiedad de inversi\u00f3n. La ciudad est\u00e1 ubicada   <\/span><b> a solo unos 25 minutos en coche del aeropuerto de M\u00e1laga<\/b>, <span style=\"font-weight: 400;\">lo que la hace f\u00e1cilmente accesible durante todo el a\u00f1o.<\/span><\/p>\n\t\t\t\t\t\t\t\t<\/div>\n\t\t\t\t<\/div>\n\t\t<div class=\"elementor-element elementor-element-6ea14d1 e-con-full e-flex e-con e-child\" data-id=\"6ea14d1\" data-element_type=\"container\" data-e-type=\"container\" data-settings=\"{&quot;jet_parallax_layout_list&quot;:[]}\">\n\t\t<div class=\"elementor-element elementor-element-42c8dee e-con-full e-flex e-con e-child\" data-id=\"42c8dee\" data-element_type=\"container\" data-e-type=\"container\" data-settings=\"{&quot;jet_parallax_layout_list&quot;:[]}\">\n\t\t\t\t<div class=\"elementor-element elementor-element-2c69f0a elementor-widget elementor-widget-heading\" data-id=\"2c69f0a\" data-element_type=\"widget\" data-e-type=\"widget\" data-widget_type=\"heading.default\">\n\t\t\t\t<div class=\"elementor-widget-container\">\n\t\t\t\t\t<h3 class=\"elementor-heading-title elementor-size-default\">\u00bfPor qu\u00e9 elegir Fuengirola?<\/h3>\t\t\t\t<\/div>\n\t\t\t\t<\/div>\n\t\t\t\t<div class=\"elementor-element elementor-element-73c16c0 elementor-widget elementor-widget-text-editor\" data-id=\"73c16c0\" data-element_type=\"widget\" data-e-type=\"widget\" data-widget_type=\"text-editor.default\">\n\t\t\t\t<div class=\"elementor-widget-container\">\n\t\t\t\t\t\t\t\t\t<ul>\n<li style=\"font-weight: 400;\" aria-level=\"1\"><b>Comunidad finlandesa y ambiente internacional<\/b><span style=\"font-weight: 400;\"> \u2013 Fuengirola es conocida por su fuerte comunidad Finlandesa. La ciudad tiene  <\/span><b>una escuela Finlandesa, una iglesia, tiendas y muchos servicios Finlandeses, <\/b><span style=\"font-weight: 400;\">lo que facilita a\u00fan m\u00e1s la mudanza a Espa\u00f1a.<\/span><\/li>\n<li style=\"font-weight: 400;\" aria-level=\"1\"><b>Larga playa de arena y hermoso paseo mar\u00edtimo <\/b><b>\u2013 La playa de arena de m\u00e1s de siete kil\u00f3metros<\/b> <span style=\"font-weight: 400;\">de largo de Fuengirola<\/span> <span style=\"font-weight: 400;\">y el paseo mar\u00edtimo que la acompa\u00f1a ofrecen el escenario perfecto para actividades al aire libre, ejercicio y relajaci\u00f3n.<\/span><\/li>\n<li style=\"font-weight: 400;\" aria-level=\"1\"><b>Servicios integrales durante todo el a\u00f1o<\/b> <span style=\"font-weight: 400;\">\u2013 A diferencia de muchos otros centros tur\u00edsticos de la Costa del Sol, Fuengirola est\u00e1 viva<\/span> <b>durante todo el a\u00f1o,<\/b> <span style=\"font-weight: 400;\">y todos los servicios necesarios, como tiendas, restaurantes, atenci\u00f3n m\u00e9dica y escuelas, est\u00e1n f\u00e1cilmente disponibles.<\/span><\/li>\n<li style=\"font-weight: 400;\" aria-level=\"1\"><b>Excelentes conexiones de transporte<\/b> <span style=\"font-weight: 400;\">\u2013 Un tren va directamente desde la ciudad al centro de M\u00e1laga y al aeropuerto, lo que facilita el transporte incluso sin coche.<\/span><\/li>\n<li style=\"font-weight: 400;\" aria-level=\"1\"><b>Muchas actividades para todas las edades<\/b> \u2013 <span>La ciudad tiene<\/span> <b>el centro comercial Miramar, el parque de animales Bioparc, campos de golf y un puerto donde se puede practicar vela, mercados semanales<\/b> <span>y ofrece diversas oportunidades de ocio para familias, jubilados y turistas activos.<\/span><\/li>\n<\/ul>\n\t\t\t\t\t\t\t\t<\/div>\n\t\t\t\t<\/div>\n\t\t\t\t<div class=\"elementor-element elementor-element-4917992 elementor-widget elementor-widget-heading\" data-id=\"4917992\" data-element_type=\"widget\" data-e-type=\"widget\" data-widget_type=\"heading.default\">\n\t\t\t\t<div class=\"elementor-widget-container\">\n\t\t\t\t\t<h3 class=\"elementor-heading-title elementor-size-default\">\u00bfPara qui\u00e9n es adecuada Fuengirola?<\/h3>\t\t\t\t<\/div>\n\t\t\t\t<\/div>\n\t\t\t\t<div class=\"elementor-element elementor-element-32bd023 elementor-widget elementor-widget-text-editor\" data-id=\"32bd023\" data-element_type=\"widget\" data-e-type=\"widget\" data-widget_type=\"text-editor.default\">\n\t\t\t\t<div class=\"elementor-widget-container\">\n\t\t\t\t\t\t\t\t\t<ul>\n<li><span style=\"font-weight: 400;\">Para los Finlandeses que quieren vivir en un entorno comunitario y tener aficiones.<\/span><\/li>\n<li><span style=\"font-weight: 400;\">Para familias con ni\u00f1os que aprecian las escuelas internacionales y un entorno de vida seguro.<\/span><\/li>\n<li><span style=\"font-weight: 400;\">Para aquellos que quieren vivir cerca del mar y disfrutar de los servicios de la ciudad durante todo el a\u00f1o.<\/span><\/li>\n<li><span style=\"font-weight: 400;\">Para inversores que buscan una zona con una demanda estable y un buen rendimiento de alquiler.<\/span><\/li>\n<li><span style=\"font-weight: 400;\">Para jubilados que aprecian la proximidad a los servicios y la facilidad de transporte.<\/span><\/li>\n<li><span style=\"font-weight: 400;\">Para teletrabajadores.<\/span><\/li>\n<\/ul>\n<p><b>\u00bfEst\u00e1 buscando una vivienda en Fuengirola?<\/b>\u200e<b> <br \/><\/b><span style=\"font-weight: 400;\">\u00a1Explore <\/span><b>las propiedades en venta en Fuengirola en nuestra p\u00e1gina web<\/b> <span style=\"font-weight: 400;\">o cont\u00e1ctenos y le ayudaremos a encontrar la casa perfecta en esta popular ciudad de la Costa del Sol!<\/span><\/p>\n\t\t\t\t\t\t\t\t<\/div>\n\t\t\t\t<\/div>\n\t\t\t\t<\/div>\n\t\t<div class=\"elementor-element elementor-element-de1d513 e-con-full e-flex e-con e-child\" data-id=\"de1d513\" data-element_type=\"container\" data-e-type=\"container\" data-settings=\"{&quot;jet_parallax_layout_list&quot;:[]}\">\n\t\t<div class=\"elementor-element elementor-element-e8a06e8 e-con-full e-flex e-con e-child\" data-id=\"e8a06e8\" data-element_type=\"container\" data-e-type=\"container\" data-settings=\"{&quot;jet_parallax_layout_list&quot;:[]}\">\n\t\t\t\t<div class=\"elementor-element elementor-element-c040b7e elementor-widget elementor-widget-image\" data-id=\"c040b7e\" data-element_type=\"widget\" data-e-type=\"widget\" data-widget_type=\"image.default\">\n\t\t\t\t<div class=\"elementor-widget-container\">\n\t\t\t\t\t\t\t\t\t\t\t\t\t\t\t<img decoding=\"async\" src=\"https:\/\/lainehomes.es\/wp-content\/uploads\/elementor\/thumbs\/Fuengirola-scaled-r2d3acxfjav7g0lourfb24trwmc5f2my16x1tpkof4.jpeg\" title=\"Fuengirola old town and square Plaza de la Constitucion\" alt=\"Fuengirola old town view and central square Plaza de la Constitucion\" loading=\"lazy\" \/>\t\t\t\t\t\t\t\t\t\t\t\t\t\t\t<\/div>\n\t\t\t\t<\/div>\n\t\t\t\t<\/div>\n\t\t<div class=\"elementor-element elementor-element-05a3845 e-con-full e-flex e-con e-child\" data-id=\"05a3845\" data-element_type=\"container\" data-e-type=\"container\" data-settings=\"{&quot;jet_parallax_layout_list&quot;:[]}\">\n\t\t\t\t<div class=\"elementor-element elementor-element-f1362a6 elementor-widget elementor-widget-image\" data-id=\"f1362a6\" data-element_type=\"widget\" data-e-type=\"widget\" data-widget_type=\"image.default\">\n\t\t\t\t<div class=\"elementor-widget-container\">\n\t\t\t\t\t\t\t\t\t\t\t\t\t\t\t<img decoding=\"async\" src=\"https:\/\/lainehomes.es\/wp-content\/uploads\/elementor\/thumbs\/Fuengirola-costa-del-sol-scaled-r2d3afqy3sz2euhlean6rm45ory925y51kvi9jghwg.jpeg\" title=\"View From The Beach Boulevard\" alt=\"The boulevard was a very nice place to strech your legs. You could walk along the beach and watch the Mediterranean Sea for hours.\" loading=\"lazy\" \/>\t\t\t\t\t\t\t\t\t\t\t\t\t\t\t<\/div>\n\t\t\t\t<\/div>\n\t\t\t\t<\/div>\n\t\t\t\t<\/div>\n\t\t\t\t<\/div>\n\t\t\t\t<\/div>\n\t\t\t\t<\/div>\n\t\t","protected":false},"excerpt":{"rendered":"<p>Fuengirola \u2013 La ciudad m\u00e1s popular de la Costa del Sol para los finlandeses Fuengirola es una de las ciudades m\u00e1s conocidas y populares de la Costa del Sol, especialmente entre los Finlandeses. Ofrece excelentes servicios, un clima maravilloso y un entorno de vida agradable, adecuado tanto para quienes buscan una casa vacacional, como para [&hellip;]<\/p>\n","protected":false},"author":1,"featured_media":0,"parent":120344,"menu_order":70,"comment_status":"closed","ping_status":"closed","template":"elementor_theme","meta":{"footnotes":""},"class_list":["post-120459","page","type-page","status-publish","hentry"],"yoast_head":"<!-- This site is optimized with the Yoast SEO plugin v27.3 - https:\/\/yoast.com\/product\/yoast-seo-wordpress\/ -->\n<title>Fuengirola | Laine Homes<\/title>\n<meta name=\"robots\" content=\"index, follow, max-snippet:-1, max-image-preview:large, max-video-preview:-1\" \/>\n<link rel=\"canonical\" href=\"https:\/\/lainehomes.es\/es\/informacion\/presentaciones-de-la-zona\/costa-del-sol\/fuengirola\/\" \/>\n<meta property=\"og:locale\" content=\"es_ES\" \/>\n<meta property=\"og:type\" content=\"article\" \/>\n<meta property=\"og:title\" content=\"Fuengirola | Laine Homes\" \/>\n<meta property=\"og:description\" content=\"Fuengirola \u2013 La ciudad m\u00e1s popular de la Costa del Sol para los finlandeses Fuengirola es una de las ciudades m\u00e1s conocidas y populares de la Costa del Sol, especialmente entre los Finlandeses. Ofrece excelentes servicios, un clima maravilloso y un entorno de vida agradable, adecuado tanto para quienes buscan una casa vacacional, como para [&hellip;]\" \/>\n<meta property=\"og:url\" content=\"https:\/\/lainehomes.es\/es\/informacion\/presentaciones-de-la-zona\/costa-del-sol\/fuengirola\/\" \/>\n<meta property=\"og:site_name\" content=\"Laine Homes\" \/>\n<meta property=\"article:modified_time\" content=\"2025-03-21T17:23:00+00:00\" \/>\n<meta property=\"og:image\" content=\"https:\/\/lainehomes.es\/wp-content\/uploads\/elementor\/thumbs\/Fuengirola-scaled-r2d3acxfjav7g0lourfb24trwmc5f2my16x1tpkof4.jpeg\" \/>\n<meta name=\"twitter:card\" content=\"summary_large_image\" \/>\n<meta name=\"twitter:label1\" content=\"Tiempo de lectura\" \/>\n\t<meta name=\"twitter:data1\" content=\"3 minutos\" \/>\n<script type=\"application\/ld+json\" class=\"yoast-schema-graph\">{\"@context\":\"https:\\\/\\\/schema.org\",\"@graph\":[{\"@type\":\"WebPage\",\"@id\":\"https:\\\/\\\/lainehomes.es\\\/es\\\/informacion\\\/presentaciones-de-la-zona\\\/costa-del-sol\\\/fuengirola\\\/\",\"url\":\"https:\\\/\\\/lainehomes.es\\\/es\\\/informacion\\\/presentaciones-de-la-zona\\\/costa-del-sol\\\/fuengirola\\\/\",\"name\":\"Fuengirola | Laine Homes\",\"isPartOf\":{\"@id\":\"https:\\\/\\\/lainehomes.es\\\/es\\\/#website\"},\"primaryImageOfPage\":{\"@id\":\"https:\\\/\\\/lainehomes.es\\\/es\\\/informacion\\\/presentaciones-de-la-zona\\\/costa-del-sol\\\/fuengirola\\\/#primaryimage\"},\"image\":{\"@id\":\"https:\\\/\\\/lainehomes.es\\\/es\\\/informacion\\\/presentaciones-de-la-zona\\\/costa-del-sol\\\/fuengirola\\\/#primaryimage\"},\"thumbnailUrl\":\"https:\\\/\\\/lainehomes.es\\\/wp-content\\\/uploads\\\/elementor\\\/thumbs\\\/Fuengirola-scaled-r2d3acxfjav7g0lourfb24trwmc5f2my16x1tpkof4.jpeg\",\"datePublished\":\"2025-01-24T08:43:57+00:00\",\"dateModified\":\"2025-03-21T17:23:00+00:00\",\"breadcrumb\":{\"@id\":\"https:\\\/\\\/lainehomes.es\\\/es\\\/informacion\\\/presentaciones-de-la-zona\\\/costa-del-sol\\\/fuengirola\\\/#breadcrumb\"},\"inLanguage\":\"es\",\"potentialAction\":[{\"@type\":\"ReadAction\",\"target\":[\"https:\\\/\\\/lainehomes.es\\\/es\\\/informacion\\\/presentaciones-de-la-zona\\\/costa-del-sol\\\/fuengirola\\\/\"]}]},{\"@type\":\"ImageObject\",\"inLanguage\":\"es\",\"@id\":\"https:\\\/\\\/lainehomes.es\\\/es\\\/informacion\\\/presentaciones-de-la-zona\\\/costa-del-sol\\\/fuengirola\\\/#primaryimage\",\"url\":\"https:\\\/\\\/lainehomes.es\\\/wp-content\\\/uploads\\\/elementor\\\/thumbs\\\/Fuengirola-scaled-r2d3acxfjav7g0lourfb24trwmc5f2my16x1tpkof4.jpeg\",\"contentUrl\":\"https:\\\/\\\/lainehomes.es\\\/wp-content\\\/uploads\\\/elementor\\\/thumbs\\\/Fuengirola-scaled-r2d3acxfjav7g0lourfb24trwmc5f2my16x1tpkof4.jpeg\"},{\"@type\":\"BreadcrumbList\",\"@id\":\"https:\\\/\\\/lainehomes.es\\\/es\\\/informacion\\\/presentaciones-de-la-zona\\\/costa-del-sol\\\/fuengirola\\\/#breadcrumb\",\"itemListElement\":[{\"@type\":\"ListItem\",\"position\":1,\"name\":\"Etusivu\",\"item\":\"https:\\\/\\\/lainehomes.es\\\/es\\\/\"},{\"@type\":\"ListItem\",\"position\":2,\"name\":\"Informaci\u00f3n\",\"item\":\"https:\\\/\\\/lainehomes.es\\\/es\\\/informacion\\\/\"},{\"@type\":\"ListItem\",\"position\":3,\"name\":\"Presentaciones de la zona\",\"item\":\"https:\\\/\\\/lainehomes.es\\\/es\\\/informacion\\\/presentaciones-de-la-zona\\\/\"},{\"@type\":\"ListItem\",\"position\":4,\"name\":\"Costa del Sol\",\"item\":\"https:\\\/\\\/lainehomes.es\\\/es\\\/informacion\\\/presentaciones-de-la-zona\\\/costa-del-sol\\\/\"},{\"@type\":\"ListItem\",\"position\":5,\"name\":\"Fuengirola\"}]},{\"@type\":\"WebSite\",\"@id\":\"https:\\\/\\\/lainehomes.es\\\/es\\\/#website\",\"url\":\"https:\\\/\\\/lainehomes.es\\\/es\\\/\",\"name\":\"Laine Homes\",\"description\":\"Homes and Villas Spain\",\"publisher\":{\"@id\":\"https:\\\/\\\/lainehomes.es\\\/es\\\/#organization\"},\"potentialAction\":[{\"@type\":\"SearchAction\",\"target\":{\"@type\":\"EntryPoint\",\"urlTemplate\":\"https:\\\/\\\/lainehomes.es\\\/es\\\/?s={search_term_string}\"},\"query-input\":{\"@type\":\"PropertyValueSpecification\",\"valueRequired\":true,\"valueName\":\"search_term_string\"}}],\"inLanguage\":\"es\"},{\"@type\":\"Organization\",\"@id\":\"https:\\\/\\\/lainehomes.es\\\/es\\\/#organization\",\"name\":\"Laine Homes\",\"url\":\"https:\\\/\\\/lainehomes.es\\\/es\\\/\",\"logo\":{\"@type\":\"ImageObject\",\"inLanguage\":\"es\",\"@id\":\"https:\\\/\\\/lainehomes.es\\\/es\\\/#\\\/schema\\\/logo\\\/image\\\/\",\"url\":\"https:\\\/\\\/lainehomes.es\\\/wp-content\\\/uploads\\\/2022\\\/02\\\/LAINETOIMIALA-WHITE.svg\",\"contentUrl\":\"https:\\\/\\\/lainehomes.es\\\/wp-content\\\/uploads\\\/2022\\\/02\\\/LAINETOIMIALA-WHITE.svg\",\"width\":372.96,\"height\":80.53,\"caption\":\"Laine Homes\"},\"image\":{\"@id\":\"https:\\\/\\\/lainehomes.es\\\/es\\\/#\\\/schema\\\/logo\\\/image\\\/\"}}]}<\/script>\n<!-- \/ Yoast SEO plugin. -->","yoast_head_json":{"title":"Fuengirola | Laine Homes","robots":{"index":"index","follow":"follow","max-snippet":"max-snippet:-1","max-image-preview":"max-image-preview:large","max-video-preview":"max-video-preview:-1"},"canonical":"https:\/\/lainehomes.es\/es\/informacion\/presentaciones-de-la-zona\/costa-del-sol\/fuengirola\/","og_locale":"es_ES","og_type":"article","og_title":"Fuengirola | Laine Homes","og_description":"Fuengirola \u2013 La ciudad m\u00e1s popular de la Costa del Sol para los finlandeses Fuengirola es una de las ciudades m\u00e1s conocidas y populares de la Costa del Sol, especialmente entre los Finlandeses. Ofrece excelentes servicios, un clima maravilloso y un entorno de vida agradable, adecuado tanto para quienes buscan una casa vacacional, como para [&hellip;]","og_url":"https:\/\/lainehomes.es\/es\/informacion\/presentaciones-de-la-zona\/costa-del-sol\/fuengirola\/","og_site_name":"Laine Homes","article_modified_time":"2025-03-21T17:23:00+00:00","og_image":[{"url":"https:\/\/lainehomes.es\/wp-content\/uploads\/elementor\/thumbs\/Fuengirola-scaled-r2d3acxfjav7g0lourfb24trwmc5f2my16x1tpkof4.jpeg","type":"","width":"","height":""}],"twitter_card":"summary_large_image","twitter_misc":{"Tiempo de lectura":"3 minutos"},"schema":{"@context":"https:\/\/schema.org","@graph":[{"@type":"WebPage","@id":"https:\/\/lainehomes.es\/es\/informacion\/presentaciones-de-la-zona\/costa-del-sol\/fuengirola\/","url":"https:\/\/lainehomes.es\/es\/informacion\/presentaciones-de-la-zona\/costa-del-sol\/fuengirola\/","name":"Fuengirola | Laine Homes","isPartOf":{"@id":"https:\/\/lainehomes.es\/es\/#website"},"primaryImageOfPage":{"@id":"https:\/\/lainehomes.es\/es\/informacion\/presentaciones-de-la-zona\/costa-del-sol\/fuengirola\/#primaryimage"},"image":{"@id":"https:\/\/lainehomes.es\/es\/informacion\/presentaciones-de-la-zona\/costa-del-sol\/fuengirola\/#primaryimage"},"thumbnailUrl":"https:\/\/lainehomes.es\/wp-content\/uploads\/elementor\/thumbs\/Fuengirola-scaled-r2d3acxfjav7g0lourfb24trwmc5f2my16x1tpkof4.jpeg","datePublished":"2025-01-24T08:43:57+00:00","dateModified":"2025-03-21T17:23:00+00:00","breadcrumb":{"@id":"https:\/\/lainehomes.es\/es\/informacion\/presentaciones-de-la-zona\/costa-del-sol\/fuengirola\/#breadcrumb"},"inLanguage":"es","potentialAction":[{"@type":"ReadAction","target":["https:\/\/lainehomes.es\/es\/informacion\/presentaciones-de-la-zona\/costa-del-sol\/fuengirola\/"]}]},{"@type":"ImageObject","inLanguage":"es","@id":"https:\/\/lainehomes.es\/es\/informacion\/presentaciones-de-la-zona\/costa-del-sol\/fuengirola\/#primaryimage","url":"https:\/\/lainehomes.es\/wp-content\/uploads\/elementor\/thumbs\/Fuengirola-scaled-r2d3acxfjav7g0lourfb24trwmc5f2my16x1tpkof4.jpeg","contentUrl":"https:\/\/lainehomes.es\/wp-content\/uploads\/elementor\/thumbs\/Fuengirola-scaled-r2d3acxfjav7g0lourfb24trwmc5f2my16x1tpkof4.jpeg"},{"@type":"BreadcrumbList","@id":"https:\/\/lainehomes.es\/es\/informacion\/presentaciones-de-la-zona\/costa-del-sol\/fuengirola\/#breadcrumb","itemListElement":[{"@type":"ListItem","position":1,"name":"Etusivu","item":"https:\/\/lainehomes.es\/es\/"},{"@type":"ListItem","position":2,"name":"Informaci\u00f3n","item":"https:\/\/lainehomes.es\/es\/informacion\/"},{"@type":"ListItem","position":3,"name":"Presentaciones de la zona","item":"https:\/\/lainehomes.es\/es\/informacion\/presentaciones-de-la-zona\/"},{"@type":"ListItem","position":4,"name":"Costa del Sol","item":"https:\/\/lainehomes.es\/es\/informacion\/presentaciones-de-la-zona\/costa-del-sol\/"},{"@type":"ListItem","position":5,"name":"Fuengirola"}]},{"@type":"WebSite","@id":"https:\/\/lainehomes.es\/es\/#website","url":"https:\/\/lainehomes.es\/es\/","name":"Laine Homes","description":"Homes and Villas Spain","publisher":{"@id":"https:\/\/lainehomes.es\/es\/#organization"},"potentialAction":[{"@type":"SearchAction","target":{"@type":"EntryPoint","urlTemplate":"https:\/\/lainehomes.es\/es\/?s={search_term_string}"},"query-input":{"@type":"PropertyValueSpecification","valueRequired":true,"valueName":"search_term_string"}}],"inLanguage":"es"},{"@type":"Organization","@id":"https:\/\/lainehomes.es\/es\/#organization","name":"Laine Homes","url":"https:\/\/lainehomes.es\/es\/","logo":{"@type":"ImageObject","inLanguage":"es","@id":"https:\/\/lainehomes.es\/es\/#\/schema\/logo\/image\/","url":"https:\/\/lainehomes.es\/wp-content\/uploads\/2022\/02\/LAINETOIMIALA-WHITE.svg","contentUrl":"https:\/\/lainehomes.es\/wp-content\/uploads\/2022\/02\/LAINETOIMIALA-WHITE.svg","width":372.96,"height":80.53,"caption":"Laine Homes"},"image":{"@id":"https:\/\/lainehomes.es\/es\/#\/schema\/logo\/image\/"}}]}},"_links":{"self":[{"href":"https:\/\/lainehomes.es\/es\/wp-json\/wp\/v2\/pages\/120459","targetHints":{"allow":["GET"]}}],"collection":[{"href":"https:\/\/lainehomes.es\/es\/wp-json\/wp\/v2\/pages"}],"about":[{"href":"https:\/\/lainehomes.es\/es\/wp-json\/wp\/v2\/types\/page"}],"author":[{"embeddable":true,"href":"https:\/\/lainehomes.es\/es\/wp-json\/wp\/v2\/users\/1"}],"replies":[{"embeddable":true,"href":"https:\/\/lainehomes.es\/es\/wp-json\/wp\/v2\/comments?post=120459"}],"version-history":[{"count":1,"href":"https:\/\/lainehomes.es\/es\/wp-json\/wp\/v2\/pages\/120459\/revisions"}],"predecessor-version":[{"id":120460,"href":"https:\/\/lainehomes.es\/es\/wp-json\/wp\/v2\/pages\/120459\/revisions\/120460"}],"up":[{"embeddable":true,"href":"https:\/\/lainehomes.es\/es\/wp-json\/wp\/v2\/pages\/120344"}],"wp:attachment":[{"href":"https:\/\/lainehomes.es\/es\/wp-json\/wp\/v2\/media?parent=120459"}],"curies":[{"name":"wp","href":"https:\/\/api.w.org\/{rel}","templated":true}]}}