{"id":120455,"date":"2025-01-24T10:34:47","date_gmt":"2025-01-24T08:34:47","guid":{"rendered":"https:\/\/laine.sivustamo.dev\/informacion\/presentaciones-de-la-zona\/costa-del-sol\/benalmadena\/"},"modified":"2025-03-21T19:21:58","modified_gmt":"2025-03-21T17:21:58","slug":"benalmadena","status":"publish","type":"page","link":"https:\/\/lainehomes.es\/es\/informacion\/presentaciones-de-la-zona\/costa-del-sol\/benalmadena\/","title":{"rendered":"Benalmadena"},"content":{"rendered":"\t\t<div data-elementor-type=\"wp-page\" data-elementor-id=\"120455\" class=\"elementor elementor-120455 elementor-94029\" data-elementor-post-type=\"page\">\n\t\t\t\t<div class=\"elementor-element elementor-element-d795adb e-con-full e-flex e-con e-parent\" data-id=\"d795adb\" data-element_type=\"container\" data-e-type=\"container\" data-settings=\"{&quot;jet_parallax_layout_list&quot;:[]}\">\n\t\t\t\t<div class=\"elementor-element elementor-element-c281462 elementor-widget elementor-widget-heading\" data-id=\"c281462\" data-element_type=\"widget\" data-e-type=\"widget\" data-widget_type=\"heading.default\">\n\t\t\t\t<div class=\"elementor-widget-container\">\n\t\t\t\t\t<h2 class=\"elementor-heading-title elementor-size-default\">Benalm\u00e1dena \u2013 Una diversa ciudad costera en la Costa del Sol<\/h2>\t\t\t\t<\/div>\n\t\t\t\t<\/div>\n\t\t\t\t<div class=\"elementor-element elementor-element-79dac82 elementor-widget elementor-widget-text-editor\" data-id=\"79dac82\" data-element_type=\"widget\" data-e-type=\"widget\" data-widget_type=\"text-editor.default\">\n\t\t\t\t<div class=\"elementor-widget-container\">\n\t\t\t\t\t\t\t\t\t<p><span style=\"font-weight: 400;\">Benalm\u00e1dena es una<\/span> <b>de las zonas residenciales m\u00e1s populares y diversas de la Costa del Sol<\/b><span style=\"font-weight: 400;\">, que ofrece impresionantes playas, servicios integrales y un encantador ambiente andaluz. Se encuentra  <\/span><b>a solo unos 15 minutos en coche del aeropuerto de M\u00e1laga<\/b>, <span style=\"font-weight: 400;\">lo que la convierte en un excelente destino tanto para quienes buscan una casa vacacional, como para quienes consideran un hogar permanente o inversores.<\/span><\/p>\n\t\t\t\t\t\t\t\t<\/div>\n\t\t\t\t<\/div>\n\t\t\t\t<div class=\"elementor-element elementor-element-9845c34 elementor-widget elementor-widget-heading\" data-id=\"9845c34\" data-element_type=\"widget\" data-e-type=\"widget\" data-widget_type=\"heading.default\">\n\t\t\t\t<div class=\"elementor-widget-container\">\n\t\t\t\t\t<h3 class=\"elementor-heading-title elementor-size-default\">\u00bfPor qu\u00e9 elegir Benalm\u00e1dena?<\/h3>\t\t\t\t<\/div>\n\t\t\t\t<\/div>\n\t\t\t\t<div class=\"elementor-element elementor-element-228826b elementor-widget elementor-widget-text-editor\" data-id=\"228826b\" data-element_type=\"widget\" data-e-type=\"widget\" data-widget_type=\"text-editor.default\">\n\t\t\t\t<div class=\"elementor-widget-container\">\n\t\t\t\t\t\t\t\t\t<ul>\n<li style=\"font-weight: 400;\" aria-level=\"1\"><b>Zonas residenciales diversas:<\/b> <span style=\"font-weight: 400;\">Benalm\u00e1dena consta de varias \u00e1reas diferentes, cada una con su propio ambiente especial:<\/span>\n<ul>\n<li style=\"font-weight: 400;\" aria-level=\"2\"><b>Benalm\u00e1dena Costa:<\/b> <span style=\"font-weight: 400;\">una zona costera con hermosas playas de arena, un puerto (Puerto Marina) y muchos restaurantes y entretenimiento.<\/span><\/li>\n<li style=\"font-weight: 400;\" aria-level=\"2\"><b>Arroyo de la Miel:<\/b> <span style=\"font-weight: 400;\">el coraz\u00f3n de la ciudad, que combina el estilo de vida local Espa\u00f1ol con servicios modernos.<\/span><\/li>\n<li style=\"font-weight: 400;\" aria-level=\"2\"><b>Benalm\u00e1dena Pueblo<\/b>: <span style=\"font-weight: 400;\">un pueblo tradicional Andaluz con casas blancas, calles estrechas y vistas impresionantes.<\/span><\/li>\n<\/ul>\n<\/li>\n<li style=\"font-weight: 400;\" aria-level=\"1\"><b>Impresionantes playas y puerto<\/b>: <span style=\"font-weight: 400;\">Las playas de Benalm\u00e1dena est\u00e1n bien mantenidas, y el popular <\/span><b>Puerto Marina<\/b> <span style=\"font-weight: 400;\">es conocido por su ambiente internacional, restaurantes y puerto deportivo.<\/span><\/li>\n<li style=\"font-weight: 400;\" aria-level=\"1\"><b>Excelentes servicios y actividades:<\/b> <span style=\"font-weight: 400;\">La zona cuenta con <\/span><b>campos de golf, el parque de mariposas Mariposario de Benalm\u00e1dena, el acuario Sea Life, el telef\u00e9rico de Monte Calamorro<\/b> <span style=\"font-weight: 400;\">y diversas opciones de compras y restaurantes.<\/span><\/li>\n<li style=\"font-weight: 400;\" aria-level=\"1\"><b>Buenas conexiones de transporte:<\/b> <span style=\"font-weight: 400;\">Las conexiones de tren y autob\u00fas son excelentes, y el aeropuerto de M\u00e1laga est\u00e1 a poca distancia, lo que hace que la zona sea ideal tambi\u00e9n para trabajadores remotos y viajeros frecuentes.<\/span><\/li>\n<li style=\"font-weight: 400;\" aria-level=\"1\"><b>Buen destino de inversi\u00f3n<\/b>: <span>El mercado inmobiliario de Benalm\u00e1dena es estable y la zona ofrece<\/span> <b>un buen rendimiento de alquiler tanto<\/b> <span>en alquileres a corto como a largo plazo.<\/span><\/li>\n<\/ul>\n\t\t\t\t\t\t\t\t<\/div>\n\t\t\t\t<\/div>\n\t\t<div class=\"elementor-element elementor-element-ec2913a e-con-full e-flex e-con e-child\" data-id=\"ec2913a\" data-element_type=\"container\" data-e-type=\"container\" data-settings=\"{&quot;jet_parallax_layout_list&quot;:[]}\">\n\t\t<div class=\"elementor-element elementor-element-005bd88 e-con-full e-flex e-con e-child\" data-id=\"005bd88\" data-element_type=\"container\" data-e-type=\"container\" data-settings=\"{&quot;jet_parallax_layout_list&quot;:[]}\">\n\t\t\t\t<div class=\"elementor-element elementor-element-0fecd3c elementor-widget elementor-widget-heading\" data-id=\"0fecd3c\" data-element_type=\"widget\" data-e-type=\"widget\" data-widget_type=\"heading.default\">\n\t\t\t\t<div class=\"elementor-widget-container\">\n\t\t\t\t\t<h3 class=\"elementor-heading-title elementor-size-default\">\u00bfPara qui\u00e9n es adecuada Benalm\u00e1dena?\n<\/h3>\t\t\t\t<\/div>\n\t\t\t\t<\/div>\n\t\t\t\t<div class=\"elementor-element elementor-element-e5858fd elementor-widget elementor-widget-text-editor\" data-id=\"e5858fd\" data-element_type=\"widget\" data-e-type=\"widget\" data-widget_type=\"text-editor.default\">\n\t\t\t\t<div class=\"elementor-widget-container\">\n\t\t\t\t\t\t\t\t\t<ul>\n<li style=\"font-weight: 400;\" aria-level=\"1\"><span style=\"font-weight: 400;\">Para aquellos que quieren vivir cerca de la playa pero tambi\u00e9n cerca de los servicios locales.<\/span><\/li>\n<li style=\"font-weight: 400;\" aria-level=\"1\"><span style=\"font-weight: 400;\">Para familias con ni\u00f1os, ya que la zona cuenta con escuelas, lugares de entretenimiento y un entorno seguro.<\/span><\/li>\n<li style=\"font-weight: 400;\" aria-level=\"1\"><span style=\"font-weight: 400;\">Para inversores que buscan un buen rendimiento de alquiler.<\/span><\/li>\n<li style=\"font-weight: 400;\" aria-level=\"1\"><span style=\"font-weight: 400;\">Para los amantes de la naturaleza y los turistas activos, ya que hay rutas de senderismo, campos de golf y actividades mar\u00edtimas disponibles.<\/span><\/li>\n<\/ul>\n<p><b>\u00bfEst\u00e1 buscando una vivienda en Benalm\u00e1dena?<\/b>\u200e<b> <br \/><\/b><span style=\"font-weight: 400;\">\u00a1Explore<\/span> <b>las propiedades en venta en Benalm\u00e1dena en nuestra p\u00e1gina web <\/b><span style=\"font-weight: 400;\">o cont\u00e1ctenos y le ayudaremos a encontrar la casa perfecta para usted en esta popular ciudad costera!<\/span><\/p>\n\t\t\t\t\t\t\t\t<\/div>\n\t\t\t\t<\/div>\n\t\t\t\t<\/div>\n\t\t<div class=\"elementor-element elementor-element-817b32d e-con-full e-flex e-con e-child\" data-id=\"817b32d\" data-element_type=\"container\" data-e-type=\"container\" data-settings=\"{&quot;jet_parallax_layout_list&quot;:[]}\">\n\t\t<div class=\"elementor-element elementor-element-0c73e6d e-con-full e-flex e-con e-child\" data-id=\"0c73e6d\" data-element_type=\"container\" data-e-type=\"container\" data-settings=\"{&quot;jet_parallax_layout_list&quot;:[]}\">\n\t\t\t\t<div class=\"elementor-element elementor-element-8f227c0 elementor-widget elementor-widget-image\" data-id=\"8f227c0\" data-element_type=\"widget\" data-e-type=\"widget\" data-widget_type=\"image.default\">\n\t\t\t\t<div class=\"elementor-widget-container\">\n\t\t\t\t\t\t\t\t\t\t\t\t\t\t\t<img decoding=\"async\" src=\"https:\/\/lainehomes.es\/wp-content\/uploads\/elementor\/thumbs\/Benalmadena-scaled-r2d37694dii83l89gdutlxrjfm1dbzzoxfbt9yapi8.jpeg\" title=\"Benalmadena beach, Malaga province, Andalusia, Spain\" alt=\"Beach in Benalmadena. Malaga province, Costa del Sol, Andalusia, Spain\" loading=\"lazy\" \/>\t\t\t\t\t\t\t\t\t\t\t\t\t\t\t<\/div>\n\t\t\t\t<\/div>\n\t\t\t\t<\/div>\n\t\t<div class=\"elementor-element elementor-element-a558444 e-con-full e-flex e-con e-child\" data-id=\"a558444\" data-element_type=\"container\" data-e-type=\"container\" data-settings=\"{&quot;jet_parallax_layout_list&quot;:[]}\">\n\t\t\t\t<div class=\"elementor-element elementor-element-8b50434 elementor-widget elementor-widget-image\" data-id=\"8b50434\" data-element_type=\"widget\" data-e-type=\"widget\" data-widget_type=\"image.default\">\n\t\t\t\t<div class=\"elementor-widget-container\">\n\t\t\t\t\t\t\t\t\t\t\t\t\t\t\t<img decoding=\"async\" src=\"https:\/\/lainehomes.es\/wp-content\/uploads\/elementor\/thumbs\/Benalmadena-costa-del-sol-scaled-r2d37tr34dee5ua4n60hu9u2a8tjofkzcnmy9vbv6o.jpeg\" title=\"Benalmadena Pueblo, spain &#8211; old city at the mediterranian sea\" alt=\"Benalmadena Pueblo, spain - old city at the mediterranian sea\" loading=\"lazy\" \/>\t\t\t\t\t\t\t\t\t\t\t\t\t\t\t<\/div>\n\t\t\t\t<\/div>\n\t\t\t\t<\/div>\n\t\t\t\t<\/div>\n\t\t\t\t<\/div>\n\t\t\t\t<\/div>\n\t\t\t\t<\/div>\n\t\t","protected":false},"excerpt":{"rendered":"<p>Benalm\u00e1dena \u2013 Una diversa ciudad costera en la Costa del Sol Benalm\u00e1dena es una de las zonas residenciales m\u00e1s populares y diversas de la Costa del Sol, que ofrece impresionantes playas, servicios integrales y un encantador ambiente andaluz. Se encuentra a solo unos 15 minutos en coche del aeropuerto de M\u00e1laga, lo que la convierte [&hellip;]<\/p>\n","protected":false},"author":1,"featured_media":0,"parent":120344,"menu_order":61,"comment_status":"closed","ping_status":"closed","template":"elementor_theme","meta":{"footnotes":""},"class_list":["post-120455","page","type-page","status-publish","hentry"],"yoast_head":"<!-- This site is optimized with the Yoast SEO plugin v27.3 - https:\/\/yoast.com\/product\/yoast-seo-wordpress\/ -->\n<title>Benalmadena | Laine Homes<\/title>\n<meta name=\"robots\" content=\"index, follow, max-snippet:-1, max-image-preview:large, max-video-preview:-1\" \/>\n<link rel=\"canonical\" href=\"https:\/\/lainehomes.es\/es\/informacion\/presentaciones-de-la-zona\/costa-del-sol\/benalmadena\/\" \/>\n<meta property=\"og:locale\" content=\"es_ES\" \/>\n<meta property=\"og:type\" content=\"article\" \/>\n<meta property=\"og:title\" content=\"Benalmadena | Laine Homes\" \/>\n<meta property=\"og:description\" content=\"Benalm\u00e1dena \u2013 Una diversa ciudad costera en la Costa del Sol Benalm\u00e1dena es una de las zonas residenciales m\u00e1s populares y diversas de la Costa del Sol, que ofrece impresionantes playas, servicios integrales y un encantador ambiente andaluz. Se encuentra a solo unos 15 minutos en coche del aeropuerto de M\u00e1laga, lo que la convierte [&hellip;]\" \/>\n<meta property=\"og:url\" content=\"https:\/\/lainehomes.es\/es\/informacion\/presentaciones-de-la-zona\/costa-del-sol\/benalmadena\/\" \/>\n<meta property=\"og:site_name\" content=\"Laine Homes\" \/>\n<meta property=\"article:modified_time\" content=\"2025-03-21T17:21:58+00:00\" \/>\n<meta property=\"og:image\" content=\"https:\/\/lainehomes.es\/wp-content\/uploads\/elementor\/thumbs\/Benalmadena-scaled-r2d37694dii83l89gdutlxrjfm1dbzzoxfbt9yapi8.jpeg\" \/>\n<meta name=\"twitter:card\" content=\"summary_large_image\" \/>\n<meta name=\"twitter:label1\" content=\"Tiempo de lectura\" \/>\n\t<meta name=\"twitter:data1\" content=\"3 minutos\" \/>\n<script type=\"application\/ld+json\" class=\"yoast-schema-graph\">{\"@context\":\"https:\\\/\\\/schema.org\",\"@graph\":[{\"@type\":\"WebPage\",\"@id\":\"https:\\\/\\\/lainehomes.es\\\/es\\\/informacion\\\/presentaciones-de-la-zona\\\/costa-del-sol\\\/benalmadena\\\/\",\"url\":\"https:\\\/\\\/lainehomes.es\\\/es\\\/informacion\\\/presentaciones-de-la-zona\\\/costa-del-sol\\\/benalmadena\\\/\",\"name\":\"Benalmadena | Laine Homes\",\"isPartOf\":{\"@id\":\"https:\\\/\\\/lainehomes.es\\\/es\\\/#website\"},\"primaryImageOfPage\":{\"@id\":\"https:\\\/\\\/lainehomes.es\\\/es\\\/informacion\\\/presentaciones-de-la-zona\\\/costa-del-sol\\\/benalmadena\\\/#primaryimage\"},\"image\":{\"@id\":\"https:\\\/\\\/lainehomes.es\\\/es\\\/informacion\\\/presentaciones-de-la-zona\\\/costa-del-sol\\\/benalmadena\\\/#primaryimage\"},\"thumbnailUrl\":\"https:\\\/\\\/lainehomes.es\\\/wp-content\\\/uploads\\\/elementor\\\/thumbs\\\/Benalmadena-scaled-r2d37694dii83l89gdutlxrjfm1dbzzoxfbt9yapi8.jpeg\",\"datePublished\":\"2025-01-24T08:34:47+00:00\",\"dateModified\":\"2025-03-21T17:21:58+00:00\",\"breadcrumb\":{\"@id\":\"https:\\\/\\\/lainehomes.es\\\/es\\\/informacion\\\/presentaciones-de-la-zona\\\/costa-del-sol\\\/benalmadena\\\/#breadcrumb\"},\"inLanguage\":\"es\",\"potentialAction\":[{\"@type\":\"ReadAction\",\"target\":[\"https:\\\/\\\/lainehomes.es\\\/es\\\/informacion\\\/presentaciones-de-la-zona\\\/costa-del-sol\\\/benalmadena\\\/\"]}]},{\"@type\":\"ImageObject\",\"inLanguage\":\"es\",\"@id\":\"https:\\\/\\\/lainehomes.es\\\/es\\\/informacion\\\/presentaciones-de-la-zona\\\/costa-del-sol\\\/benalmadena\\\/#primaryimage\",\"url\":\"https:\\\/\\\/lainehomes.es\\\/wp-content\\\/uploads\\\/elementor\\\/thumbs\\\/Benalmadena-scaled-r2d37694dii83l89gdutlxrjfm1dbzzoxfbt9yapi8.jpeg\",\"contentUrl\":\"https:\\\/\\\/lainehomes.es\\\/wp-content\\\/uploads\\\/elementor\\\/thumbs\\\/Benalmadena-scaled-r2d37694dii83l89gdutlxrjfm1dbzzoxfbt9yapi8.jpeg\"},{\"@type\":\"BreadcrumbList\",\"@id\":\"https:\\\/\\\/lainehomes.es\\\/es\\\/informacion\\\/presentaciones-de-la-zona\\\/costa-del-sol\\\/benalmadena\\\/#breadcrumb\",\"itemListElement\":[{\"@type\":\"ListItem\",\"position\":1,\"name\":\"Etusivu\",\"item\":\"https:\\\/\\\/lainehomes.es\\\/es\\\/\"},{\"@type\":\"ListItem\",\"position\":2,\"name\":\"Informaci\u00f3n\",\"item\":\"https:\\\/\\\/lainehomes.es\\\/es\\\/informacion\\\/\"},{\"@type\":\"ListItem\",\"position\":3,\"name\":\"Presentaciones de la zona\",\"item\":\"https:\\\/\\\/lainehomes.es\\\/es\\\/informacion\\\/presentaciones-de-la-zona\\\/\"},{\"@type\":\"ListItem\",\"position\":4,\"name\":\"Costa del Sol\",\"item\":\"https:\\\/\\\/lainehomes.es\\\/es\\\/informacion\\\/presentaciones-de-la-zona\\\/costa-del-sol\\\/\"},{\"@type\":\"ListItem\",\"position\":5,\"name\":\"Benalmadena\"}]},{\"@type\":\"WebSite\",\"@id\":\"https:\\\/\\\/lainehomes.es\\\/es\\\/#website\",\"url\":\"https:\\\/\\\/lainehomes.es\\\/es\\\/\",\"name\":\"Laine Homes\",\"description\":\"Homes and Villas Spain\",\"publisher\":{\"@id\":\"https:\\\/\\\/lainehomes.es\\\/es\\\/#organization\"},\"potentialAction\":[{\"@type\":\"SearchAction\",\"target\":{\"@type\":\"EntryPoint\",\"urlTemplate\":\"https:\\\/\\\/lainehomes.es\\\/es\\\/?s={search_term_string}\"},\"query-input\":{\"@type\":\"PropertyValueSpecification\",\"valueRequired\":true,\"valueName\":\"search_term_string\"}}],\"inLanguage\":\"es\"},{\"@type\":\"Organization\",\"@id\":\"https:\\\/\\\/lainehomes.es\\\/es\\\/#organization\",\"name\":\"Laine Homes\",\"url\":\"https:\\\/\\\/lainehomes.es\\\/es\\\/\",\"logo\":{\"@type\":\"ImageObject\",\"inLanguage\":\"es\",\"@id\":\"https:\\\/\\\/lainehomes.es\\\/es\\\/#\\\/schema\\\/logo\\\/image\\\/\",\"url\":\"https:\\\/\\\/lainehomes.es\\\/wp-content\\\/uploads\\\/2022\\\/02\\\/LAINETOIMIALA-WHITE.svg\",\"contentUrl\":\"https:\\\/\\\/lainehomes.es\\\/wp-content\\\/uploads\\\/2022\\\/02\\\/LAINETOIMIALA-WHITE.svg\",\"width\":372.96,\"height\":80.53,\"caption\":\"Laine Homes\"},\"image\":{\"@id\":\"https:\\\/\\\/lainehomes.es\\\/es\\\/#\\\/schema\\\/logo\\\/image\\\/\"}}]}<\/script>\n<!-- \/ Yoast SEO plugin. -->","yoast_head_json":{"title":"Benalmadena | Laine Homes","robots":{"index":"index","follow":"follow","max-snippet":"max-snippet:-1","max-image-preview":"max-image-preview:large","max-video-preview":"max-video-preview:-1"},"canonical":"https:\/\/lainehomes.es\/es\/informacion\/presentaciones-de-la-zona\/costa-del-sol\/benalmadena\/","og_locale":"es_ES","og_type":"article","og_title":"Benalmadena | Laine Homes","og_description":"Benalm\u00e1dena \u2013 Una diversa ciudad costera en la Costa del Sol Benalm\u00e1dena es una de las zonas residenciales m\u00e1s populares y diversas de la Costa del Sol, que ofrece impresionantes playas, servicios integrales y un encantador ambiente andaluz. Se encuentra a solo unos 15 minutos en coche del aeropuerto de M\u00e1laga, lo que la convierte [&hellip;]","og_url":"https:\/\/lainehomes.es\/es\/informacion\/presentaciones-de-la-zona\/costa-del-sol\/benalmadena\/","og_site_name":"Laine Homes","article_modified_time":"2025-03-21T17:21:58+00:00","og_image":[{"url":"https:\/\/lainehomes.es\/wp-content\/uploads\/elementor\/thumbs\/Benalmadena-scaled-r2d37694dii83l89gdutlxrjfm1dbzzoxfbt9yapi8.jpeg","type":"","width":"","height":""}],"twitter_card":"summary_large_image","twitter_misc":{"Tiempo de lectura":"3 minutos"},"schema":{"@context":"https:\/\/schema.org","@graph":[{"@type":"WebPage","@id":"https:\/\/lainehomes.es\/es\/informacion\/presentaciones-de-la-zona\/costa-del-sol\/benalmadena\/","url":"https:\/\/lainehomes.es\/es\/informacion\/presentaciones-de-la-zona\/costa-del-sol\/benalmadena\/","name":"Benalmadena | Laine Homes","isPartOf":{"@id":"https:\/\/lainehomes.es\/es\/#website"},"primaryImageOfPage":{"@id":"https:\/\/lainehomes.es\/es\/informacion\/presentaciones-de-la-zona\/costa-del-sol\/benalmadena\/#primaryimage"},"image":{"@id":"https:\/\/lainehomes.es\/es\/informacion\/presentaciones-de-la-zona\/costa-del-sol\/benalmadena\/#primaryimage"},"thumbnailUrl":"https:\/\/lainehomes.es\/wp-content\/uploads\/elementor\/thumbs\/Benalmadena-scaled-r2d37694dii83l89gdutlxrjfm1dbzzoxfbt9yapi8.jpeg","datePublished":"2025-01-24T08:34:47+00:00","dateModified":"2025-03-21T17:21:58+00:00","breadcrumb":{"@id":"https:\/\/lainehomes.es\/es\/informacion\/presentaciones-de-la-zona\/costa-del-sol\/benalmadena\/#breadcrumb"},"inLanguage":"es","potentialAction":[{"@type":"ReadAction","target":["https:\/\/lainehomes.es\/es\/informacion\/presentaciones-de-la-zona\/costa-del-sol\/benalmadena\/"]}]},{"@type":"ImageObject","inLanguage":"es","@id":"https:\/\/lainehomes.es\/es\/informacion\/presentaciones-de-la-zona\/costa-del-sol\/benalmadena\/#primaryimage","url":"https:\/\/lainehomes.es\/wp-content\/uploads\/elementor\/thumbs\/Benalmadena-scaled-r2d37694dii83l89gdutlxrjfm1dbzzoxfbt9yapi8.jpeg","contentUrl":"https:\/\/lainehomes.es\/wp-content\/uploads\/elementor\/thumbs\/Benalmadena-scaled-r2d37694dii83l89gdutlxrjfm1dbzzoxfbt9yapi8.jpeg"},{"@type":"BreadcrumbList","@id":"https:\/\/lainehomes.es\/es\/informacion\/presentaciones-de-la-zona\/costa-del-sol\/benalmadena\/#breadcrumb","itemListElement":[{"@type":"ListItem","position":1,"name":"Etusivu","item":"https:\/\/lainehomes.es\/es\/"},{"@type":"ListItem","position":2,"name":"Informaci\u00f3n","item":"https:\/\/lainehomes.es\/es\/informacion\/"},{"@type":"ListItem","position":3,"name":"Presentaciones de la zona","item":"https:\/\/lainehomes.es\/es\/informacion\/presentaciones-de-la-zona\/"},{"@type":"ListItem","position":4,"name":"Costa del Sol","item":"https:\/\/lainehomes.es\/es\/informacion\/presentaciones-de-la-zona\/costa-del-sol\/"},{"@type":"ListItem","position":5,"name":"Benalmadena"}]},{"@type":"WebSite","@id":"https:\/\/lainehomes.es\/es\/#website","url":"https:\/\/lainehomes.es\/es\/","name":"Laine Homes","description":"Homes and Villas Spain","publisher":{"@id":"https:\/\/lainehomes.es\/es\/#organization"},"potentialAction":[{"@type":"SearchAction","target":{"@type":"EntryPoint","urlTemplate":"https:\/\/lainehomes.es\/es\/?s={search_term_string}"},"query-input":{"@type":"PropertyValueSpecification","valueRequired":true,"valueName":"search_term_string"}}],"inLanguage":"es"},{"@type":"Organization","@id":"https:\/\/lainehomes.es\/es\/#organization","name":"Laine Homes","url":"https:\/\/lainehomes.es\/es\/","logo":{"@type":"ImageObject","inLanguage":"es","@id":"https:\/\/lainehomes.es\/es\/#\/schema\/logo\/image\/","url":"https:\/\/lainehomes.es\/wp-content\/uploads\/2022\/02\/LAINETOIMIALA-WHITE.svg","contentUrl":"https:\/\/lainehomes.es\/wp-content\/uploads\/2022\/02\/LAINETOIMIALA-WHITE.svg","width":372.96,"height":80.53,"caption":"Laine Homes"},"image":{"@id":"https:\/\/lainehomes.es\/es\/#\/schema\/logo\/image\/"}}]}},"_links":{"self":[{"href":"https:\/\/lainehomes.es\/es\/wp-json\/wp\/v2\/pages\/120455","targetHints":{"allow":["GET"]}}],"collection":[{"href":"https:\/\/lainehomes.es\/es\/wp-json\/wp\/v2\/pages"}],"about":[{"href":"https:\/\/lainehomes.es\/es\/wp-json\/wp\/v2\/types\/page"}],"author":[{"embeddable":true,"href":"https:\/\/lainehomes.es\/es\/wp-json\/wp\/v2\/users\/1"}],"replies":[{"embeddable":true,"href":"https:\/\/lainehomes.es\/es\/wp-json\/wp\/v2\/comments?post=120455"}],"version-history":[{"count":1,"href":"https:\/\/lainehomes.es\/es\/wp-json\/wp\/v2\/pages\/120455\/revisions"}],"predecessor-version":[{"id":120456,"href":"https:\/\/lainehomes.es\/es\/wp-json\/wp\/v2\/pages\/120455\/revisions\/120456"}],"up":[{"embeddable":true,"href":"https:\/\/lainehomes.es\/es\/wp-json\/wp\/v2\/pages\/120344"}],"wp:attachment":[{"href":"https:\/\/lainehomes.es\/es\/wp-json\/wp\/v2\/media?parent=120455"}],"curies":[{"name":"wp","href":"https:\/\/api.w.org\/{rel}","templated":true}]}}