{"id":120447,"date":"2025-01-24T10:41:37","date_gmt":"2025-01-24T08:41:37","guid":{"rendered":"https:\/\/laine.sivustamo.dev\/informacion\/presentaciones-de-la-zona\/costa-del-sol\/estepona\/"},"modified":"2025-03-21T19:22:28","modified_gmt":"2025-03-21T17:22:28","slug":"estepona","status":"publish","type":"page","link":"https:\/\/lainehomes.es\/es\/informacion\/presentaciones-de-la-zona\/costa-del-sol\/estepona\/","title":{"rendered":"Estepona"},"content":{"rendered":"\t\t<div data-elementor-type=\"wp-page\" data-elementor-id=\"120447\" class=\"elementor elementor-120447 elementor-94042\" data-elementor-post-type=\"page\">\n\t\t\t\t<div class=\"elementor-element elementor-element-4ff9518 e-con-full e-flex e-con e-parent\" data-id=\"4ff9518\" data-element_type=\"container\" data-e-type=\"container\" data-settings=\"{&quot;jet_parallax_layout_list&quot;:[]}\">\n\t\t\t\t<div class=\"elementor-element elementor-element-b14210e elementor-widget elementor-widget-heading\" data-id=\"b14210e\" data-element_type=\"widget\" data-e-type=\"widget\" data-widget_type=\"heading.default\">\n\t\t\t\t<div class=\"elementor-widget-container\">\n\t\t\t\t\t<h2 class=\"elementor-heading-title elementor-size-default\">Estepona \u2013 El encanto Andaluz y la comodidad moderna\n<\/h2>\t\t\t\t<\/div>\n\t\t\t\t<\/div>\n\t\t\t\t<div class=\"elementor-element elementor-element-a942c60 elementor-widget elementor-widget-text-editor\" data-id=\"a942c60\" data-element_type=\"widget\" data-e-type=\"widget\" data-widget_type=\"text-editor.default\">\n\t\t\t\t<div class=\"elementor-widget-container\">\n\t\t\t\t\t\t\t\t\t<p><span style=\"font-weight: 400;\">Estepona es una<\/span> <b>de las zonas residenciales m\u00e1s bellas y deseadas de la Costa del Sol<\/b><span style=\"font-weight: 400;\">, conocida por su encantador casco antiguo, su explosi\u00f3n de flores, sus magn\u00edficas playas y sus zonas residenciales de alto nivel. Se encuentra  <\/span><b>al oeste de Marbella, a unos 45 minutos en coche del aeropuerto de M\u00e1laga,<\/b> <span style=\"font-weight: 400;\">ofreciendo una alternativa m\u00e1s tranquila a las ciudades tur\u00edsticas m\u00e1s concurridas.<\/span><\/p>\n\t\t\t\t\t\t\t\t<\/div>\n\t\t\t\t<\/div>\n\t\t<div class=\"elementor-element elementor-element-36abc84 e-con-full e-flex e-con e-child\" data-id=\"36abc84\" data-element_type=\"container\" data-e-type=\"container\" data-settings=\"{&quot;jet_parallax_layout_list&quot;:[]}\">\n\t\t<div class=\"elementor-element elementor-element-f31883a e-con-full e-flex e-con e-child\" data-id=\"f31883a\" data-element_type=\"container\" data-e-type=\"container\" data-settings=\"{&quot;jet_parallax_layout_list&quot;:[]}\">\n\t\t\t\t<div class=\"elementor-element elementor-element-96004de elementor-widget elementor-widget-heading\" data-id=\"96004de\" data-element_type=\"widget\" data-e-type=\"widget\" data-widget_type=\"heading.default\">\n\t\t\t\t<div class=\"elementor-widget-container\">\n\t\t\t\t\t<h3 class=\"elementor-heading-title elementor-size-default\">\u00bfPor qu\u00e9 elegir Estepona?\n<\/h3>\t\t\t\t<\/div>\n\t\t\t\t<\/div>\n\t\t\t\t<div class=\"elementor-element elementor-element-a5cd53c elementor-widget elementor-widget-text-editor\" data-id=\"a5cd53c\" data-element_type=\"widget\" data-e-type=\"widget\" data-widget_type=\"text-editor.default\">\n\t\t\t\t<div class=\"elementor-widget-container\">\n\t\t\t\t\t\t\t\t\t<ul>\n<li style=\"font-weight: 400;\" aria-level=\"1\"><b>Ambiente tradicional Espa\u00f1ol:<\/b> <span style=\"font-weight: 400;\">el casco antiguo de Estepona es uno de los m\u00e1s bellos de Andaluc\u00eda: casas encaladas, calles adornadas con flores y plazas acogedoras crean una atm\u00f3sfera \u00fanica.<\/span><\/li>\n<li style=\"font-weight: 400;\" aria-level=\"1\"><b>Magn\u00edficas playas y paseo mar\u00edtimo<\/b>:<span style=\"font-weight: 400;\"> Estepona tiene m\u00e1s<\/span><b> de 20 kil\u00f3metros de costa<\/b>,<span style=\"font-weight: 400;\"> y el largo paseo mar\u00edtimo de la ciudad es un lugar popular para actividades al aire libre tanto para locales como para turistas.<\/span><\/li>\n<li style=\"font-weight: 400;\" aria-level=\"1\"><b>Servicios integrales y comodidades modernas:<\/b> <span style=\"font-weight: 400;\">la ciudad cuenta con una amplia gama de restaurantes, tiendas, escuelas internacionales y servicios de atenci\u00f3n m\u00e9dica de primer nivel.<\/span><\/li>\n<li style=\"font-weight: 400;\" aria-level=\"1\"><b>Para\u00edso para los golfistas<\/b>: <span style=\"font-weight: 400;\">la zona cuenta con varios campos de golf de alto nivel,<\/span> <b>como Estepona Golf, Valle Romano Golf y Finca Cortes\u00edn<\/b>, <span style=\"font-weight: 400;\">que es uno de los mejores de Europa.<\/span><\/li>\n<li style=\"font-weight: 400;\" aria-level=\"1\"><b>Zona en desarrollo y buenas oportunidades de inversi\u00f3n:<\/b><span style=\"font-weight: 400;\"> Estepona ha crecido y se ha desarrollado r\u00e1pidamente en los \u00faltimos a\u00f1os, pero a\u00fan ha conservado su aut\u00e9ntico ambiente espa\u00f1ol. El potencial de apreciaci\u00f3n del valor de las propiedades es alto y la zona ofrece buenas oportunidades tanto para un hogar propio como  <\/span><b>para una propiedad de inversi\u00f3n<\/b><span style=\"font-weight: 400;\">.<\/span><\/li>\n<li style=\"font-weight: 400;\" aria-level=\"1\"><b>Excelentes conexiones<\/b>: <span>Estepona es de f\u00e1cil acceso y est\u00e1<\/span> <b>a solo unos 20 minutos de Marbella y Puerto Ban\u00fas,<\/b> <span>donde se puede disfrutar de servicios de lujo y una animada vida nocturna.<\/span><\/li>\n<\/ul>\n\t\t\t\t\t\t\t\t<\/div>\n\t\t\t\t<\/div>\n\t\t\t\t<div class=\"elementor-element elementor-element-4f15846 elementor-widget elementor-widget-heading\" data-id=\"4f15846\" data-element_type=\"widget\" data-e-type=\"widget\" data-widget_type=\"heading.default\">\n\t\t\t\t<div class=\"elementor-widget-container\">\n\t\t\t\t\t<h3 class=\"elementor-heading-title elementor-size-default\">\u00bfPara qui\u00e9n es adecuada Estepona?\n<\/h3>\t\t\t\t<\/div>\n\t\t\t\t<\/div>\n\t\t\t\t<div class=\"elementor-element elementor-element-46b0f89 elementor-widget elementor-widget-text-editor\" data-id=\"46b0f89\" data-element_type=\"widget\" data-e-type=\"widget\" data-widget_type=\"text-editor.default\">\n\t\t\t\t<div class=\"elementor-widget-container\">\n\t\t\t\t\t\t\t\t\t<ul>\n<li><span style=\"font-weight: 400;\">Para aquellos que buscan una ciudad tranquila pero vibrante.<\/span><\/li>\n<li><span style=\"font-weight: 400;\">Para aquellos interesados en una vivienda de calidad que aprecian las vistas al mar y los edificios modernos.<\/span><\/li>\n<li><span style=\"font-weight: 400;\">Para los amantes del golf y la naturaleza.<\/span><\/li>\n<li><span style=\"font-weight: 400;\">Para los inversores que buscan una zona en crecimiento con buen potencial de apreciaci\u00f3n del valor.<\/span><\/li>\n<li><span style=\"font-weight: 400;\">Para familias con ni\u00f1os y jubilados que aprecian un entorno seguro y agradable.<\/span><\/li>\n<\/ul>\n<p><b>\u00bfEst\u00e1 buscando una propiedad en Estepona?<\/b><b>\u200e \u200e <br \/><\/b><span style=\"font-weight: 400;\">\u00a1Explore <\/span><b>las viviendas en venta en Estepona en nuestra p\u00e1gina web<\/b> <span style=\"font-weight: 400;\">o cont\u00e1ctenos y le ayudaremos a encontrar la casa perfecta en esta magn\u00edfica ciudad costera!<\/span><\/p>\n\t\t\t\t\t\t\t\t<\/div>\n\t\t\t\t<\/div>\n\t\t\t\t<\/div>\n\t\t<div class=\"elementor-element elementor-element-b999a95 e-con-full e-flex e-con e-child\" data-id=\"b999a95\" data-element_type=\"container\" data-e-type=\"container\" data-settings=\"{&quot;jet_parallax_layout_list&quot;:[]}\">\n\t\t<div class=\"elementor-element elementor-element-2e85646 e-con-full e-flex e-con e-child\" data-id=\"2e85646\" data-element_type=\"container\" data-e-type=\"container\" data-settings=\"{&quot;jet_parallax_layout_list&quot;:[]}\">\n\t\t\t\t<div class=\"elementor-element elementor-element-b2a9344 elementor-widget elementor-widget-image\" data-id=\"b2a9344\" data-element_type=\"widget\" data-e-type=\"widget\" data-widget_type=\"image.default\">\n\t\t\t\t<div class=\"elementor-widget-container\">\n\t\t\t\t\t\t\t\t\t\t\t\t\t\t\t<img decoding=\"async\" src=\"https:\/\/lainehomes.es\/wp-content\/uploads\/elementor\/thumbs\/Estepona-scaled-r2d3a5eq0mkwv4wm2o6ai6q35jd7pht3c5p5zhvtsw.jpeg\" title=\"Andalusian Street in Estapona\" alt=\"Andalusian Street in Estapona\" loading=\"lazy\" \/>\t\t\t\t\t\t\t\t\t\t\t\t\t\t\t<\/div>\n\t\t\t\t<\/div>\n\t\t\t\t<\/div>\n\t\t<div class=\"elementor-element elementor-element-5dd11f8 e-con-full e-flex e-con e-child\" data-id=\"5dd11f8\" data-element_type=\"container\" data-e-type=\"container\" data-settings=\"{&quot;jet_parallax_layout_list&quot;:[]}\">\n\t\t\t\t<div class=\"elementor-element elementor-element-ec88140 elementor-widget elementor-widget-image\" data-id=\"ec88140\" data-element_type=\"widget\" data-e-type=\"widget\" data-widget_type=\"image.default\">\n\t\t\t\t<div class=\"elementor-widget-container\">\n\t\t\t\t\t\t\t\t\t\t\t\t\t\t\t<img decoding=\"async\" src=\"https:\/\/lainehomes.es\/wp-content\/uploads\/elementor\/thumbs\/Estepona-costa-del-sol-scaled-r2d3aa3wysrch6psb87fcnje4gq1rzbr0syldvouxs.jpeg\" title=\"Boats and beautiful lighthouse building in Estepona port on Costa del Sol coast, Spain\" alt=\"Boats and beautiful lighthouse building in Estepona port on Costa del Sol coast, Spain\" loading=\"lazy\" \/>\t\t\t\t\t\t\t\t\t\t\t\t\t\t\t<\/div>\n\t\t\t\t<\/div>\n\t\t\t\t<\/div>\n\t\t\t\t<\/div>\n\t\t\t\t<\/div>\n\t\t\t\t<\/div>\n\t\t\t\t<\/div>\n\t\t","protected":false},"excerpt":{"rendered":"<p>Estepona \u2013 El encanto Andaluz y la comodidad moderna Estepona es una de las zonas residenciales m\u00e1s bellas y deseadas de la Costa del Sol, conocida por su encantador casco antiguo, su explosi\u00f3n de flores, sus magn\u00edficas playas y sus zonas residenciales de alto nivel. Se encuentra al oeste de Marbella, a unos 45 minutos [&hellip;]<\/p>\n","protected":false},"author":1,"featured_media":0,"parent":120344,"menu_order":67,"comment_status":"closed","ping_status":"closed","template":"elementor_theme","meta":{"footnotes":""},"class_list":["post-120447","page","type-page","status-publish","hentry"],"yoast_head":"<!-- This site is optimized with the Yoast SEO plugin v27.3 - https:\/\/yoast.com\/product\/yoast-seo-wordpress\/ -->\n<title>Estepona | Laine Homes<\/title>\n<meta name=\"robots\" content=\"index, follow, max-snippet:-1, max-image-preview:large, max-video-preview:-1\" \/>\n<link rel=\"canonical\" href=\"https:\/\/lainehomes.es\/es\/informacion\/presentaciones-de-la-zona\/costa-del-sol\/estepona\/\" \/>\n<meta property=\"og:locale\" content=\"es_ES\" \/>\n<meta property=\"og:type\" content=\"article\" \/>\n<meta property=\"og:title\" content=\"Estepona | Laine Homes\" \/>\n<meta property=\"og:description\" content=\"Estepona \u2013 El encanto Andaluz y la comodidad moderna Estepona es una de las zonas residenciales m\u00e1s bellas y deseadas de la Costa del Sol, conocida por su encantador casco antiguo, su explosi\u00f3n de flores, sus magn\u00edficas playas y sus zonas residenciales de alto nivel. Se encuentra al oeste de Marbella, a unos 45 minutos [&hellip;]\" \/>\n<meta property=\"og:url\" content=\"https:\/\/lainehomes.es\/es\/informacion\/presentaciones-de-la-zona\/costa-del-sol\/estepona\/\" \/>\n<meta property=\"og:site_name\" content=\"Laine Homes\" \/>\n<meta property=\"article:modified_time\" content=\"2025-03-21T17:22:28+00:00\" \/>\n<meta property=\"og:image\" content=\"https:\/\/lainehomes.es\/wp-content\/uploads\/elementor\/thumbs\/Estepona-scaled-r2d3a5eq0mkwv4wm2o6ai6q35jd7pht3c5p5zhvtsw.jpeg\" \/>\n<meta name=\"twitter:card\" content=\"summary_large_image\" \/>\n<meta name=\"twitter:label1\" content=\"Tiempo de lectura\" \/>\n\t<meta name=\"twitter:data1\" content=\"3 minutos\" \/>\n<script type=\"application\/ld+json\" class=\"yoast-schema-graph\">{\"@context\":\"https:\\\/\\\/schema.org\",\"@graph\":[{\"@type\":\"WebPage\",\"@id\":\"https:\\\/\\\/lainehomes.es\\\/es\\\/informacion\\\/presentaciones-de-la-zona\\\/costa-del-sol\\\/estepona\\\/\",\"url\":\"https:\\\/\\\/lainehomes.es\\\/es\\\/informacion\\\/presentaciones-de-la-zona\\\/costa-del-sol\\\/estepona\\\/\",\"name\":\"Estepona | Laine Homes\",\"isPartOf\":{\"@id\":\"https:\\\/\\\/lainehomes.es\\\/es\\\/#website\"},\"primaryImageOfPage\":{\"@id\":\"https:\\\/\\\/lainehomes.es\\\/es\\\/informacion\\\/presentaciones-de-la-zona\\\/costa-del-sol\\\/estepona\\\/#primaryimage\"},\"image\":{\"@id\":\"https:\\\/\\\/lainehomes.es\\\/es\\\/informacion\\\/presentaciones-de-la-zona\\\/costa-del-sol\\\/estepona\\\/#primaryimage\"},\"thumbnailUrl\":\"https:\\\/\\\/lainehomes.es\\\/wp-content\\\/uploads\\\/elementor\\\/thumbs\\\/Estepona-scaled-r2d3a5eq0mkwv4wm2o6ai6q35jd7pht3c5p5zhvtsw.jpeg\",\"datePublished\":\"2025-01-24T08:41:37+00:00\",\"dateModified\":\"2025-03-21T17:22:28+00:00\",\"breadcrumb\":{\"@id\":\"https:\\\/\\\/lainehomes.es\\\/es\\\/informacion\\\/presentaciones-de-la-zona\\\/costa-del-sol\\\/estepona\\\/#breadcrumb\"},\"inLanguage\":\"es\",\"potentialAction\":[{\"@type\":\"ReadAction\",\"target\":[\"https:\\\/\\\/lainehomes.es\\\/es\\\/informacion\\\/presentaciones-de-la-zona\\\/costa-del-sol\\\/estepona\\\/\"]}]},{\"@type\":\"ImageObject\",\"inLanguage\":\"es\",\"@id\":\"https:\\\/\\\/lainehomes.es\\\/es\\\/informacion\\\/presentaciones-de-la-zona\\\/costa-del-sol\\\/estepona\\\/#primaryimage\",\"url\":\"https:\\\/\\\/lainehomes.es\\\/wp-content\\\/uploads\\\/elementor\\\/thumbs\\\/Estepona-scaled-r2d3a5eq0mkwv4wm2o6ai6q35jd7pht3c5p5zhvtsw.jpeg\",\"contentUrl\":\"https:\\\/\\\/lainehomes.es\\\/wp-content\\\/uploads\\\/elementor\\\/thumbs\\\/Estepona-scaled-r2d3a5eq0mkwv4wm2o6ai6q35jd7pht3c5p5zhvtsw.jpeg\"},{\"@type\":\"BreadcrumbList\",\"@id\":\"https:\\\/\\\/lainehomes.es\\\/es\\\/informacion\\\/presentaciones-de-la-zona\\\/costa-del-sol\\\/estepona\\\/#breadcrumb\",\"itemListElement\":[{\"@type\":\"ListItem\",\"position\":1,\"name\":\"Etusivu\",\"item\":\"https:\\\/\\\/lainehomes.es\\\/es\\\/\"},{\"@type\":\"ListItem\",\"position\":2,\"name\":\"Informaci\u00f3n\",\"item\":\"https:\\\/\\\/lainehomes.es\\\/es\\\/informacion\\\/\"},{\"@type\":\"ListItem\",\"position\":3,\"name\":\"Presentaciones de la zona\",\"item\":\"https:\\\/\\\/lainehomes.es\\\/es\\\/informacion\\\/presentaciones-de-la-zona\\\/\"},{\"@type\":\"ListItem\",\"position\":4,\"name\":\"Costa del Sol\",\"item\":\"https:\\\/\\\/lainehomes.es\\\/es\\\/informacion\\\/presentaciones-de-la-zona\\\/costa-del-sol\\\/\"},{\"@type\":\"ListItem\",\"position\":5,\"name\":\"Estepona\"}]},{\"@type\":\"WebSite\",\"@id\":\"https:\\\/\\\/lainehomes.es\\\/es\\\/#website\",\"url\":\"https:\\\/\\\/lainehomes.es\\\/es\\\/\",\"name\":\"Laine Homes\",\"description\":\"Homes and Villas Spain\",\"publisher\":{\"@id\":\"https:\\\/\\\/lainehomes.es\\\/es\\\/#organization\"},\"potentialAction\":[{\"@type\":\"SearchAction\",\"target\":{\"@type\":\"EntryPoint\",\"urlTemplate\":\"https:\\\/\\\/lainehomes.es\\\/es\\\/?s={search_term_string}\"},\"query-input\":{\"@type\":\"PropertyValueSpecification\",\"valueRequired\":true,\"valueName\":\"search_term_string\"}}],\"inLanguage\":\"es\"},{\"@type\":\"Organization\",\"@id\":\"https:\\\/\\\/lainehomes.es\\\/es\\\/#organization\",\"name\":\"Laine Homes\",\"url\":\"https:\\\/\\\/lainehomes.es\\\/es\\\/\",\"logo\":{\"@type\":\"ImageObject\",\"inLanguage\":\"es\",\"@id\":\"https:\\\/\\\/lainehomes.es\\\/es\\\/#\\\/schema\\\/logo\\\/image\\\/\",\"url\":\"https:\\\/\\\/lainehomes.es\\\/wp-content\\\/uploads\\\/2022\\\/02\\\/LAINETOIMIALA-WHITE.svg\",\"contentUrl\":\"https:\\\/\\\/lainehomes.es\\\/wp-content\\\/uploads\\\/2022\\\/02\\\/LAINETOIMIALA-WHITE.svg\",\"width\":372.96,\"height\":80.53,\"caption\":\"Laine Homes\"},\"image\":{\"@id\":\"https:\\\/\\\/lainehomes.es\\\/es\\\/#\\\/schema\\\/logo\\\/image\\\/\"}}]}<\/script>\n<!-- \/ Yoast SEO plugin. -->","yoast_head_json":{"title":"Estepona | Laine Homes","robots":{"index":"index","follow":"follow","max-snippet":"max-snippet:-1","max-image-preview":"max-image-preview:large","max-video-preview":"max-video-preview:-1"},"canonical":"https:\/\/lainehomes.es\/es\/informacion\/presentaciones-de-la-zona\/costa-del-sol\/estepona\/","og_locale":"es_ES","og_type":"article","og_title":"Estepona | Laine Homes","og_description":"Estepona \u2013 El encanto Andaluz y la comodidad moderna Estepona es una de las zonas residenciales m\u00e1s bellas y deseadas de la Costa del Sol, conocida por su encantador casco antiguo, su explosi\u00f3n de flores, sus magn\u00edficas playas y sus zonas residenciales de alto nivel. Se encuentra al oeste de Marbella, a unos 45 minutos [&hellip;]","og_url":"https:\/\/lainehomes.es\/es\/informacion\/presentaciones-de-la-zona\/costa-del-sol\/estepona\/","og_site_name":"Laine Homes","article_modified_time":"2025-03-21T17:22:28+00:00","og_image":[{"url":"https:\/\/lainehomes.es\/wp-content\/uploads\/elementor\/thumbs\/Estepona-scaled-r2d3a5eq0mkwv4wm2o6ai6q35jd7pht3c5p5zhvtsw.jpeg","type":"","width":"","height":""}],"twitter_card":"summary_large_image","twitter_misc":{"Tiempo de lectura":"3 minutos"},"schema":{"@context":"https:\/\/schema.org","@graph":[{"@type":"WebPage","@id":"https:\/\/lainehomes.es\/es\/informacion\/presentaciones-de-la-zona\/costa-del-sol\/estepona\/","url":"https:\/\/lainehomes.es\/es\/informacion\/presentaciones-de-la-zona\/costa-del-sol\/estepona\/","name":"Estepona | Laine Homes","isPartOf":{"@id":"https:\/\/lainehomes.es\/es\/#website"},"primaryImageOfPage":{"@id":"https:\/\/lainehomes.es\/es\/informacion\/presentaciones-de-la-zona\/costa-del-sol\/estepona\/#primaryimage"},"image":{"@id":"https:\/\/lainehomes.es\/es\/informacion\/presentaciones-de-la-zona\/costa-del-sol\/estepona\/#primaryimage"},"thumbnailUrl":"https:\/\/lainehomes.es\/wp-content\/uploads\/elementor\/thumbs\/Estepona-scaled-r2d3a5eq0mkwv4wm2o6ai6q35jd7pht3c5p5zhvtsw.jpeg","datePublished":"2025-01-24T08:41:37+00:00","dateModified":"2025-03-21T17:22:28+00:00","breadcrumb":{"@id":"https:\/\/lainehomes.es\/es\/informacion\/presentaciones-de-la-zona\/costa-del-sol\/estepona\/#breadcrumb"},"inLanguage":"es","potentialAction":[{"@type":"ReadAction","target":["https:\/\/lainehomes.es\/es\/informacion\/presentaciones-de-la-zona\/costa-del-sol\/estepona\/"]}]},{"@type":"ImageObject","inLanguage":"es","@id":"https:\/\/lainehomes.es\/es\/informacion\/presentaciones-de-la-zona\/costa-del-sol\/estepona\/#primaryimage","url":"https:\/\/lainehomes.es\/wp-content\/uploads\/elementor\/thumbs\/Estepona-scaled-r2d3a5eq0mkwv4wm2o6ai6q35jd7pht3c5p5zhvtsw.jpeg","contentUrl":"https:\/\/lainehomes.es\/wp-content\/uploads\/elementor\/thumbs\/Estepona-scaled-r2d3a5eq0mkwv4wm2o6ai6q35jd7pht3c5p5zhvtsw.jpeg"},{"@type":"BreadcrumbList","@id":"https:\/\/lainehomes.es\/es\/informacion\/presentaciones-de-la-zona\/costa-del-sol\/estepona\/#breadcrumb","itemListElement":[{"@type":"ListItem","position":1,"name":"Etusivu","item":"https:\/\/lainehomes.es\/es\/"},{"@type":"ListItem","position":2,"name":"Informaci\u00f3n","item":"https:\/\/lainehomes.es\/es\/informacion\/"},{"@type":"ListItem","position":3,"name":"Presentaciones de la zona","item":"https:\/\/lainehomes.es\/es\/informacion\/presentaciones-de-la-zona\/"},{"@type":"ListItem","position":4,"name":"Costa del Sol","item":"https:\/\/lainehomes.es\/es\/informacion\/presentaciones-de-la-zona\/costa-del-sol\/"},{"@type":"ListItem","position":5,"name":"Estepona"}]},{"@type":"WebSite","@id":"https:\/\/lainehomes.es\/es\/#website","url":"https:\/\/lainehomes.es\/es\/","name":"Laine Homes","description":"Homes and Villas Spain","publisher":{"@id":"https:\/\/lainehomes.es\/es\/#organization"},"potentialAction":[{"@type":"SearchAction","target":{"@type":"EntryPoint","urlTemplate":"https:\/\/lainehomes.es\/es\/?s={search_term_string}"},"query-input":{"@type":"PropertyValueSpecification","valueRequired":true,"valueName":"search_term_string"}}],"inLanguage":"es"},{"@type":"Organization","@id":"https:\/\/lainehomes.es\/es\/#organization","name":"Laine Homes","url":"https:\/\/lainehomes.es\/es\/","logo":{"@type":"ImageObject","inLanguage":"es","@id":"https:\/\/lainehomes.es\/es\/#\/schema\/logo\/image\/","url":"https:\/\/lainehomes.es\/wp-content\/uploads\/2022\/02\/LAINETOIMIALA-WHITE.svg","contentUrl":"https:\/\/lainehomes.es\/wp-content\/uploads\/2022\/02\/LAINETOIMIALA-WHITE.svg","width":372.96,"height":80.53,"caption":"Laine Homes"},"image":{"@id":"https:\/\/lainehomes.es\/es\/#\/schema\/logo\/image\/"}}]}},"_links":{"self":[{"href":"https:\/\/lainehomes.es\/es\/wp-json\/wp\/v2\/pages\/120447","targetHints":{"allow":["GET"]}}],"collection":[{"href":"https:\/\/lainehomes.es\/es\/wp-json\/wp\/v2\/pages"}],"about":[{"href":"https:\/\/lainehomes.es\/es\/wp-json\/wp\/v2\/types\/page"}],"author":[{"embeddable":true,"href":"https:\/\/lainehomes.es\/es\/wp-json\/wp\/v2\/users\/1"}],"replies":[{"embeddable":true,"href":"https:\/\/lainehomes.es\/es\/wp-json\/wp\/v2\/comments?post=120447"}],"version-history":[{"count":1,"href":"https:\/\/lainehomes.es\/es\/wp-json\/wp\/v2\/pages\/120447\/revisions"}],"predecessor-version":[{"id":120448,"href":"https:\/\/lainehomes.es\/es\/wp-json\/wp\/v2\/pages\/120447\/revisions\/120448"}],"up":[{"embeddable":true,"href":"https:\/\/lainehomes.es\/es\/wp-json\/wp\/v2\/pages\/120344"}],"wp:attachment":[{"href":"https:\/\/lainehomes.es\/es\/wp-json\/wp\/v2\/media?parent=120447"}],"curies":[{"name":"wp","href":"https:\/\/api.w.org\/{rel}","templated":true}]}}