{"id":120421,"date":"2025-01-24T10:29:10","date_gmt":"2025-01-24T08:29:10","guid":{"rendered":"https:\/\/laine.sivustamo.dev\/informacion\/presentaciones-de-la-zona\/costa-del-sol\/benahavis\/"},"modified":"2025-03-21T19:21:01","modified_gmt":"2025-03-21T17:21:01","slug":"benahavis","status":"publish","type":"page","link":"https:\/\/lainehomes.es\/es\/informacion\/presentaciones-de-la-zona\/costa-del-sol\/benahavis\/","title":{"rendered":"Benahavis"},"content":{"rendered":"\t\t<div data-elementor-type=\"wp-page\" data-elementor-id=\"120421\" class=\"elementor elementor-120421 elementor-94015\" data-elementor-post-type=\"page\">\n\t\t\t\t<div class=\"elementor-element elementor-element-6365810 e-con-full e-flex e-con e-parent\" data-id=\"6365810\" data-element_type=\"container\" data-e-type=\"container\" data-settings=\"{&quot;jet_parallax_layout_list&quot;:[]}\">\n\t\t<div class=\"elementor-element elementor-element-02122b8 e-con-full e-flex e-con e-child\" data-id=\"02122b8\" data-element_type=\"container\" data-e-type=\"container\" data-settings=\"{&quot;jet_parallax_layout_list&quot;:[]}\">\n\t\t\t\t<div class=\"elementor-element elementor-element-7218fb9 elementor-widget elementor-widget-heading\" data-id=\"7218fb9\" data-element_type=\"widget\" data-e-type=\"widget\" data-widget_type=\"heading.default\">\n\t\t\t\t<div class=\"elementor-widget-container\">\n\t\t\t\t\t<h2 class=\"elementor-heading-title elementor-size-default\">Benahav\u00eds \u2013 La perla de Andaluc\u00eda entre naturaleza y lujo<\/h2>\t\t\t\t<\/div>\n\t\t\t\t<\/div>\n\t\t\t\t<div class=\"elementor-element elementor-element-32903e4 elementor-widget elementor-widget-text-editor\" data-id=\"32903e4\" data-element_type=\"widget\" data-e-type=\"widget\" data-widget_type=\"text-editor.default\">\n\t\t\t\t<div class=\"elementor-widget-container\">\n\t\t\t\t\t\t\t\t\t<p><span style=\"font-weight: 400;\">Benahav\u00eds es una<\/span> <b>de las zonas residenciales m\u00e1s exclusivas y encantadoras de la Costa del Sol<\/b><span style=\"font-weight: 400;\">, ubicada a solo unos 10 minutos en coche de Marbella y Puerto Ban\u00fas. Este tradicional pueblo de monta\u00f1a Andaluz es conocido especialmente por su impresionante naturaleza, sus restaurantes de alta calidad y sus zonas residenciales de alto nivel, que atraen tanto a inversores adinerados como a residentes amantes de la paz. <\/span><\/p>\n\t\t\t\t\t\t\t\t<\/div>\n\t\t\t\t<\/div>\n\t\t<div class=\"elementor-element elementor-element-bb8f908 e-con-full e-flex e-con e-child\" data-id=\"bb8f908\" data-element_type=\"container\" data-e-type=\"container\" data-settings=\"{&quot;jet_parallax_layout_list&quot;:[]}\">\n\t\t\t\t<div class=\"elementor-element elementor-element-011d32a elementor-widget elementor-widget-heading\" data-id=\"011d32a\" data-element_type=\"widget\" data-e-type=\"widget\" data-widget_type=\"heading.default\">\n\t\t\t\t<div class=\"elementor-widget-container\">\n\t\t\t\t\t<h3 class=\"elementor-heading-title elementor-size-default\">\u00bfPor qu\u00e9 elegir Benahav\u00eds como zona residencial?\n<\/h3>\t\t\t\t<\/div>\n\t\t\t\t<\/div>\n\t\t\t\t<div class=\"elementor-element elementor-element-d18c90b elementor-widget elementor-widget-text-editor\" data-id=\"d18c90b\" data-element_type=\"widget\" data-e-type=\"widget\" data-widget_type=\"text-editor.default\">\n\t\t\t\t<div class=\"elementor-widget-container\">\n\t\t\t\t\t\t\t\t\t<ul>\n<li style=\"font-weight: 400;\" aria-level=\"1\"><b>Ubicaci\u00f3n exclusiva y entorno tranquilo:<\/b> <span style=\"font-weight: 400;\">Benahav\u00eds ofrece una combinaci\u00f3n perfecta<\/span> <b>de cercan\u00eda a la naturaleza y lujo<\/b>, <span style=\"font-weight: 400;\">lejos de las zonas tur\u00edsticas m\u00e1s concurridas de la costa, pero a\u00fan cerca de ellas.<\/span><\/li>\n<li style=\"font-weight: 400;\" aria-level=\"1\"><b>Centro gastron\u00f3mico:<\/b> <span style=\"font-weight: 400;\">El pueblo es conocido como<\/span> <b>la \u00abcapital gastron\u00f3mica de la Costa del Sol\u00bb<\/b>,<span style=\"font-weight: 400;\"> y sus numerosos restaurantes de primera clase ofrecen deliciosas experiencias culinarias Andaluzas.<\/span><\/li>\n<li style=\"font-weight: 400;\" aria-level=\"1\"><b>Impresionantes paisajes y oportunidades al aire libre:<\/b> <span style=\"font-weight: 400;\">La zona cuenta con impresionantes rutas de senderismo, valles verdes y escarpados paisajes monta\u00f1osos, que ofrecen el escenario perfecto para disfrutar de la naturaleza.<\/span><\/li>\n<li style=\"font-weight: 400;\" aria-level=\"1\"><b>Para\u00edso para los amantes del golf:<\/b> <span style=\"font-weight: 400;\">En la zona de Benahav\u00eds se encuentran varios<\/span> <b>de los campos de golf m\u00e1s prestigiosos de Europa,<\/b><span style=\"font-weight: 400;\"> como La Quinta Golf, Los Arqueros Golf y Marbella Club Golf Resort.<\/span><\/li>\n<li style=\"font-weight: 400;\" aria-level=\"1\"><b>Zonas residenciales prestigiosas y apartamentos de lujo:<\/b> <span>Benahav\u00eds cuenta con muchas zonas residenciales cerradas y propiedades de lujo, como La Zagaleta, El Madro\u00f1al y Los Flamingos, que atraen a compradores e inversores internacionales.<\/span><\/li>\n<\/ul>\n\t\t\t\t\t\t\t\t<\/div>\n\t\t\t\t<\/div>\n\t\t\t\t<div class=\"elementor-element elementor-element-0ee2271 elementor-widget elementor-widget-heading\" data-id=\"0ee2271\" data-element_type=\"widget\" data-e-type=\"widget\" data-widget_type=\"heading.default\">\n\t\t\t\t<div class=\"elementor-widget-container\">\n\t\t\t\t\t<h3 class=\"elementor-heading-title elementor-size-default\">\u00bfPara qui\u00e9n es adecuado Benahav\u00eds?\n<\/h3>\t\t\t\t<\/div>\n\t\t\t\t<\/div>\n\t\t\t\t<\/div>\n\t\t\t\t<div class=\"elementor-element elementor-element-198b15a elementor-widget elementor-widget-text-editor\" data-id=\"198b15a\" data-element_type=\"widget\" data-e-type=\"widget\" data-widget_type=\"text-editor.default\">\n\t\t\t\t<div class=\"elementor-widget-container\">\n\t\t\t\t\t\t\t\t\t<ul>\n<li><span style=\"font-weight: 400;\">Para aquellos que buscan una zona residencial tranquila y de alto nivel.<\/span><\/li>\n<li><span style=\"font-weight: 400;\">Para los amantes del golf, la naturaleza y un estilo de vida de calidad.<\/span><\/li>\n<li><span style=\"font-weight: 400;\">Para los inversores que buscan propiedades de lujo que conserven su valor.<\/span><\/li>\n<li><span style=\"font-weight: 400;\">Para los gourmets que aprecian la oferta gastron\u00f3mica de la zona.<\/span><\/li>\n<\/ul>\n<p><b>\u00bfEst\u00e1 buscando una vivienda en Benahav\u00eds?<\/b><b> <br \/><\/b><span style=\"font-weight: 400;\">\u00a1Explore<\/span> <b>las propiedades en venta en Benahav\u00eds en nuestro sitio web o cont\u00e1ctenos<\/b> <span style=\"font-weight: 400;\">y le ayudaremos a encontrar la casa perfecta en esta zona Andaluza \u00fanica!<\/span><\/p>\n\t\t\t\t\t\t\t\t<\/div>\n\t\t\t\t<\/div>\n\t\t<div class=\"elementor-element elementor-element-d605817 e-con-full e-flex e-con e-child\" data-id=\"d605817\" data-element_type=\"container\" data-e-type=\"container\" data-settings=\"{&quot;jet_parallax_layout_list&quot;:[]}\">\n\t\t<div class=\"elementor-element elementor-element-00f5c99 e-con-full e-flex e-con e-child\" data-id=\"00f5c99\" data-element_type=\"container\" data-e-type=\"container\" data-settings=\"{&quot;jet_parallax_layout_list&quot;:[]}\">\n\t\t\t\t<div class=\"elementor-element elementor-element-256e1de elementor-widget elementor-widget-image\" data-id=\"256e1de\" data-element_type=\"widget\" data-e-type=\"widget\" data-widget_type=\"image.default\">\n\t\t\t\t<div class=\"elementor-widget-container\">\n\t\t\t\t\t\t\t\t\t\t\t\t\t\t\t<img decoding=\"async\" src=\"https:\/\/lainehomes.es\/wp-content\/uploads\/elementor\/thumbs\/Benahavis-scaled-r2d39iulglq14htdqef8ucf0wagekrbj921igut9y8.jpeg\" title=\"Club de Golf El Higueral, Benahavis, Andalusia, Spain\" alt=\"Club de Golf El Higueral in Benahavis, Malaga, Spain\" loading=\"lazy\" \/>\t\t\t\t\t\t\t\t\t\t\t\t\t\t\t<\/div>\n\t\t\t\t<\/div>\n\t\t\t\t<\/div>\n\t\t<div class=\"elementor-element elementor-element-6de36e9 e-con-full e-flex e-con e-child\" data-id=\"6de36e9\" data-element_type=\"container\" data-e-type=\"container\" data-settings=\"{&quot;jet_parallax_layout_list&quot;:[]}\">\n\t\t\t\t<div class=\"elementor-element elementor-element-5ce5e62 elementor-widget elementor-widget-image\" data-id=\"5ce5e62\" data-element_type=\"widget\" data-e-type=\"widget\" data-widget_type=\"image.default\">\n\t\t\t\t<div class=\"elementor-widget-container\">\n\t\t\t\t\t\t\t\t\t\t\t\t\t\t\t<img decoding=\"async\" src=\"https:\/\/lainehomes.es\/wp-content\/uploads\/elementor\/thumbs\/Benahavis-costa-del-sol-scaled-r2d39lo413tw3bpa9xn4jtpeog2i7umq9fzywop3fk.jpeg\" title=\"Public gardens in the centre of a white village, Benahavis, Spain.\" alt=\"Public gardens, Pueblo Blanco, Benahavis, Costa del Sol, Malaga Province, Andalucia, Spain, Western Europe.\" loading=\"lazy\" \/>\t\t\t\t\t\t\t\t\t\t\t\t\t\t\t<\/div>\n\t\t\t\t<\/div>\n\t\t\t\t<\/div>\n\t\t\t\t<\/div>\n\t\t\t\t<\/div>\n\t\t\t\t<\/div>\n\t\t\t\t<\/div>\n\t\t","protected":false},"excerpt":{"rendered":"<p>Benahav\u00eds \u2013 La perla de Andaluc\u00eda entre naturaleza y lujo Benahav\u00eds es una de las zonas residenciales m\u00e1s exclusivas y encantadoras de la Costa del Sol, ubicada a solo unos 10 minutos en coche de Marbella y Puerto Ban\u00fas. Este tradicional pueblo de monta\u00f1a Andaluz es conocido especialmente por su impresionante naturaleza, sus restaurantes de [&hellip;]<\/p>\n","protected":false},"author":1,"featured_media":0,"parent":120344,"menu_order":59,"comment_status":"closed","ping_status":"closed","template":"elementor_theme","meta":{"footnotes":""},"class_list":["post-120421","page","type-page","status-publish","hentry"],"yoast_head":"<!-- This site is optimized with the Yoast SEO plugin v27.3 - https:\/\/yoast.com\/product\/yoast-seo-wordpress\/ -->\n<title>Benahavis | Laine Homes<\/title>\n<meta name=\"robots\" content=\"index, follow, max-snippet:-1, max-image-preview:large, max-video-preview:-1\" \/>\n<link rel=\"canonical\" href=\"https:\/\/lainehomes.es\/es\/informacion\/presentaciones-de-la-zona\/costa-del-sol\/benahavis\/\" \/>\n<meta property=\"og:locale\" content=\"es_ES\" \/>\n<meta property=\"og:type\" content=\"article\" \/>\n<meta property=\"og:title\" content=\"Benahavis | Laine Homes\" \/>\n<meta property=\"og:description\" content=\"Benahav\u00eds \u2013 La perla de Andaluc\u00eda entre naturaleza y lujo Benahav\u00eds es una de las zonas residenciales m\u00e1s exclusivas y encantadoras de la Costa del Sol, ubicada a solo unos 10 minutos en coche de Marbella y Puerto Ban\u00fas. Este tradicional pueblo de monta\u00f1a Andaluz es conocido especialmente por su impresionante naturaleza, sus restaurantes de [&hellip;]\" \/>\n<meta property=\"og:url\" content=\"https:\/\/lainehomes.es\/es\/informacion\/presentaciones-de-la-zona\/costa-del-sol\/benahavis\/\" \/>\n<meta property=\"og:site_name\" content=\"Laine Homes\" \/>\n<meta property=\"article:modified_time\" content=\"2025-03-21T17:21:01+00:00\" \/>\n<meta property=\"og:image\" content=\"https:\/\/lainehomes.es\/wp-content\/uploads\/elementor\/thumbs\/Benahavis-scaled-r2d39iulglq14htdqef8ucf0wagekrbj921igut9y8.jpeg\" \/>\n<meta name=\"twitter:card\" content=\"summary_large_image\" \/>\n<meta name=\"twitter:label1\" content=\"Tiempo de lectura\" \/>\n\t<meta name=\"twitter:data1\" content=\"3 minutos\" \/>\n<script type=\"application\/ld+json\" class=\"yoast-schema-graph\">{\"@context\":\"https:\\\/\\\/schema.org\",\"@graph\":[{\"@type\":\"WebPage\",\"@id\":\"https:\\\/\\\/lainehomes.es\\\/es\\\/informacion\\\/presentaciones-de-la-zona\\\/costa-del-sol\\\/benahavis\\\/\",\"url\":\"https:\\\/\\\/lainehomes.es\\\/es\\\/informacion\\\/presentaciones-de-la-zona\\\/costa-del-sol\\\/benahavis\\\/\",\"name\":\"Benahavis | Laine Homes\",\"isPartOf\":{\"@id\":\"https:\\\/\\\/lainehomes.es\\\/es\\\/#website\"},\"primaryImageOfPage\":{\"@id\":\"https:\\\/\\\/lainehomes.es\\\/es\\\/informacion\\\/presentaciones-de-la-zona\\\/costa-del-sol\\\/benahavis\\\/#primaryimage\"},\"image\":{\"@id\":\"https:\\\/\\\/lainehomes.es\\\/es\\\/informacion\\\/presentaciones-de-la-zona\\\/costa-del-sol\\\/benahavis\\\/#primaryimage\"},\"thumbnailUrl\":\"https:\\\/\\\/lainehomes.es\\\/wp-content\\\/uploads\\\/elementor\\\/thumbs\\\/Benahavis-scaled-r2d39iulglq14htdqef8ucf0wagekrbj921igut9y8.jpeg\",\"datePublished\":\"2025-01-24T08:29:10+00:00\",\"dateModified\":\"2025-03-21T17:21:01+00:00\",\"breadcrumb\":{\"@id\":\"https:\\\/\\\/lainehomes.es\\\/es\\\/informacion\\\/presentaciones-de-la-zona\\\/costa-del-sol\\\/benahavis\\\/#breadcrumb\"},\"inLanguage\":\"es\",\"potentialAction\":[{\"@type\":\"ReadAction\",\"target\":[\"https:\\\/\\\/lainehomes.es\\\/es\\\/informacion\\\/presentaciones-de-la-zona\\\/costa-del-sol\\\/benahavis\\\/\"]}]},{\"@type\":\"ImageObject\",\"inLanguage\":\"es\",\"@id\":\"https:\\\/\\\/lainehomes.es\\\/es\\\/informacion\\\/presentaciones-de-la-zona\\\/costa-del-sol\\\/benahavis\\\/#primaryimage\",\"url\":\"https:\\\/\\\/lainehomes.es\\\/wp-content\\\/uploads\\\/elementor\\\/thumbs\\\/Benahavis-scaled-r2d39iulglq14htdqef8ucf0wagekrbj921igut9y8.jpeg\",\"contentUrl\":\"https:\\\/\\\/lainehomes.es\\\/wp-content\\\/uploads\\\/elementor\\\/thumbs\\\/Benahavis-scaled-r2d39iulglq14htdqef8ucf0wagekrbj921igut9y8.jpeg\"},{\"@type\":\"BreadcrumbList\",\"@id\":\"https:\\\/\\\/lainehomes.es\\\/es\\\/informacion\\\/presentaciones-de-la-zona\\\/costa-del-sol\\\/benahavis\\\/#breadcrumb\",\"itemListElement\":[{\"@type\":\"ListItem\",\"position\":1,\"name\":\"Etusivu\",\"item\":\"https:\\\/\\\/lainehomes.es\\\/es\\\/\"},{\"@type\":\"ListItem\",\"position\":2,\"name\":\"Informaci\u00f3n\",\"item\":\"https:\\\/\\\/lainehomes.es\\\/es\\\/informacion\\\/\"},{\"@type\":\"ListItem\",\"position\":3,\"name\":\"Presentaciones de la zona\",\"item\":\"https:\\\/\\\/lainehomes.es\\\/es\\\/informacion\\\/presentaciones-de-la-zona\\\/\"},{\"@type\":\"ListItem\",\"position\":4,\"name\":\"Costa del Sol\",\"item\":\"https:\\\/\\\/lainehomes.es\\\/es\\\/informacion\\\/presentaciones-de-la-zona\\\/costa-del-sol\\\/\"},{\"@type\":\"ListItem\",\"position\":5,\"name\":\"Benahavis\"}]},{\"@type\":\"WebSite\",\"@id\":\"https:\\\/\\\/lainehomes.es\\\/es\\\/#website\",\"url\":\"https:\\\/\\\/lainehomes.es\\\/es\\\/\",\"name\":\"Laine Homes\",\"description\":\"Homes and Villas Spain\",\"publisher\":{\"@id\":\"https:\\\/\\\/lainehomes.es\\\/es\\\/#organization\"},\"potentialAction\":[{\"@type\":\"SearchAction\",\"target\":{\"@type\":\"EntryPoint\",\"urlTemplate\":\"https:\\\/\\\/lainehomes.es\\\/es\\\/?s={search_term_string}\"},\"query-input\":{\"@type\":\"PropertyValueSpecification\",\"valueRequired\":true,\"valueName\":\"search_term_string\"}}],\"inLanguage\":\"es\"},{\"@type\":\"Organization\",\"@id\":\"https:\\\/\\\/lainehomes.es\\\/es\\\/#organization\",\"name\":\"Laine Homes\",\"url\":\"https:\\\/\\\/lainehomes.es\\\/es\\\/\",\"logo\":{\"@type\":\"ImageObject\",\"inLanguage\":\"es\",\"@id\":\"https:\\\/\\\/lainehomes.es\\\/es\\\/#\\\/schema\\\/logo\\\/image\\\/\",\"url\":\"https:\\\/\\\/lainehomes.es\\\/wp-content\\\/uploads\\\/2022\\\/02\\\/LAINETOIMIALA-WHITE.svg\",\"contentUrl\":\"https:\\\/\\\/lainehomes.es\\\/wp-content\\\/uploads\\\/2022\\\/02\\\/LAINETOIMIALA-WHITE.svg\",\"width\":372.96,\"height\":80.53,\"caption\":\"Laine Homes\"},\"image\":{\"@id\":\"https:\\\/\\\/lainehomes.es\\\/es\\\/#\\\/schema\\\/logo\\\/image\\\/\"}}]}<\/script>\n<!-- \/ Yoast SEO plugin. -->","yoast_head_json":{"title":"Benahavis | Laine Homes","robots":{"index":"index","follow":"follow","max-snippet":"max-snippet:-1","max-image-preview":"max-image-preview:large","max-video-preview":"max-video-preview:-1"},"canonical":"https:\/\/lainehomes.es\/es\/informacion\/presentaciones-de-la-zona\/costa-del-sol\/benahavis\/","og_locale":"es_ES","og_type":"article","og_title":"Benahavis | Laine Homes","og_description":"Benahav\u00eds \u2013 La perla de Andaluc\u00eda entre naturaleza y lujo Benahav\u00eds es una de las zonas residenciales m\u00e1s exclusivas y encantadoras de la Costa del Sol, ubicada a solo unos 10 minutos en coche de Marbella y Puerto Ban\u00fas. Este tradicional pueblo de monta\u00f1a Andaluz es conocido especialmente por su impresionante naturaleza, sus restaurantes de [&hellip;]","og_url":"https:\/\/lainehomes.es\/es\/informacion\/presentaciones-de-la-zona\/costa-del-sol\/benahavis\/","og_site_name":"Laine Homes","article_modified_time":"2025-03-21T17:21:01+00:00","og_image":[{"url":"https:\/\/lainehomes.es\/wp-content\/uploads\/elementor\/thumbs\/Benahavis-scaled-r2d39iulglq14htdqef8ucf0wagekrbj921igut9y8.jpeg","type":"","width":"","height":""}],"twitter_card":"summary_large_image","twitter_misc":{"Tiempo de lectura":"3 minutos"},"schema":{"@context":"https:\/\/schema.org","@graph":[{"@type":"WebPage","@id":"https:\/\/lainehomes.es\/es\/informacion\/presentaciones-de-la-zona\/costa-del-sol\/benahavis\/","url":"https:\/\/lainehomes.es\/es\/informacion\/presentaciones-de-la-zona\/costa-del-sol\/benahavis\/","name":"Benahavis | Laine Homes","isPartOf":{"@id":"https:\/\/lainehomes.es\/es\/#website"},"primaryImageOfPage":{"@id":"https:\/\/lainehomes.es\/es\/informacion\/presentaciones-de-la-zona\/costa-del-sol\/benahavis\/#primaryimage"},"image":{"@id":"https:\/\/lainehomes.es\/es\/informacion\/presentaciones-de-la-zona\/costa-del-sol\/benahavis\/#primaryimage"},"thumbnailUrl":"https:\/\/lainehomes.es\/wp-content\/uploads\/elementor\/thumbs\/Benahavis-scaled-r2d39iulglq14htdqef8ucf0wagekrbj921igut9y8.jpeg","datePublished":"2025-01-24T08:29:10+00:00","dateModified":"2025-03-21T17:21:01+00:00","breadcrumb":{"@id":"https:\/\/lainehomes.es\/es\/informacion\/presentaciones-de-la-zona\/costa-del-sol\/benahavis\/#breadcrumb"},"inLanguage":"es","potentialAction":[{"@type":"ReadAction","target":["https:\/\/lainehomes.es\/es\/informacion\/presentaciones-de-la-zona\/costa-del-sol\/benahavis\/"]}]},{"@type":"ImageObject","inLanguage":"es","@id":"https:\/\/lainehomes.es\/es\/informacion\/presentaciones-de-la-zona\/costa-del-sol\/benahavis\/#primaryimage","url":"https:\/\/lainehomes.es\/wp-content\/uploads\/elementor\/thumbs\/Benahavis-scaled-r2d39iulglq14htdqef8ucf0wagekrbj921igut9y8.jpeg","contentUrl":"https:\/\/lainehomes.es\/wp-content\/uploads\/elementor\/thumbs\/Benahavis-scaled-r2d39iulglq14htdqef8ucf0wagekrbj921igut9y8.jpeg"},{"@type":"BreadcrumbList","@id":"https:\/\/lainehomes.es\/es\/informacion\/presentaciones-de-la-zona\/costa-del-sol\/benahavis\/#breadcrumb","itemListElement":[{"@type":"ListItem","position":1,"name":"Etusivu","item":"https:\/\/lainehomes.es\/es\/"},{"@type":"ListItem","position":2,"name":"Informaci\u00f3n","item":"https:\/\/lainehomes.es\/es\/informacion\/"},{"@type":"ListItem","position":3,"name":"Presentaciones de la zona","item":"https:\/\/lainehomes.es\/es\/informacion\/presentaciones-de-la-zona\/"},{"@type":"ListItem","position":4,"name":"Costa del Sol","item":"https:\/\/lainehomes.es\/es\/informacion\/presentaciones-de-la-zona\/costa-del-sol\/"},{"@type":"ListItem","position":5,"name":"Benahavis"}]},{"@type":"WebSite","@id":"https:\/\/lainehomes.es\/es\/#website","url":"https:\/\/lainehomes.es\/es\/","name":"Laine Homes","description":"Homes and Villas Spain","publisher":{"@id":"https:\/\/lainehomes.es\/es\/#organization"},"potentialAction":[{"@type":"SearchAction","target":{"@type":"EntryPoint","urlTemplate":"https:\/\/lainehomes.es\/es\/?s={search_term_string}"},"query-input":{"@type":"PropertyValueSpecification","valueRequired":true,"valueName":"search_term_string"}}],"inLanguage":"es"},{"@type":"Organization","@id":"https:\/\/lainehomes.es\/es\/#organization","name":"Laine Homes","url":"https:\/\/lainehomes.es\/es\/","logo":{"@type":"ImageObject","inLanguage":"es","@id":"https:\/\/lainehomes.es\/es\/#\/schema\/logo\/image\/","url":"https:\/\/lainehomes.es\/wp-content\/uploads\/2022\/02\/LAINETOIMIALA-WHITE.svg","contentUrl":"https:\/\/lainehomes.es\/wp-content\/uploads\/2022\/02\/LAINETOIMIALA-WHITE.svg","width":372.96,"height":80.53,"caption":"Laine Homes"},"image":{"@id":"https:\/\/lainehomes.es\/es\/#\/schema\/logo\/image\/"}}]}},"_links":{"self":[{"href":"https:\/\/lainehomes.es\/es\/wp-json\/wp\/v2\/pages\/120421","targetHints":{"allow":["GET"]}}],"collection":[{"href":"https:\/\/lainehomes.es\/es\/wp-json\/wp\/v2\/pages"}],"about":[{"href":"https:\/\/lainehomes.es\/es\/wp-json\/wp\/v2\/types\/page"}],"author":[{"embeddable":true,"href":"https:\/\/lainehomes.es\/es\/wp-json\/wp\/v2\/users\/1"}],"replies":[{"embeddable":true,"href":"https:\/\/lainehomes.es\/es\/wp-json\/wp\/v2\/comments?post=120421"}],"version-history":[{"count":1,"href":"https:\/\/lainehomes.es\/es\/wp-json\/wp\/v2\/pages\/120421\/revisions"}],"predecessor-version":[{"id":120422,"href":"https:\/\/lainehomes.es\/es\/wp-json\/wp\/v2\/pages\/120421\/revisions\/120422"}],"up":[{"embeddable":true,"href":"https:\/\/lainehomes.es\/es\/wp-json\/wp\/v2\/pages\/120344"}],"wp:attachment":[{"href":"https:\/\/lainehomes.es\/es\/wp-json\/wp\/v2\/media?parent=120421"}],"curies":[{"name":"wp","href":"https:\/\/api.w.org\/{rel}","templated":true}]}}