{"id":120355,"date":"2025-02-21T08:39:58","date_gmt":"2025-02-21T06:39:58","guid":{"rendered":"https:\/\/laine.sivustamo.dev\/informacion\/presentaciones-de-la-zona\/costa-del-sol\/alhaurin\/"},"modified":"2025-03-21T19:20:10","modified_gmt":"2025-03-21T17:20:10","slug":"alhaurin","status":"publish","type":"page","link":"https:\/\/lainehomes.es\/es\/informacion\/presentaciones-de-la-zona\/costa-del-sol\/alhaurin\/","title":{"rendered":"Alhaurin"},"content":{"rendered":"\t\t<div data-elementor-type=\"wp-page\" data-elementor-id=\"120355\" class=\"elementor elementor-120355 elementor-111025\" data-elementor-post-type=\"page\">\n\t\t\t\t<div class=\"elementor-element elementor-element-a02cdca e-con-full e-flex e-con e-parent\" data-id=\"a02cdca\" data-element_type=\"container\" data-e-type=\"container\" data-settings=\"{&quot;jet_parallax_layout_list&quot;:[]}\">\n\t\t<div class=\"elementor-element elementor-element-a1679c1 e-con-full e-flex e-con e-child\" data-id=\"a1679c1\" data-element_type=\"container\" data-e-type=\"container\" data-settings=\"{&quot;jet_parallax_layout_list&quot;:[]}\">\n\t\t<div class=\"elementor-element elementor-element-3f32f17 e-con-full e-flex e-con e-child\" data-id=\"3f32f17\" data-element_type=\"container\" data-e-type=\"container\" data-settings=\"{&quot;jet_parallax_layout_list&quot;:[]}\">\n\t\t\t\t<div class=\"elementor-element elementor-element-435ef1b elementor-widget elementor-widget-heading\" data-id=\"435ef1b\" data-element_type=\"widget\" data-e-type=\"widget\" data-widget_type=\"heading.default\">\n\t\t\t\t<div class=\"elementor-widget-container\">\n\t\t\t\t\t<h2 class=\"elementor-heading-title elementor-size-default\">Alhaur\u00edn \u2013 Aut\u00e9ntico ambiente espa\u00f1ol en plena naturaleza\n<\/h2>\t\t\t\t<\/div>\n\t\t\t\t<\/div>\n\t\t\t\t<div class=\"elementor-element elementor-element-16e720d elementor-widget elementor-widget-text-editor\" data-id=\"16e720d\" data-element_type=\"widget\" data-e-type=\"widget\" data-widget_type=\"text-editor.default\">\n\t\t\t\t<div class=\"elementor-widget-container\">\n\t\t\t\t\t\t\t\t\t<p><span style=\"font-weight: 400;\">Alhaur\u00edn es una encantadora y tradicional pueblo Espa\u00f1ol, ubicada en la provincia de M\u00e1laga, a solo unos 20-30 minutos en coche de los populares<\/span> <b>destinos de la Costa del Sol, como Fuengirola, Torremolinos y Marbella.<\/b><span style=\"font-weight: 400;\">Alhaur\u00edn se divide en dos \u00e1reas:  <\/span><b>Alhaur\u00edn el Grande<\/b><span style=\"font-weight: 400;\"> y <\/span><b>Alhaur\u00edn de la Torre,<\/b><span style=\"font-weight: 400;\"> ambas ofrecen excelentes opciones de vivienda tanto para residencia permanente como para viviendas vacacionales.<\/span><\/p>\n\t\t\t\t\t\t\t\t<\/div>\n\t\t\t\t<\/div>\n\t\t\t\t<div class=\"elementor-element elementor-element-5a7abfd elementor-widget elementor-widget-heading\" data-id=\"5a7abfd\" data-element_type=\"widget\" data-e-type=\"widget\" data-widget_type=\"heading.default\">\n\t\t\t\t<div class=\"elementor-widget-container\">\n\t\t\t\t\t<h3 class=\"elementor-heading-title elementor-size-default\">\u00bfPor qu\u00e9 elegir Alhaur\u00edn como zona residencial?<\/h3>\t\t\t\t<\/div>\n\t\t\t\t<\/div>\n\t\t\t\t<div class=\"elementor-element elementor-element-78a02c7 elementor-widget elementor-widget-text-editor\" data-id=\"78a02c7\" data-element_type=\"widget\" data-e-type=\"widget\" data-widget_type=\"text-editor.default\">\n\t\t\t\t<div class=\"elementor-widget-container\">\n\t\t\t\t\t\t\t\t\t<ul>\n<li style=\"font-weight: 400;\" aria-level=\"1\"><b>Zona tranquila pero bien desarrollada: <\/b><span style=\"font-weight: 400;\">Alhaur\u00edn ofrece<\/span> <b>un aut\u00e9ntico ambiente Andaluz<\/b>, <span style=\"font-weight: 400;\">pero al mismo tiempo todos los servicios necesarios, como tiendas, restaurantes, escuelas y atenci\u00f3n m\u00e9dica.<\/span><\/li>\n<li style=\"font-weight: 400;\" aria-level=\"1\"><b>Hermosa naturaleza y oportunidades al aire libre<\/b>: <span style=\"font-weight: 400;\">La zona es conocida por sus impresionantes<\/span> <b>paisajes monta\u00f1osos, olivares y verdes campos de golf<\/b>, <span style=\"font-weight: 400;\">como <\/span><b>Lauro Golf<\/b> <span style=\"font-weight: 400;\">y <\/span><b>Alhaur\u00edn Golf,<\/b> <span style=\"font-weight: 400;\">que atraen a los amantes del golf durante todo el a\u00f1o.<\/span><\/li>\n<li style=\"font-weight: 400;\" aria-level=\"1\"><b>Buenas conexiones de transporte:<\/b> <span style=\"font-weight: 400;\">Alhaur\u00edn est\u00e1 a <\/span><b>solo unos 15 minutos en coche del aeropuerto internacional de M\u00e1laga, <\/b><span style=\"font-weight: 400;\">lo que hace que la zona sea ideal tambi\u00e9n para teletrabajadores y residentes que viajan.<\/span><\/li>\n<li style=\"font-weight: 400;\" aria-level=\"1\"><b>Nivel de precios m\u00e1s asequible que en la costa: <\/b><span>En comparaci\u00f3n con las ciudades costeras de la Costa del Sol, Alhaur\u00edn ofrece<\/span> <b>apartamentos y casas unifamiliares m\u00e1s espaciosos a precios m\u00e1s asequibles,<\/b><span> lo que lo convierte en una opci\u00f3n atractiva tanto para familias como para inversores.<\/span><\/li>\n<\/ul>\n\t\t\t\t\t\t\t\t<\/div>\n\t\t\t\t<\/div>\n\t\t\t\t<div class=\"elementor-element elementor-element-547e8c1 elementor-widget elementor-widget-heading\" data-id=\"547e8c1\" data-element_type=\"widget\" data-e-type=\"widget\" data-widget_type=\"heading.default\">\n\t\t\t\t<div class=\"elementor-widget-container\">\n\t\t\t\t\t<h3 class=\"elementor-heading-title elementor-size-default\">\u00bfPara qui\u00e9n es adecuado Alhaur\u00edn?\n<\/h3>\t\t\t\t<\/div>\n\t\t\t\t<\/div>\n\t\t\t\t<div class=\"elementor-element elementor-element-81f7d62 elementor-widget elementor-widget-text-editor\" data-id=\"81f7d62\" data-element_type=\"widget\" data-e-type=\"widget\" data-widget_type=\"text-editor.default\">\n\t\t\t\t<div class=\"elementor-widget-container\">\n\t\t\t\t\t\t\t\t\t<ul>\n<li><span style=\"font-weight: 400;\"> Para aquellos que aprecian un entorno tranquilo y cercano a la naturaleza.<\/span><\/li>\n<li><span style=\"font-weight: 400;\">Para aquellos que buscan una vivienda m\u00e1s espaciosa y asequible.<\/span><\/li>\n<li><span style=\"font-weight: 400;\">Para los amantes del golf y los entusiastas de las actividades al aire libre.<\/span><\/li>\n<li><span style=\"font-weight: 400;\">Para aquellos que quieren estar cerca de la costa, pero lejos del bullicio tur\u00edstico.<\/span><\/li>\n<\/ul>\n<p><b>\u00bfEst\u00e1 buscando un apartamento en Alhaur\u00edn? <\/b><b><br \/><\/b><span style=\"font-weight: 400;\">\u00a1Explore los apartamentos<\/span> <b>en venta en Alhaur\u00edn en nuestra p\u00e1gina web o cont\u00e1ctenos <\/b><span style=\"font-weight: 400;\">y le ayudaremos a encontrar la casa perfecta en esta id\u00edlica pobrlaci\u00f3n Espa\u00f1ola!<\/span><\/p>\n\t\t\t\t\t\t\t\t<\/div>\n\t\t\t\t<\/div>\n\t\t\t\t<\/div>\n\t\t<div class=\"elementor-element elementor-element-ad4cbff e-con-full e-flex e-con e-child\" data-id=\"ad4cbff\" data-element_type=\"container\" data-e-type=\"container\" data-settings=\"{&quot;jet_parallax_layout_list&quot;:[]}\">\n\t\t<div class=\"elementor-element elementor-element-58dfb9c e-con-full e-flex e-con e-child\" data-id=\"58dfb9c\" data-element_type=\"container\" data-e-type=\"container\" data-settings=\"{&quot;jet_parallax_layout_list&quot;:[]}\">\n\t\t\t\t<div class=\"elementor-element elementor-element-a1400ea elementor-widget elementor-widget-image\" data-id=\"a1400ea\" data-element_type=\"widget\" data-e-type=\"widget\" data-widget_type=\"image.default\">\n\t\t\t\t<div class=\"elementor-widget-container\">\n\t\t\t\t\t\t\t\t\t\t\t\t\t\t\t<img decoding=\"async\" src=\"https:\/\/lainehomes.es\/wp-content\/uploads\/elementor\/thumbs\/Alhaurin-1-scaled-r2d3ci073pspw1hqcoqpqldkm7s8y94xnsev6eee8w.jpeg\" title=\"ALHAURIN DE LA TORRE, MALAGA- 25 JUNE 2022:  Alhaurin de la Torre street decorated with a crochet awning\" alt=\"ALHAURIN DE LA TORRE, MALAGA- 25 JUNE 2022:  Alhaurin de la Torre street decorated with a crochet awning\" loading=\"lazy\" \/>\t\t\t\t\t\t\t\t\t\t\t\t\t\t\t<\/div>\n\t\t\t\t<\/div>\n\t\t\t\t<\/div>\n\t\t<div class=\"elementor-element elementor-element-66c7613 e-con-full e-flex e-con e-child\" data-id=\"66c7613\" data-element_type=\"container\" data-e-type=\"container\" data-settings=\"{&quot;jet_parallax_layout_list&quot;:[]}\">\n\t\t\t\t<div class=\"elementor-element elementor-element-2d462bd elementor-widget elementor-widget-image\" data-id=\"2d462bd\" data-element_type=\"widget\" data-e-type=\"widget\" data-widget_type=\"image.default\">\n\t\t\t\t<div class=\"elementor-widget-container\">\n\t\t\t\t\t\t\t\t\t\t\t\t\t\t\t<img decoding=\"async\" src=\"https:\/\/lainehomes.es\/wp-content\/uploads\/elementor\/thumbs\/Alhaurin-costa-del-sol-scaled-r2d36d44hnec3oel6j9dyn490o0zpds0hf3redhwv4.jpeg\" title=\"Oriental bridge in a park of Malaga\" alt=\"Oriental bridge in a park of Malaga\" loading=\"lazy\" \/>\t\t\t\t\t\t\t\t\t\t\t\t\t\t\t<\/div>\n\t\t\t\t<\/div>\n\t\t\t\t<\/div>\n\t\t\t\t<\/div>\n\t\t\t\t<\/div>\n\t\t\t\t<\/div>\n\t\t\t\t<\/div>\n\t\t","protected":false},"excerpt":{"rendered":"<p>Alhaur\u00edn \u2013 Aut\u00e9ntico ambiente espa\u00f1ol en plena naturaleza Alhaur\u00edn es una encantadora y tradicional pueblo Espa\u00f1ol, ubicada en la provincia de M\u00e1laga, a solo unos 20-30 minutos en coche de los populares destinos de la Costa del Sol, como Fuengirola, Torremolinos y Marbella.Alhaur\u00edn se divide en dos \u00e1reas: Alhaur\u00edn el Grande y Alhaur\u00edn de la [&hellip;]<\/p>\n","protected":false},"author":1,"featured_media":0,"parent":120344,"menu_order":54,"comment_status":"closed","ping_status":"closed","template":"elementor_theme","meta":{"footnotes":""},"class_list":["post-120355","page","type-page","status-publish","hentry"],"yoast_head":"<!-- This site is optimized with the Yoast SEO plugin v27.3 - https:\/\/yoast.com\/product\/yoast-seo-wordpress\/ -->\n<title>Alhaurin | Laine Homes<\/title>\n<meta name=\"robots\" content=\"index, follow, max-snippet:-1, max-image-preview:large, max-video-preview:-1\" \/>\n<link rel=\"canonical\" href=\"https:\/\/lainehomes.es\/es\/informacion\/presentaciones-de-la-zona\/costa-del-sol\/alhaurin\/\" \/>\n<meta property=\"og:locale\" content=\"es_ES\" \/>\n<meta property=\"og:type\" content=\"article\" \/>\n<meta property=\"og:title\" content=\"Alhaurin | Laine Homes\" \/>\n<meta property=\"og:description\" content=\"Alhaur\u00edn \u2013 Aut\u00e9ntico ambiente espa\u00f1ol en plena naturaleza Alhaur\u00edn es una encantadora y tradicional pueblo Espa\u00f1ol, ubicada en la provincia de M\u00e1laga, a solo unos 20-30 minutos en coche de los populares destinos de la Costa del Sol, como Fuengirola, Torremolinos y Marbella.Alhaur\u00edn se divide en dos \u00e1reas: Alhaur\u00edn el Grande y Alhaur\u00edn de la [&hellip;]\" \/>\n<meta property=\"og:url\" content=\"https:\/\/lainehomes.es\/es\/informacion\/presentaciones-de-la-zona\/costa-del-sol\/alhaurin\/\" \/>\n<meta property=\"og:site_name\" content=\"Laine Homes\" \/>\n<meta property=\"article:modified_time\" content=\"2025-03-21T17:20:10+00:00\" \/>\n<meta property=\"og:image\" content=\"https:\/\/lainehomes.es\/wp-content\/uploads\/elementor\/thumbs\/Alhaurin-1-scaled-r2d3ci073pspw1hqcoqpqldkm7s8y94xnsev6eee8w.jpeg\" \/>\n<meta name=\"twitter:card\" content=\"summary_large_image\" \/>\n<meta name=\"twitter:label1\" content=\"Tiempo de lectura\" \/>\n\t<meta name=\"twitter:data1\" content=\"3 minutos\" \/>\n<script type=\"application\/ld+json\" class=\"yoast-schema-graph\">{\"@context\":\"https:\\\/\\\/schema.org\",\"@graph\":[{\"@type\":\"WebPage\",\"@id\":\"https:\\\/\\\/lainehomes.es\\\/es\\\/informacion\\\/presentaciones-de-la-zona\\\/costa-del-sol\\\/alhaurin\\\/\",\"url\":\"https:\\\/\\\/lainehomes.es\\\/es\\\/informacion\\\/presentaciones-de-la-zona\\\/costa-del-sol\\\/alhaurin\\\/\",\"name\":\"Alhaurin | Laine Homes\",\"isPartOf\":{\"@id\":\"https:\\\/\\\/lainehomes.es\\\/es\\\/#website\"},\"primaryImageOfPage\":{\"@id\":\"https:\\\/\\\/lainehomes.es\\\/es\\\/informacion\\\/presentaciones-de-la-zona\\\/costa-del-sol\\\/alhaurin\\\/#primaryimage\"},\"image\":{\"@id\":\"https:\\\/\\\/lainehomes.es\\\/es\\\/informacion\\\/presentaciones-de-la-zona\\\/costa-del-sol\\\/alhaurin\\\/#primaryimage\"},\"thumbnailUrl\":\"https:\\\/\\\/lainehomes.es\\\/wp-content\\\/uploads\\\/elementor\\\/thumbs\\\/Alhaurin-1-scaled-r2d3ci073pspw1hqcoqpqldkm7s8y94xnsev6eee8w.jpeg\",\"datePublished\":\"2025-02-21T06:39:58+00:00\",\"dateModified\":\"2025-03-21T17:20:10+00:00\",\"breadcrumb\":{\"@id\":\"https:\\\/\\\/lainehomes.es\\\/es\\\/informacion\\\/presentaciones-de-la-zona\\\/costa-del-sol\\\/alhaurin\\\/#breadcrumb\"},\"inLanguage\":\"es\",\"potentialAction\":[{\"@type\":\"ReadAction\",\"target\":[\"https:\\\/\\\/lainehomes.es\\\/es\\\/informacion\\\/presentaciones-de-la-zona\\\/costa-del-sol\\\/alhaurin\\\/\"]}]},{\"@type\":\"ImageObject\",\"inLanguage\":\"es\",\"@id\":\"https:\\\/\\\/lainehomes.es\\\/es\\\/informacion\\\/presentaciones-de-la-zona\\\/costa-del-sol\\\/alhaurin\\\/#primaryimage\",\"url\":\"https:\\\/\\\/lainehomes.es\\\/wp-content\\\/uploads\\\/elementor\\\/thumbs\\\/Alhaurin-1-scaled-r2d3ci073pspw1hqcoqpqldkm7s8y94xnsev6eee8w.jpeg\",\"contentUrl\":\"https:\\\/\\\/lainehomes.es\\\/wp-content\\\/uploads\\\/elementor\\\/thumbs\\\/Alhaurin-1-scaled-r2d3ci073pspw1hqcoqpqldkm7s8y94xnsev6eee8w.jpeg\"},{\"@type\":\"BreadcrumbList\",\"@id\":\"https:\\\/\\\/lainehomes.es\\\/es\\\/informacion\\\/presentaciones-de-la-zona\\\/costa-del-sol\\\/alhaurin\\\/#breadcrumb\",\"itemListElement\":[{\"@type\":\"ListItem\",\"position\":1,\"name\":\"Etusivu\",\"item\":\"https:\\\/\\\/lainehomes.es\\\/es\\\/\"},{\"@type\":\"ListItem\",\"position\":2,\"name\":\"Informaci\u00f3n\",\"item\":\"https:\\\/\\\/lainehomes.es\\\/es\\\/informacion\\\/\"},{\"@type\":\"ListItem\",\"position\":3,\"name\":\"Presentaciones de la zona\",\"item\":\"https:\\\/\\\/lainehomes.es\\\/es\\\/informacion\\\/presentaciones-de-la-zona\\\/\"},{\"@type\":\"ListItem\",\"position\":4,\"name\":\"Costa del Sol\",\"item\":\"https:\\\/\\\/lainehomes.es\\\/es\\\/informacion\\\/presentaciones-de-la-zona\\\/costa-del-sol\\\/\"},{\"@type\":\"ListItem\",\"position\":5,\"name\":\"Alhaurin\"}]},{\"@type\":\"WebSite\",\"@id\":\"https:\\\/\\\/lainehomes.es\\\/es\\\/#website\",\"url\":\"https:\\\/\\\/lainehomes.es\\\/es\\\/\",\"name\":\"Laine Homes\",\"description\":\"Homes and Villas Spain\",\"publisher\":{\"@id\":\"https:\\\/\\\/lainehomes.es\\\/es\\\/#organization\"},\"potentialAction\":[{\"@type\":\"SearchAction\",\"target\":{\"@type\":\"EntryPoint\",\"urlTemplate\":\"https:\\\/\\\/lainehomes.es\\\/es\\\/?s={search_term_string}\"},\"query-input\":{\"@type\":\"PropertyValueSpecification\",\"valueRequired\":true,\"valueName\":\"search_term_string\"}}],\"inLanguage\":\"es\"},{\"@type\":\"Organization\",\"@id\":\"https:\\\/\\\/lainehomes.es\\\/es\\\/#organization\",\"name\":\"Laine Homes\",\"url\":\"https:\\\/\\\/lainehomes.es\\\/es\\\/\",\"logo\":{\"@type\":\"ImageObject\",\"inLanguage\":\"es\",\"@id\":\"https:\\\/\\\/lainehomes.es\\\/es\\\/#\\\/schema\\\/logo\\\/image\\\/\",\"url\":\"https:\\\/\\\/lainehomes.es\\\/wp-content\\\/uploads\\\/2022\\\/02\\\/LAINETOIMIALA-WHITE.svg\",\"contentUrl\":\"https:\\\/\\\/lainehomes.es\\\/wp-content\\\/uploads\\\/2022\\\/02\\\/LAINETOIMIALA-WHITE.svg\",\"width\":372.96,\"height\":80.53,\"caption\":\"Laine Homes\"},\"image\":{\"@id\":\"https:\\\/\\\/lainehomes.es\\\/es\\\/#\\\/schema\\\/logo\\\/image\\\/\"}}]}<\/script>\n<!-- \/ Yoast SEO plugin. -->","yoast_head_json":{"title":"Alhaurin | Laine Homes","robots":{"index":"index","follow":"follow","max-snippet":"max-snippet:-1","max-image-preview":"max-image-preview:large","max-video-preview":"max-video-preview:-1"},"canonical":"https:\/\/lainehomes.es\/es\/informacion\/presentaciones-de-la-zona\/costa-del-sol\/alhaurin\/","og_locale":"es_ES","og_type":"article","og_title":"Alhaurin | Laine Homes","og_description":"Alhaur\u00edn \u2013 Aut\u00e9ntico ambiente espa\u00f1ol en plena naturaleza Alhaur\u00edn es una encantadora y tradicional pueblo Espa\u00f1ol, ubicada en la provincia de M\u00e1laga, a solo unos 20-30 minutos en coche de los populares destinos de la Costa del Sol, como Fuengirola, Torremolinos y Marbella.Alhaur\u00edn se divide en dos \u00e1reas: Alhaur\u00edn el Grande y Alhaur\u00edn de la [&hellip;]","og_url":"https:\/\/lainehomes.es\/es\/informacion\/presentaciones-de-la-zona\/costa-del-sol\/alhaurin\/","og_site_name":"Laine Homes","article_modified_time":"2025-03-21T17:20:10+00:00","og_image":[{"url":"https:\/\/lainehomes.es\/wp-content\/uploads\/elementor\/thumbs\/Alhaurin-1-scaled-r2d3ci073pspw1hqcoqpqldkm7s8y94xnsev6eee8w.jpeg","type":"","width":"","height":""}],"twitter_card":"summary_large_image","twitter_misc":{"Tiempo de lectura":"3 minutos"},"schema":{"@context":"https:\/\/schema.org","@graph":[{"@type":"WebPage","@id":"https:\/\/lainehomes.es\/es\/informacion\/presentaciones-de-la-zona\/costa-del-sol\/alhaurin\/","url":"https:\/\/lainehomes.es\/es\/informacion\/presentaciones-de-la-zona\/costa-del-sol\/alhaurin\/","name":"Alhaurin | Laine Homes","isPartOf":{"@id":"https:\/\/lainehomes.es\/es\/#website"},"primaryImageOfPage":{"@id":"https:\/\/lainehomes.es\/es\/informacion\/presentaciones-de-la-zona\/costa-del-sol\/alhaurin\/#primaryimage"},"image":{"@id":"https:\/\/lainehomes.es\/es\/informacion\/presentaciones-de-la-zona\/costa-del-sol\/alhaurin\/#primaryimage"},"thumbnailUrl":"https:\/\/lainehomes.es\/wp-content\/uploads\/elementor\/thumbs\/Alhaurin-1-scaled-r2d3ci073pspw1hqcoqpqldkm7s8y94xnsev6eee8w.jpeg","datePublished":"2025-02-21T06:39:58+00:00","dateModified":"2025-03-21T17:20:10+00:00","breadcrumb":{"@id":"https:\/\/lainehomes.es\/es\/informacion\/presentaciones-de-la-zona\/costa-del-sol\/alhaurin\/#breadcrumb"},"inLanguage":"es","potentialAction":[{"@type":"ReadAction","target":["https:\/\/lainehomes.es\/es\/informacion\/presentaciones-de-la-zona\/costa-del-sol\/alhaurin\/"]}]},{"@type":"ImageObject","inLanguage":"es","@id":"https:\/\/lainehomes.es\/es\/informacion\/presentaciones-de-la-zona\/costa-del-sol\/alhaurin\/#primaryimage","url":"https:\/\/lainehomes.es\/wp-content\/uploads\/elementor\/thumbs\/Alhaurin-1-scaled-r2d3ci073pspw1hqcoqpqldkm7s8y94xnsev6eee8w.jpeg","contentUrl":"https:\/\/lainehomes.es\/wp-content\/uploads\/elementor\/thumbs\/Alhaurin-1-scaled-r2d3ci073pspw1hqcoqpqldkm7s8y94xnsev6eee8w.jpeg"},{"@type":"BreadcrumbList","@id":"https:\/\/lainehomes.es\/es\/informacion\/presentaciones-de-la-zona\/costa-del-sol\/alhaurin\/#breadcrumb","itemListElement":[{"@type":"ListItem","position":1,"name":"Etusivu","item":"https:\/\/lainehomes.es\/es\/"},{"@type":"ListItem","position":2,"name":"Informaci\u00f3n","item":"https:\/\/lainehomes.es\/es\/informacion\/"},{"@type":"ListItem","position":3,"name":"Presentaciones de la zona","item":"https:\/\/lainehomes.es\/es\/informacion\/presentaciones-de-la-zona\/"},{"@type":"ListItem","position":4,"name":"Costa del Sol","item":"https:\/\/lainehomes.es\/es\/informacion\/presentaciones-de-la-zona\/costa-del-sol\/"},{"@type":"ListItem","position":5,"name":"Alhaurin"}]},{"@type":"WebSite","@id":"https:\/\/lainehomes.es\/es\/#website","url":"https:\/\/lainehomes.es\/es\/","name":"Laine Homes","description":"Homes and Villas Spain","publisher":{"@id":"https:\/\/lainehomes.es\/es\/#organization"},"potentialAction":[{"@type":"SearchAction","target":{"@type":"EntryPoint","urlTemplate":"https:\/\/lainehomes.es\/es\/?s={search_term_string}"},"query-input":{"@type":"PropertyValueSpecification","valueRequired":true,"valueName":"search_term_string"}}],"inLanguage":"es"},{"@type":"Organization","@id":"https:\/\/lainehomes.es\/es\/#organization","name":"Laine Homes","url":"https:\/\/lainehomes.es\/es\/","logo":{"@type":"ImageObject","inLanguage":"es","@id":"https:\/\/lainehomes.es\/es\/#\/schema\/logo\/image\/","url":"https:\/\/lainehomes.es\/wp-content\/uploads\/2022\/02\/LAINETOIMIALA-WHITE.svg","contentUrl":"https:\/\/lainehomes.es\/wp-content\/uploads\/2022\/02\/LAINETOIMIALA-WHITE.svg","width":372.96,"height":80.53,"caption":"Laine Homes"},"image":{"@id":"https:\/\/lainehomes.es\/es\/#\/schema\/logo\/image\/"}}]}},"_links":{"self":[{"href":"https:\/\/lainehomes.es\/es\/wp-json\/wp\/v2\/pages\/120355","targetHints":{"allow":["GET"]}}],"collection":[{"href":"https:\/\/lainehomes.es\/es\/wp-json\/wp\/v2\/pages"}],"about":[{"href":"https:\/\/lainehomes.es\/es\/wp-json\/wp\/v2\/types\/page"}],"author":[{"embeddable":true,"href":"https:\/\/lainehomes.es\/es\/wp-json\/wp\/v2\/users\/1"}],"replies":[{"embeddable":true,"href":"https:\/\/lainehomes.es\/es\/wp-json\/wp\/v2\/comments?post=120355"}],"version-history":[{"count":1,"href":"https:\/\/lainehomes.es\/es\/wp-json\/wp\/v2\/pages\/120355\/revisions"}],"predecessor-version":[{"id":120356,"href":"https:\/\/lainehomes.es\/es\/wp-json\/wp\/v2\/pages\/120355\/revisions\/120356"}],"up":[{"embeddable":true,"href":"https:\/\/lainehomes.es\/es\/wp-json\/wp\/v2\/pages\/120344"}],"wp:attachment":[{"href":"https:\/\/lainehomes.es\/es\/wp-json\/wp\/v2\/media?parent=120355"}],"curies":[{"name":"wp","href":"https:\/\/api.w.org\/{rel}","templated":true}]}}