{"id":120207,"date":"2024-12-05T14:16:19","date_gmt":"2024-12-05T12:16:19","guid":{"rendered":"https:\/\/laine.sivustamo.dev\/sobre-nosotros\/"},"modified":"2025-03-20T14:18:34","modified_gmt":"2025-03-20T12:18:34","slug":"sobre-nosotros","status":"publish","type":"page","link":"https:\/\/lainehomes.es\/es\/sobre-nosotros\/","title":{"rendered":"Sobre nosotros"},"content":{"rendered":"\t\t<div data-elementor-type=\"wp-page\" data-elementor-id=\"120207\" class=\"elementor elementor-120207 elementor-273\" data-elementor-post-type=\"page\">\n\t\t\t\t<div class=\"elementor-element elementor-element-8993455 e-con-full e-flex e-con e-parent\" data-id=\"8993455\" data-element_type=\"container\" data-e-type=\"container\" data-settings=\"{&quot;jet_parallax_layout_list&quot;:[]}\">\n\t\t\t\t<div class=\"elementor-element elementor-element-32797e7 elementor-widget elementor-widget-text-editor\" data-id=\"32797e7\" data-element_type=\"widget\" data-e-type=\"widget\" data-widget_type=\"text-editor.default\">\n\t\t\t\t<div class=\"elementor-widget-container\">\n\t\t\t\t\t\t\t\t\t<p>La Lomakoti ulkomailta ahora se conoce como <b>Laine Homes and Villas<\/b> <b>Spain<\/b>. La pareja de empresarios <b>Minna y Pasi Laine<\/b> han dirigido la empresa durante diez a\u00f1os junto con sus excelentes agentes. <\/p>\n<p><b>Laine Homes and Villas Spain<\/b> opera como una agencia inmobiliaria legalizada en Espa\u00f1a <b>en las \u00e1reas de la Costa del Sol y Costa Blanca.<\/b> Tenemos un fuerte conocimiento local y a\u00f1os de experiencia en el mercado inmobiliario espa\u00f1ol. <\/p>\n<\/p>\n<h3>Nuestras oficinas est\u00e1n a su servicio:<\/h3>\n<p>\ud83d\udccd En Costa del Sol, Fuengirola \u2013 Avenida de los Boliches 57A<\/p>\n<p>\ud83d\udccd En Costa Blanca, Torrevieja \u2013 oficina, con cita previa<\/p>\n<p>\ud83d\udccd En Helsinki \u2013 Herttoniemi, con cita previa<\/p>\n<\/p>\n<h3>Los Laine (=Las Olas) de Espa\u00f1a nunca se congelan.<\/h3>\n<p>Somos tus compa\u00f1eros para encontrar la vivienda de tus sue\u00f1os y establecerte en un nuevo pa\u00eds. Entendemos que una vivienda vacacional es un lugar donde ocurren los momentos importantes de tu vida, por eso escuchamos atentamente tus deseos y necesidades. Nos dedicamos a encontrar exactamente lo que buscas, aquello que hace latir tu coraz\u00f3n.  <\/p>\n<p>Con las reformas, tambi\u00e9n estamos ampliando nuestros servicios: ofreceremos soluciones completamente nuevas para propietarios de viviendas y relacionadas con el negocio de alquiler.<\/p>\n<p>\u00a1Una c\u00e1lida bienvenida como cliente de <b>Laine Homes and Villas Spain<\/b>!<\/p>\n\t\t\t\t\t\t\t\t<\/div>\n\t\t\t\t<\/div>\n\t\t\t\t<\/div>\n\t\t\t\t<\/div>\n\t\t","protected":false},"excerpt":{"rendered":"<p>La Lomakoti ulkomailta ahora se conoce como Laine Homes and Villas Spain. La pareja de empresarios Minna y Pasi Laine han dirigido la empresa durante diez a\u00f1os junto con sus excelentes agentes. Laine Homes and Villas Spain opera como una agencia inmobiliaria legalizada en Espa\u00f1a en las \u00e1reas de la Costa del Sol y Costa [&hellip;]<\/p>\n","protected":false},"author":1,"featured_media":111674,"parent":0,"menu_order":125,"comment_status":"closed","ping_status":"closed","template":"elementor_theme","meta":{"footnotes":""},"class_list":["post-120207","page","type-page","status-publish","has-post-thumbnail","hentry"],"yoast_head":"<!-- This site is optimized with the Yoast SEO plugin v27.4 - https:\/\/yoast.com\/product\/yoast-seo-wordpress\/ -->\n<title>Sobre nosotros | Laine Homes<\/title>\n<meta name=\"robots\" content=\"index, follow, max-snippet:-1, max-image-preview:large, max-video-preview:-1\" \/>\n<link rel=\"canonical\" href=\"https:\/\/lainehomes.es\/es\/sobre-nosotros\/\" \/>\n<meta property=\"og:locale\" content=\"es_ES\" \/>\n<meta property=\"og:type\" content=\"article\" \/>\n<meta property=\"og:title\" content=\"Sobre nosotros | Laine Homes\" \/>\n<meta property=\"og:description\" content=\"La Lomakoti ulkomailta ahora se conoce como Laine Homes and Villas Spain. La pareja de empresarios Minna y Pasi Laine han dirigido la empresa durante diez a\u00f1os junto con sus excelentes agentes. Laine Homes and Villas Spain opera como una agencia inmobiliaria legalizada en Espa\u00f1a en las \u00e1reas de la Costa del Sol y Costa [&hellip;]\" \/>\n<meta property=\"og:url\" content=\"https:\/\/lainehomes.es\/es\/sobre-nosotros\/\" \/>\n<meta property=\"og:site_name\" content=\"Laine Homes\" \/>\n<meta property=\"article:modified_time\" content=\"2025-03-20T12:18:34+00:00\" \/>\n<meta property=\"og:image\" content=\"https:\/\/lainehomes.es\/wp-content\/uploads\/2025\/02\/iStock-954441852-1.jpg\" \/>\n\t<meta property=\"og:image:width\" content=\"2000\" \/>\n\t<meta property=\"og:image:height\" content=\"1333\" \/>\n\t<meta property=\"og:image:type\" content=\"image\/jpeg\" \/>\n<meta name=\"twitter:card\" content=\"summary_large_image\" \/>\n<meta name=\"twitter:label1\" content=\"Tiempo de lectura\" \/>\n\t<meta name=\"twitter:data1\" content=\"1 minuto\" \/>\n<script type=\"application\/ld+json\" class=\"yoast-schema-graph\">{\"@context\":\"https:\\\/\\\/schema.org\",\"@graph\":[{\"@type\":\"WebPage\",\"@id\":\"https:\\\/\\\/lainehomes.es\\\/es\\\/sobre-nosotros\\\/\",\"url\":\"https:\\\/\\\/lainehomes.es\\\/es\\\/sobre-nosotros\\\/\",\"name\":\"Sobre nosotros | Laine Homes\",\"isPartOf\":{\"@id\":\"https:\\\/\\\/lainehomes.es\\\/es\\\/#website\"},\"primaryImageOfPage\":{\"@id\":\"https:\\\/\\\/lainehomes.es\\\/es\\\/sobre-nosotros\\\/#primaryimage\"},\"image\":{\"@id\":\"https:\\\/\\\/lainehomes.es\\\/es\\\/sobre-nosotros\\\/#primaryimage\"},\"thumbnailUrl\":\"https:\\\/\\\/lainehomes.es\\\/wp-content\\\/uploads\\\/2025\\\/02\\\/iStock-954441852-1.jpg\",\"datePublished\":\"2024-12-05T12:16:19+00:00\",\"dateModified\":\"2025-03-20T12:18:34+00:00\",\"breadcrumb\":{\"@id\":\"https:\\\/\\\/lainehomes.es\\\/es\\\/sobre-nosotros\\\/#breadcrumb\"},\"inLanguage\":\"es\",\"potentialAction\":[{\"@type\":\"ReadAction\",\"target\":[\"https:\\\/\\\/lainehomes.es\\\/es\\\/sobre-nosotros\\\/\"]}]},{\"@type\":\"ImageObject\",\"inLanguage\":\"es\",\"@id\":\"https:\\\/\\\/lainehomes.es\\\/es\\\/sobre-nosotros\\\/#primaryimage\",\"url\":\"https:\\\/\\\/lainehomes.es\\\/wp-content\\\/uploads\\\/2025\\\/02\\\/iStock-954441852-1.jpg\",\"contentUrl\":\"https:\\\/\\\/lainehomes.es\\\/wp-content\\\/uploads\\\/2025\\\/02\\\/iStock-954441852-1.jpg\",\"width\":2000,\"height\":1333},{\"@type\":\"BreadcrumbList\",\"@id\":\"https:\\\/\\\/lainehomes.es\\\/es\\\/sobre-nosotros\\\/#breadcrumb\",\"itemListElement\":[{\"@type\":\"ListItem\",\"position\":1,\"name\":\"Etusivu\",\"item\":\"https:\\\/\\\/lainehomes.es\\\/es\\\/\"},{\"@type\":\"ListItem\",\"position\":2,\"name\":\"Sobre nosotros\"}]},{\"@type\":\"WebSite\",\"@id\":\"https:\\\/\\\/lainehomes.es\\\/es\\\/#website\",\"url\":\"https:\\\/\\\/lainehomes.es\\\/es\\\/\",\"name\":\"Laine Homes\",\"description\":\"Homes and Villas Spain\",\"publisher\":{\"@id\":\"https:\\\/\\\/lainehomes.es\\\/es\\\/#organization\"},\"potentialAction\":[{\"@type\":\"SearchAction\",\"target\":{\"@type\":\"EntryPoint\",\"urlTemplate\":\"https:\\\/\\\/lainehomes.es\\\/es\\\/?s={search_term_string}\"},\"query-input\":{\"@type\":\"PropertyValueSpecification\",\"valueRequired\":true,\"valueName\":\"search_term_string\"}}],\"inLanguage\":\"es\"},{\"@type\":\"Organization\",\"@id\":\"https:\\\/\\\/lainehomes.es\\\/es\\\/#organization\",\"name\":\"Laine Homes\",\"url\":\"https:\\\/\\\/lainehomes.es\\\/es\\\/\",\"logo\":{\"@type\":\"ImageObject\",\"inLanguage\":\"es\",\"@id\":\"https:\\\/\\\/lainehomes.es\\\/es\\\/#\\\/schema\\\/logo\\\/image\\\/\",\"url\":\"https:\\\/\\\/lainehomes.es\\\/wp-content\\\/uploads\\\/2022\\\/02\\\/LAINETOIMIALA-WHITE.svg\",\"contentUrl\":\"https:\\\/\\\/lainehomes.es\\\/wp-content\\\/uploads\\\/2022\\\/02\\\/LAINETOIMIALA-WHITE.svg\",\"width\":372.96,\"height\":80.53,\"caption\":\"Laine Homes\"},\"image\":{\"@id\":\"https:\\\/\\\/lainehomes.es\\\/es\\\/#\\\/schema\\\/logo\\\/image\\\/\"}}]}<\/script>\n<!-- \/ Yoast SEO plugin. -->","yoast_head_json":{"title":"Sobre nosotros | Laine Homes","robots":{"index":"index","follow":"follow","max-snippet":"max-snippet:-1","max-image-preview":"max-image-preview:large","max-video-preview":"max-video-preview:-1"},"canonical":"https:\/\/lainehomes.es\/es\/sobre-nosotros\/","og_locale":"es_ES","og_type":"article","og_title":"Sobre nosotros | Laine Homes","og_description":"La Lomakoti ulkomailta ahora se conoce como Laine Homes and Villas Spain. La pareja de empresarios Minna y Pasi Laine han dirigido la empresa durante diez a\u00f1os junto con sus excelentes agentes. Laine Homes and Villas Spain opera como una agencia inmobiliaria legalizada en Espa\u00f1a en las \u00e1reas de la Costa del Sol y Costa [&hellip;]","og_url":"https:\/\/lainehomes.es\/es\/sobre-nosotros\/","og_site_name":"Laine Homes","article_modified_time":"2025-03-20T12:18:34+00:00","og_image":[{"width":2000,"height":1333,"url":"https:\/\/lainehomes.es\/wp-content\/uploads\/2025\/02\/iStock-954441852-1.jpg","type":"image\/jpeg"}],"twitter_card":"summary_large_image","twitter_misc":{"Tiempo de lectura":"1 minuto"},"schema":{"@context":"https:\/\/schema.org","@graph":[{"@type":"WebPage","@id":"https:\/\/lainehomes.es\/es\/sobre-nosotros\/","url":"https:\/\/lainehomes.es\/es\/sobre-nosotros\/","name":"Sobre nosotros | Laine Homes","isPartOf":{"@id":"https:\/\/lainehomes.es\/es\/#website"},"primaryImageOfPage":{"@id":"https:\/\/lainehomes.es\/es\/sobre-nosotros\/#primaryimage"},"image":{"@id":"https:\/\/lainehomes.es\/es\/sobre-nosotros\/#primaryimage"},"thumbnailUrl":"https:\/\/lainehomes.es\/wp-content\/uploads\/2025\/02\/iStock-954441852-1.jpg","datePublished":"2024-12-05T12:16:19+00:00","dateModified":"2025-03-20T12:18:34+00:00","breadcrumb":{"@id":"https:\/\/lainehomes.es\/es\/sobre-nosotros\/#breadcrumb"},"inLanguage":"es","potentialAction":[{"@type":"ReadAction","target":["https:\/\/lainehomes.es\/es\/sobre-nosotros\/"]}]},{"@type":"ImageObject","inLanguage":"es","@id":"https:\/\/lainehomes.es\/es\/sobre-nosotros\/#primaryimage","url":"https:\/\/lainehomes.es\/wp-content\/uploads\/2025\/02\/iStock-954441852-1.jpg","contentUrl":"https:\/\/lainehomes.es\/wp-content\/uploads\/2025\/02\/iStock-954441852-1.jpg","width":2000,"height":1333},{"@type":"BreadcrumbList","@id":"https:\/\/lainehomes.es\/es\/sobre-nosotros\/#breadcrumb","itemListElement":[{"@type":"ListItem","position":1,"name":"Etusivu","item":"https:\/\/lainehomes.es\/es\/"},{"@type":"ListItem","position":2,"name":"Sobre nosotros"}]},{"@type":"WebSite","@id":"https:\/\/lainehomes.es\/es\/#website","url":"https:\/\/lainehomes.es\/es\/","name":"Laine Homes","description":"Homes and Villas Spain","publisher":{"@id":"https:\/\/lainehomes.es\/es\/#organization"},"potentialAction":[{"@type":"SearchAction","target":{"@type":"EntryPoint","urlTemplate":"https:\/\/lainehomes.es\/es\/?s={search_term_string}"},"query-input":{"@type":"PropertyValueSpecification","valueRequired":true,"valueName":"search_term_string"}}],"inLanguage":"es"},{"@type":"Organization","@id":"https:\/\/lainehomes.es\/es\/#organization","name":"Laine Homes","url":"https:\/\/lainehomes.es\/es\/","logo":{"@type":"ImageObject","inLanguage":"es","@id":"https:\/\/lainehomes.es\/es\/#\/schema\/logo\/image\/","url":"https:\/\/lainehomes.es\/wp-content\/uploads\/2022\/02\/LAINETOIMIALA-WHITE.svg","contentUrl":"https:\/\/lainehomes.es\/wp-content\/uploads\/2022\/02\/LAINETOIMIALA-WHITE.svg","width":372.96,"height":80.53,"caption":"Laine Homes"},"image":{"@id":"https:\/\/lainehomes.es\/es\/#\/schema\/logo\/image\/"}}]}},"_links":{"self":[{"href":"https:\/\/lainehomes.es\/es\/wp-json\/wp\/v2\/pages\/120207","targetHints":{"allow":["GET"]}}],"collection":[{"href":"https:\/\/lainehomes.es\/es\/wp-json\/wp\/v2\/pages"}],"about":[{"href":"https:\/\/lainehomes.es\/es\/wp-json\/wp\/v2\/types\/page"}],"author":[{"embeddable":true,"href":"https:\/\/lainehomes.es\/es\/wp-json\/wp\/v2\/users\/1"}],"replies":[{"embeddable":true,"href":"https:\/\/lainehomes.es\/es\/wp-json\/wp\/v2\/comments?post=120207"}],"version-history":[{"count":1,"href":"https:\/\/lainehomes.es\/es\/wp-json\/wp\/v2\/pages\/120207\/revisions"}],"predecessor-version":[{"id":120208,"href":"https:\/\/lainehomes.es\/es\/wp-json\/wp\/v2\/pages\/120207\/revisions\/120208"}],"wp:featuredmedia":[{"embeddable":true,"href":"https:\/\/lainehomes.es\/es\/wp-json\/wp\/v2\/media\/111674"}],"wp:attachment":[{"href":"https:\/\/lainehomes.es\/es\/wp-json\/wp\/v2\/media?parent=120207"}],"curies":[{"name":"wp","href":"https:\/\/api.w.org\/{rel}","templated":true}]}}