{"id":120179,"date":"2025-01-14T15:15:12","date_gmt":"2025-01-14T13:15:12","guid":{"rendered":"https:\/\/laine.sivustamo.dev\/informacion\/paquetes-informativos-para-el-comprador\/para-el-inversor-inmobiliario\/"},"modified":"2025-03-20T13:28:46","modified_gmt":"2025-03-20T11:28:46","slug":"para-el-inversor-inmobiliario","status":"publish","type":"page","link":"https:\/\/lainehomes.es\/es\/informacion\/paquetes-informativos-para-el-comprador\/para-el-inversor-inmobiliario\/","title":{"rendered":"Para el inversor inmobiliario"},"content":{"rendered":"\t\t<div data-elementor-type=\"wp-page\" data-elementor-id=\"120179\" class=\"elementor elementor-120179 elementor-41984\" data-elementor-post-type=\"page\">\n\t\t\t\t<div class=\"elementor-element elementor-element-cc51c74 e-con-full e-flex e-con e-parent\" data-id=\"cc51c74\" data-element_type=\"container\" data-e-type=\"container\" data-settings=\"{&quot;jet_parallax_layout_list&quot;:[]}\">\n\t\t\t\t<div class=\"elementor-element elementor-element-1db7322 elementor-widget elementor-widget-text-editor\" data-id=\"1db7322\" data-element_type=\"widget\" data-e-type=\"widget\" data-widget_type=\"text-editor.default\">\n\t\t\t\t<div class=\"elementor-widget-container\">\n\t\t\t\t\t\t\t\t\t<h3>\u00bfEst\u00e1 considerando comprar una propiedad de inversi\u00f3n en Espa\u00f1a?<\/h3>\n<p>\u00bfEs un buen momento para invertir en el mercado inmobiliario Espa\u00f1ol?<\/p>\n<p>El desarrollo en el mercado inmobiliario Espa\u00f1ol sigue siendo muy positivo, en 2024 el n\u00famero de transacciones aument\u00f3 casi un 10% en comparaci\u00f3n con el a\u00f1o anterior. El apetito de compra de los compradores extranjeros se ha mantenido fuerte y en todo el pa\u00eds casi el 15% de las transacciones fueron realizadas por extranjeros; en la Costa del Sol hasta el 20%, tambi\u00e9n aument\u00f3 el n\u00famero de transacciones de viviendas realizadas por locales y los pr\u00e9stamos bancarios. <\/p>\n<p>El producto interno bruto de Espa\u00f1a est\u00e1 creciendo un poco mejor de lo previsto, los precios de alquiler est\u00e1n aumentando constantemente y el fen\u00f3meno de la urbanizaci\u00f3n contin\u00faa con fuerza. El nivel de precios asequible, el clima c\u00e1lido y la seguridad de Espa\u00f1a siguen siendo las bazas de Espa\u00f1a. <\/p>\n<p>El mercado ofrece varias opciones diferentes para el inversor inmobiliario; desde la compra tradicional de un apartamento para uso de alquiler, aprovechando el posible potencial de apreciaci\u00f3n del valor. Diferentes modelos de desarrollo inmobiliario de apartamentos y villas en existencia de construcci\u00f3n m\u00e1s antigua, como reformas o cambios de ubicaciones de zonas o construcci\u00f3n de nuevas propiedades. <\/p>\n<p>\u00bfQuiere hechos basados en la experiencia sobre el tema?<\/p>\n<p>Nuestra empresa tiene muchos a\u00f1os de experiencia en el mercado inmobiliario Espa\u00f1ol, especialmente en t\u00e9rminos de inversi\u00f3n en la Costa del Sol y en Costa Blanca. Estamos encantados de poner nuestra experiencia pr\u00e1ctica a disposici\u00f3n de nuestros clientes y de aquellos interesados en la inversi\u00f3n inmobiliaria. Hemos renovado apartamentos y villas, cometido errores, pero hemos aprendido este negocio por contratiempos. Nuestro pr\u00f3ximo proyecto est\u00e1 cerca del casco antiguo de M\u00e1laga, donde estamos construyendo un nuevo proyecto de 11 apartamentos.   <\/p>\n<p>Si le interesa saber:<\/p>\n<ul>\n<li>\u00bfCu\u00e1les son las expectativas de rendimiento realistas?<\/li>\n<li>\u00bfC\u00f3mo es una buena propiedad de inversi\u00f3n?<\/li>\n<li>\u00bfQu\u00e9 hay que tener en cuenta en las propiedades de renovaci\u00f3n?<\/li>\n<li>\u00bfRenovaci\u00f3n de propiedades m\u00e1s grandes, villas?<\/li>\n<li>\u00bfQu\u00e9 permisos se necesitan y qu\u00e9 debe tenerse en cuenta en las pr\u00e1cticas contractuales?<\/li>\n<li>\u00bfTerreno y construcci\u00f3n?<\/li>\n<\/ul><div><br><\/div>\n<p>Preg\u00fantenos m\u00e1s y reserve su reuni\u00f3n personal\/ hora de llamada; empresario, propietario Pasi Laine +358 400 457 205 pasi@lainehomes.es<\/p>\t\t\t\t\t\t\t\t<\/div>\n\t\t\t\t<\/div>\n\t\t\t\t<\/div>\n\t\t\t\t<\/div>\n\t\t","protected":false},"excerpt":{"rendered":"<p>\u00bfEst\u00e1 considerando comprar una propiedad de inversi\u00f3n en Espa\u00f1a? \u00bfEs un buen momento para invertir en el mercado inmobiliario Espa\u00f1ol? El desarrollo en el mercado inmobiliario Espa\u00f1ol sigue siendo muy positivo, en 2024 el n\u00famero de transacciones aument\u00f3 casi un 10% en comparaci\u00f3n con el a\u00f1o anterior. El apetito de compra de los compradores extranjeros [&hellip;]<\/p>\n","protected":false},"author":1,"featured_media":118168,"parent":120157,"menu_order":57,"comment_status":"closed","ping_status":"closed","template":"elementor_theme","meta":{"footnotes":""},"class_list":["post-120179","page","type-page","status-publish","has-post-thumbnail","hentry"],"yoast_head":"<!-- This site is optimized with the Yoast SEO plugin v27.4 - https:\/\/yoast.com\/product\/yoast-seo-wordpress\/ -->\n<title>Para el inversor inmobiliario | Laine Homes<\/title>\n<meta name=\"robots\" content=\"index, follow, max-snippet:-1, max-image-preview:large, max-video-preview:-1\" \/>\n<link rel=\"canonical\" href=\"https:\/\/lainehomes.es\/es\/informacion\/paquetes-informativos-para-el-comprador\/para-el-inversor-inmobiliario\/\" \/>\n<meta property=\"og:locale\" content=\"es_ES\" \/>\n<meta property=\"og:type\" content=\"article\" \/>\n<meta property=\"og:title\" content=\"Para el inversor inmobiliario | Laine Homes\" \/>\n<meta property=\"og:description\" content=\"\u00bfEst\u00e1 considerando comprar una propiedad de inversi\u00f3n en Espa\u00f1a? \u00bfEs un buen momento para invertir en el mercado inmobiliario Espa\u00f1ol? El desarrollo en el mercado inmobiliario Espa\u00f1ol sigue siendo muy positivo, en 2024 el n\u00famero de transacciones aument\u00f3 casi un 10% en comparaci\u00f3n con el a\u00f1o anterior. El apetito de compra de los compradores extranjeros [&hellip;]\" \/>\n<meta property=\"og:url\" content=\"https:\/\/lainehomes.es\/es\/informacion\/paquetes-informativos-para-el-comprador\/para-el-inversor-inmobiliario\/\" \/>\n<meta property=\"og:site_name\" content=\"Laine Homes\" \/>\n<meta property=\"article:modified_time\" content=\"2025-03-20T11:28:46+00:00\" \/>\n<meta property=\"og:image\" content=\"https:\/\/lainehomes.es\/wp-content\/uploads\/2025\/03\/iStock-546022808-scaled.jpg\" \/>\n\t<meta property=\"og:image:width\" content=\"2560\" \/>\n\t<meta property=\"og:image:height\" content=\"1709\" \/>\n\t<meta property=\"og:image:type\" content=\"image\/jpeg\" \/>\n<meta name=\"twitter:card\" content=\"summary_large_image\" \/>\n<meta name=\"twitter:label1\" content=\"Tiempo de lectura\" \/>\n\t<meta name=\"twitter:data1\" content=\"2 minutos\" \/>\n<script type=\"application\/ld+json\" class=\"yoast-schema-graph\">{\"@context\":\"https:\\\/\\\/schema.org\",\"@graph\":[{\"@type\":\"WebPage\",\"@id\":\"https:\\\/\\\/lainehomes.es\\\/es\\\/informacion\\\/paquetes-informativos-para-el-comprador\\\/para-el-inversor-inmobiliario\\\/\",\"url\":\"https:\\\/\\\/lainehomes.es\\\/es\\\/informacion\\\/paquetes-informativos-para-el-comprador\\\/para-el-inversor-inmobiliario\\\/\",\"name\":\"Para el inversor inmobiliario | Laine Homes\",\"isPartOf\":{\"@id\":\"https:\\\/\\\/lainehomes.es\\\/es\\\/#website\"},\"primaryImageOfPage\":{\"@id\":\"https:\\\/\\\/lainehomes.es\\\/es\\\/informacion\\\/paquetes-informativos-para-el-comprador\\\/para-el-inversor-inmobiliario\\\/#primaryimage\"},\"image\":{\"@id\":\"https:\\\/\\\/lainehomes.es\\\/es\\\/informacion\\\/paquetes-informativos-para-el-comprador\\\/para-el-inversor-inmobiliario\\\/#primaryimage\"},\"thumbnailUrl\":\"https:\\\/\\\/lainehomes.es\\\/wp-content\\\/uploads\\\/2025\\\/03\\\/iStock-546022808-scaled.jpg\",\"datePublished\":\"2025-01-14T13:15:12+00:00\",\"dateModified\":\"2025-03-20T11:28:46+00:00\",\"breadcrumb\":{\"@id\":\"https:\\\/\\\/lainehomes.es\\\/es\\\/informacion\\\/paquetes-informativos-para-el-comprador\\\/para-el-inversor-inmobiliario\\\/#breadcrumb\"},\"inLanguage\":\"es\",\"potentialAction\":[{\"@type\":\"ReadAction\",\"target\":[\"https:\\\/\\\/lainehomes.es\\\/es\\\/informacion\\\/paquetes-informativos-para-el-comprador\\\/para-el-inversor-inmobiliario\\\/\"]}]},{\"@type\":\"ImageObject\",\"inLanguage\":\"es\",\"@id\":\"https:\\\/\\\/lainehomes.es\\\/es\\\/informacion\\\/paquetes-informativos-para-el-comprador\\\/para-el-inversor-inmobiliario\\\/#primaryimage\",\"url\":\"https:\\\/\\\/lainehomes.es\\\/wp-content\\\/uploads\\\/2025\\\/03\\\/iStock-546022808-scaled.jpg\",\"contentUrl\":\"https:\\\/\\\/lainehomes.es\\\/wp-content\\\/uploads\\\/2025\\\/03\\\/iStock-546022808-scaled.jpg\",\"width\":2560,\"height\":1709,\"caption\":\"Happy embraced couple relaxing by the window while woman is pointing at distance.\"},{\"@type\":\"BreadcrumbList\",\"@id\":\"https:\\\/\\\/lainehomes.es\\\/es\\\/informacion\\\/paquetes-informativos-para-el-comprador\\\/para-el-inversor-inmobiliario\\\/#breadcrumb\",\"itemListElement\":[{\"@type\":\"ListItem\",\"position\":1,\"name\":\"Etusivu\",\"item\":\"https:\\\/\\\/lainehomes.es\\\/es\\\/\"},{\"@type\":\"ListItem\",\"position\":2,\"name\":\"Informaci\u00f3n\",\"item\":\"https:\\\/\\\/lainehomes.es\\\/es\\\/informacion\\\/\"},{\"@type\":\"ListItem\",\"position\":3,\"name\":\"Paquetes informativos para el comprador\",\"item\":\"https:\\\/\\\/lainehomes.es\\\/es\\\/informacion\\\/paquetes-informativos-para-el-comprador\\\/\"},{\"@type\":\"ListItem\",\"position\":4,\"name\":\"Para el inversor inmobiliario\"}]},{\"@type\":\"WebSite\",\"@id\":\"https:\\\/\\\/lainehomes.es\\\/es\\\/#website\",\"url\":\"https:\\\/\\\/lainehomes.es\\\/es\\\/\",\"name\":\"Laine Homes\",\"description\":\"Homes and Villas Spain\",\"publisher\":{\"@id\":\"https:\\\/\\\/lainehomes.es\\\/es\\\/#organization\"},\"potentialAction\":[{\"@type\":\"SearchAction\",\"target\":{\"@type\":\"EntryPoint\",\"urlTemplate\":\"https:\\\/\\\/lainehomes.es\\\/es\\\/?s={search_term_string}\"},\"query-input\":{\"@type\":\"PropertyValueSpecification\",\"valueRequired\":true,\"valueName\":\"search_term_string\"}}],\"inLanguage\":\"es\"},{\"@type\":\"Organization\",\"@id\":\"https:\\\/\\\/lainehomes.es\\\/es\\\/#organization\",\"name\":\"Laine Homes\",\"url\":\"https:\\\/\\\/lainehomes.es\\\/es\\\/\",\"logo\":{\"@type\":\"ImageObject\",\"inLanguage\":\"es\",\"@id\":\"https:\\\/\\\/lainehomes.es\\\/es\\\/#\\\/schema\\\/logo\\\/image\\\/\",\"url\":\"https:\\\/\\\/lainehomes.es\\\/wp-content\\\/uploads\\\/2022\\\/02\\\/LAINETOIMIALA-WHITE.svg\",\"contentUrl\":\"https:\\\/\\\/lainehomes.es\\\/wp-content\\\/uploads\\\/2022\\\/02\\\/LAINETOIMIALA-WHITE.svg\",\"width\":372.96,\"height\":80.53,\"caption\":\"Laine Homes\"},\"image\":{\"@id\":\"https:\\\/\\\/lainehomes.es\\\/es\\\/#\\\/schema\\\/logo\\\/image\\\/\"}}]}<\/script>\n<!-- \/ Yoast SEO plugin. -->","yoast_head_json":{"title":"Para el inversor inmobiliario | Laine Homes","robots":{"index":"index","follow":"follow","max-snippet":"max-snippet:-1","max-image-preview":"max-image-preview:large","max-video-preview":"max-video-preview:-1"},"canonical":"https:\/\/lainehomes.es\/es\/informacion\/paquetes-informativos-para-el-comprador\/para-el-inversor-inmobiliario\/","og_locale":"es_ES","og_type":"article","og_title":"Para el inversor inmobiliario | Laine Homes","og_description":"\u00bfEst\u00e1 considerando comprar una propiedad de inversi\u00f3n en Espa\u00f1a? \u00bfEs un buen momento para invertir en el mercado inmobiliario Espa\u00f1ol? El desarrollo en el mercado inmobiliario Espa\u00f1ol sigue siendo muy positivo, en 2024 el n\u00famero de transacciones aument\u00f3 casi un 10% en comparaci\u00f3n con el a\u00f1o anterior. El apetito de compra de los compradores extranjeros [&hellip;]","og_url":"https:\/\/lainehomes.es\/es\/informacion\/paquetes-informativos-para-el-comprador\/para-el-inversor-inmobiliario\/","og_site_name":"Laine Homes","article_modified_time":"2025-03-20T11:28:46+00:00","og_image":[{"width":2560,"height":1709,"url":"https:\/\/lainehomes.es\/wp-content\/uploads\/2025\/03\/iStock-546022808-scaled.jpg","type":"image\/jpeg"}],"twitter_card":"summary_large_image","twitter_misc":{"Tiempo de lectura":"2 minutos"},"schema":{"@context":"https:\/\/schema.org","@graph":[{"@type":"WebPage","@id":"https:\/\/lainehomes.es\/es\/informacion\/paquetes-informativos-para-el-comprador\/para-el-inversor-inmobiliario\/","url":"https:\/\/lainehomes.es\/es\/informacion\/paquetes-informativos-para-el-comprador\/para-el-inversor-inmobiliario\/","name":"Para el inversor inmobiliario | Laine Homes","isPartOf":{"@id":"https:\/\/lainehomes.es\/es\/#website"},"primaryImageOfPage":{"@id":"https:\/\/lainehomes.es\/es\/informacion\/paquetes-informativos-para-el-comprador\/para-el-inversor-inmobiliario\/#primaryimage"},"image":{"@id":"https:\/\/lainehomes.es\/es\/informacion\/paquetes-informativos-para-el-comprador\/para-el-inversor-inmobiliario\/#primaryimage"},"thumbnailUrl":"https:\/\/lainehomes.es\/wp-content\/uploads\/2025\/03\/iStock-546022808-scaled.jpg","datePublished":"2025-01-14T13:15:12+00:00","dateModified":"2025-03-20T11:28:46+00:00","breadcrumb":{"@id":"https:\/\/lainehomes.es\/es\/informacion\/paquetes-informativos-para-el-comprador\/para-el-inversor-inmobiliario\/#breadcrumb"},"inLanguage":"es","potentialAction":[{"@type":"ReadAction","target":["https:\/\/lainehomes.es\/es\/informacion\/paquetes-informativos-para-el-comprador\/para-el-inversor-inmobiliario\/"]}]},{"@type":"ImageObject","inLanguage":"es","@id":"https:\/\/lainehomes.es\/es\/informacion\/paquetes-informativos-para-el-comprador\/para-el-inversor-inmobiliario\/#primaryimage","url":"https:\/\/lainehomes.es\/wp-content\/uploads\/2025\/03\/iStock-546022808-scaled.jpg","contentUrl":"https:\/\/lainehomes.es\/wp-content\/uploads\/2025\/03\/iStock-546022808-scaled.jpg","width":2560,"height":1709,"caption":"Happy embraced couple relaxing by the window while woman is pointing at distance."},{"@type":"BreadcrumbList","@id":"https:\/\/lainehomes.es\/es\/informacion\/paquetes-informativos-para-el-comprador\/para-el-inversor-inmobiliario\/#breadcrumb","itemListElement":[{"@type":"ListItem","position":1,"name":"Etusivu","item":"https:\/\/lainehomes.es\/es\/"},{"@type":"ListItem","position":2,"name":"Informaci\u00f3n","item":"https:\/\/lainehomes.es\/es\/informacion\/"},{"@type":"ListItem","position":3,"name":"Paquetes informativos para el comprador","item":"https:\/\/lainehomes.es\/es\/informacion\/paquetes-informativos-para-el-comprador\/"},{"@type":"ListItem","position":4,"name":"Para el inversor inmobiliario"}]},{"@type":"WebSite","@id":"https:\/\/lainehomes.es\/es\/#website","url":"https:\/\/lainehomes.es\/es\/","name":"Laine Homes","description":"Homes and Villas Spain","publisher":{"@id":"https:\/\/lainehomes.es\/es\/#organization"},"potentialAction":[{"@type":"SearchAction","target":{"@type":"EntryPoint","urlTemplate":"https:\/\/lainehomes.es\/es\/?s={search_term_string}"},"query-input":{"@type":"PropertyValueSpecification","valueRequired":true,"valueName":"search_term_string"}}],"inLanguage":"es"},{"@type":"Organization","@id":"https:\/\/lainehomes.es\/es\/#organization","name":"Laine Homes","url":"https:\/\/lainehomes.es\/es\/","logo":{"@type":"ImageObject","inLanguage":"es","@id":"https:\/\/lainehomes.es\/es\/#\/schema\/logo\/image\/","url":"https:\/\/lainehomes.es\/wp-content\/uploads\/2022\/02\/LAINETOIMIALA-WHITE.svg","contentUrl":"https:\/\/lainehomes.es\/wp-content\/uploads\/2022\/02\/LAINETOIMIALA-WHITE.svg","width":372.96,"height":80.53,"caption":"Laine Homes"},"image":{"@id":"https:\/\/lainehomes.es\/es\/#\/schema\/logo\/image\/"}}]}},"_links":{"self":[{"href":"https:\/\/lainehomes.es\/es\/wp-json\/wp\/v2\/pages\/120179","targetHints":{"allow":["GET"]}}],"collection":[{"href":"https:\/\/lainehomes.es\/es\/wp-json\/wp\/v2\/pages"}],"about":[{"href":"https:\/\/lainehomes.es\/es\/wp-json\/wp\/v2\/types\/page"}],"author":[{"embeddable":true,"href":"https:\/\/lainehomes.es\/es\/wp-json\/wp\/v2\/users\/1"}],"replies":[{"embeddable":true,"href":"https:\/\/lainehomes.es\/es\/wp-json\/wp\/v2\/comments?post=120179"}],"version-history":[{"count":1,"href":"https:\/\/lainehomes.es\/es\/wp-json\/wp\/v2\/pages\/120179\/revisions"}],"predecessor-version":[{"id":120180,"href":"https:\/\/lainehomes.es\/es\/wp-json\/wp\/v2\/pages\/120179\/revisions\/120180"}],"up":[{"embeddable":true,"href":"https:\/\/lainehomes.es\/es\/wp-json\/wp\/v2\/pages\/120157"}],"wp:featuredmedia":[{"embeddable":true,"href":"https:\/\/lainehomes.es\/es\/wp-json\/wp\/v2\/media\/118168"}],"wp:attachment":[{"href":"https:\/\/lainehomes.es\/es\/wp-json\/wp\/v2\/media?parent=120179"}],"curies":[{"name":"wp","href":"https:\/\/api.w.org\/{rel}","templated":true}]}}