{"id":120173,"date":"2025-01-14T15:34:38","date_gmt":"2025-01-14T13:34:38","guid":{"rendered":"https:\/\/laine.sivustamo.dev\/financiacion\/caixa-bank\/"},"modified":"2025-03-25T11:13:35","modified_gmt":"2025-03-25T09:13:35","slug":"caixa-bank","status":"publish","type":"page","link":"https:\/\/lainehomes.es\/es\/informacion\/financiacion\/caixa-bank\/","title":{"rendered":"Caixa bank"},"content":{"rendered":"\t\t<div data-elementor-type=\"wp-page\" data-elementor-id=\"120173\" class=\"elementor elementor-120173 elementor-42019\" data-elementor-post-type=\"page\">\n\t\t\t\t<div class=\"elementor-element elementor-element-4365fa7 e-con-full e-flex e-con e-parent\" data-id=\"4365fa7\" data-element_type=\"container\" data-e-type=\"container\" data-settings=\"{&quot;jet_parallax_layout_list&quot;:[]}\">\n\t\t\t\t<div class=\"elementor-element elementor-element-88f74e4 elementor-widget elementor-widget-text-editor\" data-id=\"88f74e4\" data-element_type=\"widget\" data-e-type=\"widget\" data-widget_type=\"text-editor.default\">\n\t\t\t\t<div class=\"elementor-widget-container\">\n\t\t\t\t\t\t\t\t\t<p>Ahora tambi\u00e9n puede solicitar f\u00e1cilmente una decisi\u00f3n de pr\u00e9stamo on-line del Banco Caixa a trav\u00e9s de nosotros. Los documentos adjuntos a la solicitud pueden estar en Finland\u00e9s y la solicitud se puede realizar incluso si no es cliente del Banco Caixa.<\/p><p>Antes de completar la solicitud, aseg\u00farese de tener escaneados los siguientes documentos en formato PDF o JPG para que pueda adjuntarlos a su solicitud de pr\u00e9stamo y la cumplimentaci\u00f3n de su solicitud sea fluida. La solicitud requiere copias de informaci\u00f3n de ingresos, informaci\u00f3n personal, pr\u00e9stamos en Finlandia, certificados fiscales, dependiendo de si es empleado, aut\u00f3nomo, etc.<\/p><p>Desde este enlace encontrar\u00e1 los documentos necesarios que deben adjuntarse a la solicitud <a class=\"s-button\" href=\"\/wp-content\/uploads\/2025\/03\/Checklist.pdf\" target=\"_blank\" rel=\"noopener\"><b>DOCUMENTOS NECESARIOS PARA PR\u00c9STAMO<\/b>. <i class=\"s-arrow s-arrow-brown fas fa-arrow-right\" aria-hidden=\"true\"><\/i><\/a><\/p><p>Aqu\u00ed puede ver el modelo de solicitud de pr\u00e9stamo real, al que puede acceder aqu\u00ed <a class=\"s-button\" href=\"\/wp-content\/uploads\/2025\/03\/Mortgage.application.form_.pdf\" target=\"_blank\" rel=\"noopener\"><b>MODELO DE SOLICITUD DE PR\u00c9STAMO.<\/b> <i class=\"s-arrow s-arrow-brown fas fa-arrow-right\" aria-hidden=\"true\"><\/i><\/a><\/p><p>Puede completar la solicitud real en el sitio web de Caixa, haga clic en <a class=\"s-button\" href=\"https:\/\/www.caixabank.es\/particular\/holabank\/holabank-mortgage.html\" target=\"_blank\" rel=\"noopener\"><b>BANCO CAIXA.<\/b> <i class=\"s-arrow s-arrow-brown fas fa-arrow-right\" aria-hidden=\"true\"><\/i><\/a><\/p><p>\u00bfC\u00f3mo empiezo en el sitio web?<\/p><ol><li>Vaya a la secci\u00f3n \u00abRequest more information\/pyyd\u00e4 lis\u00e4tietoa\u00bb (Solicitar m\u00e1s informaci\u00f3n\/pedir m\u00e1s informaci\u00f3n).<\/li><li>Complete la informaci\u00f3n personal b\u00e1sica (nombre, n\u00famero de tel\u00e9fono, nacionalidad, n\u00famero de pasaporte, etc.) y presione \u00abApply Now\/Hae nyt\u00bb (Solicitar ahora\/Solicitar ahora).<\/li><li>Recibir\u00e1 un nombre de usuario y una contrase\u00f1a en la direcci\u00f3n de correo electr\u00f3nico que proporcion\u00f3, con los que podr\u00e1 realizar la solicitud real.<\/li><li>Haga clic en \u00abGet Started\/Aloita\u00bb (Empezar\/Comenzar) en el correo electr\u00f3nico.<\/li><li>Cambie su contrase\u00f1a temporal por una nueva contrase\u00f1a.<\/li><li>Vuelva a iniciar sesi\u00f3n \u00abPlease, log in to continue with your request\u00bb (Por favor, inicie sesi\u00f3n para continuar con su solicitud).<\/li><li>Nombre de usuario = correo electr\u00f3nico, contrase\u00f1a = la contrase\u00f1a que acaba de crear.<\/li><li>Comience a completar la solicitud.<\/li><\/ol>\t\t\t\t\t\t\t\t<\/div>\n\t\t\t\t<\/div>\n\t\t\t\t<\/div>\n\t\t\t\t<\/div>\n\t\t","protected":false},"excerpt":{"rendered":"<p>Ahora tambi\u00e9n puede solicitar f\u00e1cilmente una decisi\u00f3n de pr\u00e9stamo on-line del Banco Caixa a trav\u00e9s de nosotros. Los documentos adjuntos a la solicitud pueden estar en Finland\u00e9s y la solicitud se puede realizar incluso si no es cliente del Banco Caixa. Antes de completar la solicitud, aseg\u00farese de tener escaneados los siguientes documentos en formato [&hellip;]<\/p>\n","protected":false},"author":1,"featured_media":0,"parent":66545,"menu_order":39,"comment_status":"closed","ping_status":"closed","template":"elementor_theme","meta":{"footnotes":""},"class_list":["post-120173","page","type-page","status-publish","hentry"],"yoast_head":"<!-- This site is optimized with the Yoast SEO plugin v27.4 - https:\/\/yoast.com\/product\/yoast-seo-wordpress\/ -->\n<title>Caixa bank | Laine Homes<\/title>\n<meta name=\"robots\" content=\"index, follow, max-snippet:-1, max-image-preview:large, max-video-preview:-1\" \/>\n<link rel=\"canonical\" href=\"https:\/\/lainehomes.es\/es\/informacion\/financiacion\/caixa-bank\/\" \/>\n<meta property=\"og:locale\" content=\"es_ES\" \/>\n<meta property=\"og:type\" content=\"article\" \/>\n<meta property=\"og:title\" content=\"Caixa bank | Laine Homes\" \/>\n<meta property=\"og:description\" content=\"Ahora tambi\u00e9n puede solicitar f\u00e1cilmente una decisi\u00f3n de pr\u00e9stamo on-line del Banco Caixa a trav\u00e9s de nosotros. Los documentos adjuntos a la solicitud pueden estar en Finland\u00e9s y la solicitud se puede realizar incluso si no es cliente del Banco Caixa. Antes de completar la solicitud, aseg\u00farese de tener escaneados los siguientes documentos en formato [&hellip;]\" \/>\n<meta property=\"og:url\" content=\"https:\/\/lainehomes.es\/es\/informacion\/financiacion\/caixa-bank\/\" \/>\n<meta property=\"og:site_name\" content=\"Laine Homes\" \/>\n<meta property=\"article:modified_time\" content=\"2025-03-25T09:13:35+00:00\" \/>\n<meta name=\"twitter:card\" content=\"summary_large_image\" \/>\n<meta name=\"twitter:label1\" content=\"Tiempo de lectura\" \/>\n\t<meta name=\"twitter:data1\" content=\"2 minutos\" \/>\n<script type=\"application\/ld+json\" class=\"yoast-schema-graph\">{\"@context\":\"https:\\\/\\\/schema.org\",\"@graph\":[{\"@type\":\"WebPage\",\"@id\":\"https:\\\/\\\/lainehomes.es\\\/es\\\/informacion\\\/financiacion\\\/caixa-bank\\\/\",\"url\":\"https:\\\/\\\/lainehomes.es\\\/es\\\/informacion\\\/financiacion\\\/caixa-bank\\\/\",\"name\":\"Caixa bank | Laine Homes\",\"isPartOf\":{\"@id\":\"https:\\\/\\\/lainehomes.es\\\/es\\\/#website\"},\"datePublished\":\"2025-01-14T13:34:38+00:00\",\"dateModified\":\"2025-03-25T09:13:35+00:00\",\"breadcrumb\":{\"@id\":\"https:\\\/\\\/lainehomes.es\\\/es\\\/informacion\\\/financiacion\\\/caixa-bank\\\/#breadcrumb\"},\"inLanguage\":\"es\",\"potentialAction\":[{\"@type\":\"ReadAction\",\"target\":[\"https:\\\/\\\/lainehomes.es\\\/es\\\/informacion\\\/financiacion\\\/caixa-bank\\\/\"]}]},{\"@type\":\"BreadcrumbList\",\"@id\":\"https:\\\/\\\/lainehomes.es\\\/es\\\/informacion\\\/financiacion\\\/caixa-bank\\\/#breadcrumb\",\"itemListElement\":[{\"@type\":\"ListItem\",\"position\":1,\"name\":\"Etusivu\",\"item\":\"https:\\\/\\\/lainehomes.es\\\/es\\\/\"},{\"@type\":\"ListItem\",\"position\":2,\"name\":\"Informaci\u00f3n\",\"item\":\"https:\\\/\\\/lainehomes.es\\\/es\\\/informacion\\\/\"},{\"@type\":\"ListItem\",\"position\":3,\"name\":\"Financiacion\",\"item\":\"https:\\\/\\\/lainehomes.es\\\/es\\\/financiacion\\\/\"},{\"@type\":\"ListItem\",\"position\":4,\"name\":\"Caixa bank\"}]},{\"@type\":\"WebSite\",\"@id\":\"https:\\\/\\\/lainehomes.es\\\/es\\\/#website\",\"url\":\"https:\\\/\\\/lainehomes.es\\\/es\\\/\",\"name\":\"Laine Homes\",\"description\":\"Homes and Villas Spain\",\"publisher\":{\"@id\":\"https:\\\/\\\/lainehomes.es\\\/es\\\/#organization\"},\"potentialAction\":[{\"@type\":\"SearchAction\",\"target\":{\"@type\":\"EntryPoint\",\"urlTemplate\":\"https:\\\/\\\/lainehomes.es\\\/es\\\/?s={search_term_string}\"},\"query-input\":{\"@type\":\"PropertyValueSpecification\",\"valueRequired\":true,\"valueName\":\"search_term_string\"}}],\"inLanguage\":\"es\"},{\"@type\":\"Organization\",\"@id\":\"https:\\\/\\\/lainehomes.es\\\/es\\\/#organization\",\"name\":\"Laine Homes\",\"url\":\"https:\\\/\\\/lainehomes.es\\\/es\\\/\",\"logo\":{\"@type\":\"ImageObject\",\"inLanguage\":\"es\",\"@id\":\"https:\\\/\\\/lainehomes.es\\\/es\\\/#\\\/schema\\\/logo\\\/image\\\/\",\"url\":\"https:\\\/\\\/lainehomes.es\\\/wp-content\\\/uploads\\\/2022\\\/02\\\/LAINETOIMIALA-WHITE.svg\",\"contentUrl\":\"https:\\\/\\\/lainehomes.es\\\/wp-content\\\/uploads\\\/2022\\\/02\\\/LAINETOIMIALA-WHITE.svg\",\"width\":372.96,\"height\":80.53,\"caption\":\"Laine Homes\"},\"image\":{\"@id\":\"https:\\\/\\\/lainehomes.es\\\/es\\\/#\\\/schema\\\/logo\\\/image\\\/\"}}]}<\/script>\n<!-- \/ Yoast SEO plugin. -->","yoast_head_json":{"title":"Caixa bank | Laine Homes","robots":{"index":"index","follow":"follow","max-snippet":"max-snippet:-1","max-image-preview":"max-image-preview:large","max-video-preview":"max-video-preview:-1"},"canonical":"https:\/\/lainehomes.es\/es\/informacion\/financiacion\/caixa-bank\/","og_locale":"es_ES","og_type":"article","og_title":"Caixa bank | Laine Homes","og_description":"Ahora tambi\u00e9n puede solicitar f\u00e1cilmente una decisi\u00f3n de pr\u00e9stamo on-line del Banco Caixa a trav\u00e9s de nosotros. Los documentos adjuntos a la solicitud pueden estar en Finland\u00e9s y la solicitud se puede realizar incluso si no es cliente del Banco Caixa. Antes de completar la solicitud, aseg\u00farese de tener escaneados los siguientes documentos en formato [&hellip;]","og_url":"https:\/\/lainehomes.es\/es\/informacion\/financiacion\/caixa-bank\/","og_site_name":"Laine Homes","article_modified_time":"2025-03-25T09:13:35+00:00","twitter_card":"summary_large_image","twitter_misc":{"Tiempo de lectura":"2 minutos"},"schema":{"@context":"https:\/\/schema.org","@graph":[{"@type":"WebPage","@id":"https:\/\/lainehomes.es\/es\/informacion\/financiacion\/caixa-bank\/","url":"https:\/\/lainehomes.es\/es\/informacion\/financiacion\/caixa-bank\/","name":"Caixa bank | Laine Homes","isPartOf":{"@id":"https:\/\/lainehomes.es\/es\/#website"},"datePublished":"2025-01-14T13:34:38+00:00","dateModified":"2025-03-25T09:13:35+00:00","breadcrumb":{"@id":"https:\/\/lainehomes.es\/es\/informacion\/financiacion\/caixa-bank\/#breadcrumb"},"inLanguage":"es","potentialAction":[{"@type":"ReadAction","target":["https:\/\/lainehomes.es\/es\/informacion\/financiacion\/caixa-bank\/"]}]},{"@type":"BreadcrumbList","@id":"https:\/\/lainehomes.es\/es\/informacion\/financiacion\/caixa-bank\/#breadcrumb","itemListElement":[{"@type":"ListItem","position":1,"name":"Etusivu","item":"https:\/\/lainehomes.es\/es\/"},{"@type":"ListItem","position":2,"name":"Informaci\u00f3n","item":"https:\/\/lainehomes.es\/es\/informacion\/"},{"@type":"ListItem","position":3,"name":"Financiacion","item":"https:\/\/lainehomes.es\/es\/financiacion\/"},{"@type":"ListItem","position":4,"name":"Caixa bank"}]},{"@type":"WebSite","@id":"https:\/\/lainehomes.es\/es\/#website","url":"https:\/\/lainehomes.es\/es\/","name":"Laine Homes","description":"Homes and Villas Spain","publisher":{"@id":"https:\/\/lainehomes.es\/es\/#organization"},"potentialAction":[{"@type":"SearchAction","target":{"@type":"EntryPoint","urlTemplate":"https:\/\/lainehomes.es\/es\/?s={search_term_string}"},"query-input":{"@type":"PropertyValueSpecification","valueRequired":true,"valueName":"search_term_string"}}],"inLanguage":"es"},{"@type":"Organization","@id":"https:\/\/lainehomes.es\/es\/#organization","name":"Laine Homes","url":"https:\/\/lainehomes.es\/es\/","logo":{"@type":"ImageObject","inLanguage":"es","@id":"https:\/\/lainehomes.es\/es\/#\/schema\/logo\/image\/","url":"https:\/\/lainehomes.es\/wp-content\/uploads\/2022\/02\/LAINETOIMIALA-WHITE.svg","contentUrl":"https:\/\/lainehomes.es\/wp-content\/uploads\/2022\/02\/LAINETOIMIALA-WHITE.svg","width":372.96,"height":80.53,"caption":"Laine Homes"},"image":{"@id":"https:\/\/lainehomes.es\/es\/#\/schema\/logo\/image\/"}}]}},"_links":{"self":[{"href":"https:\/\/lainehomes.es\/es\/wp-json\/wp\/v2\/pages\/120173","targetHints":{"allow":["GET"]}}],"collection":[{"href":"https:\/\/lainehomes.es\/es\/wp-json\/wp\/v2\/pages"}],"about":[{"href":"https:\/\/lainehomes.es\/es\/wp-json\/wp\/v2\/types\/page"}],"author":[{"embeddable":true,"href":"https:\/\/lainehomes.es\/es\/wp-json\/wp\/v2\/users\/1"}],"replies":[{"embeddable":true,"href":"https:\/\/lainehomes.es\/es\/wp-json\/wp\/v2\/comments?post=120173"}],"version-history":[{"count":7,"href":"https:\/\/lainehomes.es\/es\/wp-json\/wp\/v2\/pages\/120173\/revisions"}],"predecessor-version":[{"id":120776,"href":"https:\/\/lainehomes.es\/es\/wp-json\/wp\/v2\/pages\/120173\/revisions\/120776"}],"up":[{"embeddable":true,"href":"https:\/\/lainehomes.es\/es\/wp-json\/wp\/v2\/pages\/66545"}],"wp:attachment":[{"href":"https:\/\/lainehomes.es\/es\/wp-json\/wp\/v2\/media?parent=120173"}],"curies":[{"name":"wp","href":"https:\/\/api.w.org\/{rel}","templated":true}]}}