{"id":120169,"date":"2025-01-24T10:29:45","date_gmt":"2025-01-24T08:29:45","guid":{"rendered":"https:\/\/laine.sivustamo.dev\/informacion\/paquetes-informativos-para-el-comprador\/proceso-de-compra-en-espana\/"},"modified":"2025-03-20T13:07:00","modified_gmt":"2025-03-20T11:07:00","slug":"proceso-de-compra-en-espana","status":"publish","type":"page","link":"https:\/\/lainehomes.es\/es\/informacion\/paquetes-informativos-para-el-comprador\/proceso-de-compra-en-espana\/","title":{"rendered":"Proceso de compra en Espa\u00f1a"},"content":{"rendered":"\t\t<div data-elementor-type=\"wp-page\" data-elementor-id=\"120169\" class=\"elementor elementor-120169 elementor-94020\" data-elementor-post-type=\"page\">\n\t\t\t\t<div class=\"elementor-element elementor-element-5bd685e e-con-full e-flex e-con e-parent\" data-id=\"5bd685e\" data-element_type=\"container\" data-e-type=\"container\" data-settings=\"{&quot;jet_parallax_layout_list&quot;:[]}\">\n\t\t\t\t<div class=\"elementor-element elementor-element-d0a606d elementor-widget elementor-widget-text-editor\" data-id=\"d0a606d\" data-element_type=\"widget\" data-e-type=\"widget\" data-widget_type=\"text-editor.default\">\n\t\t\t\t<div class=\"elementor-widget-container\">\n\t\t\t\t\t\t\t\t\t<p><b>Paso uno:<\/b> Una vez que haya encontrado la propiedad adecuada, el primer paso es hacer una oferta y negociar el precio con el vendedor para que ambos puedan acordar el precio final.<\/p>\n<p><b>Paso dos:<\/b> Una vez acordado el precio de compra, se debe pagar una reserva de 3.000\u20ac \u2013 6.000\u20ac. Al comprar una propiedad de nueva construcci\u00f3n, la reserva suele ser de 10.000\u20ac. Esto confirma al vendedor que tiene la intenci\u00f3n de comprar la propiedad y que pueden retirarla del mercado. En este punto, todos los datos de la propiedad se verifican en los documentos del Registro de la Propiedad para asegurarse de que toda la informaci\u00f3n es correcta.   <\/p>\n<p><b>Paso tres:<\/b> En este punto, el abogado se pone en contacto con el representante legal del vendedor y recopila todos los documentos relativos a la propiedad y se asegura de que todos los permisos y licencias emitidos por el Municipio est\u00e9n en orden. El abogado tambi\u00e9n se asegura de que la propiedad no tenga hipotecas, cargos, deudas, inquilinos o impuestos pendientes. <\/p>\n<p><b>Paso cuatro:<\/b> Una vez que el abogado ha examinado todo y ha confirmado que todo est\u00e1 en orden para continuar con el proceso, el comprador y el vendedor pueden firmar un contrato de compra-venta privado. El contrato incluye todas las descripciones legales de la propiedad. Tambi\u00e9n incluye todos los datos personales del comprador y del vendedor, el precio de compra, el calendario de pagos, la fecha estimada de firma de la Escritura de Propiedad y otras acciones legales. En este momento, el comprador suele pagar el 10% del precio total de venta de la propiedad.   <\/p>\n<p><b>Paso cinco:<\/b> Finalmente, ambas partes, ya sea con sus abogados o los abogados entre s\u00ed, que tienen el poder del cliente, se re\u00fanen con el Notario. En este punto, se firma la Escritura de Propiedad y el comprador paga el resto del precio de venta acordado al vendedor y se entregan las llaves. Ahora es el propietario legal de la vivienda.  <\/p>\n<p><b>Impuestos y tasas<\/b><\/p>\n<p>Al comprar una propiedad en Espa\u00f1a, debe recordar que la compra implica algunos impuestos y tasas. La cantidad del impuesto depende de si la propiedad comprada es de reventa o de nueva construcci\u00f3n. Tambi\u00e9n hay una peque\u00f1a diferencia en la tributaci\u00f3n de las propiedades de reventa entre las diferentes regiones de Espa\u00f1a. Aqu\u00ed hay una lista de las diferentes tasas impositivas en la Costa del Sol y la Costa Blanca.   <\/p>\n<p><b>Propiedades de nueva construcci\u00f3n en la Costa Blanca y la Costa del Sol<\/b><\/p>\n<p>10% IVA (Impuesto sobre el Valor A\u00f1adido) sobre el precio de venta de la propiedad<br \/>1,5% Impuesto de Actos Jur\u00eddicos Documentados (IAJD) sobre el precio de venta de la propiedad<br \/>2,0% Honorarios de Notario y gastos de Registro de la Propiedad<br \/>1% + IVA Honorarios del abogado\/gestor<\/p>\n<p><b>Propiedades de reventa en la Costa del Sol<\/b><\/p>\n<p>7% Impuesto sobre Transmisiones Patrimoniales sobre el precio de venta de la propiedad<br \/>2,0% Honorarios de Notario y gastos de Registro de la Propiedad<br \/>1,0% + IVA Honorarios del abogado\/gestor<\/p>\n<p><b>Propiedades de reventa en la Costa Blanca<\/b><\/p>\n<p>10% sobre el precio de venta de la propiedad.<br \/>+ Honorarios de Notario, Registro de la Propiedad y abogado alrededor de 3000-5000\u20ac dependiendo del precio de venta.<\/p>\n<p><b>Resumen:<\/b><br \/>1: Aceptaci\u00f3n del precio de venta<br \/>2: Pago de reserva<br \/>3: El abogado se asegura de que todos los permisos, licencias y gastos est\u00e9n en orden<br \/>4: Contrato de compra-venta privado<br \/>5: Notario, Escritura de Propiedad y pago final<\/p>\n\t\t\t\t\t\t\t\t<\/div>\n\t\t\t\t<\/div>\n\t\t\t\t<\/div>\n\t\t\t\t<\/div>\n\t\t","protected":false},"excerpt":{"rendered":"<p>Paso uno: Una vez que haya encontrado la propiedad adecuada, el primer paso es hacer una oferta y negociar el precio con el vendedor para que ambos puedan acordar el precio final. Paso dos: Una vez acordado el precio de compra, se debe pagar una reserva de 3.000\u20ac \u2013 6.000\u20ac. Al comprar una propiedad de [&hellip;]<\/p>\n","protected":false},"author":1,"featured_media":118192,"parent":120157,"menu_order":52,"comment_status":"closed","ping_status":"closed","template":"elementor_theme","meta":{"footnotes":""},"class_list":["post-120169","page","type-page","status-publish","has-post-thumbnail","hentry"],"yoast_head":"<!-- This site is optimized with the Yoast SEO plugin v27.3 - https:\/\/yoast.com\/product\/yoast-seo-wordpress\/ -->\n<title>Proceso de compra en Espa\u00f1a | Laine Homes<\/title>\n<meta name=\"robots\" content=\"index, follow, max-snippet:-1, max-image-preview:large, max-video-preview:-1\" \/>\n<link rel=\"canonical\" href=\"https:\/\/lainehomes.es\/es\/informacion\/paquetes-informativos-para-el-comprador\/proceso-de-compra-en-espana\/\" \/>\n<meta property=\"og:locale\" content=\"es_ES\" \/>\n<meta property=\"og:type\" content=\"article\" \/>\n<meta property=\"og:title\" content=\"Proceso de compra en Espa\u00f1a | Laine Homes\" \/>\n<meta property=\"og:description\" content=\"Paso uno: Una vez que haya encontrado la propiedad adecuada, el primer paso es hacer una oferta y negociar el precio con el vendedor para que ambos puedan acordar el precio final. Paso dos: Una vez acordado el precio de compra, se debe pagar una reserva de 3.000\u20ac \u2013 6.000\u20ac. Al comprar una propiedad de [&hellip;]\" \/>\n<meta property=\"og:url\" content=\"https:\/\/lainehomes.es\/es\/informacion\/paquetes-informativos-para-el-comprador\/proceso-de-compra-en-espana\/\" \/>\n<meta property=\"og:site_name\" content=\"Laine Homes\" \/>\n<meta property=\"article:modified_time\" content=\"2025-03-20T11:07:00+00:00\" \/>\n<meta property=\"og:image\" content=\"https:\/\/lainehomes.es\/wp-content\/uploads\/2025\/03\/iStock-848093482-scaled.jpg\" \/>\n\t<meta property=\"og:image:width\" content=\"2560\" \/>\n\t<meta property=\"og:image:height\" content=\"1709\" \/>\n\t<meta property=\"og:image:type\" content=\"image\/jpeg\" \/>\n<meta name=\"twitter:card\" content=\"summary_large_image\" \/>\n<meta name=\"twitter:label1\" content=\"Tiempo de lectura\" \/>\n\t<meta name=\"twitter:data1\" content=\"3 minutos\" \/>\n<script type=\"application\/ld+json\" class=\"yoast-schema-graph\">{\"@context\":\"https:\\\/\\\/schema.org\",\"@graph\":[{\"@type\":\"WebPage\",\"@id\":\"https:\\\/\\\/lainehomes.es\\\/es\\\/informacion\\\/paquetes-informativos-para-el-comprador\\\/proceso-de-compra-en-espana\\\/\",\"url\":\"https:\\\/\\\/lainehomes.es\\\/es\\\/informacion\\\/paquetes-informativos-para-el-comprador\\\/proceso-de-compra-en-espana\\\/\",\"name\":\"Proceso de compra en Espa\u00f1a | Laine Homes\",\"isPartOf\":{\"@id\":\"https:\\\/\\\/lainehomes.es\\\/es\\\/#website\"},\"primaryImageOfPage\":{\"@id\":\"https:\\\/\\\/lainehomes.es\\\/es\\\/informacion\\\/paquetes-informativos-para-el-comprador\\\/proceso-de-compra-en-espana\\\/#primaryimage\"},\"image\":{\"@id\":\"https:\\\/\\\/lainehomes.es\\\/es\\\/informacion\\\/paquetes-informativos-para-el-comprador\\\/proceso-de-compra-en-espana\\\/#primaryimage\"},\"thumbnailUrl\":\"https:\\\/\\\/lainehomes.es\\\/wp-content\\\/uploads\\\/2025\\\/03\\\/iStock-848093482-scaled.jpg\",\"datePublished\":\"2025-01-24T08:29:45+00:00\",\"dateModified\":\"2025-03-20T11:07:00+00:00\",\"breadcrumb\":{\"@id\":\"https:\\\/\\\/lainehomes.es\\\/es\\\/informacion\\\/paquetes-informativos-para-el-comprador\\\/proceso-de-compra-en-espana\\\/#breadcrumb\"},\"inLanguage\":\"es\",\"potentialAction\":[{\"@type\":\"ReadAction\",\"target\":[\"https:\\\/\\\/lainehomes.es\\\/es\\\/informacion\\\/paquetes-informativos-para-el-comprador\\\/proceso-de-compra-en-espana\\\/\"]}]},{\"@type\":\"ImageObject\",\"inLanguage\":\"es\",\"@id\":\"https:\\\/\\\/lainehomes.es\\\/es\\\/informacion\\\/paquetes-informativos-para-el-comprador\\\/proceso-de-compra-en-espana\\\/#primaryimage\",\"url\":\"https:\\\/\\\/lainehomes.es\\\/wp-content\\\/uploads\\\/2025\\\/03\\\/iStock-848093482-scaled.jpg\",\"contentUrl\":\"https:\\\/\\\/lainehomes.es\\\/wp-content\\\/uploads\\\/2025\\\/03\\\/iStock-848093482-scaled.jpg\",\"width\":2560,\"height\":1709,\"caption\":\"Beautiful woman sitting in a car. Retro styled\"},{\"@type\":\"BreadcrumbList\",\"@id\":\"https:\\\/\\\/lainehomes.es\\\/es\\\/informacion\\\/paquetes-informativos-para-el-comprador\\\/proceso-de-compra-en-espana\\\/#breadcrumb\",\"itemListElement\":[{\"@type\":\"ListItem\",\"position\":1,\"name\":\"Etusivu\",\"item\":\"https:\\\/\\\/lainehomes.es\\\/es\\\/\"},{\"@type\":\"ListItem\",\"position\":2,\"name\":\"Informaci\u00f3n\",\"item\":\"https:\\\/\\\/lainehomes.es\\\/es\\\/informacion\\\/\"},{\"@type\":\"ListItem\",\"position\":3,\"name\":\"Paquetes informativos para el comprador\",\"item\":\"https:\\\/\\\/lainehomes.es\\\/es\\\/informacion\\\/paquetes-informativos-para-el-comprador\\\/\"},{\"@type\":\"ListItem\",\"position\":4,\"name\":\"Proceso de compra en Espa\u00f1a\"}]},{\"@type\":\"WebSite\",\"@id\":\"https:\\\/\\\/lainehomes.es\\\/es\\\/#website\",\"url\":\"https:\\\/\\\/lainehomes.es\\\/es\\\/\",\"name\":\"Laine Homes\",\"description\":\"Homes and Villas Spain\",\"publisher\":{\"@id\":\"https:\\\/\\\/lainehomes.es\\\/es\\\/#organization\"},\"potentialAction\":[{\"@type\":\"SearchAction\",\"target\":{\"@type\":\"EntryPoint\",\"urlTemplate\":\"https:\\\/\\\/lainehomes.es\\\/es\\\/?s={search_term_string}\"},\"query-input\":{\"@type\":\"PropertyValueSpecification\",\"valueRequired\":true,\"valueName\":\"search_term_string\"}}],\"inLanguage\":\"es\"},{\"@type\":\"Organization\",\"@id\":\"https:\\\/\\\/lainehomes.es\\\/es\\\/#organization\",\"name\":\"Laine Homes\",\"url\":\"https:\\\/\\\/lainehomes.es\\\/es\\\/\",\"logo\":{\"@type\":\"ImageObject\",\"inLanguage\":\"es\",\"@id\":\"https:\\\/\\\/lainehomes.es\\\/es\\\/#\\\/schema\\\/logo\\\/image\\\/\",\"url\":\"https:\\\/\\\/lainehomes.es\\\/wp-content\\\/uploads\\\/2022\\\/02\\\/LAINETOIMIALA-WHITE.svg\",\"contentUrl\":\"https:\\\/\\\/lainehomes.es\\\/wp-content\\\/uploads\\\/2022\\\/02\\\/LAINETOIMIALA-WHITE.svg\",\"width\":372.96,\"height\":80.53,\"caption\":\"Laine Homes\"},\"image\":{\"@id\":\"https:\\\/\\\/lainehomes.es\\\/es\\\/#\\\/schema\\\/logo\\\/image\\\/\"}}]}<\/script>\n<!-- \/ Yoast SEO plugin. -->","yoast_head_json":{"title":"Proceso de compra en Espa\u00f1a | Laine Homes","robots":{"index":"index","follow":"follow","max-snippet":"max-snippet:-1","max-image-preview":"max-image-preview:large","max-video-preview":"max-video-preview:-1"},"canonical":"https:\/\/lainehomes.es\/es\/informacion\/paquetes-informativos-para-el-comprador\/proceso-de-compra-en-espana\/","og_locale":"es_ES","og_type":"article","og_title":"Proceso de compra en Espa\u00f1a | Laine Homes","og_description":"Paso uno: Una vez que haya encontrado la propiedad adecuada, el primer paso es hacer una oferta y negociar el precio con el vendedor para que ambos puedan acordar el precio final. Paso dos: Una vez acordado el precio de compra, se debe pagar una reserva de 3.000\u20ac \u2013 6.000\u20ac. Al comprar una propiedad de [&hellip;]","og_url":"https:\/\/lainehomes.es\/es\/informacion\/paquetes-informativos-para-el-comprador\/proceso-de-compra-en-espana\/","og_site_name":"Laine Homes","article_modified_time":"2025-03-20T11:07:00+00:00","og_image":[{"width":2560,"height":1709,"url":"https:\/\/lainehomes.es\/wp-content\/uploads\/2025\/03\/iStock-848093482-scaled.jpg","type":"image\/jpeg"}],"twitter_card":"summary_large_image","twitter_misc":{"Tiempo de lectura":"3 minutos"},"schema":{"@context":"https:\/\/schema.org","@graph":[{"@type":"WebPage","@id":"https:\/\/lainehomes.es\/es\/informacion\/paquetes-informativos-para-el-comprador\/proceso-de-compra-en-espana\/","url":"https:\/\/lainehomes.es\/es\/informacion\/paquetes-informativos-para-el-comprador\/proceso-de-compra-en-espana\/","name":"Proceso de compra en Espa\u00f1a | Laine Homes","isPartOf":{"@id":"https:\/\/lainehomes.es\/es\/#website"},"primaryImageOfPage":{"@id":"https:\/\/lainehomes.es\/es\/informacion\/paquetes-informativos-para-el-comprador\/proceso-de-compra-en-espana\/#primaryimage"},"image":{"@id":"https:\/\/lainehomes.es\/es\/informacion\/paquetes-informativos-para-el-comprador\/proceso-de-compra-en-espana\/#primaryimage"},"thumbnailUrl":"https:\/\/lainehomes.es\/wp-content\/uploads\/2025\/03\/iStock-848093482-scaled.jpg","datePublished":"2025-01-24T08:29:45+00:00","dateModified":"2025-03-20T11:07:00+00:00","breadcrumb":{"@id":"https:\/\/lainehomes.es\/es\/informacion\/paquetes-informativos-para-el-comprador\/proceso-de-compra-en-espana\/#breadcrumb"},"inLanguage":"es","potentialAction":[{"@type":"ReadAction","target":["https:\/\/lainehomes.es\/es\/informacion\/paquetes-informativos-para-el-comprador\/proceso-de-compra-en-espana\/"]}]},{"@type":"ImageObject","inLanguage":"es","@id":"https:\/\/lainehomes.es\/es\/informacion\/paquetes-informativos-para-el-comprador\/proceso-de-compra-en-espana\/#primaryimage","url":"https:\/\/lainehomes.es\/wp-content\/uploads\/2025\/03\/iStock-848093482-scaled.jpg","contentUrl":"https:\/\/lainehomes.es\/wp-content\/uploads\/2025\/03\/iStock-848093482-scaled.jpg","width":2560,"height":1709,"caption":"Beautiful woman sitting in a car. Retro styled"},{"@type":"BreadcrumbList","@id":"https:\/\/lainehomes.es\/es\/informacion\/paquetes-informativos-para-el-comprador\/proceso-de-compra-en-espana\/#breadcrumb","itemListElement":[{"@type":"ListItem","position":1,"name":"Etusivu","item":"https:\/\/lainehomes.es\/es\/"},{"@type":"ListItem","position":2,"name":"Informaci\u00f3n","item":"https:\/\/lainehomes.es\/es\/informacion\/"},{"@type":"ListItem","position":3,"name":"Paquetes informativos para el comprador","item":"https:\/\/lainehomes.es\/es\/informacion\/paquetes-informativos-para-el-comprador\/"},{"@type":"ListItem","position":4,"name":"Proceso de compra en Espa\u00f1a"}]},{"@type":"WebSite","@id":"https:\/\/lainehomes.es\/es\/#website","url":"https:\/\/lainehomes.es\/es\/","name":"Laine Homes","description":"Homes and Villas Spain","publisher":{"@id":"https:\/\/lainehomes.es\/es\/#organization"},"potentialAction":[{"@type":"SearchAction","target":{"@type":"EntryPoint","urlTemplate":"https:\/\/lainehomes.es\/es\/?s={search_term_string}"},"query-input":{"@type":"PropertyValueSpecification","valueRequired":true,"valueName":"search_term_string"}}],"inLanguage":"es"},{"@type":"Organization","@id":"https:\/\/lainehomes.es\/es\/#organization","name":"Laine Homes","url":"https:\/\/lainehomes.es\/es\/","logo":{"@type":"ImageObject","inLanguage":"es","@id":"https:\/\/lainehomes.es\/es\/#\/schema\/logo\/image\/","url":"https:\/\/lainehomes.es\/wp-content\/uploads\/2022\/02\/LAINETOIMIALA-WHITE.svg","contentUrl":"https:\/\/lainehomes.es\/wp-content\/uploads\/2022\/02\/LAINETOIMIALA-WHITE.svg","width":372.96,"height":80.53,"caption":"Laine Homes"},"image":{"@id":"https:\/\/lainehomes.es\/es\/#\/schema\/logo\/image\/"}}]}},"_links":{"self":[{"href":"https:\/\/lainehomes.es\/es\/wp-json\/wp\/v2\/pages\/120169","targetHints":{"allow":["GET"]}}],"collection":[{"href":"https:\/\/lainehomes.es\/es\/wp-json\/wp\/v2\/pages"}],"about":[{"href":"https:\/\/lainehomes.es\/es\/wp-json\/wp\/v2\/types\/page"}],"author":[{"embeddable":true,"href":"https:\/\/lainehomes.es\/es\/wp-json\/wp\/v2\/users\/1"}],"replies":[{"embeddable":true,"href":"https:\/\/lainehomes.es\/es\/wp-json\/wp\/v2\/comments?post=120169"}],"version-history":[{"count":1,"href":"https:\/\/lainehomes.es\/es\/wp-json\/wp\/v2\/pages\/120169\/revisions"}],"predecessor-version":[{"id":120170,"href":"https:\/\/lainehomes.es\/es\/wp-json\/wp\/v2\/pages\/120169\/revisions\/120170"}],"up":[{"embeddable":true,"href":"https:\/\/lainehomes.es\/es\/wp-json\/wp\/v2\/pages\/120157"}],"wp:featuredmedia":[{"embeddable":true,"href":"https:\/\/lainehomes.es\/es\/wp-json\/wp\/v2\/media\/118192"}],"wp:attachment":[{"href":"https:\/\/lainehomes.es\/es\/wp-json\/wp\/v2\/media?parent=120169"}],"curies":[{"name":"wp","href":"https:\/\/api.w.org\/{rel}","templated":true}]}}