{"id":120157,"date":"2025-01-14T15:10:48","date_gmt":"2025-01-14T13:10:48","guid":{"rendered":"https:\/\/laine.sivustamo.dev\/informacion\/paquetes-informativos-para-el-comprador\/"},"modified":"2025-03-20T11:29:45","modified_gmt":"2025-03-20T09:29:45","slug":"paquetes-informativos-para-el-comprador","status":"publish","type":"page","link":"https:\/\/lainehomes.es\/es\/informacion\/paquetes-informativos-para-el-comprador\/","title":{"rendered":"Paquetes informativos para el comprador"},"content":{"rendered":"\t\t<div data-elementor-type=\"wp-page\" data-elementor-id=\"120157\" class=\"elementor elementor-120157 elementor-41975\" data-elementor-post-type=\"page\">\n\t\t\t\t<div class=\"elementor-element elementor-element-cc51c74 e-con-full e-flex e-con e-parent\" data-id=\"cc51c74\" data-element_type=\"container\" data-e-type=\"container\" data-settings=\"{&quot;jet_parallax_layout_list&quot;:[],&quot;background_background&quot;:&quot;classic&quot;}\">\n\t\t\t\t<div class=\"elementor-element elementor-element-d8ce01e elementor-widget elementor-widget-image\" data-id=\"d8ce01e\" data-element_type=\"widget\" data-e-type=\"widget\" data-widget_type=\"image.default\">\n\t\t\t\t<div class=\"elementor-widget-container\">\n\t\t\t\t\t\t\t\t\t\t\t\t\t\t\t<img fetchpriority=\"high\" decoding=\"async\" width=\"900\" height=\"600\" src=\"https:\/\/lainehomes.es\/wp-content\/uploads\/2025\/01\/villa-4d.-urb.-la-finca-de-marbella-26_large_wide.jpg\" class=\"attachment-full size-full wp-image-43197\" alt=\"\" srcset=\"https:\/\/lainehomes.es\/wp-content\/uploads\/2025\/01\/villa-4d.-urb.-la-finca-de-marbella-26_large_wide.jpg 900w, https:\/\/lainehomes.es\/wp-content\/uploads\/2025\/01\/villa-4d.-urb.-la-finca-de-marbella-26_large_wide-300x200.jpg 300w, https:\/\/lainehomes.es\/wp-content\/uploads\/2025\/01\/villa-4d.-urb.-la-finca-de-marbella-26_large_wide-768x512.jpg 768w\" sizes=\"(max-width: 900px) 100vw, 900px\" \/>\t\t\t\t\t\t\t\t\t\t\t\t\t\t\t<\/div>\n\t\t\t\t<\/div>\n\t\t\t\t<div class=\"elementor-element elementor-element-1db7322 elementor-widget elementor-widget-text-editor\" data-id=\"1db7322\" data-element_type=\"widget\" data-e-type=\"widget\" data-widget_type=\"text-editor.default\">\n\t\t\t\t<div class=\"elementor-widget-container\">\n\t\t\t\t\t\t\t\t\t<p>En esta secci\u00f3n encontrar\u00e1 gu\u00edas \u00fatiles relacionadas con la compra de una propiedad en Espa\u00f1a, horarios de seminarios e informaci\u00f3n sobre las convenciones en las que participamos.<\/p>\n\t\t\t\t\t\t\t\t<\/div>\n\t\t\t\t<\/div>\n\t\t\t\t<div class=\"elementor-element elementor-element-39a7fc4 elementor-widget elementor-widget-text-editor\" data-id=\"39a7fc4\" data-element_type=\"widget\" data-e-type=\"widget\" data-widget_type=\"text-editor.default\">\n\t\t\t\t<div class=\"elementor-widget-container\">\n\t\t\t\t\t\t\t\t\t<p><strong>Tambi\u00e9n puede ponerse en contacto directamente con nosotros y reservar una hora adecuada para una conversaci\u00f3n o una reuni\u00f3n de Teams on-line.<\/strong><\/p>\n\t\t\t\t\t\t\t\t<\/div>\n\t\t\t\t<\/div>\n\t\t\t\t<\/div>\n\t\t\t\t<\/div>\n\t\t","protected":false},"excerpt":{"rendered":"<p>En esta secci\u00f3n encontrar\u00e1 gu\u00edas \u00fatiles relacionadas con la compra de una propiedad en Espa\u00f1a, horarios de seminarios e informaci\u00f3n sobre las convenciones en las que participamos. Tambi\u00e9n puede ponerse en contacto directamente con nosotros y reservar una hora adecuada para una conversaci\u00f3n o una reuni\u00f3n de Teams on-line.<\/p>\n","protected":false},"author":1,"featured_media":118204,"parent":120153,"menu_order":47,"comment_status":"closed","ping_status":"closed","template":"elementor_theme","meta":{"footnotes":""},"class_list":["post-120157","page","type-page","status-publish","has-post-thumbnail","hentry"],"yoast_head":"<!-- This site is optimized with the Yoast SEO plugin v27.4 - https:\/\/yoast.com\/product\/yoast-seo-wordpress\/ -->\n<title>Paquetes informativos para el comprador | Laine Homes<\/title>\n<meta name=\"robots\" content=\"index, follow, max-snippet:-1, max-image-preview:large, max-video-preview:-1\" \/>\n<link rel=\"canonical\" href=\"https:\/\/lainehomes.es\/es\/informacion\/paquetes-informativos-para-el-comprador\/\" \/>\n<meta property=\"og:locale\" content=\"es_ES\" \/>\n<meta property=\"og:type\" content=\"article\" \/>\n<meta property=\"og:title\" content=\"Paquetes informativos para el comprador | Laine Homes\" \/>\n<meta property=\"og:description\" content=\"En esta secci\u00f3n encontrar\u00e1 gu\u00edas \u00fatiles relacionadas con la compra de una propiedad en Espa\u00f1a, horarios de seminarios e informaci\u00f3n sobre las convenciones en las que participamos. Tambi\u00e9n puede ponerse en contacto directamente con nosotros y reservar una hora adecuada para una conversaci\u00f3n o una reuni\u00f3n de Teams on-line.\" \/>\n<meta property=\"og:url\" content=\"https:\/\/lainehomes.es\/es\/informacion\/paquetes-informativos-para-el-comprador\/\" \/>\n<meta property=\"og:site_name\" content=\"Laine Homes\" \/>\n<meta property=\"article:modified_time\" content=\"2025-03-20T09:29:45+00:00\" \/>\n<meta property=\"og:image\" content=\"https:\/\/lainehomes.es\/wp-content\/uploads\/2025\/03\/iStock-1041692524.jpg\" \/>\n\t<meta property=\"og:image:width\" content=\"7952\" \/>\n\t<meta property=\"og:image:height\" content=\"5304\" \/>\n\t<meta property=\"og:image:type\" content=\"image\/jpeg\" \/>\n<meta name=\"twitter:card\" content=\"summary_large_image\" \/>\n<script type=\"application\/ld+json\" class=\"yoast-schema-graph\">{\"@context\":\"https:\\\/\\\/schema.org\",\"@graph\":[{\"@type\":\"WebPage\",\"@id\":\"https:\\\/\\\/lainehomes.es\\\/es\\\/informacion\\\/paquetes-informativos-para-el-comprador\\\/\",\"url\":\"https:\\\/\\\/lainehomes.es\\\/es\\\/informacion\\\/paquetes-informativos-para-el-comprador\\\/\",\"name\":\"Paquetes informativos para el comprador | Laine Homes\",\"isPartOf\":{\"@id\":\"https:\\\/\\\/lainehomes.es\\\/es\\\/#website\"},\"primaryImageOfPage\":{\"@id\":\"https:\\\/\\\/lainehomes.es\\\/es\\\/informacion\\\/paquetes-informativos-para-el-comprador\\\/#primaryimage\"},\"image\":{\"@id\":\"https:\\\/\\\/lainehomes.es\\\/es\\\/informacion\\\/paquetes-informativos-para-el-comprador\\\/#primaryimage\"},\"thumbnailUrl\":\"https:\\\/\\\/lainehomes.es\\\/wp-content\\\/uploads\\\/2025\\\/03\\\/iStock-1041692524.jpg\",\"datePublished\":\"2025-01-14T13:10:48+00:00\",\"dateModified\":\"2025-03-20T09:29:45+00:00\",\"breadcrumb\":{\"@id\":\"https:\\\/\\\/lainehomes.es\\\/es\\\/informacion\\\/paquetes-informativos-para-el-comprador\\\/#breadcrumb\"},\"inLanguage\":\"es\",\"potentialAction\":[{\"@type\":\"ReadAction\",\"target\":[\"https:\\\/\\\/lainehomes.es\\\/es\\\/informacion\\\/paquetes-informativos-para-el-comprador\\\/\"]}]},{\"@type\":\"ImageObject\",\"inLanguage\":\"es\",\"@id\":\"https:\\\/\\\/lainehomes.es\\\/es\\\/informacion\\\/paquetes-informativos-para-el-comprador\\\/#primaryimage\",\"url\":\"https:\\\/\\\/lainehomes.es\\\/wp-content\\\/uploads\\\/2025\\\/03\\\/iStock-1041692524.jpg\",\"contentUrl\":\"https:\\\/\\\/lainehomes.es\\\/wp-content\\\/uploads\\\/2025\\\/03\\\/iStock-1041692524.jpg\",\"width\":7952,\"height\":5304,\"caption\":\"Girl drinking her morning coffee on the terrace in Barcelona\"},{\"@type\":\"BreadcrumbList\",\"@id\":\"https:\\\/\\\/lainehomes.es\\\/es\\\/informacion\\\/paquetes-informativos-para-el-comprador\\\/#breadcrumb\",\"itemListElement\":[{\"@type\":\"ListItem\",\"position\":1,\"name\":\"Etusivu\",\"item\":\"https:\\\/\\\/lainehomes.es\\\/es\\\/\"},{\"@type\":\"ListItem\",\"position\":2,\"name\":\"Informaci\u00f3n\",\"item\":\"https:\\\/\\\/lainehomes.es\\\/es\\\/informacion\\\/\"},{\"@type\":\"ListItem\",\"position\":3,\"name\":\"Paquetes informativos para el comprador\"}]},{\"@type\":\"WebSite\",\"@id\":\"https:\\\/\\\/lainehomes.es\\\/es\\\/#website\",\"url\":\"https:\\\/\\\/lainehomes.es\\\/es\\\/\",\"name\":\"Laine Homes\",\"description\":\"Homes and Villas Spain\",\"publisher\":{\"@id\":\"https:\\\/\\\/lainehomes.es\\\/es\\\/#organization\"},\"potentialAction\":[{\"@type\":\"SearchAction\",\"target\":{\"@type\":\"EntryPoint\",\"urlTemplate\":\"https:\\\/\\\/lainehomes.es\\\/es\\\/?s={search_term_string}\"},\"query-input\":{\"@type\":\"PropertyValueSpecification\",\"valueRequired\":true,\"valueName\":\"search_term_string\"}}],\"inLanguage\":\"es\"},{\"@type\":\"Organization\",\"@id\":\"https:\\\/\\\/lainehomes.es\\\/es\\\/#organization\",\"name\":\"Laine Homes\",\"url\":\"https:\\\/\\\/lainehomes.es\\\/es\\\/\",\"logo\":{\"@type\":\"ImageObject\",\"inLanguage\":\"es\",\"@id\":\"https:\\\/\\\/lainehomes.es\\\/es\\\/#\\\/schema\\\/logo\\\/image\\\/\",\"url\":\"https:\\\/\\\/lainehomes.es\\\/wp-content\\\/uploads\\\/2022\\\/02\\\/LAINETOIMIALA-WHITE.svg\",\"contentUrl\":\"https:\\\/\\\/lainehomes.es\\\/wp-content\\\/uploads\\\/2022\\\/02\\\/LAINETOIMIALA-WHITE.svg\",\"width\":372.96,\"height\":80.53,\"caption\":\"Laine Homes\"},\"image\":{\"@id\":\"https:\\\/\\\/lainehomes.es\\\/es\\\/#\\\/schema\\\/logo\\\/image\\\/\"}}]}<\/script>\n<!-- \/ Yoast SEO plugin. -->","yoast_head_json":{"title":"Paquetes informativos para el comprador | Laine Homes","robots":{"index":"index","follow":"follow","max-snippet":"max-snippet:-1","max-image-preview":"max-image-preview:large","max-video-preview":"max-video-preview:-1"},"canonical":"https:\/\/lainehomes.es\/es\/informacion\/paquetes-informativos-para-el-comprador\/","og_locale":"es_ES","og_type":"article","og_title":"Paquetes informativos para el comprador | Laine Homes","og_description":"En esta secci\u00f3n encontrar\u00e1 gu\u00edas \u00fatiles relacionadas con la compra de una propiedad en Espa\u00f1a, horarios de seminarios e informaci\u00f3n sobre las convenciones en las que participamos. Tambi\u00e9n puede ponerse en contacto directamente con nosotros y reservar una hora adecuada para una conversaci\u00f3n o una reuni\u00f3n de Teams on-line.","og_url":"https:\/\/lainehomes.es\/es\/informacion\/paquetes-informativos-para-el-comprador\/","og_site_name":"Laine Homes","article_modified_time":"2025-03-20T09:29:45+00:00","og_image":[{"width":7952,"height":5304,"url":"https:\/\/lainehomes.es\/wp-content\/uploads\/2025\/03\/iStock-1041692524.jpg","type":"image\/jpeg"}],"twitter_card":"summary_large_image","schema":{"@context":"https:\/\/schema.org","@graph":[{"@type":"WebPage","@id":"https:\/\/lainehomes.es\/es\/informacion\/paquetes-informativos-para-el-comprador\/","url":"https:\/\/lainehomes.es\/es\/informacion\/paquetes-informativos-para-el-comprador\/","name":"Paquetes informativos para el comprador | Laine Homes","isPartOf":{"@id":"https:\/\/lainehomes.es\/es\/#website"},"primaryImageOfPage":{"@id":"https:\/\/lainehomes.es\/es\/informacion\/paquetes-informativos-para-el-comprador\/#primaryimage"},"image":{"@id":"https:\/\/lainehomes.es\/es\/informacion\/paquetes-informativos-para-el-comprador\/#primaryimage"},"thumbnailUrl":"https:\/\/lainehomes.es\/wp-content\/uploads\/2025\/03\/iStock-1041692524.jpg","datePublished":"2025-01-14T13:10:48+00:00","dateModified":"2025-03-20T09:29:45+00:00","breadcrumb":{"@id":"https:\/\/lainehomes.es\/es\/informacion\/paquetes-informativos-para-el-comprador\/#breadcrumb"},"inLanguage":"es","potentialAction":[{"@type":"ReadAction","target":["https:\/\/lainehomes.es\/es\/informacion\/paquetes-informativos-para-el-comprador\/"]}]},{"@type":"ImageObject","inLanguage":"es","@id":"https:\/\/lainehomes.es\/es\/informacion\/paquetes-informativos-para-el-comprador\/#primaryimage","url":"https:\/\/lainehomes.es\/wp-content\/uploads\/2025\/03\/iStock-1041692524.jpg","contentUrl":"https:\/\/lainehomes.es\/wp-content\/uploads\/2025\/03\/iStock-1041692524.jpg","width":7952,"height":5304,"caption":"Girl drinking her morning coffee on the terrace in Barcelona"},{"@type":"BreadcrumbList","@id":"https:\/\/lainehomes.es\/es\/informacion\/paquetes-informativos-para-el-comprador\/#breadcrumb","itemListElement":[{"@type":"ListItem","position":1,"name":"Etusivu","item":"https:\/\/lainehomes.es\/es\/"},{"@type":"ListItem","position":2,"name":"Informaci\u00f3n","item":"https:\/\/lainehomes.es\/es\/informacion\/"},{"@type":"ListItem","position":3,"name":"Paquetes informativos para el comprador"}]},{"@type":"WebSite","@id":"https:\/\/lainehomes.es\/es\/#website","url":"https:\/\/lainehomes.es\/es\/","name":"Laine Homes","description":"Homes and Villas Spain","publisher":{"@id":"https:\/\/lainehomes.es\/es\/#organization"},"potentialAction":[{"@type":"SearchAction","target":{"@type":"EntryPoint","urlTemplate":"https:\/\/lainehomes.es\/es\/?s={search_term_string}"},"query-input":{"@type":"PropertyValueSpecification","valueRequired":true,"valueName":"search_term_string"}}],"inLanguage":"es"},{"@type":"Organization","@id":"https:\/\/lainehomes.es\/es\/#organization","name":"Laine Homes","url":"https:\/\/lainehomes.es\/es\/","logo":{"@type":"ImageObject","inLanguage":"es","@id":"https:\/\/lainehomes.es\/es\/#\/schema\/logo\/image\/","url":"https:\/\/lainehomes.es\/wp-content\/uploads\/2022\/02\/LAINETOIMIALA-WHITE.svg","contentUrl":"https:\/\/lainehomes.es\/wp-content\/uploads\/2022\/02\/LAINETOIMIALA-WHITE.svg","width":372.96,"height":80.53,"caption":"Laine Homes"},"image":{"@id":"https:\/\/lainehomes.es\/es\/#\/schema\/logo\/image\/"}}]}},"_links":{"self":[{"href":"https:\/\/lainehomes.es\/es\/wp-json\/wp\/v2\/pages\/120157","targetHints":{"allow":["GET"]}}],"collection":[{"href":"https:\/\/lainehomes.es\/es\/wp-json\/wp\/v2\/pages"}],"about":[{"href":"https:\/\/lainehomes.es\/es\/wp-json\/wp\/v2\/types\/page"}],"author":[{"embeddable":true,"href":"https:\/\/lainehomes.es\/es\/wp-json\/wp\/v2\/users\/1"}],"replies":[{"embeddable":true,"href":"https:\/\/lainehomes.es\/es\/wp-json\/wp\/v2\/comments?post=120157"}],"version-history":[{"count":1,"href":"https:\/\/lainehomes.es\/es\/wp-json\/wp\/v2\/pages\/120157\/revisions"}],"predecessor-version":[{"id":120158,"href":"https:\/\/lainehomes.es\/es\/wp-json\/wp\/v2\/pages\/120157\/revisions\/120158"}],"up":[{"embeddable":true,"href":"https:\/\/lainehomes.es\/es\/wp-json\/wp\/v2\/pages\/120153"}],"wp:featuredmedia":[{"embeddable":true,"href":"https:\/\/lainehomes.es\/es\/wp-json\/wp\/v2\/media\/118204"}],"wp:attachment":[{"href":"https:\/\/lainehomes.es\/es\/wp-json\/wp\/v2\/media?parent=120157"}],"curies":[{"name":"wp","href":"https:\/\/api.w.org\/{rel}","templated":true}]}}