{"id":120141,"date":"2025-02-21T16:45:07","date_gmt":"2025-02-21T14:45:07","guid":{"rendered":"https:\/\/laine.sivustamo.dev\/laine-total-care-service\/"},"modified":"2025-03-26T09:34:08","modified_gmt":"2025-03-26T07:34:08","slug":"laine-total-care-service","status":"publish","type":"page","link":"https:\/\/lainehomes.es\/es\/alquileres\/servicios-para-el-propietario\/laine-total-care-service\/","title":{"rendered":"Laine Total Care Service"},"content":{"rendered":"\t\t<div data-elementor-type=\"wp-page\" data-elementor-id=\"120141\" class=\"elementor elementor-120141 elementor-111297\" data-elementor-post-type=\"page\">\n\t\t\t\t<div class=\"elementor-element elementor-element-4d37a25 e-flex e-con-boxed e-con e-parent\" data-id=\"4d37a25\" data-element_type=\"container\" data-e-type=\"container\" data-settings=\"{&quot;jet_parallax_layout_list&quot;:[]}\">\n\t\t\t\t\t<div class=\"e-con-inner\">\n\t\t\t\t<div class=\"elementor-element elementor-element-baa5926 elementor-widget elementor-widget-text-editor\" data-id=\"baa5926\" data-element_type=\"widget\" data-e-type=\"widget\" data-widget_type=\"text-editor.default\">\n\t\t\t\t<div class=\"elementor-widget-container\">\n\t\t\t\t\t\t\t\t\t<p style=\"font-weight: 400;\">Laine Total Care Service se encarga de todos los aspectos de la gesti\u00f3n de alquileres, incluyendo dep\u00f3sitos, limpieza y comunicaci\u00f3n con los inquilinos, maximizando los ingresos por alquiler y promocionando la propiedad. Confiamos en nuestra experiencia, ofreciendo una experiencia \u00fanica tanto a los propietarios como a los inquilinos. Conocemos el mercado de la Costa del Sol y destacamos las caracter\u00edsticas especiales de su hogar que los inquilinos valoran.  <\/p>\n<p style=\"font-weight: 400;\">Invertimos en un servicio integral de alquiler de apartamentos, especialmente en el mercado internacional. Contamos con una amplia red de colaboraci\u00f3n a trav\u00e9s de diversos canales de marketing, lo que nos permite llegar continuamente a inquilinos solventes y obtener mejores ingresos por alquiler para los propietarios. El servicio est\u00e1 dirigido a compradores de apartamentos que desean un paquete de alquiler \u00abde servicio completo\u00bb sin preocupaciones.  <\/p>\n\t\t\t\t\t\t\t\t<\/div>\n\t\t\t\t<\/div>\n\t\t\t\t<div class=\"elementor-element elementor-element-3509293 elementor-widget elementor-widget-n-accordion\" data-id=\"3509293\" data-element_type=\"widget\" data-e-type=\"widget\" data-settings=\"{&quot;default_state&quot;:&quot;all_collapsed&quot;,&quot;max_items_expended&quot;:&quot;one&quot;,&quot;n_accordion_animation_duration&quot;:{&quot;unit&quot;:&quot;ms&quot;,&quot;size&quot;:400,&quot;sizes&quot;:[]}}\" data-widget_type=\"nested-accordion.default\">\n\t\t\t\t<div class=\"elementor-widget-container\">\n\t\t\t\t\t\t\t<div class=\"e-n-accordion\" aria-label=\"Accordion. Open links with Enter or Space, close with Escape, and navigate with Arrow Keys\">\n\t\t\t\t\t\t<details id=\"e-n-accordion-item-5560\" class=\"e-n-accordion-item\" >\n\t\t\t\t<summary class=\"e-n-accordion-item-title\" data-accordion-index=\"1\" tabindex=\"0\" aria-expanded=\"false\" aria-controls=\"e-n-accordion-item-5560\" >\n\t\t\t\t\t<span class='e-n-accordion-item-title-header'><div class=\"e-n-accordion-item-title-text\"> Nuestro servicio integral incluye: <\/div><\/span>\n\t\t\t\t\t\t\t<span class='e-n-accordion-item-title-icon'>\n\t\t\t<span class='e-opened' ><i aria-hidden=\"true\" class=\"fas fa-minus\"><\/i><\/span>\n\t\t\t<span class='e-closed'><i aria-hidden=\"true\" class=\"fas fa-plus\"><\/i><\/span>\n\t\t<\/span>\n\n\t\t\t\t\t\t<\/summary>\n\t\t\t\t<div role=\"region\" aria-labelledby=\"e-n-accordion-item-5560\" class=\"elementor-element elementor-element-abfa64a e-flex e-con-boxed e-con e-child\" data-id=\"abfa64a\" data-element_type=\"container\" data-e-type=\"container\" data-settings=\"{&quot;jet_parallax_layout_list&quot;:[]}\">\n\t\t\t\t\t<div class=\"e-con-inner\">\n\t\t<div role=\"region\" aria-labelledby=\"e-n-accordion-item-5560\" class=\"elementor-element elementor-element-ae08f26 e-con-full e-flex e-con e-child\" data-id=\"ae08f26\" data-element_type=\"container\" data-e-type=\"container\" data-settings=\"{&quot;jet_parallax_layout_list&quot;:[]}\">\n\t\t\t\t<div class=\"elementor-element elementor-element-0694c80 elementor-widget elementor-widget-text-editor\" data-id=\"0694c80\" data-element_type=\"widget\" data-e-type=\"widget\" data-widget_type=\"text-editor.default\">\n\t\t\t\t<div class=\"elementor-widget-container\">\n\t\t\t\t\t\t\t\t\t<ul>\n<li>Fotograf\u00edas profesionales de la propiedad<\/li>\n<li>Planos del apartamento<\/li>\n<li>Servicio de estilismo<\/li>\n<li>Marketing en sitios internacionales como Airbnb, Booking.com<\/li>\n<li>Mantenimiento del dep\u00f3sito de garant\u00eda en nuestra cuenta de cliente<\/li>\n<li>Documentaci\u00f3n exhaustiva del apartamento antes de la llegada de los inquilinos y despu\u00e9s de la entrega del apartamento<\/li>\n<li>Informes de liquidaci\u00f3n de alquiler y pagos mensuales<\/li>\n<li>Limpieza del apartamento (antes y despu\u00e9s de los inquilinos), servicio de mantenimiento<\/li>\n<li>Notificaci\u00f3n de los datos de pasaporte y contacto de los inquilinos al sistema policial.<\/li>\n<\/ul>\n\t\t\t\t\t\t\t\t<\/div>\n\t\t\t\t<\/div>\n\t\t\t\t<\/div>\n\t\t\t\t\t<\/div>\n\t\t\t\t<\/div>\n\t\t\t\t\t<\/details>\n\t\t\t\t\t\t<details id=\"e-n-accordion-item-5561\" class=\"e-n-accordion-item\" >\n\t\t\t\t<summary class=\"e-n-accordion-item-title\" data-accordion-index=\"2\" tabindex=\"-1\" aria-expanded=\"false\" aria-controls=\"e-n-accordion-item-5561\" >\n\t\t\t\t\t<span class='e-n-accordion-item-title-header'><div class=\"e-n-accordion-item-title-text\"> Tambi\u00e9n nos encargamos del apartamento cuando no hay inquilinos: <\/div><\/span>\n\t\t\t\t\t\t\t<span class='e-n-accordion-item-title-icon'>\n\t\t\t<span class='e-opened' ><i aria-hidden=\"true\" class=\"fas fa-minus\"><\/i><\/span>\n\t\t\t<span class='e-closed'><i aria-hidden=\"true\" class=\"fas fa-plus\"><\/i><\/span>\n\t\t<\/span>\n\n\t\t\t\t\t\t<\/summary>\n\t\t\t\t<div role=\"region\" aria-labelledby=\"e-n-accordion-item-5561\" class=\"elementor-element elementor-element-71ac91b e-con-full e-flex e-con e-child\" data-id=\"71ac91b\" data-element_type=\"container\" data-e-type=\"container\" data-settings=\"{&quot;jet_parallax_layout_list&quot;:[]}\">\n\t\t<div role=\"region\" aria-labelledby=\"e-n-accordion-item-5561\" class=\"elementor-element elementor-element-29ebdeb e-flex e-con-boxed e-con e-child\" data-id=\"29ebdeb\" data-element_type=\"container\" data-e-type=\"container\" data-settings=\"{&quot;jet_parallax_layout_list&quot;:[]}\">\n\t\t\t\t\t<div class=\"e-con-inner\">\n\t\t\t\t<div class=\"elementor-element elementor-element-68ebd26 elementor-widget elementor-widget-text-editor\" data-id=\"68ebd26\" data-element_type=\"widget\" data-e-type=\"widget\" data-widget_type=\"text-editor.default\">\n\t\t\t\t<div class=\"elementor-widget-container\">\n\t\t\t\t\t\t\t\t\t<ul>\n<li>Vaciado del buz\u00f3n de correos<\/li>\n<li>Revisi\u00f3n de los equipos<\/li>\n<li>Ventilaci\u00f3n del apartamento<\/li>\n<li>Enjuague de las tuber\u00edas (para evitar olores)<\/li>\n<li>Revisi\u00f3n de los dispositivos de incendio y alarma<\/li>\n<\/ul>\n<p>Tambi\u00e9n nos encargamos de todos los llamados productos consumibles que, seg\u00fan la legislaci\u00f3n Espa\u00f1ola, deben ofrecerse al inquilino, como detergentes multiusos, champ\u00fas, geles de ducha, papel higi\u00e9nico, papel de cocina, cepillos para platos, detergente para lavavajillas, detergente para ropa, suavizante, etc. (estos productos est\u00e1n incluidos en nuestra comisi\u00f3n). <\/p>\n\t\t\t\t\t\t\t\t<\/div>\n\t\t\t\t<\/div>\n\t\t\t\t\t<\/div>\n\t\t\t\t<\/div>\n\t\t\t\t<\/div>\n\t\t\t\t\t<\/details>\n\t\t\t\t\t\t<details id=\"e-n-accordion-item-5562\" class=\"e-n-accordion-item\" >\n\t\t\t\t<summary class=\"e-n-accordion-item-title\" data-accordion-index=\"3\" tabindex=\"-1\" aria-expanded=\"false\" aria-controls=\"e-n-accordion-item-5562\" >\n\t\t\t\t\t<span class='e-n-accordion-item-title-header'><div class=\"e-n-accordion-item-title-text\"> Cuidamos de los inquilinos con profesionalidad antes y durante el per\u00edodo de alquiler. <\/div><\/span>\n\t\t\t\t\t\t\t<span class='e-n-accordion-item-title-icon'>\n\t\t\t<span class='e-opened' ><i aria-hidden=\"true\" class=\"fas fa-minus\"><\/i><\/span>\n\t\t\t<span class='e-closed'><i aria-hidden=\"true\" class=\"fas fa-plus\"><\/i><\/span>\n\t\t<\/span>\n\n\t\t\t\t\t\t<\/summary>\n\t\t\t\t<div role=\"region\" aria-labelledby=\"e-n-accordion-item-5562\" class=\"elementor-element elementor-element-79270a7 e-con-full e-flex e-con e-child\" data-id=\"79270a7\" data-element_type=\"container\" data-e-type=\"container\" data-settings=\"{&quot;jet_parallax_layout_list&quot;:[]}\">\n\t\t<div role=\"region\" aria-labelledby=\"e-n-accordion-item-5562\" class=\"elementor-element elementor-element-5c645c9 e-flex e-con-boxed e-con e-child\" data-id=\"5c645c9\" data-element_type=\"container\" data-e-type=\"container\" data-settings=\"{&quot;jet_parallax_layout_list&quot;:[]}\">\n\t\t\t\t\t<div class=\"e-con-inner\">\n\t\t\t\t<div class=\"elementor-element elementor-element-54d472e elementor-widget elementor-widget-text-editor\" data-id=\"54d472e\" data-element_type=\"widget\" data-e-type=\"widget\" data-widget_type=\"text-editor.default\">\n\t\t\t\t<div class=\"elementor-widget-container\">\n\t\t\t\t\t\t\t\t\t<ul>\n<li>Siempre elaboramos instrucciones claras para la llegada al apartamento.<\/li>\n<li>Informaci\u00f3n tur\u00edstica para los inquilinos.<\/li>\n<li>N\u00famero de emergencia propio para los inquilinos 24\/7.<\/li>\n<li>Entrega de llaves a los inquilinos y recepci\u00f3n despu\u00e9s del check-out.<\/li>\n<\/ul>\n\t\t\t\t\t\t\t\t<\/div>\n\t\t\t\t<\/div>\n\t\t\t\t\t<\/div>\n\t\t\t\t<\/div>\n\t\t\t\t<\/div>\n\t\t\t\t\t<\/details>\n\t\t\t\t\t<\/div>\n\t\t\t\t\t\t<\/div>\n\t\t\t\t<\/div>\n\t\t\t\t\t<\/div>\n\t\t\t\t<\/div>\n\t\t\t\t<\/div>\n\t\t","protected":false},"excerpt":{"rendered":"<p>Laine Total Care Service se encarga de todos los aspectos de la gesti\u00f3n de alquileres, incluyendo dep\u00f3sitos, limpieza y comunicaci\u00f3n con los inquilinos, maximizando los ingresos por alquiler y promocionando la propiedad. Confiamos en nuestra experiencia, ofreciendo una experiencia \u00fanica tanto a los propietarios como a los inquilinos. Conocemos el mercado de la Costa del [&hellip;]<\/p>\n","protected":false},"author":1,"featured_media":120619,"parent":120823,"menu_order":167,"comment_status":"closed","ping_status":"closed","template":"elementor_theme","meta":{"footnotes":""},"class_list":["post-120141","page","type-page","status-publish","has-post-thumbnail","hentry"],"yoast_head":"<!-- This site is optimized with the Yoast SEO plugin v27.5 - https:\/\/yoast.com\/product\/yoast-seo-wordpress\/ -->\n<title>Laine Total Care Service | Laine Homes<\/title>\n<meta name=\"robots\" content=\"index, follow, max-snippet:-1, max-image-preview:large, max-video-preview:-1\" \/>\n<link rel=\"canonical\" href=\"https:\/\/lainehomes.es\/es\/alquileres\/servicios-para-el-propietario\/laine-total-care-service\/\" \/>\n<meta property=\"og:locale\" content=\"es_ES\" \/>\n<meta property=\"og:type\" content=\"article\" \/>\n<meta property=\"og:title\" content=\"Laine Total Care Service | Laine Homes\" \/>\n<meta property=\"og:description\" content=\"Laine Total Care Service se encarga de todos los aspectos de la gesti\u00f3n de alquileres, incluyendo dep\u00f3sitos, limpieza y comunicaci\u00f3n con los inquilinos, maximizando los ingresos por alquiler y promocionando la propiedad. Confiamos en nuestra experiencia, ofreciendo una experiencia \u00fanica tanto a los propietarios como a los inquilinos. Conocemos el mercado de la Costa del [&hellip;]\" \/>\n<meta property=\"og:url\" content=\"https:\/\/lainehomes.es\/es\/alquileres\/servicios-para-el-propietario\/laine-total-care-service\/\" \/>\n<meta property=\"og:site_name\" content=\"Laine Homes\" \/>\n<meta property=\"article:modified_time\" content=\"2025-03-26T07:34:08+00:00\" \/>\n<meta property=\"og:image\" content=\"https:\/\/lainehomes.es\/wp-content\/uploads\/2025\/03\/LAINE-TOTAL-CARE-1-scaled.jpg\" \/>\n\t<meta property=\"og:image:width\" content=\"2560\" \/>\n\t<meta property=\"og:image:height\" content=\"1765\" \/>\n\t<meta property=\"og:image:type\" content=\"image\/jpeg\" \/>\n<meta name=\"twitter:card\" content=\"summary_large_image\" \/>\n<meta name=\"twitter:label1\" content=\"Tiempo de lectura\" \/>\n\t<meta name=\"twitter:data1\" content=\"4 minutos\" \/>\n<script type=\"application\/ld+json\" class=\"yoast-schema-graph\">{\"@context\":\"https:\\\/\\\/schema.org\",\"@graph\":[{\"@type\":\"WebPage\",\"@id\":\"https:\\\/\\\/lainehomes.es\\\/es\\\/alquileres\\\/servicios-para-el-propietario\\\/laine-total-care-service\\\/\",\"url\":\"https:\\\/\\\/lainehomes.es\\\/es\\\/alquileres\\\/servicios-para-el-propietario\\\/laine-total-care-service\\\/\",\"name\":\"Laine Total Care Service | Laine Homes\",\"isPartOf\":{\"@id\":\"https:\\\/\\\/lainehomes.es\\\/es\\\/#website\"},\"primaryImageOfPage\":{\"@id\":\"https:\\\/\\\/lainehomes.es\\\/es\\\/alquileres\\\/servicios-para-el-propietario\\\/laine-total-care-service\\\/#primaryimage\"},\"image\":{\"@id\":\"https:\\\/\\\/lainehomes.es\\\/es\\\/alquileres\\\/servicios-para-el-propietario\\\/laine-total-care-service\\\/#primaryimage\"},\"thumbnailUrl\":\"https:\\\/\\\/lainehomes.es\\\/wp-content\\\/uploads\\\/2025\\\/03\\\/LAINE-TOTAL-CARE-1-scaled.jpg\",\"datePublished\":\"2025-02-21T14:45:07+00:00\",\"dateModified\":\"2025-03-26T07:34:08+00:00\",\"breadcrumb\":{\"@id\":\"https:\\\/\\\/lainehomes.es\\\/es\\\/alquileres\\\/servicios-para-el-propietario\\\/laine-total-care-service\\\/#breadcrumb\"},\"inLanguage\":\"es\",\"potentialAction\":[{\"@type\":\"ReadAction\",\"target\":[\"https:\\\/\\\/lainehomes.es\\\/es\\\/alquileres\\\/servicios-para-el-propietario\\\/laine-total-care-service\\\/\"]}]},{\"@type\":\"ImageObject\",\"inLanguage\":\"es\",\"@id\":\"https:\\\/\\\/lainehomes.es\\\/es\\\/alquileres\\\/servicios-para-el-propietario\\\/laine-total-care-service\\\/#primaryimage\",\"url\":\"https:\\\/\\\/lainehomes.es\\\/wp-content\\\/uploads\\\/2025\\\/03\\\/LAINE-TOTAL-CARE-1-scaled.jpg\",\"contentUrl\":\"https:\\\/\\\/lainehomes.es\\\/wp-content\\\/uploads\\\/2025\\\/03\\\/LAINE-TOTAL-CARE-1-scaled.jpg\",\"width\":2560,\"height\":1765,\"caption\":\"External view of a modern house with pool at dusk\"},{\"@type\":\"BreadcrumbList\",\"@id\":\"https:\\\/\\\/lainehomes.es\\\/es\\\/alquileres\\\/servicios-para-el-propietario\\\/laine-total-care-service\\\/#breadcrumb\",\"itemListElement\":[{\"@type\":\"ListItem\",\"position\":1,\"name\":\"Etusivu\",\"item\":\"https:\\\/\\\/lainehomes.es\\\/es\\\/\"},{\"@type\":\"ListItem\",\"position\":2,\"name\":\"Alquiler\",\"item\":\"https:\\\/\\\/lainehomes.es\\\/es\\\/alquileres\\\/\"},{\"@type\":\"ListItem\",\"position\":3,\"name\":\"Servicios para el Propietario\",\"item\":\"https:\\\/\\\/lainehomes.es\\\/es\\\/alquileres\\\/servicios-para-el-propietario\\\/\"},{\"@type\":\"ListItem\",\"position\":4,\"name\":\"Laine Total Care Service\"}]},{\"@type\":\"WebSite\",\"@id\":\"https:\\\/\\\/lainehomes.es\\\/es\\\/#website\",\"url\":\"https:\\\/\\\/lainehomes.es\\\/es\\\/\",\"name\":\"Laine Homes\",\"description\":\"Homes and Villas Spain\",\"publisher\":{\"@id\":\"https:\\\/\\\/lainehomes.es\\\/es\\\/#organization\"},\"potentialAction\":[{\"@type\":\"SearchAction\",\"target\":{\"@type\":\"EntryPoint\",\"urlTemplate\":\"https:\\\/\\\/lainehomes.es\\\/es\\\/?s={search_term_string}\"},\"query-input\":{\"@type\":\"PropertyValueSpecification\",\"valueRequired\":true,\"valueName\":\"search_term_string\"}}],\"inLanguage\":\"es\"},{\"@type\":\"Organization\",\"@id\":\"https:\\\/\\\/lainehomes.es\\\/es\\\/#organization\",\"name\":\"Laine Homes\",\"url\":\"https:\\\/\\\/lainehomes.es\\\/es\\\/\",\"logo\":{\"@type\":\"ImageObject\",\"inLanguage\":\"es\",\"@id\":\"https:\\\/\\\/lainehomes.es\\\/es\\\/#\\\/schema\\\/logo\\\/image\\\/\",\"url\":\"https:\\\/\\\/lainehomes.es\\\/wp-content\\\/uploads\\\/2022\\\/02\\\/LAINETOIMIALA-WHITE.svg\",\"contentUrl\":\"https:\\\/\\\/lainehomes.es\\\/wp-content\\\/uploads\\\/2022\\\/02\\\/LAINETOIMIALA-WHITE.svg\",\"width\":372.96,\"height\":80.53,\"caption\":\"Laine Homes\"},\"image\":{\"@id\":\"https:\\\/\\\/lainehomes.es\\\/es\\\/#\\\/schema\\\/logo\\\/image\\\/\"}}]}<\/script>\n<!-- \/ Yoast SEO plugin. -->","yoast_head_json":{"title":"Laine Total Care Service | Laine Homes","robots":{"index":"index","follow":"follow","max-snippet":"max-snippet:-1","max-image-preview":"max-image-preview:large","max-video-preview":"max-video-preview:-1"},"canonical":"https:\/\/lainehomes.es\/es\/alquileres\/servicios-para-el-propietario\/laine-total-care-service\/","og_locale":"es_ES","og_type":"article","og_title":"Laine Total Care Service | Laine Homes","og_description":"Laine Total Care Service se encarga de todos los aspectos de la gesti\u00f3n de alquileres, incluyendo dep\u00f3sitos, limpieza y comunicaci\u00f3n con los inquilinos, maximizando los ingresos por alquiler y promocionando la propiedad. Confiamos en nuestra experiencia, ofreciendo una experiencia \u00fanica tanto a los propietarios como a los inquilinos. Conocemos el mercado de la Costa del [&hellip;]","og_url":"https:\/\/lainehomes.es\/es\/alquileres\/servicios-para-el-propietario\/laine-total-care-service\/","og_site_name":"Laine Homes","article_modified_time":"2025-03-26T07:34:08+00:00","og_image":[{"width":2560,"height":1765,"url":"https:\/\/lainehomes.es\/wp-content\/uploads\/2025\/03\/LAINE-TOTAL-CARE-1-scaled.jpg","type":"image\/jpeg"}],"twitter_card":"summary_large_image","twitter_misc":{"Tiempo de lectura":"4 minutos"},"schema":{"@context":"https:\/\/schema.org","@graph":[{"@type":"WebPage","@id":"https:\/\/lainehomes.es\/es\/alquileres\/servicios-para-el-propietario\/laine-total-care-service\/","url":"https:\/\/lainehomes.es\/es\/alquileres\/servicios-para-el-propietario\/laine-total-care-service\/","name":"Laine Total Care Service | Laine Homes","isPartOf":{"@id":"https:\/\/lainehomes.es\/es\/#website"},"primaryImageOfPage":{"@id":"https:\/\/lainehomes.es\/es\/alquileres\/servicios-para-el-propietario\/laine-total-care-service\/#primaryimage"},"image":{"@id":"https:\/\/lainehomes.es\/es\/alquileres\/servicios-para-el-propietario\/laine-total-care-service\/#primaryimage"},"thumbnailUrl":"https:\/\/lainehomes.es\/wp-content\/uploads\/2025\/03\/LAINE-TOTAL-CARE-1-scaled.jpg","datePublished":"2025-02-21T14:45:07+00:00","dateModified":"2025-03-26T07:34:08+00:00","breadcrumb":{"@id":"https:\/\/lainehomes.es\/es\/alquileres\/servicios-para-el-propietario\/laine-total-care-service\/#breadcrumb"},"inLanguage":"es","potentialAction":[{"@type":"ReadAction","target":["https:\/\/lainehomes.es\/es\/alquileres\/servicios-para-el-propietario\/laine-total-care-service\/"]}]},{"@type":"ImageObject","inLanguage":"es","@id":"https:\/\/lainehomes.es\/es\/alquileres\/servicios-para-el-propietario\/laine-total-care-service\/#primaryimage","url":"https:\/\/lainehomes.es\/wp-content\/uploads\/2025\/03\/LAINE-TOTAL-CARE-1-scaled.jpg","contentUrl":"https:\/\/lainehomes.es\/wp-content\/uploads\/2025\/03\/LAINE-TOTAL-CARE-1-scaled.jpg","width":2560,"height":1765,"caption":"External view of a modern house with pool at dusk"},{"@type":"BreadcrumbList","@id":"https:\/\/lainehomes.es\/es\/alquileres\/servicios-para-el-propietario\/laine-total-care-service\/#breadcrumb","itemListElement":[{"@type":"ListItem","position":1,"name":"Etusivu","item":"https:\/\/lainehomes.es\/es\/"},{"@type":"ListItem","position":2,"name":"Alquiler","item":"https:\/\/lainehomes.es\/es\/alquileres\/"},{"@type":"ListItem","position":3,"name":"Servicios para el Propietario","item":"https:\/\/lainehomes.es\/es\/alquileres\/servicios-para-el-propietario\/"},{"@type":"ListItem","position":4,"name":"Laine Total Care Service"}]},{"@type":"WebSite","@id":"https:\/\/lainehomes.es\/es\/#website","url":"https:\/\/lainehomes.es\/es\/","name":"Laine Homes","description":"Homes and Villas Spain","publisher":{"@id":"https:\/\/lainehomes.es\/es\/#organization"},"potentialAction":[{"@type":"SearchAction","target":{"@type":"EntryPoint","urlTemplate":"https:\/\/lainehomes.es\/es\/?s={search_term_string}"},"query-input":{"@type":"PropertyValueSpecification","valueRequired":true,"valueName":"search_term_string"}}],"inLanguage":"es"},{"@type":"Organization","@id":"https:\/\/lainehomes.es\/es\/#organization","name":"Laine Homes","url":"https:\/\/lainehomes.es\/es\/","logo":{"@type":"ImageObject","inLanguage":"es","@id":"https:\/\/lainehomes.es\/es\/#\/schema\/logo\/image\/","url":"https:\/\/lainehomes.es\/wp-content\/uploads\/2022\/02\/LAINETOIMIALA-WHITE.svg","contentUrl":"https:\/\/lainehomes.es\/wp-content\/uploads\/2022\/02\/LAINETOIMIALA-WHITE.svg","width":372.96,"height":80.53,"caption":"Laine Homes"},"image":{"@id":"https:\/\/lainehomes.es\/es\/#\/schema\/logo\/image\/"}}]}},"_links":{"self":[{"href":"https:\/\/lainehomes.es\/es\/wp-json\/wp\/v2\/pages\/120141","targetHints":{"allow":["GET"]}}],"collection":[{"href":"https:\/\/lainehomes.es\/es\/wp-json\/wp\/v2\/pages"}],"about":[{"href":"https:\/\/lainehomes.es\/es\/wp-json\/wp\/v2\/types\/page"}],"author":[{"embeddable":true,"href":"https:\/\/lainehomes.es\/es\/wp-json\/wp\/v2\/users\/1"}],"replies":[{"embeddable":true,"href":"https:\/\/lainehomes.es\/es\/wp-json\/wp\/v2\/comments?post=120141"}],"version-history":[{"count":1,"href":"https:\/\/lainehomes.es\/es\/wp-json\/wp\/v2\/pages\/120141\/revisions"}],"predecessor-version":[{"id":120142,"href":"https:\/\/lainehomes.es\/es\/wp-json\/wp\/v2\/pages\/120141\/revisions\/120142"}],"up":[{"embeddable":true,"href":"https:\/\/lainehomes.es\/es\/wp-json\/wp\/v2\/pages\/120823"}],"wp:featuredmedia":[{"embeddable":true,"href":"https:\/\/lainehomes.es\/es\/wp-json\/wp\/v2\/media\/120619"}],"wp:attachment":[{"href":"https:\/\/lainehomes.es\/es\/wp-json\/wp\/v2\/media?parent=120141"}],"curies":[{"name":"wp","href":"https:\/\/api.w.org\/{rel}","templated":true}]}}