{"id":120353,"date":"2025-02-21T08:39:58","date_gmt":"2025-02-21T06:39:58","guid":{"rendered":"https:\/\/laine.sivustamo.dev\/information\/area-presentations\/costa-del-sol\/alhaurin\/"},"modified":"2025-03-21T19:20:01","modified_gmt":"2025-03-21T17:20:01","slug":"alhaurin","status":"publish","type":"page","link":"https:\/\/lainehomes.es\/en\/information\/area-presentations\/costa-del-sol\/alhaurin\/","title":{"rendered":"Alhaurin"},"content":{"rendered":"\t\t<div data-elementor-type=\"wp-page\" data-elementor-id=\"120353\" class=\"elementor elementor-120353 elementor-111025\" data-elementor-post-type=\"page\">\n\t\t\t\t<div class=\"elementor-element elementor-element-a02cdca e-con-full e-flex e-con e-parent\" data-id=\"a02cdca\" data-element_type=\"container\" data-e-type=\"container\" data-settings=\"{&quot;jet_parallax_layout_list&quot;:[]}\">\n\t\t<div class=\"elementor-element elementor-element-a1679c1 e-con-full e-flex e-con e-child\" data-id=\"a1679c1\" data-element_type=\"container\" data-e-type=\"container\" data-settings=\"{&quot;jet_parallax_layout_list&quot;:[]}\">\n\t\t<div class=\"elementor-element elementor-element-3f32f17 e-con-full e-flex e-con e-child\" data-id=\"3f32f17\" data-element_type=\"container\" data-e-type=\"container\" data-settings=\"{&quot;jet_parallax_layout_list&quot;:[]}\">\n\t\t\t\t<div class=\"elementor-element elementor-element-435ef1b elementor-widget elementor-widget-heading\" data-id=\"435ef1b\" data-element_type=\"widget\" data-e-type=\"widget\" data-widget_type=\"heading.default\">\n\t\t\t\t<div class=\"elementor-widget-container\">\n\t\t\t\t\t<h2 class=\"elementor-heading-title elementor-size-default\">Alhaur\u00edn \u2013 Authentic Spanish atmosphere in the heart of nature\n<\/h2>\t\t\t\t<\/div>\n\t\t\t\t<\/div>\n\t\t\t\t<div class=\"elementor-element elementor-element-16e720d elementor-widget elementor-widget-text-editor\" data-id=\"16e720d\" data-element_type=\"widget\" data-e-type=\"widget\" data-widget_type=\"text-editor.default\">\n\t\t\t\t<div class=\"elementor-widget-container\">\n\t\t\t\t\t\t\t\t\t<p><span style=\"font-weight: 400;\">Alhaur\u00edn is a charming and traditional Spanish town located in the province of M\u00e1laga, only about a 20\u201330 minute drive from <\/span><b>the popular destinations of the Costa del Sol, such as Fuengirola, Torremolinos, and Marbella.<\/b><span style=\"font-weight: 400;\">Alhaur\u00edn is divided into two areas:  <\/span><b>Alhaur\u00edn el Grande<\/b> <span style=\"font-weight: 400;\">and<\/span> <b>Alhaur\u00edn de la Torre,<\/b><span style=\"font-weight: 400;\"> both of which offer excellent housing options for both permanent living and holiday homes.<\/span><\/p>\n\t\t\t\t\t\t\t\t<\/div>\n\t\t\t\t<\/div>\n\t\t\t\t<div class=\"elementor-element elementor-element-5a7abfd elementor-widget elementor-widget-heading\" data-id=\"5a7abfd\" data-element_type=\"widget\" data-e-type=\"widget\" data-widget_type=\"heading.default\">\n\t\t\t\t<div class=\"elementor-widget-container\">\n\t\t\t\t\t<h3 class=\"elementor-heading-title elementor-size-default\">Why choose Alhaur\u00edn as a residential area?<\/h3>\t\t\t\t<\/div>\n\t\t\t\t<\/div>\n\t\t\t\t<div class=\"elementor-element elementor-element-78a02c7 elementor-widget elementor-widget-text-editor\" data-id=\"78a02c7\" data-element_type=\"widget\" data-e-type=\"widget\" data-widget_type=\"text-editor.default\">\n\t\t\t\t<div class=\"elementor-widget-container\">\n\t\t\t\t\t\t\t\t\t<ul>\n<li style=\"font-weight: 400;\" aria-level=\"1\"><b>Peaceful but well-developed area<\/b> <span style=\"font-weight: 400;\">\u2013 Alhaur\u00edn offers<\/span> <b>an authentic Andalusian atmosphere<\/b>, <span style=\"font-weight: 400;\">but at the same time all the necessary services, such as shops, restaurants, schools, and healthcare.<\/span><\/li>\n<li style=\"font-weight: 400;\" aria-level=\"1\"><b>Beautiful nature and outdoor opportunities <\/b><span style=\"font-weight: 400;\">\u2013 The area is known for its stunning<\/span><b> mountain scenery, olive groves, and lush golf courses,<\/b> <span style=\"font-weight: 400;\">such as<\/span> <b>Lauro Golf <\/b><span style=\"font-weight: 400;\">and<\/span> <b>Alhaur\u00edn Golf,<\/b> <span style=\"font-weight: 400;\">which attract golf enthusiasts all year round.<\/span><\/li>\n<li style=\"font-weight: 400;\" aria-level=\"1\"><b>Good transport connections<\/b> <span style=\"font-weight: 400;\">\u2013 Alhaur\u00edn is<\/span> <b>only about a 15-minute drive from M\u00e1laga International Airport,<\/b> <span style=\"font-weight: 400;\">which makes the area ideal for remote workers and traveling residents.<\/span><\/li>\n<li style=\"font-weight: 400;\" aria-level=\"1\"><b>More affordable price level than on the coast <\/b><span>\u2013 Compared to the coastal towns of the Costa del Sol, Alhaur\u00edn offers<\/span> <b>more spacious apartments and detached houses at more affordable prices<\/b>, <span>making it an attractive option for both families and investors.<\/span><\/li>\n<\/ul>\n\t\t\t\t\t\t\t\t<\/div>\n\t\t\t\t<\/div>\n\t\t\t\t<div class=\"elementor-element elementor-element-547e8c1 elementor-widget elementor-widget-heading\" data-id=\"547e8c1\" data-element_type=\"widget\" data-e-type=\"widget\" data-widget_type=\"heading.default\">\n\t\t\t\t<div class=\"elementor-widget-container\">\n\t\t\t\t\t<h3 class=\"elementor-heading-title elementor-size-default\">Who is Alhaur\u00edn suitable for?\n<\/h3>\t\t\t\t<\/div>\n\t\t\t\t<\/div>\n\t\t\t\t<div class=\"elementor-element elementor-element-81f7d62 elementor-widget elementor-widget-text-editor\" data-id=\"81f7d62\" data-element_type=\"widget\" data-e-type=\"widget\" data-widget_type=\"text-editor.default\">\n\t\t\t\t<div class=\"elementor-widget-container\">\n\t\t\t\t\t\t\t\t\t<ul>\n<li><span style=\"font-weight: 400;\"> Those who appreciate a natural and peaceful environment<\/span><\/li>\n<li><span style=\"font-weight: 400;\">Those looking for more spacious and affordable housing<\/span><\/li>\n<li><span style=\"font-weight: 400;\">Golf enthusiasts and active outdoor enthusiasts<\/span><\/li>\n<li><span style=\"font-weight: 400;\">Those who want to be close to the coast but far from the tourist bustle<\/span><\/li>\n<\/ul>\n<p><b><br \/>Looking for an aprtment in Alhaurin?<\/b><b><br \/><\/b><span style=\"font-weight: 400;\">Browse the <\/span><b>apartments for sale in Alhaurin<\/b><span style=\"font-weight: 400;\">on our website or contatc us, and we will help you find the perfect home in this idyllic Spanish town!<\/span><\/p>\n\t\t\t\t\t\t\t\t<\/div>\n\t\t\t\t<\/div>\n\t\t\t\t<\/div>\n\t\t<div class=\"elementor-element elementor-element-ad4cbff e-con-full e-flex e-con e-child\" data-id=\"ad4cbff\" data-element_type=\"container\" data-e-type=\"container\" data-settings=\"{&quot;jet_parallax_layout_list&quot;:[]}\">\n\t\t<div class=\"elementor-element elementor-element-58dfb9c e-con-full e-flex e-con e-child\" data-id=\"58dfb9c\" data-element_type=\"container\" data-e-type=\"container\" data-settings=\"{&quot;jet_parallax_layout_list&quot;:[]}\">\n\t\t\t\t<div class=\"elementor-element elementor-element-a1400ea elementor-widget elementor-widget-image\" data-id=\"a1400ea\" data-element_type=\"widget\" data-e-type=\"widget\" data-widget_type=\"image.default\">\n\t\t\t\t<div class=\"elementor-widget-container\">\n\t\t\t\t\t\t\t\t\t\t\t\t\t\t\t<img decoding=\"async\" src=\"https:\/\/lainehomes.es\/wp-content\/uploads\/elementor\/thumbs\/Alhaurin-1-scaled-r2d3ci073pspw1hqcoqpqldkm7s8y94xnsev6eee8w.jpeg\" title=\"ALHAURIN DE LA TORRE, MALAGA- 25 JUNE 2022:  Alhaurin de la Torre street decorated with a crochet awning\" alt=\"ALHAURIN DE LA TORRE, MALAGA- 25 JUNE 2022:  Alhaurin de la Torre street decorated with a crochet awning\" loading=\"lazy\" \/>\t\t\t\t\t\t\t\t\t\t\t\t\t\t\t<\/div>\n\t\t\t\t<\/div>\n\t\t\t\t<\/div>\n\t\t<div class=\"elementor-element elementor-element-66c7613 e-con-full e-flex e-con e-child\" data-id=\"66c7613\" data-element_type=\"container\" data-e-type=\"container\" data-settings=\"{&quot;jet_parallax_layout_list&quot;:[]}\">\n\t\t\t\t<div class=\"elementor-element elementor-element-2d462bd elementor-widget elementor-widget-image\" data-id=\"2d462bd\" data-element_type=\"widget\" data-e-type=\"widget\" data-widget_type=\"image.default\">\n\t\t\t\t<div class=\"elementor-widget-container\">\n\t\t\t\t\t\t\t\t\t\t\t\t\t\t\t<img decoding=\"async\" src=\"https:\/\/lainehomes.es\/wp-content\/uploads\/elementor\/thumbs\/Alhaurin-costa-del-sol-scaled-r2d36d44hnec3oel6j9dyn490o0zpds0hf3redhwv4.jpeg\" title=\"Oriental bridge in a park of Malaga\" alt=\"Oriental bridge in a park of Malaga\" loading=\"lazy\" \/>\t\t\t\t\t\t\t\t\t\t\t\t\t\t\t<\/div>\n\t\t\t\t<\/div>\n\t\t\t\t<\/div>\n\t\t\t\t<\/div>\n\t\t\t\t<\/div>\n\t\t\t\t<\/div>\n\t\t\t\t<\/div>\n\t\t","protected":false},"excerpt":{"rendered":"<p>Alhaur\u00edn \u2013 Authentic Spanish atmosphere in the heart of nature Alhaur\u00edn is a charming and traditional Spanish town located in the province of M\u00e1laga, only about a 20\u201330 minute drive from the popular destinations of the Costa del Sol, such as Fuengirola, Torremolinos, and Marbella.Alhaur\u00edn is divided into two areas: Alhaur\u00edn el Grande and Alhaur\u00edn [&hellip;]<\/p>\n","protected":false},"author":1,"featured_media":0,"parent":120342,"menu_order":53,"comment_status":"closed","ping_status":"closed","template":"elementor_theme","meta":{"footnotes":""},"class_list":["post-120353","page","type-page","status-publish","hentry"],"yoast_head":"<!-- This site is optimized with the Yoast SEO plugin v27.3 - https:\/\/yoast.com\/product\/yoast-seo-wordpress\/ -->\n<title>Alhaurin | Laine Homes<\/title>\n<meta name=\"robots\" content=\"index, follow, max-snippet:-1, max-image-preview:large, max-video-preview:-1\" \/>\n<link rel=\"canonical\" href=\"https:\/\/lainehomes.es\/en\/information\/area-presentations\/costa-del-sol\/alhaurin\/\" \/>\n<meta property=\"og:locale\" content=\"en_US\" \/>\n<meta property=\"og:type\" content=\"article\" \/>\n<meta property=\"og:title\" content=\"Alhaurin | Laine Homes\" \/>\n<meta property=\"og:description\" content=\"Alhaur\u00edn \u2013 Authentic Spanish atmosphere in the heart of nature Alhaur\u00edn is a charming and traditional Spanish town located in the province of M\u00e1laga, only about a 20\u201330 minute drive from the popular destinations of the Costa del Sol, such as Fuengirola, Torremolinos, and Marbella.Alhaur\u00edn is divided into two areas: Alhaur\u00edn el Grande and Alhaur\u00edn [&hellip;]\" \/>\n<meta property=\"og:url\" content=\"https:\/\/lainehomes.es\/en\/information\/area-presentations\/costa-del-sol\/alhaurin\/\" \/>\n<meta property=\"og:site_name\" content=\"Laine Homes\" \/>\n<meta property=\"article:modified_time\" content=\"2025-03-21T17:20:01+00:00\" \/>\n<meta property=\"og:image\" content=\"https:\/\/lainehomes.es\/wp-content\/uploads\/elementor\/thumbs\/Alhaurin-1-scaled-r2d3ci073pspw1hqcoqpqldkm7s8y94xnsev6eee8w.jpeg\" \/>\n<meta name=\"twitter:card\" content=\"summary_large_image\" \/>\n<meta name=\"twitter:label1\" content=\"Est. reading time\" \/>\n\t<meta name=\"twitter:data1\" content=\"3 minutes\" \/>\n<script type=\"application\/ld+json\" class=\"yoast-schema-graph\">{\"@context\":\"https:\\\/\\\/schema.org\",\"@graph\":[{\"@type\":\"WebPage\",\"@id\":\"https:\\\/\\\/lainehomes.es\\\/en\\\/information\\\/area-presentations\\\/costa-del-sol\\\/alhaurin\\\/\",\"url\":\"https:\\\/\\\/lainehomes.es\\\/en\\\/information\\\/area-presentations\\\/costa-del-sol\\\/alhaurin\\\/\",\"name\":\"Alhaurin | Laine Homes\",\"isPartOf\":{\"@id\":\"https:\\\/\\\/lainehomes.es\\\/en\\\/#website\"},\"primaryImageOfPage\":{\"@id\":\"https:\\\/\\\/lainehomes.es\\\/en\\\/information\\\/area-presentations\\\/costa-del-sol\\\/alhaurin\\\/#primaryimage\"},\"image\":{\"@id\":\"https:\\\/\\\/lainehomes.es\\\/en\\\/information\\\/area-presentations\\\/costa-del-sol\\\/alhaurin\\\/#primaryimage\"},\"thumbnailUrl\":\"https:\\\/\\\/lainehomes.es\\\/wp-content\\\/uploads\\\/elementor\\\/thumbs\\\/Alhaurin-1-scaled-r2d3ci073pspw1hqcoqpqldkm7s8y94xnsev6eee8w.jpeg\",\"datePublished\":\"2025-02-21T06:39:58+00:00\",\"dateModified\":\"2025-03-21T17:20:01+00:00\",\"breadcrumb\":{\"@id\":\"https:\\\/\\\/lainehomes.es\\\/en\\\/information\\\/area-presentations\\\/costa-del-sol\\\/alhaurin\\\/#breadcrumb\"},\"inLanguage\":\"en-US\",\"potentialAction\":[{\"@type\":\"ReadAction\",\"target\":[\"https:\\\/\\\/lainehomes.es\\\/en\\\/information\\\/area-presentations\\\/costa-del-sol\\\/alhaurin\\\/\"]}]},{\"@type\":\"ImageObject\",\"inLanguage\":\"en-US\",\"@id\":\"https:\\\/\\\/lainehomes.es\\\/en\\\/information\\\/area-presentations\\\/costa-del-sol\\\/alhaurin\\\/#primaryimage\",\"url\":\"https:\\\/\\\/lainehomes.es\\\/wp-content\\\/uploads\\\/elementor\\\/thumbs\\\/Alhaurin-1-scaled-r2d3ci073pspw1hqcoqpqldkm7s8y94xnsev6eee8w.jpeg\",\"contentUrl\":\"https:\\\/\\\/lainehomes.es\\\/wp-content\\\/uploads\\\/elementor\\\/thumbs\\\/Alhaurin-1-scaled-r2d3ci073pspw1hqcoqpqldkm7s8y94xnsev6eee8w.jpeg\"},{\"@type\":\"BreadcrumbList\",\"@id\":\"https:\\\/\\\/lainehomes.es\\\/en\\\/information\\\/area-presentations\\\/costa-del-sol\\\/alhaurin\\\/#breadcrumb\",\"itemListElement\":[{\"@type\":\"ListItem\",\"position\":1,\"name\":\"Etusivu\",\"item\":\"https:\\\/\\\/lainehomes.es\\\/en\\\/\"},{\"@type\":\"ListItem\",\"position\":2,\"name\":\"Information\",\"item\":\"https:\\\/\\\/lainehomes.es\\\/en\\\/information\\\/\"},{\"@type\":\"ListItem\",\"position\":3,\"name\":\"Area Presentations\",\"item\":\"https:\\\/\\\/lainehomes.es\\\/en\\\/information\\\/area-presentations\\\/\"},{\"@type\":\"ListItem\",\"position\":4,\"name\":\"Costa del Sol\",\"item\":\"https:\\\/\\\/lainehomes.es\\\/en\\\/information\\\/area-presentations\\\/costa-del-sol\\\/\"},{\"@type\":\"ListItem\",\"position\":5,\"name\":\"Alhaurin\"}]},{\"@type\":\"WebSite\",\"@id\":\"https:\\\/\\\/lainehomes.es\\\/en\\\/#website\",\"url\":\"https:\\\/\\\/lainehomes.es\\\/en\\\/\",\"name\":\"Laine Homes\",\"description\":\"Homes and Villas Spain\",\"publisher\":{\"@id\":\"https:\\\/\\\/lainehomes.es\\\/en\\\/#organization\"},\"potentialAction\":[{\"@type\":\"SearchAction\",\"target\":{\"@type\":\"EntryPoint\",\"urlTemplate\":\"https:\\\/\\\/lainehomes.es\\\/en\\\/?s={search_term_string}\"},\"query-input\":{\"@type\":\"PropertyValueSpecification\",\"valueRequired\":true,\"valueName\":\"search_term_string\"}}],\"inLanguage\":\"en-US\"},{\"@type\":\"Organization\",\"@id\":\"https:\\\/\\\/lainehomes.es\\\/en\\\/#organization\",\"name\":\"Laine Homes\",\"url\":\"https:\\\/\\\/lainehomes.es\\\/en\\\/\",\"logo\":{\"@type\":\"ImageObject\",\"inLanguage\":\"en-US\",\"@id\":\"https:\\\/\\\/lainehomes.es\\\/en\\\/#\\\/schema\\\/logo\\\/image\\\/\",\"url\":\"https:\\\/\\\/lainehomes.es\\\/wp-content\\\/uploads\\\/2022\\\/02\\\/LAINETOIMIALA-WHITE.svg\",\"contentUrl\":\"https:\\\/\\\/lainehomes.es\\\/wp-content\\\/uploads\\\/2022\\\/02\\\/LAINETOIMIALA-WHITE.svg\",\"width\":372.96,\"height\":80.53,\"caption\":\"Laine Homes\"},\"image\":{\"@id\":\"https:\\\/\\\/lainehomes.es\\\/en\\\/#\\\/schema\\\/logo\\\/image\\\/\"}}]}<\/script>\n<!-- \/ Yoast SEO plugin. -->","yoast_head_json":{"title":"Alhaurin | Laine Homes","robots":{"index":"index","follow":"follow","max-snippet":"max-snippet:-1","max-image-preview":"max-image-preview:large","max-video-preview":"max-video-preview:-1"},"canonical":"https:\/\/lainehomes.es\/en\/information\/area-presentations\/costa-del-sol\/alhaurin\/","og_locale":"en_US","og_type":"article","og_title":"Alhaurin | Laine Homes","og_description":"Alhaur\u00edn \u2013 Authentic Spanish atmosphere in the heart of nature Alhaur\u00edn is a charming and traditional Spanish town located in the province of M\u00e1laga, only about a 20\u201330 minute drive from the popular destinations of the Costa del Sol, such as Fuengirola, Torremolinos, and Marbella.Alhaur\u00edn is divided into two areas: Alhaur\u00edn el Grande and Alhaur\u00edn [&hellip;]","og_url":"https:\/\/lainehomes.es\/en\/information\/area-presentations\/costa-del-sol\/alhaurin\/","og_site_name":"Laine Homes","article_modified_time":"2025-03-21T17:20:01+00:00","og_image":[{"url":"https:\/\/lainehomes.es\/wp-content\/uploads\/elementor\/thumbs\/Alhaurin-1-scaled-r2d3ci073pspw1hqcoqpqldkm7s8y94xnsev6eee8w.jpeg","type":"","width":"","height":""}],"twitter_card":"summary_large_image","twitter_misc":{"Est. reading time":"3 minutes"},"schema":{"@context":"https:\/\/schema.org","@graph":[{"@type":"WebPage","@id":"https:\/\/lainehomes.es\/en\/information\/area-presentations\/costa-del-sol\/alhaurin\/","url":"https:\/\/lainehomes.es\/en\/information\/area-presentations\/costa-del-sol\/alhaurin\/","name":"Alhaurin | Laine Homes","isPartOf":{"@id":"https:\/\/lainehomes.es\/en\/#website"},"primaryImageOfPage":{"@id":"https:\/\/lainehomes.es\/en\/information\/area-presentations\/costa-del-sol\/alhaurin\/#primaryimage"},"image":{"@id":"https:\/\/lainehomes.es\/en\/information\/area-presentations\/costa-del-sol\/alhaurin\/#primaryimage"},"thumbnailUrl":"https:\/\/lainehomes.es\/wp-content\/uploads\/elementor\/thumbs\/Alhaurin-1-scaled-r2d3ci073pspw1hqcoqpqldkm7s8y94xnsev6eee8w.jpeg","datePublished":"2025-02-21T06:39:58+00:00","dateModified":"2025-03-21T17:20:01+00:00","breadcrumb":{"@id":"https:\/\/lainehomes.es\/en\/information\/area-presentations\/costa-del-sol\/alhaurin\/#breadcrumb"},"inLanguage":"en-US","potentialAction":[{"@type":"ReadAction","target":["https:\/\/lainehomes.es\/en\/information\/area-presentations\/costa-del-sol\/alhaurin\/"]}]},{"@type":"ImageObject","inLanguage":"en-US","@id":"https:\/\/lainehomes.es\/en\/information\/area-presentations\/costa-del-sol\/alhaurin\/#primaryimage","url":"https:\/\/lainehomes.es\/wp-content\/uploads\/elementor\/thumbs\/Alhaurin-1-scaled-r2d3ci073pspw1hqcoqpqldkm7s8y94xnsev6eee8w.jpeg","contentUrl":"https:\/\/lainehomes.es\/wp-content\/uploads\/elementor\/thumbs\/Alhaurin-1-scaled-r2d3ci073pspw1hqcoqpqldkm7s8y94xnsev6eee8w.jpeg"},{"@type":"BreadcrumbList","@id":"https:\/\/lainehomes.es\/en\/information\/area-presentations\/costa-del-sol\/alhaurin\/#breadcrumb","itemListElement":[{"@type":"ListItem","position":1,"name":"Etusivu","item":"https:\/\/lainehomes.es\/en\/"},{"@type":"ListItem","position":2,"name":"Information","item":"https:\/\/lainehomes.es\/en\/information\/"},{"@type":"ListItem","position":3,"name":"Area Presentations","item":"https:\/\/lainehomes.es\/en\/information\/area-presentations\/"},{"@type":"ListItem","position":4,"name":"Costa del Sol","item":"https:\/\/lainehomes.es\/en\/information\/area-presentations\/costa-del-sol\/"},{"@type":"ListItem","position":5,"name":"Alhaurin"}]},{"@type":"WebSite","@id":"https:\/\/lainehomes.es\/en\/#website","url":"https:\/\/lainehomes.es\/en\/","name":"Laine Homes","description":"Homes and Villas Spain","publisher":{"@id":"https:\/\/lainehomes.es\/en\/#organization"},"potentialAction":[{"@type":"SearchAction","target":{"@type":"EntryPoint","urlTemplate":"https:\/\/lainehomes.es\/en\/?s={search_term_string}"},"query-input":{"@type":"PropertyValueSpecification","valueRequired":true,"valueName":"search_term_string"}}],"inLanguage":"en-US"},{"@type":"Organization","@id":"https:\/\/lainehomes.es\/en\/#organization","name":"Laine Homes","url":"https:\/\/lainehomes.es\/en\/","logo":{"@type":"ImageObject","inLanguage":"en-US","@id":"https:\/\/lainehomes.es\/en\/#\/schema\/logo\/image\/","url":"https:\/\/lainehomes.es\/wp-content\/uploads\/2022\/02\/LAINETOIMIALA-WHITE.svg","contentUrl":"https:\/\/lainehomes.es\/wp-content\/uploads\/2022\/02\/LAINETOIMIALA-WHITE.svg","width":372.96,"height":80.53,"caption":"Laine Homes"},"image":{"@id":"https:\/\/lainehomes.es\/en\/#\/schema\/logo\/image\/"}}]}},"_links":{"self":[{"href":"https:\/\/lainehomes.es\/en\/wp-json\/wp\/v2\/pages\/120353","targetHints":{"allow":["GET"]}}],"collection":[{"href":"https:\/\/lainehomes.es\/en\/wp-json\/wp\/v2\/pages"}],"about":[{"href":"https:\/\/lainehomes.es\/en\/wp-json\/wp\/v2\/types\/page"}],"author":[{"embeddable":true,"href":"https:\/\/lainehomes.es\/en\/wp-json\/wp\/v2\/users\/1"}],"replies":[{"embeddable":true,"href":"https:\/\/lainehomes.es\/en\/wp-json\/wp\/v2\/comments?post=120353"}],"version-history":[{"count":1,"href":"https:\/\/lainehomes.es\/en\/wp-json\/wp\/v2\/pages\/120353\/revisions"}],"predecessor-version":[{"id":120354,"href":"https:\/\/lainehomes.es\/en\/wp-json\/wp\/v2\/pages\/120353\/revisions\/120354"}],"up":[{"embeddable":true,"href":"https:\/\/lainehomes.es\/en\/wp-json\/wp\/v2\/pages\/120342"}],"wp:attachment":[{"href":"https:\/\/lainehomes.es\/en\/wp-json\/wp\/v2\/media?parent=120353"}],"curies":[{"name":"wp","href":"https:\/\/api.w.org\/{rel}","templated":true}]}}